{"id":25295,"date":"2023-01-06T11:13:46","date_gmt":"2023-01-06T09:13:46","guid":{"rendered":"https:\/\/aivie.ch\/product\/faire-verifier-la-campagne\/"},"modified":"2025-12-23T20:47:11","modified_gmt":"2025-12-23T18:47:11","slug":"faire-verifier-la-campagne","status":"publish","type":"product","link":"https:\/\/aivie.ch\/fr\/produit\/faire-verifier-la-campagne\/","title":{"rendered":"Faire v\u00e9rifier la campagne"},"content":{"rendered":"<p>Assurez-vous que votre campagne fonctionne sans probl\u00e8me. Nous testons votre campagne et v\u00e9rifions tous vos param\u00e8tres. <\/p>\n<p>De plus, nous vous donnons un feedback et des suggestions d&rsquo;am\u00e9lioration afin de mener \u00e0 bien votre projet.<\/p>\n<p>Vous pouvez ainsi appuyer sur le bouton de d\u00e9marrage en toute s\u00e9r\u00e9nit\u00e9.<\/p>\n","protected":false},"excerpt":{"rendered":"<p>Faites v\u00e9rifier votre campagne.<\/p>\n","protected":false},"featured_media":12604,"comment_status":"open","ping_status":"closed","template":"","meta":{"_acf_changed":false},"product_brand":[],"product_cat":[947],"product_tag":[1152],"class_list":{"0":"post-25295","1":"product","2":"type-product","3":"status-publish","4":"has-post-thumbnail","6":"product_cat-services-instantanes","7":"product_tag-verification","9":"first","10":"instock","11":"taxable","12":"shipping-taxable","13":"purchasable","14":"product-type-simple"},"acf":[],"featured_image_urls_v2":{"full":["https:\/\/cdn.aivie.ch\/media\/wp\/2023\/01\/06104438\/Kampagne-pruefen-lassen.webp",800,800,false],"thumbnail":["https:\/\/cdn.aivie.ch\/media\/wp\/2023\/01\/06104438\/Kampagne-pruefen-lassen-240x240.webp",240,240,true],"medium":["https:\/\/cdn.aivie.ch\/media\/wp\/2023\/01\/06104438\/Kampagne-pruefen-lassen.webp",800,800,false],"medium_large":["https:\/\/cdn.aivie.ch\/media\/wp\/2023\/01\/06104438\/Kampagne-pruefen-lassen-768x768.webp",768,768,true],"large":["https:\/\/cdn.aivie.ch\/media\/wp\/2023\/01\/06104438\/Kampagne-pruefen-lassen.webp",800,800,false],"post-thumbnail":["https:\/\/cdn.aivie.ch\/media\/wp\/2023\/01\/06104438\/Kampagne-pruefen-lassen.webp",800,800,false],"aiv_480w":["https:\/\/cdn.aivie.ch\/media\/wp\/2023\/01\/06104438\/Kampagne-pruefen-lassen-480x480.webp",480,480,true],"woocommerce_thumbnail":["https:\/\/cdn.aivie.ch\/media\/wp\/2023\/01\/06104438\/Kampagne-pruefen-lassen-240x240.webp",240,240,true],"woocommerce_single":["https:\/\/cdn.aivie.ch\/media\/wp\/2023\/01\/06104438\/Kampagne-pruefen-lassen.webp",800,800,false],"woocommerce_gallery_thumbnail":["https:\/\/cdn.aivie.ch\/media\/wp\/2023\/01\/06104438\/Kampagne-pruefen-lassen-240x240.webp",240,240,true]},"post_excerpt_stackable_v2":"<p>Faites v\u00e9rifier votre campagne.<\/p>\n","category_list_v2":"","author_info_v2":{"name":"","url":""},"comments_num_v2":"0 commentaire","_links":{"self":[{"href":"https:\/\/aivie.ch\/fr\/wp-json\/wp\/v2\/product\/25295","targetHints":{"allow":["GET"]}}],"collection":[{"href":"https:\/\/aivie.ch\/fr\/wp-json\/wp\/v2\/product"}],"about":[{"href":"https:\/\/aivie.ch\/fr\/wp-json\/wp\/v2\/types\/product"}],"replies":[{"embeddable":true,"href":"https:\/\/aivie.ch\/fr\/wp-json\/wp\/v2\/comments?post=25295"}],"wp:featuredmedia":[{"embeddable":true,"href":"https:\/\/aivie.ch\/fr\/wp-json\/wp\/v2\/media\/12604"}],"wp:attachment":[{"href":"https:\/\/aivie.ch\/fr\/wp-json\/wp\/v2\/media?parent=25295"}],"wp:term":[{"taxonomy":"product_brand","embeddable":true,"href":"https:\/\/aivie.ch\/fr\/wp-json\/wp\/v2\/product_brand?post=25295"},{"taxonomy":"product_cat","embeddable":true,"href":"https:\/\/aivie.ch\/fr\/wp-json\/wp\/v2\/product_cat?post=25295"},{"taxonomy":"product_tag","embeddable":true,"href":"https:\/\/aivie.ch\/fr\/wp-json\/wp\/v2\/product_tag?post=25295"}],"curies":[{"name":"wp","href":"https:\/\/api.w.org\/{rel}","templated":true}]}}