{"id":22623,"date":"2025-04-01T06:25:17","date_gmt":"2025-04-01T04:25:17","guid":{"rendered":"https:\/\/aivie.ch\/product\/pack-de-cas-dutilisation-de-la-newsletter\/"},"modified":"2026-03-11T22:27:27","modified_gmt":"2026-03-11T20:27:27","slug":"pack-de-cas-dutilisation-de-la-newsletter","status":"publish","type":"product","link":"https:\/\/aivie.ch\/fr\/produit\/pack-de-cas-dutilisation-de-la-newsletter\/","title":{"rendered":"Pack de cas d&rsquo;utilisation de la newsletter"},"content":{"rendered":"<h2>Le package de cas d&rsquo;utilisation de la newsletter<\/h2>\n<p>Le package Newsletter Use Case (package de d\u00e9marrage) offre tout ce dont les entreprises ont besoin pour envoyer des newsletters professionnelles \u2013 de mani\u00e8re simple, cibl\u00e9e et avec leur propre look &amp; feel. Id\u00e9al pour se lancer dans une communication r\u00e9guli\u00e8re par e-mail avec des clients et des personnes int\u00e9ress\u00e9es. <\/p>\n<h3>Avantages pour votre entreprise<\/h3>\n<p>Avec le package Newsletter Use Case, vous posez la premi\u00e8re pierre d&rsquo;une communication par e-mail r\u00e9ussie \u2013 sans d\u00e9tours, sans risque de spam, mais avec un impact total.<\/p>\n<ul>\n<li>Pr\u00e9sentation professionnelle : des mod\u00e8les d&rsquo;e-mails personnalis\u00e9s dans le respect de l&rsquo;identit\u00e9 visuelle\/du CD garantissent la reconnaissance et la confiance.<\/li>\n<li>Ciblage : les segments intelligents aident \u00e0 concevoir un contenu adapt\u00e9 au groupe cible<\/li>\n<li>Envoi l\u00e9gal : formulaires d&rsquo;inscription et d&#8217;embauche (DE\/EN), y compris double opt-in et centre de pr\u00e9f\u00e9rences <\/li>\n<li>D\u00e9livrabilit\u00e9 optimale : aide \u00e0 la configuration de tous les enregistrements DNS (SPF, DKIM, DMARC) pour le meilleur placement en bo\u00eete de r\u00e9ception.<\/li>\n<li>D\u00e9marrage efficace : accompagnement personnalis\u00e9 de la configuration et rapport clair sur le lancement de la campagne<\/li>\n<\/ul>\n<h3>Contenu<\/h3>\n<p>Le package de cas d&rsquo;utilisation Marketing Automation <strong>Newsletter<\/strong> comprend les services suivants : <\/p>\n<ul>\n<li>Mod\u00e8les d&rsquo;e-mail dans le CI\/CD<\/li>\n<li>Segments de d\u00e9finition de l&rsquo;audience<\/li>\n<li>Formulaire de pr\u00e9f\u00e9rences (Preference Center) FR\/EN<\/li>\n<li>Formulaire d&rsquo;inscription avec double opt-in DE\/EN<\/li>\n<li>Accompagnement \u00e0 la mise en place<\/li>\n<li>Rapport avec aper\u00e7u de la performance<\/li>\n<li>Configuration DNS (SPF, DKIM, DMARC)<\/li>\n<\/ul>\n<p>Nos <a href=\"https:\/\/aivie.ch\/fr\/conditions-generales-de-vente\/\" target=\"_blank\" rel=\"noopener noreferrer\">conditions g\u00e9n\u00e9rales de vente<\/a> s&rsquo;appliquent.<\/p>\n<h3>T\u00e9moignage de Corinne Brecher<\/h3>\n<p><img loading=\"lazy\" decoding=\"async\" class=\"alignnone wp-image-21967\" src=\"https:\/\/cdn.aivie.ch\/media\/wp\/2025\/02\/28093147\/kunden-interview-corinne-brecher-960x540.jpg\" alt=\"\" width=\"512\" height=\"288\" title=\"\" srcset=\"https:\/\/cdn.aivie.ch\/media\/wp\/2025\/02\/28093147\/kunden-interview-corinne-brecher-960x540.jpg 960w, https:\/\/cdn.aivie.ch\/media\/wp\/2025\/02\/28093147\/kunden-interview-corinne-brecher-768x432.jpg 768w, https:\/\/cdn.aivie.ch\/media\/wp\/2025\/02\/28093147\/kunden-interview-corinne-brecher-1200x675.jpg 1200w, https:\/\/cdn.aivie.ch\/media\/wp\/2025\/02\/28093147\/kunden-interview-corinne-brecher-480x270.jpg 480w, https:\/\/cdn.aivie.ch\/media\/wp\/2025\/02\/28093147\/kunden-interview-corinne-brecher.jpg 1280w\" sizes=\"auto, (max-width: 512px) 100vw, 512px\" \/><\/p>\n<p><a class=\"PersonalisierteE-Mails\" href=\"http:\/\/PersonalisierteE-Mails\">Lire l\u2019interview vid\u00e9o avec Corinne Brecher<\/a><\/p>\n\n\t<div class=\"wp-video-popup-wrapper\" data-wp-video-popup-id=\"PersonalisierteE-Mails\">\n\t\t<div class=\"wp-video-popup-close\"><\/div>\n\t\t\n\t\t\t<iframe class=\"wp-video-popup-video is-hosted is-landscape is-resizable\" src=\"\" data-wp-video-popup-url=\"https:\/\/www.youtube.com\/embed\/OCS4NYjWwiM?autoplay=1&#038;rel=0\" frameborder=\"0\" allowfullscreen allow=\"autoplay\">\n\t\t\t<\/iframe>\n\t\t\n\t<\/div>\n\t\n\n<div class=\"alignfull wp-block-ugb-columns ugb-columns ugb-091e990 ugb-columns--design-plain ugb-columns--columns-2 ugb-main-block ugb-main-block--inner-center ugb--has-block-background\"><style>.ugb-091e990-content-wrapper{grid-column-gap:60px !important}.ugb-091e990.ugb-columns{background-color:#cfe7e1}.ugb-091e990.ugb-columns:before{background-color:#cfe7e1}<\/style><div class=\"ugb-inner-block ugb-inner-block--center\"><div class=\"ugb-block-content\"><div class=\"ugb-columns__item ugb-091e990-content-wrapper\">\n<div class=\"wp-block-ugb-column ugb-column ugb-d6f33f0 ugb-column--design-plain ugb-main-block\"><style>@media screen and (min-width:768px){.ugb-d6f33f0.ugb-column{margin-top:0px !important}.ugb-d6f33f0 > .ugb-inner-block > .ugb-block-content > *{justify-content:flex-end}}.ugb-d6f33f0 > .ugb-inner-block > .ugb-block-content > *{justify-content:flex-end !important}@media screen and (min-width:768px){.ugb-d6f33f0 > .ugb-inner-block > .ugb-block-content > *{padding-top:0px !important;padding-bottom:0px !important;padding-right:0px !important;padding-left:0px !important}}<\/style><div class=\"ugb-inner-block\"><div class=\"ugb-block-content\"><div class=\"ugb-column__item ugb-d6f33f0-column-wrapper\"><div class=\"ugb-column__content-wrapper\">\n<div class=\"wp-block-ugb-heading ugb-heading ugb-48550e9 ugb-main-block\"><div class=\"ugb-inner-block\"><div class=\"ugb-block-content\"><h2 class=\"ugb-heading__title\"><span style=\"color: #e63312;\" class=\"stk-highlight\">Lass deine Kontakte nicht warten.<\/span><\/h2><\/div><\/div><\/div>\n\n\n\n<figure class=\"wp-block-image size-full is-style-default\"><img decoding=\"async\" src=\"https:\/\/cdn.aivie.ch\/media\/wp\/2022\/09\/06100554\/Aivie-Free.webp\" alt=\"Marketing Automation Aivie-Free\" class=\"wp-image-11417\" title=\"\"><\/figure>\n<\/div><\/div><\/div><\/div><\/div>\n\n\n\n<div class=\"wp-block-ugb-column ugb-column ugb-6da6590 ugb-column--design-plain ugb-main-block\"><div class=\"ugb-inner-block\"><div class=\"ugb-block-content\"><div class=\"ugb-column__item ugb-6da6590-column-wrapper\"><div class=\"ugb-column__content-wrapper\">\n<div class=\"wp-block-ugb-heading ugb-heading ugb-dab8255 ugb-main-block\"><style>.ugb-dab8255 .ugb-heading__title{color:#283e4c}<\/style><div class=\"ugb-inner-block\"><div class=\"ugb-block-content\"><h2 class=\"ugb-heading__title\"><span style=\"color: #283e4c;\" class=\"ugb-highlight\">Kostenlos mit Aivie starten<\/span>.<\/h2><p class=\"ugb-heading__subtitle\">Nutze Aivie 30 Tage lang kostenlos und pr\u00fcfe wie du dank Aivie deine Kontakte gezielt erreichen kannst. Aivie bietet dir schon im Trial alle M\u00f6glichkeiten der Vollversion.<br><br>Probier es jetzt einfach aus.<\/p><\/div><\/div><\/div>\n\n\n\n<div class=\"wp-block-ugb-button ugb-button-wrapper ugb-f7ceaee ugb-main-block\"><style>.ugb-f7ceaee .ugb-block-content{justify-content:flex-start !important}.ugb-f7ceaee .ugb-inner-block{text-align:left}<\/style><div class=\"ugb-inner-block\"><div class=\"ugb-block-content\"><div class=\"ugb-button-container\"><a class=\"ugb-button1 ugb-button ugb-button--size-normal\" href=\"https:\/\/aivie.ch\/preise-pakete\/#price\" rel=\"\" title=\"\"><span class=\"ugb-button--inner\">Kostenlos starten<\/span><\/a><\/div><div class=\"ugb-button-container\"><a class=\"ugb-button2 ugb-button ugb-button--size-normal ugb-button--design-plain\" href=\"https:\/\/aivie.ch\/author\/martin\/\" rel=\"\" title=\"\"><span class=\"ugb-button--inner\">Demo vereinbaren<\/span><\/a><\/div><\/div><\/div><\/div>\n<\/div><\/div><\/div><\/div><\/div>\n<\/div><\/div><\/div><\/div>\n\n","protected":false},"excerpt":{"rendered":"<p>Le package complet pour le lancement professionnel d&rsquo;une newsletter \u2013 y compris les mod\u00e8les, les formulaires, les segments et la configuration technique.<\/p>\n","protected":false},"featured_media":10420,"comment_status":"closed","ping_status":"closed","template":"","meta":{"_acf_changed":false},"product_brand":[],"product_cat":[530,481],"product_tag":[],"class_list":{"0":"post-22623","1":"product","2":"type-product","3":"status-publish","4":"has-post-thumbnail","6":"product_cat-forfait-de-cas-dutilisation","7":"product_cat-services-dautomatisation-du-marketing","9":"first","10":"instock","11":"virtual","12":"taxable","13":"purchasable","14":"product-type-simple"},"acf":[],"featured_image_urls_v2":{"full":["https:\/\/cdn.aivie.ch\/media\/wp\/2021\/06\/14161704\/Woocommerce-Product-Pic-Mautic-Email-Template.webp",800,800,false],"thumbnail":["https:\/\/cdn.aivie.ch\/media\/wp\/2021\/06\/14161704\/Woocommerce-Product-Pic-Mautic-Email-Template-240x240.webp",240,240,true],"medium":["https:\/\/cdn.aivie.ch\/media\/wp\/2021\/06\/14161704\/Woocommerce-Product-Pic-Mautic-Email-Template.webp",800,800,false],"medium_large":["https:\/\/cdn.aivie.ch\/media\/wp\/2021\/06\/14161704\/Woocommerce-Product-Pic-Mautic-Email-Template-768x768.webp",768,768,true],"large":["https:\/\/cdn.aivie.ch\/media\/wp\/2021\/06\/14161704\/Woocommerce-Product-Pic-Mautic-Email-Template.webp",800,800,false],"post-thumbnail":["https:\/\/cdn.aivie.ch\/media\/wp\/2021\/06\/14161704\/Woocommerce-Product-Pic-Mautic-Email-Template.webp",800,800,false],"aiv_480w":["https:\/\/cdn.aivie.ch\/media\/wp\/2021\/06\/14161704\/Woocommerce-Product-Pic-Mautic-Email-Template-480x480.webp",480,480,true],"woocommerce_thumbnail":["https:\/\/cdn.aivie.ch\/media\/wp\/2021\/06\/14161704\/Woocommerce-Product-Pic-Mautic-Email-Template-240x240.webp",240,240,true],"woocommerce_single":["https:\/\/cdn.aivie.ch\/media\/wp\/2021\/06\/14161704\/Woocommerce-Product-Pic-Mautic-Email-Template.webp",800,800,false],"woocommerce_gallery_thumbnail":["https:\/\/cdn.aivie.ch\/media\/wp\/2021\/06\/14161704\/Woocommerce-Product-Pic-Mautic-Email-Template-240x240.webp",240,240,true]},"post_excerpt_stackable_v2":"<p>Le package complet pour le lancement professionnel d&rsquo;une newsletter \u2013 y compris les mod\u00e8les, les formulaires, les segments et la configuration technique.<\/p>\n","category_list_v2":"","author_info_v2":{"name":"","url":""},"comments_num_v2":"0 commentaire","_links":{"self":[{"href":"https:\/\/aivie.ch\/fr\/wp-json\/wp\/v2\/product\/22623","targetHints":{"allow":["GET"]}}],"collection":[{"href":"https:\/\/aivie.ch\/fr\/wp-json\/wp\/v2\/product"}],"about":[{"href":"https:\/\/aivie.ch\/fr\/wp-json\/wp\/v2\/types\/product"}],"replies":[{"embeddable":true,"href":"https:\/\/aivie.ch\/fr\/wp-json\/wp\/v2\/comments?post=22623"}],"wp:featuredmedia":[{"embeddable":true,"href":"https:\/\/aivie.ch\/fr\/wp-json\/wp\/v2\/media\/10420"}],"wp:attachment":[{"href":"https:\/\/aivie.ch\/fr\/wp-json\/wp\/v2\/media?parent=22623"}],"wp:term":[{"taxonomy":"product_brand","embeddable":true,"href":"https:\/\/aivie.ch\/fr\/wp-json\/wp\/v2\/product_brand?post=22623"},{"taxonomy":"product_cat","embeddable":true,"href":"https:\/\/aivie.ch\/fr\/wp-json\/wp\/v2\/product_cat?post=22623"},{"taxonomy":"product_tag","embeddable":true,"href":"https:\/\/aivie.ch\/fr\/wp-json\/wp\/v2\/product_tag?post=22623"}],"curies":[{"name":"wp","href":"https:\/\/api.w.org\/{rel}","templated":true}]}}