{"id":22621,"date":"2023-03-24T10:29:16","date_gmt":"2025-04-27T13:39:31","guid":{"rendered":"https:\/\/aivie.ch\/product\/paquet-de-cas-dutilisation-de-la-protection-des-donnees-rgpd\/"},"modified":"2025-04-27T15:39:31","modified_gmt":"2025-04-27T13:39:31","slug":"paquet-de-cas-dutilisation-de-la-protection-des-donnees-rgpd","status":"publish","type":"product","link":"https:\/\/aivie.ch\/fr\/produit\/paquet-de-cas-dutilisation-de-la-protection-des-donnees-rgpd\/","title":{"rendered":"Paquet de cas d&rsquo;utilisation de la protection des donn\u00e9es RGPD"},"content":{"rendered":"<h2>Respect de la vie priv\u00e9e \u00ab\u00a0au bout des doigts<\/h2>\n<p class=\"p1\">Le site <span class=\"s1\"><b>Use Case Package de protection des donn\u00e9es (RGPD)<\/b><\/span> aide les entreprises \u00e0 collecter, g\u00e9rer et traiter les donn\u00e9es personnelles conform\u00e9ment \u00e0 la l\u00e9gislation. Les processus automatis\u00e9s de consentement et d&rsquo;opt-in garantissent que toutes les exigences du RGPD en mati\u00e8re de protection des donn\u00e9es sont respect\u00e9es \u2013 de mani\u00e8re transparente, efficace et auditable. <\/p>\n<h3>Avantages pour votre entreprise<\/h3>\n<p class=\"p1\">Avec le package <span class=\"s1\"><b>Use Case Package de protection des donn\u00e9es (RGPD)<\/b><\/span> les entreprises s&rsquo;assurent qu&rsquo;elles travaillent en conformit\u00e9 avec la protection des donn\u00e9es sans avoir \u00e0 g\u00e9rer des processus manuels lourds \u2013 pour plus de s\u00e9curit\u00e9, de confiance et d&rsquo;efficacit\u00e9.<\/p>\n<ul>\n<li class=\"p1\"><span class=\"s1\"><b>Une s\u00e9curit\u00e9 juridique maximale :<\/b><\/span> Les processus automatis\u00e9s conformes au RGPD r\u00e9duisent les risques de responsabilit\u00e9<\/li>\n<li class=\"p1\"><span class=\"s1\"><b>Gestion transparente des donn\u00e9es :<\/b><\/span> Tra\u00e7abilit\u00e9 claire et documentation des consentements des utilisateurs<\/li>\n<li class=\"p1\"><span class=\"s1\"><b>L&rsquo;efficacit\u00e9 gr\u00e2ce \u00e0 l&rsquo;automatisation :<\/b><\/span> Moins d&rsquo;efforts manuels pour r\u00e9pondre aux exigences de protection des donn\u00e9es<\/li>\n<li class=\"p1\"><span class=\"s1\"><b>Confiance et conformit\u00e9 :<\/b><\/span> Les utilisateurs se sentent plus en s\u00e9curit\u00e9 et sont plus susceptibles d&rsquo;interagir avec des entreprises conformes au RGPD<\/li>\n<\/ul>\n<h3>Contenu du paquet<\/h3>\n<ul>\n<li><span style=\"font-weight: 400;\">Mise en place d&rsquo;une banni\u00e8re de cookie RGPD correcte<\/span><\/li>\n<li style=\"font-weight: 400;\" aria-level=\"1\"><span style=\"font-weight: 400;\">Campagne double opt-in DSGVO avec e-mail de rappel<\/span><\/li>\n<li style=\"font-weight: 400;\" aria-level=\"1\"><span style=\"font-weight: 400;\">Mod\u00e8les d&rsquo;e-mails et de sites web RGPD \u00e0 personnaliser<\/span><\/li>\n<li style=\"font-weight: 400;\" aria-level=\"1\"><span style=\"font-weight: 400;\">Formulaire \u00ab\u00a0Supprimer les donn\u00e9es\u00a0\u00bb pour le site web, y compris la page de confirmation (DE\/EN)<\/span><\/li>\n<li style=\"font-weight: 400;\" aria-level=\"1\"><span style=\"font-weight: 400;\">Assistance personnelle en cas de questions<\/span><\/li>\n<\/ul>\n<p>Nos <a href=\"https:\/\/aivie.ch\/fr\/conditions-generales-de-vente\/\" target=\"_blank\" rel=\"noopener noreferrer\">conditions g\u00e9n\u00e9rales de vente<\/a> s&rsquo;appliquent.<\/p>\n","protected":false},"excerpt":{"rendered":"<p>Mettre en place rapidement et facilement un site web conforme \u00e0 la protection des donn\u00e9es avec l&#8217;email marketing. Le package comprend tout ce qu&rsquo;il faut pour appliquer correctement la loi sur la protection des donn\u00e9es (RGPD) d&rsquo;un point de vue juridique.<\/p>\n","protected":false},"featured_media":13461,"comment_status":"closed","ping_status":"closed","template":"","meta":{"_acf_changed":false},"product_brand":[],"product_cat":[530,983],"product_tag":[],"class_list":{"0":"post-22621","1":"product","2":"type-product","3":"status-publish","4":"has-post-thumbnail","6":"product_cat-forfait-de-cas-dutilisation","7":"product_cat-protection-des-donnees","8":"pa_brand-aivie-fr","9":"pa_manufacturer-idea2-fr","11":"first","12":"instock","13":"virtual","14":"taxable","15":"purchasable","16":"product-type-simple"},"acf":[],"featured_image_urls_v2":{"full":["https:\/\/cdn.aivie.ch\/media\/wp\/2023\/03\/24104013\/datenschutz_DSGVO.webp",1080,1080,false],"thumbnail":["https:\/\/cdn.aivie.ch\/media\/wp\/2023\/03\/24104013\/datenschutz_DSGVO-240x240.webp",240,240,true],"medium":["https:\/\/cdn.aivie.ch\/media\/wp\/2023\/03\/24104013\/datenschutz_DSGVO-960x960.webp",960,960,true],"medium_large":["https:\/\/cdn.aivie.ch\/media\/wp\/2023\/03\/24104013\/datenschutz_DSGVO-768x768.webp",768,768,true],"large":["https:\/\/cdn.aivie.ch\/media\/wp\/2023\/03\/24104013\/datenschutz_DSGVO.webp",990,990,false],"post-thumbnail":["https:\/\/cdn.aivie.ch\/media\/wp\/2023\/03\/24104013\/datenschutz_DSGVO.webp",1080,1080,false],"aiv_480w":["https:\/\/cdn.aivie.ch\/media\/wp\/2023\/03\/24104013\/datenschutz_DSGVO-480x480.webp",480,480,true],"woocommerce_thumbnail":["https:\/\/cdn.aivie.ch\/media\/wp\/2023\/03\/24104013\/datenschutz_DSGVO-240x240.webp",240,240,true],"woocommerce_single":["https:\/\/cdn.aivie.ch\/media\/wp\/2023\/03\/24104013\/datenschutz_DSGVO-960x960.webp",960,960,true],"woocommerce_gallery_thumbnail":["https:\/\/cdn.aivie.ch\/media\/wp\/2023\/03\/24104013\/datenschutz_DSGVO-240x240.webp",240,240,true]},"post_excerpt_stackable_v2":"<p>Mettre en place rapidement et facilement un site web conforme \u00e0 la protection des donn\u00e9es avec l&#8217;email marketing. Le package comprend tout ce qu&rsquo;il faut pour appliquer correctement la loi sur la protection des donn\u00e9es (RGPD) d&rsquo;un point de vue juridique.<\/p>\n","category_list_v2":"","author_info_v2":{"name":"","url":""},"comments_num_v2":"0 commentaire","_links":{"self":[{"href":"https:\/\/aivie.ch\/fr\/wp-json\/wp\/v2\/product\/22621","targetHints":{"allow":["GET"]}}],"collection":[{"href":"https:\/\/aivie.ch\/fr\/wp-json\/wp\/v2\/product"}],"about":[{"href":"https:\/\/aivie.ch\/fr\/wp-json\/wp\/v2\/types\/product"}],"replies":[{"embeddable":true,"href":"https:\/\/aivie.ch\/fr\/wp-json\/wp\/v2\/comments?post=22621"}],"wp:featuredmedia":[{"embeddable":true,"href":"https:\/\/aivie.ch\/fr\/wp-json\/wp\/v2\/media\/13461"}],"wp:attachment":[{"href":"https:\/\/aivie.ch\/fr\/wp-json\/wp\/v2\/media?parent=22621"}],"wp:term":[{"taxonomy":"product_brand","embeddable":true,"href":"https:\/\/aivie.ch\/fr\/wp-json\/wp\/v2\/product_brand?post=22621"},{"taxonomy":"product_cat","embeddable":true,"href":"https:\/\/aivie.ch\/fr\/wp-json\/wp\/v2\/product_cat?post=22621"},{"taxonomy":"product_tag","embeddable":true,"href":"https:\/\/aivie.ch\/fr\/wp-json\/wp\/v2\/product_tag?post=22621"}],"curies":[{"name":"wp","href":"https:\/\/api.w.org\/{rel}","templated":true}]}}