{"id":22620,"date":"2023-03-23T18:14:27","date_gmt":"2025-04-27T13:39:26","guid":{"rendered":"https:\/\/aivie.ch\/product\/paquet-de-cas-dutilisation-de-la-protection-des-donnees-revdsg\/"},"modified":"2025-04-27T15:39:26","modified_gmt":"2025-04-27T13:39:26","slug":"paquet-de-cas-dutilisation-de-la-protection-des-donnees-revdsg","status":"publish","type":"product","link":"https:\/\/aivie.ch\/fr\/produit\/paquet-de-cas-dutilisation-de-la-protection-des-donnees-revdsg\/","title":{"rendered":"Paquet de cas d&rsquo;utilisation de la protection des donn\u00e9es revDSG"},"content":{"rendered":"<h2><strong>Respect de la vie priv\u00e9e \u00ab\u00a0au bout des doigts<\/strong><\/h2>\n<p class=\"p1\">Le site <span class=\"s1\"><b>Use Case Package pour la protection des donn\u00e9es (revDSG)<\/b><\/span> aide les entreprises \u00e0 se conformer \u00e0 la loi suisse r\u00e9vis\u00e9e sur la protection des donn\u00e9es (revDSG) en automatisant la gestion des consentements, du stockage des donn\u00e9es et des demandes des utilisateurs. Cela permet de mettre en \u0153uvre efficacement les exigences de protection des donn\u00e9es, de minimiser les risques de responsabilit\u00e9 et de renforcer la confiance des clients. <\/p>\n<h3>Avantages pour votre entreprise<\/h3>\n<p class=\"p1\">Avec le <span class=\"s1\"><b>Use Case Package de protection des donn\u00e9es (revDSG)<\/b><\/span> les entreprises mettent en \u0153uvre les exigences de la nouvelle loi suisse sur la protection des donn\u00e9es de mani\u00e8re simple et efficace \u2013 pour plus de s\u00e9curit\u00e9, de conformit\u00e9 et de confiance.<\/p>\n<ul>\n<li class=\"p1\"><span class=\"s1\"><b>Traitement des donn\u00e9es conforme \u00e0 la l\u00e9gislation :<\/b><\/span> Minimiser les risques de responsabilit\u00e9 gr\u00e2ce \u00e0 des processus automatis\u00e9s de protection des donn\u00e9es<\/li>\n<li class=\"p1\"><span class=\"s1\"><b>Gestion transparente des consentements :<\/b><\/span> Tra\u00e7abilit\u00e9 et documentation claires pour la preuve de la conformit\u00e9<\/li>\n<li class=\"p1\"><span class=\"s1\"><b>Gagner en efficacit\u00e9 gr\u00e2ce \u00e0 l&rsquo;automatisation :<\/b><\/span> Moins d&rsquo;efforts manuels pour r\u00e9pondre aux exigences de protection des donn\u00e9es<\/li>\n<li class=\"p1\"><span class=\"s1\"><b>Plus de confiance &amp; de s\u00e9curit\u00e9 pour les clients :<\/b><\/span> Les entreprises conformes \u00e0 la LPD am\u00e9liorent leur cr\u00e9dibilit\u00e9 et la fid\u00e9lisation de leurs clients<\/li>\n<\/ul>\n<h3><b>Contenu du paquet<\/b><\/h3>\n<ul>\n<li><span style=\"font-weight: 400;\">Campagne double opt-in selon la loi revDSG avec e-mail de rappel<\/span><\/li>\n<li style=\"font-weight: 400;\" aria-level=\"1\"><span style=\"font-weight: 400;\">Textes conformes \u00e0 la revDSG pour la d\u00e9claration de protection des donn\u00e9es pour les e-mails et le site web<\/span><\/li>\n<li style=\"font-weight: 400;\" aria-level=\"1\"><span style=\"font-weight: 400;\">Formulaire \u00ab\u00a0Supprimer les donn\u00e9es\u00a0\u00bb pour le site web, y compris la page de confirmation (DE\/EN)<\/span><\/li>\n<li style=\"font-weight: 400;\" aria-level=\"1\"><span style=\"font-weight: 400;\">Aide \u00e0 la mise en place d&rsquo;une banni\u00e8re de cookie correcte<\/span><\/li>\n<li style=\"font-weight: 400;\" aria-level=\"1\"><span style=\"font-weight: 400;\">Assistance personnelle pour les questions sp\u00e9cifiques<\/span><\/li>\n<\/ul>\n<p>Nos <a href=\"https:\/\/aivie.ch\/fr\/conditions-generales-de-vente\/\" target=\"_blank\" rel=\"noopener noreferrer\">conditions g\u00e9n\u00e9rales de vente<\/a> s&rsquo;appliquent.<\/p>\n","protected":false},"excerpt":{"rendered":"<p>Mettre en place rapidement et facilement un site web conforme \u00e0 la protection des donn\u00e9es avec l&#8217;email marketing. Le package contient tout ce qu&rsquo;il faut pour mettre en \u0153uvre correctement la nouvelle loi suisse sur la protection des donn\u00e9es (revDSG) sur le plan juridique.<\/p>\n<p>Pour la d\u00e9claration de confidentialit\u00e9, le site web et les cookies ainsi que la newsletter et le marketing par e-mail avec des campagnes automatis\u00e9es.<\/p>\n","protected":false},"featured_media":13465,"comment_status":"closed","ping_status":"closed","template":"","meta":{"_acf_changed":false},"product_brand":[],"product_cat":[530,983],"product_tag":[],"class_list":{"0":"post-22620","1":"product","2":"type-product","3":"status-publish","4":"has-post-thumbnail","6":"product_cat-forfait-de-cas-dutilisation","7":"product_cat-protection-des-donnees","8":"pa_brand-aivie-fr","9":"pa_manufacturer-idea2-fr","11":"first","12":"instock","13":"virtual","14":"taxable","15":"purchasable","16":"product-type-simple"},"acf":[],"featured_image_urls_v2":{"full":["https:\/\/cdn.aivie.ch\/media\/wp\/2023\/03\/24104016\/Datenschutz_revDSG.webp",1080,1080,false],"thumbnail":["https:\/\/cdn.aivie.ch\/media\/wp\/2023\/03\/24104016\/Datenschutz_revDSG-240x240.webp",240,240,true],"medium":["https:\/\/cdn.aivie.ch\/media\/wp\/2023\/03\/24104016\/Datenschutz_revDSG-960x960.webp",960,960,true],"medium_large":["https:\/\/cdn.aivie.ch\/media\/wp\/2023\/03\/24104016\/Datenschutz_revDSG-768x768.webp",768,768,true],"large":["https:\/\/cdn.aivie.ch\/media\/wp\/2023\/03\/24104016\/Datenschutz_revDSG.webp",990,990,false],"post-thumbnail":["https:\/\/cdn.aivie.ch\/media\/wp\/2023\/03\/24104016\/Datenschutz_revDSG.webp",1080,1080,false],"aiv_480w":["https:\/\/cdn.aivie.ch\/media\/wp\/2023\/03\/24104016\/Datenschutz_revDSG-480x480.webp",480,480,true],"woocommerce_thumbnail":["https:\/\/cdn.aivie.ch\/media\/wp\/2023\/03\/24104016\/Datenschutz_revDSG-240x240.webp",240,240,true],"woocommerce_single":["https:\/\/cdn.aivie.ch\/media\/wp\/2023\/03\/24104016\/Datenschutz_revDSG-960x960.webp",960,960,true],"woocommerce_gallery_thumbnail":["https:\/\/cdn.aivie.ch\/media\/wp\/2023\/03\/24104016\/Datenschutz_revDSG-240x240.webp",240,240,true]},"post_excerpt_stackable_v2":"<p>Mettre en place rapidement et facilement un site web conforme \u00e0 la protection des donn\u00e9es avec l&#8217;email marketing. Le package contient tout ce qu&rsquo;il faut pour mettre en \u0153uvre correctement la nouvelle loi suisse sur la protection des donn\u00e9es (revDSG) sur le plan juridique.<\/p>\n<p>Pour la d\u00e9claration de confidentialit\u00e9, le site web et les cookies ainsi que la newsletter et le marketing par e-mail avec des campagnes automatis\u00e9es.<\/p>\n","category_list_v2":"","author_info_v2":{"name":"","url":""},"comments_num_v2":"0 commentaire","_links":{"self":[{"href":"https:\/\/aivie.ch\/fr\/wp-json\/wp\/v2\/product\/22620","targetHints":{"allow":["GET"]}}],"collection":[{"href":"https:\/\/aivie.ch\/fr\/wp-json\/wp\/v2\/product"}],"about":[{"href":"https:\/\/aivie.ch\/fr\/wp-json\/wp\/v2\/types\/product"}],"replies":[{"embeddable":true,"href":"https:\/\/aivie.ch\/fr\/wp-json\/wp\/v2\/comments?post=22620"}],"wp:featuredmedia":[{"embeddable":true,"href":"https:\/\/aivie.ch\/fr\/wp-json\/wp\/v2\/media\/13465"}],"wp:attachment":[{"href":"https:\/\/aivie.ch\/fr\/wp-json\/wp\/v2\/media?parent=22620"}],"wp:term":[{"taxonomy":"product_brand","embeddable":true,"href":"https:\/\/aivie.ch\/fr\/wp-json\/wp\/v2\/product_brand?post=22620"},{"taxonomy":"product_cat","embeddable":true,"href":"https:\/\/aivie.ch\/fr\/wp-json\/wp\/v2\/product_cat?post=22620"},{"taxonomy":"product_tag","embeddable":true,"href":"https:\/\/aivie.ch\/fr\/wp-json\/wp\/v2\/product_tag?post=22620"}],"curies":[{"name":"wp","href":"https:\/\/api.w.org\/{rel}","templated":true}]}}