{"id":22610,"date":"2021-06-23T07:30:32","date_gmt":"2025-04-27T13:36:27","guid":{"rendered":"https:\/\/aivie.ch\/product\/pack-de-cas-dutilisation-lead-magnet\/"},"modified":"2025-04-27T15:36:27","modified_gmt":"2025-04-27T13:36:27","slug":"pack-de-cas-dutilisation-lead-magnet","status":"publish","type":"product","link":"https:\/\/aivie.ch\/fr\/produit\/pack-de-cas-dutilisation-lead-magnet\/","title":{"rendered":"Pack de cas d&rsquo;utilisation Lead Magnet"},"content":{"rendered":"<h2>Le package Lead Magnet Use Case<\/h2>\n<p>Le package Lead Magnet Use Case aide les entreprises \u00e0 attirer des prospects qualifi\u00e9s gr\u00e2ce \u00e0 des incitations cibl\u00e9es telles que des livres blancs, des webinaires, des listes de contr\u00f4le ou des contenus exclusifs. Gr\u00e2ce \u00e0 un parcours client construit de mani\u00e8re strat\u00e9gique, les prospects sont approch\u00e9s avec des valeurs ajout\u00e9es pertinentes, captur\u00e9s de mani\u00e8re automatis\u00e9e et transf\u00e9r\u00e9s dans le processus de vente. <\/p>\n<h3>Avantages pour votre entreprise<\/h3>\n<p>Avec le package de cas d&rsquo;utilisation Lead Magnet, les entreprises acqui\u00e8rent en permanence des leads de qualit\u00e9, \u00e9tablissent la confiance et cr\u00e9ent une base solide pour des relations clients \u00e0 long terme.<\/p>\n<ul>\n<li>Plus de prospects qualifi\u00e9s : Les prospects ayant un r\u00e9el int\u00e9r\u00eat pour l&rsquo;offre sont captur\u00e9s<\/li>\n<li>Ciblage efficace : un contenu pertinent permet d&rsquo;instaurer la confiance et l&rsquo;int\u00e9r\u00eat.<\/li>\n<li>Des processus automatis\u00e9s : Du premier contact au nurturing, les leads sont g\u00e9r\u00e9s efficacement<\/li>\n<li>Succ\u00e8s mesurable : des indicateurs cl\u00e9s de performance clairs pour mesurer le succ\u00e8s et optimiser la g\u00e9n\u00e9ration de leads<\/li>\n<\/ul>\n<h3>Contenu<\/h3>\n<p>Le package de cas d&rsquo;utilisation Marketing Automation Lead <strong>Magnet<\/strong> comprend les services suivants : <\/p>\n<ul>\n<li>2 formulaires (DE\/EN) \u00e0 int\u00e9grer sur le site web ou la page de renvoi<\/li>\n<li>Envoi d&rsquo;un asset (par ex. PDF) par e-mail au lead<\/li>\n<li>Validation de l&rsquo;adresse e-mail par double opt-in<\/li>\n<li>E-mail de suivi automatis\u00e9<\/li>\n<li>Accompagnement de la configuration<\/li>\n<li>Rapport<\/li>\n<\/ul>\n<p>Nos <a href=\"https:\/\/aivie.ch\/fr\/conditions-generales-de-vente\/\" target=\"_blank\" rel=\"noopener noreferrer\">conditions g\u00e9n\u00e9rales de vente<\/a> s&rsquo;appliquent.<\/p>\n","protected":false},"excerpt":{"rendered":"<p>Package de cas d&rsquo;utilisation Lead Magnet : obtenir des leads de qualit\u00e9 gr\u00e2ce \u00e0 des incitations cibl\u00e9es<\/p>\n","protected":false},"featured_media":10448,"comment_status":"closed","ping_status":"closed","template":"","meta":{"_acf_changed":false},"product_brand":[],"product_cat":[530,481],"product_tag":[],"class_list":{"0":"post-22610","1":"product","2":"type-product","3":"status-publish","4":"has-post-thumbnail","6":"product_cat-forfait-de-cas-dutilisation","7":"product_cat-services-dautomatisation-du-marketing","8":"pa_brand-aivie-fr","9":"pa_manufacturer-idea2-fr","11":"first","12":"instock","13":"taxable","14":"shipping-taxable","15":"purchasable","16":"product-type-simple"},"acf":[],"featured_image_urls_v2":{"full":["https:\/\/cdn.aivie.ch\/media\/wp\/2021\/06\/15111023\/Nurturing-Quick-Starter-Aivie-1.webp",800,800,false],"thumbnail":["https:\/\/cdn.aivie.ch\/media\/wp\/2021\/06\/15111023\/Nurturing-Quick-Starter-Aivie-1-240x240.webp",240,240,true],"medium":["https:\/\/cdn.aivie.ch\/media\/wp\/2021\/06\/15111023\/Nurturing-Quick-Starter-Aivie-1.webp",800,800,false],"medium_large":["https:\/\/cdn.aivie.ch\/media\/wp\/2021\/06\/15111023\/Nurturing-Quick-Starter-Aivie-1-768x768.webp",768,768,true],"large":["https:\/\/cdn.aivie.ch\/media\/wp\/2021\/06\/15111023\/Nurturing-Quick-Starter-Aivie-1.webp",800,800,false],"post-thumbnail":["https:\/\/cdn.aivie.ch\/media\/wp\/2021\/06\/15111023\/Nurturing-Quick-Starter-Aivie-1.webp",800,800,false],"aiv_480w":["https:\/\/cdn.aivie.ch\/media\/wp\/2021\/06\/15111023\/Nurturing-Quick-Starter-Aivie-1-480x480.webp",480,480,true],"woocommerce_thumbnail":["https:\/\/cdn.aivie.ch\/media\/wp\/2021\/06\/15111023\/Nurturing-Quick-Starter-Aivie-1-240x240.webp",240,240,true],"woocommerce_single":["https:\/\/cdn.aivie.ch\/media\/wp\/2021\/06\/15111023\/Nurturing-Quick-Starter-Aivie-1.webp",800,800,false],"woocommerce_gallery_thumbnail":["https:\/\/cdn.aivie.ch\/media\/wp\/2021\/06\/15111023\/Nurturing-Quick-Starter-Aivie-1-240x240.webp",240,240,true]},"post_excerpt_stackable_v2":"<p>Package de cas d&rsquo;utilisation Lead Magnet : obtenir des leads de qualit\u00e9 gr\u00e2ce \u00e0 des incitations cibl\u00e9es<\/p>\n","category_list_v2":"","author_info_v2":{"name":"","url":""},"comments_num_v2":"0 commentaire","_links":{"self":[{"href":"https:\/\/aivie.ch\/fr\/wp-json\/wp\/v2\/product\/22610","targetHints":{"allow":["GET"]}}],"collection":[{"href":"https:\/\/aivie.ch\/fr\/wp-json\/wp\/v2\/product"}],"about":[{"href":"https:\/\/aivie.ch\/fr\/wp-json\/wp\/v2\/types\/product"}],"replies":[{"embeddable":true,"href":"https:\/\/aivie.ch\/fr\/wp-json\/wp\/v2\/comments?post=22610"}],"wp:featuredmedia":[{"embeddable":true,"href":"https:\/\/aivie.ch\/fr\/wp-json\/wp\/v2\/media\/10448"}],"wp:attachment":[{"href":"https:\/\/aivie.ch\/fr\/wp-json\/wp\/v2\/media?parent=22610"}],"wp:term":[{"taxonomy":"product_brand","embeddable":true,"href":"https:\/\/aivie.ch\/fr\/wp-json\/wp\/v2\/product_brand?post=22610"},{"taxonomy":"product_cat","embeddable":true,"href":"https:\/\/aivie.ch\/fr\/wp-json\/wp\/v2\/product_cat?post=22610"},{"taxonomy":"product_tag","embeddable":true,"href":"https:\/\/aivie.ch\/fr\/wp-json\/wp\/v2\/product_tag?post=22610"}],"curies":[{"name":"wp","href":"https:\/\/api.w.org\/{rel}","templated":true}]}}