{"id":22609,"date":"2021-06-23T07:30:32","date_gmt":"2025-04-27T13:36:23","guid":{"rendered":"https:\/\/aivie.ch\/product\/paquet-de-cas-dutilisation-de-nurturing\/"},"modified":"2025-04-27T15:36:23","modified_gmt":"2025-04-27T13:36:23","slug":"paquet-de-cas-dutilisation-de-nurturing","status":"publish","type":"product","link":"https:\/\/aivie.ch\/fr\/produit\/paquet-de-cas-dutilisation-de-nurturing\/","title":{"rendered":"Paquet de cas d&rsquo;utilisation de Nurturing"},"content":{"rendered":"<h2>Le package Nurturing Use Case<\/h2>\n<p>Le package Nurturing Use Case aide les entreprises \u00e0 guider les prospects \u00e0 travers le processus de vente en utilisant des strat\u00e9gies de communication automatis\u00e9es et personnalis\u00e9es. Il faut souvent plusieurs points de contact pour qu&rsquo;un prospect soit pr\u00eat \u00e0 acheter \u2013 c&rsquo;est l\u00e0 qu&rsquo;intervient le lead nurturing. <\/p>\n<h3>Avantages pour votre entreprise<\/h3>\n<p>Gr\u00e2ce \u00e0 ce pack, les entreprises s&rsquo;assurent qu&rsquo;aucun lead n&rsquo;est perdu et que les clients potentiels sont guid\u00e9s de mani\u00e8re cibl\u00e9e vers l&rsquo;achat \u2013 de mani\u00e8re efficace, personnalis\u00e9e et automatis\u00e9e.<\/p>\n<ul>\n<li>Davantage de prospects qualifi\u00e9s : Seuls les contacts r\u00e9ellement int\u00e9ress\u00e9s entrent dans le processus de vente<\/li>\n<li>Des taux de conversion plus \u00e9lev\u00e9s : Un contenu pertinent permet aux prospects de se sentir plus \u00e9cout\u00e9s.<\/li>\n<li>Gain de temps et de ressources : les workflows automatis\u00e9s prennent en charge les t\u00e2ches r\u00e9p\u00e9titives<\/li>\n<li>Meilleure analyse et optimisation : aper\u00e7u clair du parcours client et de la performance des leads<\/li>\n<\/ul>\n<h3>Contenu<\/h3>\n<p>Le package <strong>Nurturing<\/strong> comprend les services suivants : <\/p>\n<ul>\n<li>Campagne<\/li>\n<li>Segments<\/li>\n<li>Mod\u00e8les d&rsquo;e-mail \u00e0 remplir soi-m\u00eame<\/li>\n<li>Syst\u00e8me de niveaux (Stages)<\/li>\n<li>Scoring des prospects<\/li>\n<li>Accompagnement personnalis\u00e9 de la configuration<\/li>\n<li>Rapport<\/li>\n<\/ul>\n<p>Nos <a href=\"https:\/\/aivie.ch\/fr\/conditions-generales-de-vente\/\" target=\"_blank\" rel=\"noopener noreferrer\">conditions g\u00e9n\u00e9rales de vente<\/a> s&rsquo;appliquent.<\/p>\n","protected":false},"excerpt":{"rendered":"<p>Nurturing Use Case Package \u2013 Suivi automatis\u00e9 des leads pour \u00e9tablir la confiance, qualifier les prospects et attirer plus de clients<\/p>\n","protected":false},"featured_media":10444,"comment_status":"closed","ping_status":"closed","template":"","meta":{"_acf_changed":false},"product_brand":[],"product_cat":[530,481],"product_tag":[],"class_list":{"0":"post-22609","1":"product","2":"type-product","3":"status-publish","4":"has-post-thumbnail","6":"product_cat-forfait-de-cas-dutilisation","7":"product_cat-services-dautomatisation-du-marketing","9":"first","10":"instock","11":"virtual","12":"taxable","13":"purchasable","14":"product-type-simple"},"acf":[],"featured_image_urls_v2":{"full":["https:\/\/cdn.aivie.ch\/media\/wp\/2021\/06\/15110958\/Nurturing-Quick-Starter-Aivie.webp",800,800,false],"thumbnail":["https:\/\/cdn.aivie.ch\/media\/wp\/2021\/06\/15110958\/Nurturing-Quick-Starter-Aivie-240x240.webp",240,240,true],"medium":["https:\/\/cdn.aivie.ch\/media\/wp\/2021\/06\/15110958\/Nurturing-Quick-Starter-Aivie.webp",800,800,false],"medium_large":["https:\/\/cdn.aivie.ch\/media\/wp\/2021\/06\/15110958\/Nurturing-Quick-Starter-Aivie-768x768.webp",768,768,true],"large":["https:\/\/cdn.aivie.ch\/media\/wp\/2021\/06\/15110958\/Nurturing-Quick-Starter-Aivie.webp",800,800,false],"post-thumbnail":["https:\/\/cdn.aivie.ch\/media\/wp\/2021\/06\/15110958\/Nurturing-Quick-Starter-Aivie.webp",800,800,false],"aiv_480w":["https:\/\/cdn.aivie.ch\/media\/wp\/2021\/06\/15110958\/Nurturing-Quick-Starter-Aivie-480x480.webp",480,480,true],"woocommerce_thumbnail":["https:\/\/cdn.aivie.ch\/media\/wp\/2021\/06\/15110958\/Nurturing-Quick-Starter-Aivie-240x240.webp",240,240,true],"woocommerce_single":["https:\/\/cdn.aivie.ch\/media\/wp\/2021\/06\/15110958\/Nurturing-Quick-Starter-Aivie.webp",800,800,false],"woocommerce_gallery_thumbnail":["https:\/\/cdn.aivie.ch\/media\/wp\/2021\/06\/15110958\/Nurturing-Quick-Starter-Aivie-240x240.webp",240,240,true]},"post_excerpt_stackable_v2":"<p>Nurturing Use Case Package \u2013 Suivi automatis\u00e9 des leads pour \u00e9tablir la confiance, qualifier les prospects et attirer plus de clients<\/p>\n","category_list_v2":"","author_info_v2":{"name":"","url":""},"comments_num_v2":"0 commentaire","_links":{"self":[{"href":"https:\/\/aivie.ch\/fr\/wp-json\/wp\/v2\/product\/22609","targetHints":{"allow":["GET"]}}],"collection":[{"href":"https:\/\/aivie.ch\/fr\/wp-json\/wp\/v2\/product"}],"about":[{"href":"https:\/\/aivie.ch\/fr\/wp-json\/wp\/v2\/types\/product"}],"replies":[{"embeddable":true,"href":"https:\/\/aivie.ch\/fr\/wp-json\/wp\/v2\/comments?post=22609"}],"wp:featuredmedia":[{"embeddable":true,"href":"https:\/\/aivie.ch\/fr\/wp-json\/wp\/v2\/media\/10444"}],"wp:attachment":[{"href":"https:\/\/aivie.ch\/fr\/wp-json\/wp\/v2\/media?parent=22609"}],"wp:term":[{"taxonomy":"product_brand","embeddable":true,"href":"https:\/\/aivie.ch\/fr\/wp-json\/wp\/v2\/product_brand?post=22609"},{"taxonomy":"product_cat","embeddable":true,"href":"https:\/\/aivie.ch\/fr\/wp-json\/wp\/v2\/product_cat?post=22609"},{"taxonomy":"product_tag","embeddable":true,"href":"https:\/\/aivie.ch\/fr\/wp-json\/wp\/v2\/product_tag?post=22609"}],"curies":[{"name":"wp","href":"https:\/\/api.w.org\/{rel}","templated":true}]}}