{"id":22608,"date":"2021-06-23T07:32:23","date_gmt":"2025-04-27T13:36:20","guid":{"rendered":"https:\/\/aivie.ch\/product\/paquet-de-cas-dutilisation-de-page-de-destination\/"},"modified":"2025-04-27T15:36:20","modified_gmt":"2025-04-27T13:36:20","slug":"paquet-de-cas-dutilisation-de-page-de-destination","status":"publish","type":"product","link":"https:\/\/aivie.ch\/fr\/produit\/paquet-de-cas-dutilisation-de-page-de-destination\/","title":{"rendered":"Paquet de cas d&rsquo;utilisation de page de destination"},"content":{"rendered":"<h2>Le package de cas d&rsquo;utilisation des landing pages<\/h2>\n<p>Le package Landingpage Use Case permet aux entreprises de cr\u00e9er des landing pages puissantes qui ciblent les prospects, augmentent les conversions et offrent des exp\u00e9riences utilisateur personnalis\u00e9es. Gr\u00e2ce \u00e0 des designs optimis\u00e9s, \u00e0 une automatisation intelligente et \u00e0 un suivi cibl\u00e9, les visiteurs sont convertis efficacement en contacts qualifi\u00e9s. <\/p>\n<h3>Avantages pour votre entreprise<\/h3>\n<p>Avec le package Landingpage Use Case, les entreprises mettent en place des landing pages hautement performantes, augmentent leurs taux de conversion et obtiennent des leads qualifi\u00e9s \u2013 rapidement, efficacement et de mani\u00e8re mesurable.<\/p>\n<ul>\n<li>Plus de conversions : cibler les visiteurs et les convertir en prospects<\/li>\n<li>Ciblage des campagnes : pages de renvoi sp\u00e9cifiques pour diff\u00e9rents groupes cibles et offres<\/li>\n<li>Des processus automatis\u00e9s : Du premier contact au transfert vers le CRM, tout se d\u00e9roule efficacement<\/li>\n<li>Optimisation bas\u00e9e sur les donn\u00e9es : une vision claire des performances et du comportement des utilisateurs pour de meilleurs r\u00e9sultats<\/li>\n<\/ul>\n<h3>Contenu<\/h3>\n<p>Le package de cas d&rsquo;utilisation Marketing Automation <strong>Landingpage<\/strong> comprend les services suivants : <\/p>\n<ul>\n<li>Mod\u00e8le de page de renvoi responsive dans votre CI\/CD<\/li>\n<li>\u00c9l\u00e9ments inclus :\n<ul>\n<li>Sc\u00e8ne<\/li>\n<li>Logos des clients<\/li>\n<li>Processus<\/li>\n<li>Expliquer les avantages avec une image<\/li>\n<li>T\u00e9moignages<\/li>\n<li>Tarification<\/li>\n<li>FAQ<\/li>\n<li>Appel \u00e0 l&rsquo;action<\/li>\n<\/ul>\n<\/li>\n<li>Formulaire Lead Magnet (DE\/EN)<\/li>\n<li>Possibilit\u00e9 de test A\/B<\/li>\n<li>Configurable sans expertise technique<\/li>\n<li>Suivi<\/li>\n<li>Accompagnement de la configuration<\/li>\n<li>Rapport<\/li>\n<\/ul>\n<p>Le prix est unique. N\u00e9cessite Aivie Pro.  Nos <a href=\"https:\/\/aivie.ch\/fr\/conditions-generales-de-vente\/\" target=\"_blank\" rel=\"noopener noreferrer\">conditions g\u00e9n\u00e9rales de vente<\/a> s&rsquo;appliquent.<\/p>\n","protected":false},"excerpt":{"rendered":"<p>Package de cas d&rsquo;utilisation des landing pages : g\u00e9n\u00e9ration de leads cibl\u00e9s &amp; optimisation de la conversion<\/p>\n","protected":false},"featured_media":10669,"comment_status":"closed","ping_status":"closed","template":"","meta":{"_acf_changed":false},"product_brand":[],"product_cat":[530,481],"product_tag":[],"class_list":{"0":"post-22608","1":"product","2":"type-product","3":"status-publish","4":"has-post-thumbnail","6":"product_cat-forfait-de-cas-dutilisation","7":"product_cat-services-dautomatisation-du-marketing","9":"first","10":"instock","11":"virtual","12":"taxable","13":"purchasable","14":"product-type-simple"},"acf":[],"featured_image_urls_v2":{"full":["https:\/\/cdn.aivie.ch\/media\/wp\/2021\/06\/22103903\/Landingpage-Quick-Starter-Aivie.webp",800,800,false],"thumbnail":["https:\/\/cdn.aivie.ch\/media\/wp\/2021\/06\/22103903\/Landingpage-Quick-Starter-Aivie-240x240.webp",240,240,true],"medium":["https:\/\/cdn.aivie.ch\/media\/wp\/2021\/06\/22103903\/Landingpage-Quick-Starter-Aivie.webp",800,800,false],"medium_large":["https:\/\/cdn.aivie.ch\/media\/wp\/2021\/06\/22103903\/Landingpage-Quick-Starter-Aivie-768x768.webp",768,768,true],"large":["https:\/\/cdn.aivie.ch\/media\/wp\/2021\/06\/22103903\/Landingpage-Quick-Starter-Aivie.webp",800,800,false],"post-thumbnail":["https:\/\/cdn.aivie.ch\/media\/wp\/2021\/06\/22103903\/Landingpage-Quick-Starter-Aivie.webp",800,800,false],"aiv_480w":["https:\/\/cdn.aivie.ch\/media\/wp\/2021\/06\/22103903\/Landingpage-Quick-Starter-Aivie-480x480.webp",480,480,true],"woocommerce_thumbnail":["https:\/\/cdn.aivie.ch\/media\/wp\/2021\/06\/22103903\/Landingpage-Quick-Starter-Aivie-240x240.webp",240,240,true],"woocommerce_single":["https:\/\/cdn.aivie.ch\/media\/wp\/2021\/06\/22103903\/Landingpage-Quick-Starter-Aivie.webp",800,800,false],"woocommerce_gallery_thumbnail":["https:\/\/cdn.aivie.ch\/media\/wp\/2021\/06\/22103903\/Landingpage-Quick-Starter-Aivie-240x240.webp",240,240,true]},"post_excerpt_stackable_v2":"<p>Package de cas d&rsquo;utilisation des landing pages : g\u00e9n\u00e9ration de leads cibl\u00e9s &amp; optimisation de la conversion<\/p>\n","category_list_v2":"","author_info_v2":{"name":"","url":""},"comments_num_v2":"0 commentaire","_links":{"self":[{"href":"https:\/\/aivie.ch\/fr\/wp-json\/wp\/v2\/product\/22608","targetHints":{"allow":["GET"]}}],"collection":[{"href":"https:\/\/aivie.ch\/fr\/wp-json\/wp\/v2\/product"}],"about":[{"href":"https:\/\/aivie.ch\/fr\/wp-json\/wp\/v2\/types\/product"}],"replies":[{"embeddable":true,"href":"https:\/\/aivie.ch\/fr\/wp-json\/wp\/v2\/comments?post=22608"}],"wp:featuredmedia":[{"embeddable":true,"href":"https:\/\/aivie.ch\/fr\/wp-json\/wp\/v2\/media\/10669"}],"wp:attachment":[{"href":"https:\/\/aivie.ch\/fr\/wp-json\/wp\/v2\/media?parent=22608"}],"wp:term":[{"taxonomy":"product_brand","embeddable":true,"href":"https:\/\/aivie.ch\/fr\/wp-json\/wp\/v2\/product_brand?post=22608"},{"taxonomy":"product_cat","embeddable":true,"href":"https:\/\/aivie.ch\/fr\/wp-json\/wp\/v2\/product_cat?post=22608"},{"taxonomy":"product_tag","embeddable":true,"href":"https:\/\/aivie.ch\/fr\/wp-json\/wp\/v2\/product_tag?post=22608"}],"curies":[{"name":"wp","href":"https:\/\/api.w.org\/{rel}","templated":true}]}}