{"id":22340,"date":"2021-06-23T07:53:57","date_gmt":"2021-06-23T05:53:57","guid":{"rendered":"https:\/\/aivie.ch\/product\/formation-comment-utiliser-aivie-mautic-comme-un-pro\/"},"modified":"2026-01-11T14:18:39","modified_gmt":"2026-01-11T12:18:39","slug":"formation-comment-utiliser-aivie-mautic-comme-un-pro","status":"publish","type":"product","link":"https:\/\/aivie.ch\/fr\/produit\/formation-comment-utiliser-aivie-mautic-comme-un-pro\/","title":{"rendered":"Formation \u00ab\u00a0Comment utiliser Aivie\/Mautic comme un pro ?\u00a0\u00bb"},"content":{"rendered":"<p>Apprenez \u00e0 utiliser Aivie et Mautic comme un pro, et comment faire passer vos newsletters et vos campagnes marketing au niveau sup\u00e9rieur.<\/p>\n<ul>\n<li>Une solide compr\u00e9hension du marketing automation<\/li>\n<li>Emails en profondeur : campagne de nurturing vs newsletters<\/li>\n<li>Principales fonctionnalit\u00e9s et param\u00e8tres d&rsquo;Aivie<\/li>\n<li>Utiliser Aivie avec un site web\/CMS<\/li>\n<li>Principales solutions de contournement et astuces pour l&rsquo;utilisation d&rsquo;Aivie<\/li>\n<\/ul>\n<p>Dans cette formation interactive en ligne, nous abordons en d\u00e9tail les bases d&rsquo;Aivie. A la fin, vous serez capable de naviguer avec aisance dans les menus et les principales fonctions de l&rsquo;utilisateur. <\/p>\n<p>De plus, nous faisons une plong\u00e9e en profondeur sur un sujet qui vous int\u00e9resse actuellement, comme par exemple la campagne de nurturing, la newsletter automatis\u00e9e, la protection des donn\u00e9es, le tracking de site web, etc.<\/p>\n<p>Une cliente dit<\/p>\n<blockquote><p>Une formation personnalis\u00e9e et tr\u00e8s adapt\u00e9e \u00e0 nos besoins, c&rsquo;\u00e9tait top ! Ce qui m&rsquo;a le plus aid\u00e9, c&rsquo;est que j&rsquo;ai pu naviguer et essayer moi-m\u00eame tout de suite. <\/p>\n<p>Anna B.<\/p><\/blockquote>\n<p>Formation interactive en ligne d&rsquo;une demi-journ\u00e9e. Divisible en deux jours. Inclut toute la documentation.   Nos <a href=\"https:\/\/aivie.ch\/fr\/conditions-generales-de-vente\/\" target=\"_blank\" rel=\"noopener\">conditions g\u00e9n\u00e9rales de vente<\/a> s&rsquo;appliquent.<\/p>\n","protected":false},"excerpt":{"rendered":"<p>Une formation Aivie\/Mautic approfondie adapt\u00e9e \u00e0 vos besoins.<\/p>\n","protected":false},"featured_media":9205,"comment_status":"closed","ping_status":"closed","template":"","meta":{"_acf_changed":false},"product_brand":[],"product_cat":[955,481],"product_tag":[956],"class_list":{"0":"post-22340","1":"product","2":"type-product","3":"status-publish","4":"has-post-thumbnail","6":"product_cat-ateliers-et-formations-aivie-mautic","7":"product_cat-services-dautomatisation-du-marketing","8":"product_tag-formation","10":"first","11":"instock","12":"virtual","13":"taxable","14":"purchasable","15":"product-type-simple"},"acf":[],"featured_image_urls_v2":{"full":["https:\/\/cdn.aivie.ch\/media\/wp\/2021\/06\/19131425\/workshop1.png",800,800,false],"thumbnail":["https:\/\/cdn.aivie.ch\/media\/wp\/2021\/06\/19131425\/workshop1-240x240.png",240,240,true],"medium":["https:\/\/cdn.aivie.ch\/media\/wp\/2021\/06\/19131425\/workshop1.png",800,800,false],"medium_large":["https:\/\/cdn.aivie.ch\/media\/wp\/2021\/06\/19131425\/workshop1-768x768.png",768,768,true],"large":["https:\/\/cdn.aivie.ch\/media\/wp\/2021\/06\/19131425\/workshop1.png",800,800,false],"post-thumbnail":["https:\/\/cdn.aivie.ch\/media\/wp\/2021\/06\/19131425\/workshop1.png",800,800,false],"aiv_480w":["https:\/\/cdn.aivie.ch\/media\/wp\/2021\/06\/19131425\/workshop1-480x480.png",480,480,true],"woocommerce_thumbnail":["https:\/\/cdn.aivie.ch\/media\/wp\/2021\/06\/19131425\/workshop1-240x240.png",240,240,true],"woocommerce_single":["https:\/\/cdn.aivie.ch\/media\/wp\/2021\/06\/19131425\/workshop1.png",800,800,false],"woocommerce_gallery_thumbnail":["https:\/\/cdn.aivie.ch\/media\/wp\/2021\/06\/19131425\/workshop1-240x240.png",240,240,true]},"post_excerpt_stackable_v2":"<p>Une formation Aivie\/Mautic approfondie adapt\u00e9e \u00e0 vos besoins.<\/p>\n","category_list_v2":"","author_info_v2":{"name":"","url":""},"comments_num_v2":"0 commentaire","_links":{"self":[{"href":"https:\/\/aivie.ch\/fr\/wp-json\/wp\/v2\/product\/22340","targetHints":{"allow":["GET"]}}],"collection":[{"href":"https:\/\/aivie.ch\/fr\/wp-json\/wp\/v2\/product"}],"about":[{"href":"https:\/\/aivie.ch\/fr\/wp-json\/wp\/v2\/types\/product"}],"replies":[{"embeddable":true,"href":"https:\/\/aivie.ch\/fr\/wp-json\/wp\/v2\/comments?post=22340"}],"wp:featuredmedia":[{"embeddable":true,"href":"https:\/\/aivie.ch\/fr\/wp-json\/wp\/v2\/media\/9205"}],"wp:attachment":[{"href":"https:\/\/aivie.ch\/fr\/wp-json\/wp\/v2\/media?parent=22340"}],"wp:term":[{"taxonomy":"product_brand","embeddable":true,"href":"https:\/\/aivie.ch\/fr\/wp-json\/wp\/v2\/product_brand?post=22340"},{"taxonomy":"product_cat","embeddable":true,"href":"https:\/\/aivie.ch\/fr\/wp-json\/wp\/v2\/product_cat?post=22340"},{"taxonomy":"product_tag","embeddable":true,"href":"https:\/\/aivie.ch\/fr\/wp-json\/wp\/v2\/product_tag?post=22340"}],"curies":[{"name":"wp","href":"https:\/\/api.w.org\/{rel}","templated":true}]}}