{"id":21956,"date":"2025-02-07T12:03:57","date_gmt":"2025-02-07T13:18:32","guid":{"rendered":"https:\/\/aivie.ch\/product\/creer-des-enregistrements-cname-dkim-et-spf-dns\/"},"modified":"2025-02-07T15:18:32","modified_gmt":"2025-02-07T13:18:32","slug":"creer-des-enregistrements-cname-dkim-et-spf-dns","status":"publish","type":"product","link":"https:\/\/aivie.ch\/fr\/produit\/creer-des-enregistrements-cname-dkim-et-spf-dns\/","title":{"rendered":"Cr\u00e9er des enregistrements CNAME, DKIM et SPF DNS"},"content":{"rendered":"<h2>Livraison parfaite des e-mails : bien configurer CNAME, DKIM et SPF DNS<\/h2>\n<p>La configuration correcte des enregistrements CNAME, DKIM et SPF DNS peut \u00eatre un d\u00e9fi. Des param\u00e8tres incorrects entra\u00eenent souvent l&rsquo;envoi d&rsquo;e-mails dans le dossier spam ou leur non-distribution. Sans une authentification correcte, vous risquez non seulement un mauvais taux de livraison, mais aussi une influence n\u00e9gative sur votre r\u00e9putation de domaine.  <\/p>\n<p>La configuration est fastidieuse et techniquement difficile. La configuration varie en fonction du fournisseur de DNS, ce qui peut la rendre encore plus complexe. <\/p>\n<h2>Aivie facilite les choses : laisser CNAME, DKIM et SPF DNS se mettre en place<\/h2>\n<p>Avec l&rsquo;aide des experts d&rsquo;Aivie, ce probl\u00e8me appartient au pass\u00e9. Nous nous chargeons de configurer vos enregistrements CNAME, DKIM et SPF DNS afin que vos e-mails soient d\u00e9livr\u00e9s de mani\u00e8re s\u00fbre et fiable. Cela am\u00e9liore non seulement la d\u00e9livrabilit\u00e9, mais prot\u00e8ge \u00e9galement votre marque contre les abus et les tentatives de phishing.  <\/p>\n<p>Laissez la technique \u00eatre notre pr\u00e9occupation et concentrez-vous pleinement sur votre marketing. Avec Aivie, vous avez un partenaire qui vous aide \u00e0 r\u00e9ussir vos campagnes sans obstacles techniques. <\/p>\n<h2>D\u00e9roulement<\/h2>\n<ol>\n<li>Achetez ce service.<\/li>\n<li>R\u00e9server un rendez-vous pour discuter de vos besoins<\/li>\n<li>Aivie met en place et v\u00e9rifie les enregistrements DNS pour vous.<\/li>\n<li>Apr\u00e8s un maximum de 24h, vos entr\u00e9es sont en direct.<\/li>\n<\/ol>\n","protected":false},"excerpt":{"rendered":"<p>Aivie se charge de configurer correctement vos <strong>enregistrements CNAME, DKIM et SPF DNS<\/strong> \u2013 quel que soit le fournisseur DNS \u2013 et assure ainsi une distribution s\u00e9curis\u00e9e des e-mails sans obstacles techniques.<\/p>\n","protected":false},"featured_media":12369,"comment_status":"closed","ping_status":"closed","template":"","meta":{"_acf_changed":false},"product_brand":[],"product_cat":[947],"product_tag":[949,948,951,952,950],"class_list":{"0":"post-21956","1":"product","2":"type-product","3":"status-publish","4":"has-post-thumbnail","6":"product_cat-services-instantanes","7":"product_tag-cnom","8":"product_tag-dkim-fr","9":"product_tag-dns-fr","10":"product_tag-spam-fr","11":"product_tag-spf-fr","13":"first","14":"instock","15":"downloadable","16":"virtual","17":"taxable","18":"purchasable","19":"product-type-simple"},"acf":[],"featured_image_urls_v2":{"full":["https:\/\/cdn.aivie.ch\/media\/wp\/2022\/11\/16122426\/6.webp",800,800,false],"thumbnail":["https:\/\/cdn.aivie.ch\/media\/wp\/2022\/11\/16122426\/6-240x240.webp",240,240,true],"medium":["https:\/\/cdn.aivie.ch\/media\/wp\/2022\/11\/16122426\/6.webp",800,800,false],"medium_large":["https:\/\/cdn.aivie.ch\/media\/wp\/2022\/11\/16122426\/6-768x768.webp",768,768,true],"large":["https:\/\/cdn.aivie.ch\/media\/wp\/2022\/11\/16122426\/6.webp",800,800,false],"post-thumbnail":["https:\/\/cdn.aivie.ch\/media\/wp\/2022\/11\/16122426\/6.webp",800,800,false],"aiv_480w":["https:\/\/cdn.aivie.ch\/media\/wp\/2022\/11\/16122426\/6-480x480.webp",480,480,true],"woocommerce_thumbnail":["https:\/\/cdn.aivie.ch\/media\/wp\/2022\/11\/16122426\/6-240x240.webp",240,240,true],"woocommerce_single":["https:\/\/cdn.aivie.ch\/media\/wp\/2022\/11\/16122426\/6.webp",800,800,false],"woocommerce_gallery_thumbnail":["https:\/\/cdn.aivie.ch\/media\/wp\/2022\/11\/16122426\/6-240x240.webp",240,240,true]},"post_excerpt_stackable_v2":"<p>Aivie se charge de configurer correctement vos <strong>enregistrements CNAME, DKIM et SPF DNS<\/strong> \u2013 quel que soit le fournisseur DNS \u2013 et assure ainsi une distribution s\u00e9curis\u00e9e des e-mails sans obstacles techniques.<\/p>\n","category_list_v2":"","author_info_v2":{"name":"","url":""},"comments_num_v2":"0 commentaire","_links":{"self":[{"href":"https:\/\/aivie.ch\/fr\/wp-json\/wp\/v2\/product\/21956","targetHints":{"allow":["GET"]}}],"collection":[{"href":"https:\/\/aivie.ch\/fr\/wp-json\/wp\/v2\/product"}],"about":[{"href":"https:\/\/aivie.ch\/fr\/wp-json\/wp\/v2\/types\/product"}],"replies":[{"embeddable":true,"href":"https:\/\/aivie.ch\/fr\/wp-json\/wp\/v2\/comments?post=21956"}],"wp:featuredmedia":[{"embeddable":true,"href":"https:\/\/aivie.ch\/fr\/wp-json\/wp\/v2\/media\/12369"}],"wp:attachment":[{"href":"https:\/\/aivie.ch\/fr\/wp-json\/wp\/v2\/media?parent=21956"}],"wp:term":[{"taxonomy":"product_brand","embeddable":true,"href":"https:\/\/aivie.ch\/fr\/wp-json\/wp\/v2\/product_brand?post=21956"},{"taxonomy":"product_cat","embeddable":true,"href":"https:\/\/aivie.ch\/fr\/wp-json\/wp\/v2\/product_cat?post=21956"},{"taxonomy":"product_tag","embeddable":true,"href":"https:\/\/aivie.ch\/fr\/wp-json\/wp\/v2\/product_tag?post=21956"}],"curies":[{"name":"wp","href":"https:\/\/api.w.org\/{rel}","templated":true}]}}