{"id":20049,"date":"2023-06-07T11:27:40","date_gmt":"2023-06-07T09:27:40","guid":{"rendered":"https:\/\/aivie.ch\/product\/mautic-trello-power-up-installation-support-pour-mautic\/"},"modified":"2026-03-26T18:03:49","modified_gmt":"2026-03-26T16:03:49","slug":"mautic-trello-power-up-installation-support-pour-mautic","status":"publish","type":"product","link":"https:\/\/aivie.ch\/fr\/produit\/mautic-trello-power-up-installation-support-pour-mautic\/","title":{"rendered":"Mautic Trello Power-Up Installation Support pour Mautic"},"content":{"rendered":"<p>Aivie est bas\u00e9 sur l&rsquo;outil de marketing automation open source Mautic. Le power-up Mautic Trello est 100% compatible avec une <a href=\"https:\/\/trello.com\/power-ups\/5eb100c3e1f87c13d245e5c8\" target=\"_blank\" rel=\"noopener\">instance Mautic standard<\/a>. Cependant, la connexion avec Aivie offre certains avantages : <a href=\"https:\/\/aivie.ch\/fr\/hebergement-mautic\/\">H\u00e9bergement Mautic<\/a> <\/p>\n<h2>Fonctionnalit\u00e9s du power-up Mautic Trello<\/h2>\n<p>\u2013 D\u00e9tection imm\u00e9diate des leads\/contacts pertinents<br \/>\n\u2013 Identification des contacts int\u00e9ress\u00e9s<br \/>\n\u2013 Informations importantes disponibles directement dans Trello<br \/>\n\u2013 Connexion facile de vos cartes et contacts<br \/>\n\u2013 Protection des donn\u00e9es garantie gr\u00e2ce \u00e0 un \u00e9change de donn\u00e9es minimal, au chiffrement et \u00e0 oAuth2<\/p>\n<p><a href=\"https:\/\/trello.com\/power-ups\/5eb100c3e1f87c13d245e5c8\" target=\"_blank\" rel=\"noopener\">Ici, vous pouvez en savoir plus sur le Power-Up Trello : Connect with Mautic or Aivie.<\/a><\/p>\n<p>Aivie est un fournisseur de marketing automation bas\u00e9 sur la technologie Mautic et d\u00e9veloppeur du plugin.<\/p>\n<p>Vous souhaitez cr\u00e9er des cartes Trello pour vos contacts directement depuis Mautic ? Utilisez notre <a href=\"https:\/\/github.com\/adiux\/mautic-trello\" target=\"_blank\" rel=\"noopener\">plugin Mautic Trello<\/a> gratuit. <\/p>\n","protected":false},"excerpt":{"rendered":"<p>Nous vous aidons \u00e0 <a href=\"https:\/\/aivie.ch\/fr\/aide-du-plugin-trello-mautic\/\">installer Trello Power-Up<\/a>. Utilisez Trello pour g\u00e9rer vos contacts : consultez toutes les informations de contact pertinentes depuis votre CRM directement dans Trello.  Ainsi, tu ne manqueras plus rien !<\/p>\n","protected":false},"featured_media":13860,"comment_status":"open","ping_status":"closed","template":"","meta":{"_acf_changed":false},"product_brand":[],"product_cat":[828],"product_tag":[],"class_list":{"0":"post-20049","1":"product","2":"type-product","3":"status-publish","4":"has-post-thumbnail","6":"product_cat-plugin-mautic","8":"first","9":"instock","10":"virtual","11":"taxable","12":"purchasable","13":"product-type-simple"},"acf":[],"featured_image_urls_v2":{"full":["https:\/\/cdn.aivie.ch\/media\/wp\/2023\/06\/07153450\/Trello-Plugin.png",800,800,false],"thumbnail":["https:\/\/cdn.aivie.ch\/media\/wp\/2023\/06\/07153450\/Trello-Plugin-240x240.png",240,240,true],"medium":["https:\/\/cdn.aivie.ch\/media\/wp\/2023\/06\/07153450\/Trello-Plugin.png",800,800,false],"medium_large":["https:\/\/cdn.aivie.ch\/media\/wp\/2023\/06\/07153450\/Trello-Plugin-768x768.png",768,768,true],"large":["https:\/\/cdn.aivie.ch\/media\/wp\/2023\/06\/07153450\/Trello-Plugin.png",800,800,false],"post-thumbnail":["https:\/\/cdn.aivie.ch\/media\/wp\/2023\/06\/07153450\/Trello-Plugin.png",800,800,false],"aiv_480w":["https:\/\/cdn.aivie.ch\/media\/wp\/2023\/06\/07153450\/Trello-Plugin-480x480.png",480,480,true],"woocommerce_thumbnail":["https:\/\/cdn.aivie.ch\/media\/wp\/2023\/06\/07153450\/Trello-Plugin-240x240.png",240,240,true],"woocommerce_single":["https:\/\/cdn.aivie.ch\/media\/wp\/2023\/06\/07153450\/Trello-Plugin.png",800,800,false],"woocommerce_gallery_thumbnail":["https:\/\/cdn.aivie.ch\/media\/wp\/2023\/06\/07153450\/Trello-Plugin-240x240.png",240,240,true]},"post_excerpt_stackable_v2":"<p>Nous vous aidons \u00e0 <a href=\"https:\/\/aivie.ch\/fr\/aide-du-plugin-trello-mautic\/\">installer Trello Power-Up<\/a>. Utilisez Trello pour g\u00e9rer vos contacts : consultez toutes les informations de contact pertinentes depuis votre CRM directement dans Trello.  Ainsi, tu ne manqueras plus rien !<\/p>\n","category_list_v2":"","author_info_v2":{"name":"","url":""},"comments_num_v2":"0 commentaire","_links":{"self":[{"href":"https:\/\/aivie.ch\/fr\/wp-json\/wp\/v2\/product\/20049","targetHints":{"allow":["GET"]}}],"collection":[{"href":"https:\/\/aivie.ch\/fr\/wp-json\/wp\/v2\/product"}],"about":[{"href":"https:\/\/aivie.ch\/fr\/wp-json\/wp\/v2\/types\/product"}],"replies":[{"embeddable":true,"href":"https:\/\/aivie.ch\/fr\/wp-json\/wp\/v2\/comments?post=20049"}],"wp:featuredmedia":[{"embeddable":true,"href":"https:\/\/aivie.ch\/fr\/wp-json\/wp\/v2\/media\/13860"}],"wp:attachment":[{"href":"https:\/\/aivie.ch\/fr\/wp-json\/wp\/v2\/media?parent=20049"}],"wp:term":[{"taxonomy":"product_brand","embeddable":true,"href":"https:\/\/aivie.ch\/fr\/wp-json\/wp\/v2\/product_brand?post=20049"},{"taxonomy":"product_cat","embeddable":true,"href":"https:\/\/aivie.ch\/fr\/wp-json\/wp\/v2\/product_cat?post=20049"},{"taxonomy":"product_tag","embeddable":true,"href":"https:\/\/aivie.ch\/fr\/wp-json\/wp\/v2\/product_tag?post=20049"}],"curies":[{"name":"wp","href":"https:\/\/api.w.org\/{rel}","templated":true}]}}