{"id":20045,"date":"2023-03-17T17:38:53","date_gmt":"2023-03-17T15:38:53","guid":{"rendered":"https:\/\/aivie.ch\/product\/plugin-mautic-bexio\/"},"modified":"2026-04-27T18:05:23","modified_gmt":"2026-04-27T16:05:23","slug":"plugin-mautic-bexio","status":"publish","type":"product","link":"https:\/\/aivie.ch\/fr\/produit\/plugin-mautic-bexio\/","title":{"rendered":"Plugin Mautic Bexio"},"content":{"rendered":"<p>Le plugin Mautic Bexio vous permet de stocker vos contacts dans Bexio de mani\u00e8re automatis\u00e9e et de professionnaliser vos processus de marketing et de vente. Gr\u00e2ce \u00e0 cette puissante int\u00e9gration, vous pouvez exporter vos contacts de Mautic vers Bexio, que ce soit de mani\u00e8re automatis\u00e9e via des campagnes ou manuellement via la page de d\u00e9tails des contacts. <\/p>\n<ul>\n<li>Synchroniser automatiquement les contacts des campagnes vers Bexio<\/li>\n<li>Cr\u00e9er et envoyer des factures dans Bexio (p. ex. pour recevoir des commandes via un formulaire)<\/li>\n<li>Synchroniser manuellement les contacts vers Bexio<\/li>\n<li>Reconnaissance des contacts existants dans Bexio<\/li>\n<li>Compatible avec Mautic version 4 et ult\u00e9rieure<\/li>\n<\/ul>\n<p>Facilitez votre travail quotidien et \u00e9conomisez un temps et des ressources pr\u00e9cieux gr\u00e2ce au plugin Mautic Bexio. Il automatise les t\u00e2ches r\u00e9p\u00e9titives telles que l&rsquo;exportation de contacts de Mautic vers Bexio, ce qui vous permet de vous concentrer sur d&rsquo;autres t\u00e2ches importantes. En m\u00eame temps, il garantit que vos donn\u00e9es de contact sont synchronis\u00e9es entre les plateformes.  <\/p>\n<p>Le connecteur Mautic Bexio est un outil indispensable pour les entreprises qui souhaitent professionnaliser leurs processus de marketing et de vente et am\u00e9liorer leur gestion des contacts. Avec son interface conviviale, ses fonctions d&rsquo;automatisation et ses rapports avanc\u00e9s, le plugin Mautic Bexio offre la solution id\u00e9ale pour l&rsquo;exportation de contacts de Mautic vers Bexio. Il simplifie le flux de travail, augmente l&rsquo;efficacit\u00e9 et vous aide \u00e0 optimiser vos processus commerciaux.  <\/p>\n<p>D\u00e9marrez d\u00e8s aujourd&rsquo;hui et laissez-vous convaincre par la puissance de cette int\u00e9gration. Le plugin Mautic <a href=\"https:\/\/www.bexio.com\/de-CH\/?gad=1&amp;gclid=CjwKCAjwkLCkBhA9EiwAka9QRgwvE99LTkk9Kg2vzhih1Mz7EtlWxz3IbWMpfkKH1euj0i5y_v3UMxoCkWoQAvD_BwE&amp;gclsrc=aw.ds\" target=\"_blank\" rel=\"noopener\">Bexio<\/a> est inclus pour tous les <a href=\"https:\/\/aivie.ch\/fr\/prix-et-forfaits\/\">clients Aivie<\/a>. <\/p>\n<p>Des fonctionnalit\u00e9s vous manquent-elles encore ? Donnez-nous votre <a href=\"https:\/\/aivie.ch\/fr\/contact\/\">avis<\/a> et d\u00e9veloppez le plugin avec nous. <\/p>\n","protected":false},"excerpt":{"rendered":"<p><span style=\"font-weight: 400;\">Vous utilisez Bexio pour votre comptabilit\u00e9 et vous aimeriez exporter vos contacts de Mautic vers Bexio ? En quelques clics, vous pouvez connecter vos comptes Mautic et Bexio et commencer \u00e0 exporter vos contacts vers Bexio. <\/span><\/p>\n<p>*Pour tous les clients Aivie, le plugin Bexio est d\u00e9j\u00e0 int\u00e9gr\u00e9.<\/p>\n","protected":false},"featured_media":13864,"comment_status":"open","ping_status":"closed","template":"","meta":{"_acf_changed":false},"product_brand":[],"product_cat":[828],"product_tag":[],"class_list":{"0":"post-20045","1":"product","2":"type-product","3":"status-publish","4":"has-post-thumbnail","6":"product_cat-plugin-mautic","8":"first","9":"instock","10":"virtual","11":"taxable","12":"purchasable","13":"product-type-subscription"},"acf":[],"featured_image_urls_v2":{"full":["https:\/\/cdn.aivie.ch\/media\/wp\/2023\/03\/07155623\/Bexio-Mautic-Plugin.png",800,800,false],"thumbnail":["https:\/\/cdn.aivie.ch\/media\/wp\/2023\/03\/07155623\/Bexio-Mautic-Plugin-240x240.png",240,240,true],"medium":["https:\/\/cdn.aivie.ch\/media\/wp\/2023\/03\/07155623\/Bexio-Mautic-Plugin.png",800,800,false],"medium_large":["https:\/\/cdn.aivie.ch\/media\/wp\/2023\/03\/07155623\/Bexio-Mautic-Plugin-768x768.png",768,768,true],"large":["https:\/\/cdn.aivie.ch\/media\/wp\/2023\/03\/07155623\/Bexio-Mautic-Plugin.png",800,800,false],"post-thumbnail":["https:\/\/cdn.aivie.ch\/media\/wp\/2023\/03\/07155623\/Bexio-Mautic-Plugin.png",800,800,false],"aiv_480w":["https:\/\/cdn.aivie.ch\/media\/wp\/2023\/03\/07155623\/Bexio-Mautic-Plugin-480x480.png",480,480,true],"woocommerce_thumbnail":["https:\/\/cdn.aivie.ch\/media\/wp\/2023\/03\/07155623\/Bexio-Mautic-Plugin-240x240.png",240,240,true],"woocommerce_single":["https:\/\/cdn.aivie.ch\/media\/wp\/2023\/03\/07155623\/Bexio-Mautic-Plugin.png",800,800,false],"woocommerce_gallery_thumbnail":["https:\/\/cdn.aivie.ch\/media\/wp\/2023\/03\/07155623\/Bexio-Mautic-Plugin-240x240.png",240,240,true]},"post_excerpt_stackable_v2":"<p><span style=\"font-weight: 400;\">Vous utilisez Bexio pour votre comptabilit\u00e9 et vous aimeriez exporter vos contacts de Mautic vers Bexio ? En quelques clics, vous pouvez connecter vos comptes Mautic et Bexio et commencer \u00e0 exporter vos contacts vers Bexio. <\/span><\/p>\n<p>*Pour tous les clients Aivie, le plugin Bexio est d\u00e9j\u00e0 int\u00e9gr\u00e9.<\/p>\n","category_list_v2":"","author_info_v2":{"name":"","url":""},"comments_num_v2":"0 commentaire","_links":{"self":[{"href":"https:\/\/aivie.ch\/fr\/wp-json\/wp\/v2\/product\/20045","targetHints":{"allow":["GET"]}}],"collection":[{"href":"https:\/\/aivie.ch\/fr\/wp-json\/wp\/v2\/product"}],"about":[{"href":"https:\/\/aivie.ch\/fr\/wp-json\/wp\/v2\/types\/product"}],"replies":[{"embeddable":true,"href":"https:\/\/aivie.ch\/fr\/wp-json\/wp\/v2\/comments?post=20045"}],"wp:featuredmedia":[{"embeddable":true,"href":"https:\/\/aivie.ch\/fr\/wp-json\/wp\/v2\/media\/13864"}],"wp:attachment":[{"href":"https:\/\/aivie.ch\/fr\/wp-json\/wp\/v2\/media?parent=20045"}],"wp:term":[{"taxonomy":"product_brand","embeddable":true,"href":"https:\/\/aivie.ch\/fr\/wp-json\/wp\/v2\/product_brand?post=20045"},{"taxonomy":"product_cat","embeddable":true,"href":"https:\/\/aivie.ch\/fr\/wp-json\/wp\/v2\/product_cat?post=20045"},{"taxonomy":"product_tag","embeddable":true,"href":"https:\/\/aivie.ch\/fr\/wp-json\/wp\/v2\/product_tag?post=20045"}],"curies":[{"name":"wp","href":"https:\/\/api.w.org\/{rel}","templated":true}]}}