{"id":20044,"date":"2023-06-13T14:00:48","date_gmt":"2023-06-13T12:00:48","guid":{"rendered":"https:\/\/aivie.ch\/product\/plugin-mautic-cal-com-optimisez-votre-planning-de-rendez-vous\/"},"modified":"2025-09-25T10:51:37","modified_gmt":"2025-09-25T08:51:37","slug":"plugin-mautic-cal-com-optimisez-votre-planning-de-rendez-vous","status":"publish","type":"product","link":"https:\/\/aivie.ch\/fr\/produit\/plugin-mautic-cal-com-optimisez-votre-planning-de-rendez-vous\/","title":{"rendered":"Plugin Mautic Cal.com \u2013 Optimisez votre planning de rendez-vous"},"content":{"rendered":"<p>Que vous soyez ind\u00e9pendant, que vous ayez besoin de coordonner une \u00e9quipe ou que vous souhaitiez simplement am\u00e9liorer votre emploi du temps personnel, le plugin Mautic \u2013 Cal.com vous <a href=\"https:\/\/aivie.ch\/it\/feature\/prenota-appuntamenti-con-cal-com\/\">offre de nombreux avantages et fonctionnalit\u00e9s<\/a> qui vous aideront \u00e0 organiser vos rendez-vous plus efficacement.<\/p>\n<p>Vos avantages avec le plugin Mautic \u2013 Cal.com :<\/p>\n<ul>\n<li><strong>Prise de rendez-vous simplifi\u00e9e :<\/strong> le plugin vous permet de partager rapidement et facilement vos disponibilit\u00e9s. Vous pouvez cr\u00e9er un agenda personnalis\u00e9 et y donner un acc\u00e8s direct aux clients, aux membres de l&rsquo;\u00e9quipe ou aux partenaires. Ils peuvent ainsi choisir facilement et rapidement un rendez-vous qui convient aux deux parties, sans avoir \u00e0 faire des allers-retours fastidieux pour trouver une date.  <\/li>\n<li><strong>Rappels de rendez-vous automatis\u00e9s :<\/strong> Avec le plugin Mautic \u2013 Cal.com, vous pouvez configurer des rappels de rendez-vous automatis\u00e9s. Vous pouvez envoyer des notifications par e-mail ou SMS \u00e0 vos clients ou aux membres de votre \u00e9quipe pour vous assurer qu&rsquo;ils n&rsquo;oublient pas leurs rendez-vous. Cela vous permet de gagner du temps et de r\u00e9duire les annulations de rendez-vous.  <\/li>\n<li><strong>Gestion flexible du temps :<\/strong> le plugin vous permet de d\u00e9finir des plages horaires et des disponibilit\u00e9s personnalis\u00e9es. Vous pouvez planifier des pauses, des blocages et d\u00e9finir des priorit\u00e9s. Cela vous permet de garder le contr\u00f4le total de votre temps et de vous assurer que vous avez suffisamment de place pour les t\u00e2ches importantes, les r\u00e9unions ou les activit\u00e9s personnelles.  <\/li>\n<li><strong>Int\u00e9gration avec les calendriers existants :<\/strong> Le plugin Mautic \u2013 Cal.com se synchronise de mani\u00e8re transparente avec votre calendrier existant (par exemple Google Agenda, Outlook). Vous n&rsquo;avez pas besoin de passer d&rsquo;une plateforme \u00e0 l&rsquo;autre, vous pouvez g\u00e9rer tous vos rendez-vous en un seul endroit. Cela permet de gagner du temps et d&rsquo;\u00e9viter les chevauchements de rendez-vous.  <\/li>\n<\/ul>\n<p>A qui s&rsquo;adresse le plugin Mautic \u2013 Cal.com ?<\/p>\n<p><strong>Ind\u00e9pendants :<\/strong> le plugin permet aux ind\u00e9pendants de g\u00e9rer efficacement leurs rendez-vous et de gagner du temps. Vous pouvez communiquer clairement vos disponibilit\u00e9s et permettre aux clients de r\u00e9server directement des rendez-vous. Cela favorise une collaboration fluide et am\u00e9liore votre productivit\u00e9.  <\/p>\n<p><strong>Coordinateurs d&rsquo;\u00e9quipe :<\/strong> le plug-in facilite grandement la planification des r\u00e9unions d&rsquo;\u00e9quipe et des entretiens. Vous pouvez voir les disponibilit\u00e9s de tous les membres de l&rsquo;\u00e9quipe en un coup d&rsquo;\u0153il et coordonner les rendez-vous en cons\u00e9quence. Cela permet de minimiser les conflits et d&rsquo;assurer le bon d\u00e9roulement de la r\u00e9union.  <\/p>\n<p><strong>Les particuliers :<\/strong> Le plugin Mautic \u2013 <a href=\"https:\/\/cal.com\/\" target=\"_blank\" rel=\"noopener\">Cal.com<\/a> est \u00e9galement utile pour un usage personnel. Vous pouvez organiser efficacement vos propres rendez-vous et obligations et vous assurer que vous avez suffisamment de temps pour les activit\u00e9s importantes. Cela vous aidera \u00e0 trouver un \u00e9quilibre entre le travail et le temps libre.  <\/p>\n","protected":false},"excerpt":{"rendered":"<p>Le plugin Aivie \u2013 Cal.com vous permet d&rsquo;optimiser votre planning et de porter la gestion de vos rendez-vous et r\u00e9unions \u00e0 un niveau sup\u00e9rieur. Int\u00e9grez le plugin Aivie \u2013 Cal.com dans votre syst\u00e8me de messagerie. <\/p>\n<p>*Pour<a href=\"https:\/\/aivie.ch\/it\/feature\/prenota-appuntamenti-con-cal-com\/\">tous les clients Aivie, le plugin Cal.com est d\u00e9j\u00e0 int\u00e9gr\u00e9.<\/a><\/p>\n","protected":false},"featured_media":13910,"comment_status":"open","ping_status":"closed","template":"","meta":{"_acf_changed":false},"product_brand":[],"product_cat":[828],"product_tag":[],"class_list":{"0":"post-20044","1":"product","2":"type-product","3":"status-publish","4":"has-post-thumbnail","6":"product_cat-plugin-mautic","8":"first","9":"instock","10":"virtual","11":"taxable","12":"purchasable","13":"product-type-subscription"},"acf":[],"featured_image_urls_v2":{"full":["https:\/\/cdn.aivie.ch\/media\/wp\/2023\/06\/16095448\/Cal.com-Plugin.webp",800,800,false],"thumbnail":["https:\/\/cdn.aivie.ch\/media\/wp\/2023\/06\/16095448\/Cal.com-Plugin-240x240.webp",240,240,true],"medium":["https:\/\/cdn.aivie.ch\/media\/wp\/2023\/06\/16095448\/Cal.com-Plugin.webp",800,800,false],"medium_large":["https:\/\/cdn.aivie.ch\/media\/wp\/2023\/06\/16095448\/Cal.com-Plugin-768x768.webp",768,768,true],"large":["https:\/\/cdn.aivie.ch\/media\/wp\/2023\/06\/16095448\/Cal.com-Plugin.webp",800,800,false],"post-thumbnail":["https:\/\/cdn.aivie.ch\/media\/wp\/2023\/06\/16095448\/Cal.com-Plugin.webp",800,800,false],"aiv_480w":["https:\/\/cdn.aivie.ch\/media\/wp\/2023\/06\/16095448\/Cal.com-Plugin-480x480.webp",480,480,true],"woocommerce_thumbnail":["https:\/\/cdn.aivie.ch\/media\/wp\/2023\/06\/16095448\/Cal.com-Plugin-240x240.webp",240,240,true],"woocommerce_single":["https:\/\/cdn.aivie.ch\/media\/wp\/2023\/06\/16095448\/Cal.com-Plugin.webp",800,800,false],"woocommerce_gallery_thumbnail":["https:\/\/cdn.aivie.ch\/media\/wp\/2023\/06\/16095448\/Cal.com-Plugin-240x240.webp",240,240,true]},"post_excerpt_stackable_v2":"<p>Le plugin Aivie \u2013 Cal.com vous permet d&rsquo;optimiser votre planning et de porter la gestion de vos rendez-vous et r\u00e9unions \u00e0 un niveau sup\u00e9rieur. Int\u00e9grez le plugin Aivie \u2013 Cal.com dans votre syst\u00e8me de messagerie. <\/p>\n<p>*Pour<a href=\"https:\/\/aivie.ch\/it\/feature\/prenota-appuntamenti-con-cal-com\/\">tous les clients Aivie, le plugin Cal.com est d\u00e9j\u00e0 int\u00e9gr\u00e9.<\/a><\/p>\n","category_list_v2":"","author_info_v2":{"name":"","url":""},"comments_num_v2":"0 commentaire","_links":{"self":[{"href":"https:\/\/aivie.ch\/fr\/wp-json\/wp\/v2\/product\/20044","targetHints":{"allow":["GET"]}}],"collection":[{"href":"https:\/\/aivie.ch\/fr\/wp-json\/wp\/v2\/product"}],"about":[{"href":"https:\/\/aivie.ch\/fr\/wp-json\/wp\/v2\/types\/product"}],"replies":[{"embeddable":true,"href":"https:\/\/aivie.ch\/fr\/wp-json\/wp\/v2\/comments?post=20044"}],"wp:featuredmedia":[{"embeddable":true,"href":"https:\/\/aivie.ch\/fr\/wp-json\/wp\/v2\/media\/13910"}],"wp:attachment":[{"href":"https:\/\/aivie.ch\/fr\/wp-json\/wp\/v2\/media?parent=20044"}],"wp:term":[{"taxonomy":"product_brand","embeddable":true,"href":"https:\/\/aivie.ch\/fr\/wp-json\/wp\/v2\/product_brand?post=20044"},{"taxonomy":"product_cat","embeddable":true,"href":"https:\/\/aivie.ch\/fr\/wp-json\/wp\/v2\/product_cat?post=20044"},{"taxonomy":"product_tag","embeddable":true,"href":"https:\/\/aivie.ch\/fr\/wp-json\/wp\/v2\/product_tag?post=20044"}],"curies":[{"name":"wp","href":"https:\/\/api.w.org\/{rel}","templated":true}]}}