{"id":19109,"date":"2024-07-17T15:10:55","date_gmt":"2024-07-17T13:10:55","guid":{"rendered":"https:\/\/aivie.ch\/product\/aide-rapide-mautic\/"},"modified":"2026-01-11T14:22:00","modified_gmt":"2026-01-11T12:22:00","slug":"aide-rapide-mautic","status":"publish","type":"product","link":"https:\/\/aivie.ch\/fr\/produit\/aide-rapide-mautic\/","title":{"rendered":"Aide rapide Mautic"},"content":{"rendered":"<p>Vous avez un probl\u00e8me ou une question avec votre propre instance Mautic ? Vous souhaitez obtenir des conseils sur les campagnes ? Vous avez besoin d&rsquo;une aide rapide pour utiliser votre Mautics ?<\/p>\n<p>Questions possibles auxquelles notre aide rapide Mautic r\u00e9pond :<\/p>\n<ul>\n<li>Pourquoi mes e-mails ne sont-ils pas envoy\u00e9s depuis Mautic ?<\/li>\n<li>Pourquoi mes e-mails Mautic finissent-ils dans les spams ?<\/li>\n<li>Ma campagne Mautic est-elle correctement mise en place ?<\/li>\n<li>Pourquoi mes contacts ne passent-ils pas par la campagne ?<\/li>\n<li>Comment connecter Mautic \u00e0 Zapier ?<\/li>\n<\/ul>\n<h3>Comment fonctionne l&rsquo;Aide rapide Mautic ?<\/h3>\n<p>Notre support Mautic vous offre des r\u00e9ponses rapides \u00e0 vos questions concernant la solution open source Mautic. Apr\u00e8s avoir pass\u00e9 commande, vous recevrez un lien vous permettant de choisir la date qui vous convient pour une r\u00e9union en ligne de 30 minutes. Pendant les heures d&rsquo;ouverture des bureaux suisses, nous garantissons un rendez-vous dans les 48 heures suivantes. Souvent en quelques heures.<\/p>\n<p>Nos <a href=\"https:\/\/aivie.ch\/fr\/conditions-generales-de-vente\/\" target=\"_blank\" rel=\"noopener noreferrer\">conditions g\u00e9n\u00e9rales de vente<\/a> s&rsquo;appliquent.<\/p>\n<h3>Avec qui la consultation a-t-elle lieu ?<\/h3>\n\n<div class=\"alignfull wp-block-ugb-columns ugb-columns aiv-col-2 ugb-0059fdb ugb-columns--design-plain ugb-columns--columns-2 ugb-main-block ugb-main-block--inner-center ugb--has-block-background ugb--has-background-overlay\" id=\"join\"><style>.ugb-0059fdb.ugb-columns{background-color:#EFF0F1;background-image:url(https:\/\/cdn.aivie.ch\/media\/wp\/2021\/06\/19131703\/pattern-u-960w.png);background-position:top right;background-repeat:no-repeat;background-size:40% !important}.ugb-0059fdb.ugb-columns:before{background-color:#EFF0F1;opacity:0.5}@media screen and (min-width:768px){.ugb-0059fdb.ugb-columns{padding-right:35px !important}}<\/style><div class=\"ugb-inner-block ugb-inner-block--center\"><div class=\"ugb-block-content\"><div class=\"ugb-columns__item ugb-0059fdb-content-wrapper\">\n<div class=\"wp-block-ugb-column ugb-column ugb-7123f02 ugb-column--design-plain ugb-main-block\"><div class=\"ugb-inner-block\"><div class=\"ugb-block-content\"><div class=\"ugb-column__item ugb-7123f02-column-wrapper\"><div class=\"ugb-column__content-wrapper\">\n<div class=\"wp-block-ugb-heading ugb-heading ugb-e4c7aec ugb-main-block\"><div class=\"ugb-inner-block\"><div class=\"ugb-block-content\"><h2 class=\"ugb-heading__title\">Lerne Adrian kennen<\/h2><p class=\"ugb-heading__subtitle\">Seit dem Jahr 2003 widme ich mich leidenschaftlich der Gestaltung digitaler Touchpoints mit einem klaren Fokus auf die Customer-Experience. Seit 2019 bin ich t\u00e4glich damit besch\u00e4ftigt, effektive Marketing Automation Kampagnen zu entwerfen. Zudem engagiere mich aktiv in der Open Source Community von Mautic. Diese Leidenschaft und Expertise fliesst gleichermassen in die Projekte unserer gesch\u00e4tzten Kundinnen und Kunden sowie in mein Unternehmen Aivie ein.<\/p><\/div><\/div><\/div>\n\n\n\n<div class=\"wp-block-ugb-button ugb-button-wrapper ugb-6967a16 ugb-main-block\"><style>.ugb-6967a16 .ugb-block-content{justify-content:flex-start !important}.ugb-6967a16 .ugb-inner-block{text-align:left}<\/style><div class=\"ugb-inner-block\"><div class=\"ugb-block-content\"><div class=\"ugb-button-container\"><a class=\"ugb-button1 ugb-button ugb-button--size-normal\" href=\"https:\/\/aivie.ch\/author\/adrian\/\" rel=\"\" title=\"\"><span class=\"ugb-button--inner\">Profil anzeigen<\/span><\/a><\/div><\/div><\/div><\/div>\n<\/div><\/div><\/div><\/div><\/div>\n\n\n\n<div class=\"wp-block-ugb-column ugb-column ugb-e5e1294 ugb-column--design-plain ugb-main-block\"><div class=\"ugb-inner-block\"><div class=\"ugb-block-content\"><div class=\"ugb-column__item ugb-e5e1294-column-wrapper\"><div class=\"ugb-column__content-wrapper\">\n<figure class=\"wp-block-image alignleft size-full\"><img loading=\"lazy\" decoding=\"async\" width=\"800\" height=\"800\" src=\"https:\/\/cdn.aivie.ch\/media\/wp\/2022\/11\/16122426\/6.webp\" alt=\"aivie marketing automatin lokaler support adrian schimpf\" class=\"wp-image-12369\" title=\"\" srcset=\"https:\/\/cdn.aivie.ch\/media\/wp\/2022\/11\/16122426\/6.webp 800w, https:\/\/cdn.aivie.ch\/media\/wp\/2022\/11\/16122426\/6.webp 240w, https:\/\/cdn.aivie.ch\/media\/wp\/2022\/11\/16122426\/6-768x768.webp 768w, https:\/\/cdn.aivie.ch\/media\/wp\/2022\/11\/16122426\/6-480x480.webp 480w\" sizes=\"auto, (max-width: 800px) 100vw, 800px\"><\/figure>\n<\/div><\/div><\/div><\/div><\/div>\n<\/div><\/div><\/div><\/div>\n\n","protected":false},"excerpt":{"rendered":"<p>Assistance Mautic rapide et comp\u00e9tente<\/p>\n","protected":false},"featured_media":25551,"comment_status":"closed","ping_status":"closed","template":"","meta":{"_acf_changed":false},"product_brand":[],"product_cat":[480],"product_tag":[735,738,736,734,733,737],"class_list":{"0":"post-19109","1":"product","2":"type-product","3":"status-publish","4":"has-post-thumbnail","6":"product_cat-support-aivie-mautic","7":"product_tag-aide","8":"product_tag-appel-video","9":"product_tag-conseil","10":"product_tag-mautic-fr","11":"product_tag-support-fr","12":"product_tag-urgence","14":"first","15":"instock","16":"virtual","17":"taxable","18":"purchasable","19":"product-type-simple"},"acf":[],"featured_image_urls_v2":{"full":["https:\/\/cdn.aivie.ch\/media\/wp\/2022\/11\/16122426\/6.webp",800,800,false],"thumbnail":["https:\/\/cdn.aivie.ch\/media\/wp\/2022\/11\/16122426\/6-240x240.webp",240,240,true],"medium":["https:\/\/cdn.aivie.ch\/media\/wp\/2022\/11\/16122426\/6.webp",800,800,false],"medium_large":["https:\/\/cdn.aivie.ch\/media\/wp\/2022\/11\/16122426\/6-768x768.webp",768,768,true],"large":["https:\/\/cdn.aivie.ch\/media\/wp\/2022\/11\/16122426\/6.webp",800,800,false],"post-thumbnail":["https:\/\/cdn.aivie.ch\/media\/wp\/2022\/11\/16122426\/6.webp",800,800,false],"aiv_480w":["https:\/\/cdn.aivie.ch\/media\/wp\/2022\/11\/16122426\/6-480x480.webp",480,480,true],"woocommerce_thumbnail":["https:\/\/cdn.aivie.ch\/media\/wp\/2022\/11\/16122426\/6-240x240.webp",240,240,true],"woocommerce_single":["https:\/\/cdn.aivie.ch\/media\/wp\/2022\/11\/16122426\/6.webp",800,800,false],"woocommerce_gallery_thumbnail":["https:\/\/cdn.aivie.ch\/media\/wp\/2022\/11\/16122426\/6-240x240.webp",240,240,true]},"post_excerpt_stackable_v2":"<p>Assistance Mautic rapide et comp\u00e9tente<\/p>\n","category_list_v2":"","author_info_v2":{"name":"","url":""},"comments_num_v2":"0 commentaire","_links":{"self":[{"href":"https:\/\/aivie.ch\/fr\/wp-json\/wp\/v2\/product\/19109","targetHints":{"allow":["GET"]}}],"collection":[{"href":"https:\/\/aivie.ch\/fr\/wp-json\/wp\/v2\/product"}],"about":[{"href":"https:\/\/aivie.ch\/fr\/wp-json\/wp\/v2\/types\/product"}],"replies":[{"embeddable":true,"href":"https:\/\/aivie.ch\/fr\/wp-json\/wp\/v2\/comments?post=19109"}],"wp:featuredmedia":[{"embeddable":true,"href":"https:\/\/aivie.ch\/fr\/wp-json\/wp\/v2\/media\/25551"}],"wp:attachment":[{"href":"https:\/\/aivie.ch\/fr\/wp-json\/wp\/v2\/media?parent=19109"}],"wp:term":[{"taxonomy":"product_brand","embeddable":true,"href":"https:\/\/aivie.ch\/fr\/wp-json\/wp\/v2\/product_brand?post=19109"},{"taxonomy":"product_cat","embeddable":true,"href":"https:\/\/aivie.ch\/fr\/wp-json\/wp\/v2\/product_cat?post=19109"},{"taxonomy":"product_tag","embeddable":true,"href":"https:\/\/aivie.ch\/fr\/wp-json\/wp\/v2\/product_tag?post=19109"}],"curies":[{"name":"wp","href":"https:\/\/api.w.org\/{rel}","templated":true}]}}