{"id":18304,"date":"2022-08-05T14:42:34","date_gmt":"2022-08-05T12:42:34","guid":{"rendered":"https:\/\/aivie.ch\/product\/campagne-danniversaire-quick-starter-aivie\/"},"modified":"2026-01-11T14:52:15","modified_gmt":"2026-01-11T12:52:15","slug":"campagne-danniversaire-quick-starter-aivie","status":"publish","type":"product","link":"https:\/\/aivie.ch\/fr\/produit\/campagne-danniversaire-quick-starter-aivie\/","title":{"rendered":"Pack de cas d\u2019utilisation V\u0153ux d\u2019anniversaire"},"content":{"rendered":"<h2>Le pack de cas d\u2019utilisation V\u0153ux d\u2019anniversaire<\/h2>\n<p>Le pack de cas d\u2019utilisation V\u0153ux d\u2019anniversaire aide les entreprises \u00e0 renforcer leurs relations avec les clients en envoyant des v\u0153ux d\u2019anniversaire automatis\u00e9s par e-mail ou SMS. Une approche personnelle et \u00e9motionnelle permet aux clients de se sentir valoris\u00e9s, ce qui augmente durablement la fid\u00e9lisation \u00e0 la marque et le taux de r\u00e9achat. <\/p>\n<h3>Avantages pour votre entreprise<\/h3>\n<p>Avec le pack de cas d\u2019utilisation V\u0153ux d\u2019anniversaire, les entreprises peuvent toucher leurs clients sur le plan \u00e9motionnel, \u00e9tablir des relations \u00e0 long terme et, en m\u00eame temps, exploiter des potentiels de chiffre d\u2019affaires cibl\u00e9s.<\/p>\n<ul>\n<li>Fid\u00e9lisation accrue de la client\u00e8le&nbsp;: une approche personnelle cr\u00e9e de la proximit\u00e9 et augmente la fid\u00e9lit\u00e9<\/li>\n<li>Augmentation de la propension \u00e0 l\u2019achat&nbsp;: les offres d\u2019anniversaire exclusives favorisent les ventes suppl\u00e9mentaires<\/li>\n<li>L\u2019automatisation permet de gagner du temps&nbsp;: une fois configur\u00e9e, la campagne se d\u00e9roule de mani\u00e8re fiable en arri\u00e8re-plan<\/li>\n<li>Succ\u00e8s mesurables&nbsp;: suivi de l\u2019engagement, des utilisations et de l\u2019augmentation du chiffre d\u2019affaires<\/li>\n<\/ul>\n<h3>Contenu<\/h3>\n<p>Le pack de cas d\u2019utilisation Marketing Automation <strong>V\u0153ux d\u2019anniversaire<\/strong> comprend les prestations suivantes&nbsp;: <\/p>\n<ul>\n<li>Mod\u00e8le d&rsquo;e-mail<\/li>\n<li>Campagne<\/li>\n<li>Segments<\/li>\n<li>Champs personnalis\u00e9s<\/li>\n<li>Mod\u00e8le d&rsquo;importation<\/li>\n<li>Accompagnement de la configuration<\/li>\n<\/ul>\n<p>Nos <a href=\"https:\/\/aivie.ch\/fr\/conditions-generales-de-vente\/\" target=\"_blank\" rel=\"noopener noreferrer\">conditions g\u00e9n\u00e9rales de vente<\/a> s&rsquo;appliquent.<\/p>\n","protected":false},"excerpt":{"rendered":"<p>Pack de cas d\u2019utilisation V\u0153ux d\u2019anniversaire&nbsp;: fid\u00e9lisation personnalis\u00e9e de la client\u00e8le gr\u00e2ce \u00e0 des v\u0153ux automatis\u00e9s<\/p>\n","protected":false},"featured_media":10456,"comment_status":"closed","ping_status":"closed","template":"","meta":{"_acf_changed":false},"product_brand":[],"product_cat":[530,481],"product_tag":[],"class_list":{"0":"post-18304","1":"product","2":"type-product","3":"status-publish","4":"has-post-thumbnail","6":"product_cat-forfait-de-cas-dutilisation","7":"product_cat-services-dautomatisation-du-marketing","9":"first","10":"instock","11":"taxable","12":"shipping-taxable","13":"purchasable","14":"product-type-simple"},"acf":[],"featured_image_urls_v2":{"full":["https:\/\/cdn.aivie.ch\/media\/wp\/2021\/06\/15111858\/Nurturing-Quick-Starter-Aivie-2.webp",800,800,false],"thumbnail":["https:\/\/cdn.aivie.ch\/media\/wp\/2021\/06\/15111858\/Nurturing-Quick-Starter-Aivie-2-240x240.webp",240,240,true],"medium":["https:\/\/cdn.aivie.ch\/media\/wp\/2021\/06\/15111858\/Nurturing-Quick-Starter-Aivie-2.webp",800,800,false],"medium_large":["https:\/\/cdn.aivie.ch\/media\/wp\/2021\/06\/15111858\/Nurturing-Quick-Starter-Aivie-2-768x768.webp",768,768,true],"large":["https:\/\/cdn.aivie.ch\/media\/wp\/2021\/06\/15111858\/Nurturing-Quick-Starter-Aivie-2.webp",800,800,false],"post-thumbnail":["https:\/\/cdn.aivie.ch\/media\/wp\/2021\/06\/15111858\/Nurturing-Quick-Starter-Aivie-2.webp",800,800,false],"aiv_480w":["https:\/\/cdn.aivie.ch\/media\/wp\/2021\/06\/15111858\/Nurturing-Quick-Starter-Aivie-2-480x480.webp",480,480,true],"woocommerce_thumbnail":["https:\/\/cdn.aivie.ch\/media\/wp\/2021\/06\/15111858\/Nurturing-Quick-Starter-Aivie-2-240x240.webp",240,240,true],"woocommerce_single":["https:\/\/cdn.aivie.ch\/media\/wp\/2021\/06\/15111858\/Nurturing-Quick-Starter-Aivie-2.webp",800,800,false],"woocommerce_gallery_thumbnail":["https:\/\/cdn.aivie.ch\/media\/wp\/2021\/06\/15111858\/Nurturing-Quick-Starter-Aivie-2-240x240.webp",240,240,true]},"post_excerpt_stackable_v2":"<p>Pack de cas d\u2019utilisation V\u0153ux d\u2019anniversaire&nbsp;: fid\u00e9lisation personnalis\u00e9e de la client\u00e8le gr\u00e2ce \u00e0 des v\u0153ux automatis\u00e9s<\/p>\n","category_list_v2":"","author_info_v2":{"name":"","url":""},"comments_num_v2":"0 commentaire","_links":{"self":[{"href":"https:\/\/aivie.ch\/fr\/wp-json\/wp\/v2\/product\/18304","targetHints":{"allow":["GET"]}}],"collection":[{"href":"https:\/\/aivie.ch\/fr\/wp-json\/wp\/v2\/product"}],"about":[{"href":"https:\/\/aivie.ch\/fr\/wp-json\/wp\/v2\/types\/product"}],"replies":[{"embeddable":true,"href":"https:\/\/aivie.ch\/fr\/wp-json\/wp\/v2\/comments?post=18304"}],"wp:featuredmedia":[{"embeddable":true,"href":"https:\/\/aivie.ch\/fr\/wp-json\/wp\/v2\/media\/10456"}],"wp:attachment":[{"href":"https:\/\/aivie.ch\/fr\/wp-json\/wp\/v2\/media?parent=18304"}],"wp:term":[{"taxonomy":"product_brand","embeddable":true,"href":"https:\/\/aivie.ch\/fr\/wp-json\/wp\/v2\/product_brand?post=18304"},{"taxonomy":"product_cat","embeddable":true,"href":"https:\/\/aivie.ch\/fr\/wp-json\/wp\/v2\/product_cat?post=18304"},{"taxonomy":"product_tag","embeddable":true,"href":"https:\/\/aivie.ch\/fr\/wp-json\/wp\/v2\/product_tag?post=18304"}],"curies":[{"name":"wp","href":"https:\/\/api.w.org\/{rel}","templated":true}]}}