{"id":16379,"date":"2021-06-23T07:30:32","date_gmt":"2021-06-23T05:30:32","guid":{"rendered":"https:\/\/aivie.ch\/product\/3-modeles-de-mails-mautic-newsletter\/"},"modified":"2026-01-11T14:43:58","modified_gmt":"2026-01-11T12:43:58","slug":"3-modeles-de-mails-mautic-newsletter","status":"publish","type":"product","link":"https:\/\/aivie.ch\/fr\/produit\/3-modeles-de-mails-mautic-newsletter\/","title":{"rendered":"3 mod\u00e8les d\u2019e-mail Mautic pour newsletter (th\u00e8me Mautic)"},"content":{"rendered":"<p>Gagne du temps sans renoncer \u00e0 la diversit\u00e9 et aux possibilit\u00e9s de cr\u00e9ativit\u00e9. Faites votre choix parmi une s\u00e9lection de plusieurs mod\u00e8les d\u2019e-mail <em>Newsletter<\/em> ou un th\u00e8me Mautic, et cr\u00e9ez rapidement et facilement l\u2019e-mail souhait\u00e9.<\/p>\n<p>Les 4 mod\u00e8les d\u2019e-mail vous sont fournis sous forme de fichier ZIP de th\u00e8me Mautic.<\/p>\n<p>Les mod\u00e8les ont \u00e9t\u00e9 optimis\u00e9s pour tous les clients de messagerie courants et sont du plus bel effet. M\u00eame avec Outlook. Tous les contenus sont con\u00e7us pour s&rsquo;afficher correctement sur tous les appareils. Ils sont responsive, et optimis\u00e9s pour l&rsquo;affichage sur les \u00e9crans Retina.<\/p>\n<p>Les mod\u00e8les d&rsquo;e-mails sont d\u00e9velopp\u00e9s conform\u00e9ment aux derni\u00e8res normes et meilleures pratiques et sont soumis \u00e0 des contr\u00f4les de qualit\u00e9.<\/p>\n<p>On veillera en particulier \u00e0 ce qu&rsquo;ils n&rsquo;\u00e9veillent pas inutilement le soup\u00e7on de spam.<\/p>\n<p>La modification et l&rsquo;extension simples des mod\u00e8les sont assur\u00e9es.<\/p>\n<p>Les mod\u00e8les d\u2019e-mail <em>Newsletter<\/em> \/ th\u00e8mes Mautic sont test\u00e9s pour tous les terminaux. Ici, tu peux<a href=\"https:\/\/cdn.aivie.ch\/media\/wp\/2021\/06\/13160615\/blank-download-9a86efde-272d-4567-8e2e-e4e0d3d17493-2.zip\"><strong> t\u00e9l\u00e9charger un aper\u00e7u du mod\u00e8le sur diff\u00e9rents terminaux. <\/strong><\/a><\/p>\n<h3>Tes avantages<\/h3>\n<ul>\n<li>Optimis\u00e9 pour le constructeur d&rsquo;e-mails Mautic 4 (GrapesJs, MJML)<\/li>\n<li>Cr\u00e9ation simple et rapide d&rsquo;e-mails.<\/li>\n<li>La meilleure exp\u00e9rience utilisateur<\/li>\n<li>Les e-mails s\u2019affichent correctement sur les programmes de messagerie populaires (Responsive)<\/li>\n<li>Prise en charge des images Retina haute r\u00e9solution<\/li>\n<li>MJML\/HTML de haute qualit\u00e9<\/li>\n<li>Optimis\u00e9 pour r\u00e9duire les soup\u00e7ons de SPAM<\/li>\n<li>6 mois de mises \u00e0 jour et d&rsquo;assistance gratuites<\/li>\n<li>Pas besoin d&rsquo;\u00eatre un expert en informatique ou de conna\u00eetre le code<\/li>\n<\/ul>\n<h3>Acc\u00e9dez au plus vite aux nouveaux mod\u00e8les d\u2019e-mail Mautic<\/h3>\n<ol>\n<li>Achetez vos 3 mod\u00e8les d&#8217;email Mautic \u00ab\u00a0Simple\u00a0\u00bb.<\/li>\n<li>Donne les indications appropri\u00e9es concernant la couleur, le logo, l&rsquo;\u00e9criture, etc.<\/li>\n<li>Nous l&rsquo;installons dans le d\u00e9lai que tu souhaites (ou nous t&rsquo;envoyons le fichier ZIP pour que tu l&rsquo;installes toi-m\u00eame, si l&rsquo;h\u00e9bergement n&rsquo;est pas chez nous).<\/li>\n<li>Tu cr\u00e9es de nouveaux e-mails g\u00e9niaux<\/li>\n<\/ol>\n<p>Nos <a href=\"https:\/\/www.idea2.ch\/allgemeine-geschaeftsbedingungen\/\" target=\"_blank\" rel=\"noopener noreferrer\">conditions g\u00e9n\u00e9rales de vente<\/a> s&rsquo;appliquent.<\/p>\n","protected":false},"excerpt":{"rendered":"<p>Mod\u00e8les d&rsquo;e-mail Mautic optimis\u00e9s pour la newsletter<\/p>\n","protected":false},"featured_media":10420,"comment_status":"closed","ping_status":"closed","template":"","meta":{"_acf_changed":false},"product_brand":[],"product_cat":[498],"product_tag":[],"class_list":{"0":"post-16379","1":"product","2":"type-product","3":"status-publish","4":"has-post-thumbnail","6":"product_cat-modeles-de-mail-aivie","8":"first","9":"instock","10":"virtual","11":"taxable","12":"purchasable","13":"product-type-simple"},"acf":[],"featured_image_urls_v2":{"full":["https:\/\/cdn.aivie.ch\/media\/wp\/2021\/06\/14161704\/Woocommerce-Product-Pic-Mautic-Email-Template.webp",800,800,false],"thumbnail":["https:\/\/cdn.aivie.ch\/media\/wp\/2021\/06\/14161704\/Woocommerce-Product-Pic-Mautic-Email-Template-240x240.webp",240,240,true],"medium":["https:\/\/cdn.aivie.ch\/media\/wp\/2021\/06\/14161704\/Woocommerce-Product-Pic-Mautic-Email-Template.webp",800,800,false],"medium_large":["https:\/\/cdn.aivie.ch\/media\/wp\/2021\/06\/14161704\/Woocommerce-Product-Pic-Mautic-Email-Template-768x768.webp",768,768,true],"large":["https:\/\/cdn.aivie.ch\/media\/wp\/2021\/06\/14161704\/Woocommerce-Product-Pic-Mautic-Email-Template.webp",800,800,false],"post-thumbnail":["https:\/\/cdn.aivie.ch\/media\/wp\/2021\/06\/14161704\/Woocommerce-Product-Pic-Mautic-Email-Template.webp",800,800,false],"aiv_480w":["https:\/\/cdn.aivie.ch\/media\/wp\/2021\/06\/14161704\/Woocommerce-Product-Pic-Mautic-Email-Template-480x480.webp",480,480,true],"woocommerce_thumbnail":["https:\/\/cdn.aivie.ch\/media\/wp\/2021\/06\/14161704\/Woocommerce-Product-Pic-Mautic-Email-Template-240x240.webp",240,240,true],"woocommerce_single":["https:\/\/cdn.aivie.ch\/media\/wp\/2021\/06\/14161704\/Woocommerce-Product-Pic-Mautic-Email-Template.webp",800,800,false],"woocommerce_gallery_thumbnail":["https:\/\/cdn.aivie.ch\/media\/wp\/2021\/06\/14161704\/Woocommerce-Product-Pic-Mautic-Email-Template-240x240.webp",240,240,true]},"post_excerpt_stackable_v2":"<p>Mod\u00e8les d&rsquo;e-mail Mautic optimis\u00e9s pour la newsletter<\/p>\n","category_list_v2":"","author_info_v2":{"name":"","url":""},"comments_num_v2":"0 commentaire","_links":{"self":[{"href":"https:\/\/aivie.ch\/fr\/wp-json\/wp\/v2\/product\/16379","targetHints":{"allow":["GET"]}}],"collection":[{"href":"https:\/\/aivie.ch\/fr\/wp-json\/wp\/v2\/product"}],"about":[{"href":"https:\/\/aivie.ch\/fr\/wp-json\/wp\/v2\/types\/product"}],"replies":[{"embeddable":true,"href":"https:\/\/aivie.ch\/fr\/wp-json\/wp\/v2\/comments?post=16379"}],"wp:featuredmedia":[{"embeddable":true,"href":"https:\/\/aivie.ch\/fr\/wp-json\/wp\/v2\/media\/10420"}],"wp:attachment":[{"href":"https:\/\/aivie.ch\/fr\/wp-json\/wp\/v2\/media?parent=16379"}],"wp:term":[{"taxonomy":"product_brand","embeddable":true,"href":"https:\/\/aivie.ch\/fr\/wp-json\/wp\/v2\/product_brand?post=16379"},{"taxonomy":"product_cat","embeddable":true,"href":"https:\/\/aivie.ch\/fr\/wp-json\/wp\/v2\/product_cat?post=16379"},{"taxonomy":"product_tag","embeddable":true,"href":"https:\/\/aivie.ch\/fr\/wp-json\/wp\/v2\/product_tag?post=16379"}],"curies":[{"name":"wp","href":"https:\/\/api.w.org\/{rel}","templated":true}]}}