{"id":15219,"date":"2021-06-23T07:30:32","date_gmt":"2023-09-08T09:02:58","guid":{"rendered":"https:\/\/aivie.ch\/product\/package-dinstallation-pour-lautomatisation-des-newsletters\/"},"modified":"2025-04-27T15:39:10","modified_gmt":"2025-04-27T13:39:10","slug":"newsletter-automatisation-setup","status":"publish","type":"product","link":"https:\/\/aivie.ch\/fr\/produit\/newsletter-automatisation-setup\/","title":{"rendered":"Package de cas d&rsquo;utilisation pour l&rsquo;automatisation des newsletters"},"content":{"rendered":"<h2>Le pack d&rsquo;automatisation de la newsletter<\/h2>\n<p>Le package de cas d&rsquo;utilisation de l&rsquo;automatisation des newsletters permet aux entreprises d&rsquo;envoyer r\u00e9guli\u00e8rement des contenus pertinents \u00e0 leurs groupes cibles \u2013 de mani\u00e8re automatis\u00e9e, personnalis\u00e9e et efficace. Gr\u00e2ce \u00e0 une segmentation intelligente, un contenu dynamique et des d\u00e9lais d&rsquo;envoi optimis\u00e9s, les taux d&rsquo;ouverture, de clics et de conversion sont plus \u00e9lev\u00e9s. <\/p>\n<h3>Avantages pour votre entreprise<\/h3>\n<p>Avec le package de cas d&rsquo;utilisation de l&rsquo;automatisation des newsletters, les entreprises ciblent leurs clients, gagnent un temps pr\u00e9cieux et augmentent l&rsquo;efficacit\u00e9 de leurs campagnes d&#8217;emailing \u2013 pour un succ\u00e8s durable.<\/p>\n<ul>\n<li>Fid\u00e9lisation accrue des clients : une communication r\u00e9guli\u00e8re et pertinente renforce la relation avec le groupe cible<\/li>\n<li>Plus d&rsquo;efficacit\u00e9 gr\u00e2ce \u00e0 l&rsquo;automatisation : gain de temps et de ressources gr\u00e2ce \u00e0 des workflows intelligents<\/li>\n<li>De meilleures conversions : un contenu personnalis\u00e9 et des strat\u00e9gies d&rsquo;envoi optimis\u00e9es augmentent l&rsquo;impact<\/li>\n<li>Optimisation bas\u00e9e sur les donn\u00e9es : une vision claire des comportements d&rsquo;ouverture, de clic et d&rsquo;achat<\/li>\n<\/ul>\n<h3>Contenu<\/h3>\n<p>Le package de cas d&rsquo;utilisation Marketing Automation <strong>Automatisation de la newsletter<\/strong> comprend les services suivants : <\/p>\n<ul>\n<li>1 campagne d&rsquo;automatisation<\/li>\n<li>Segments<\/li>\n<li>Int\u00e9gration d&rsquo;une source externe, comme un blog WordPress ou une boutique de commerce \u00e9lectronique.<\/li>\n<li>Exemple d&rsquo;e-mails et de mod\u00e8les<\/li>\n<li>Formulaire d&rsquo;engagement pour les abonn\u00e9s (DE\/EN)<\/li>\n<li>Appel de coup d&rsquo;envoi<\/li>\n<li>Accompagnement de la configuration<\/li>\n<li>Rapport<\/li>\n<\/ul>\n<p>Nos <a href=\"https:\/\/aivie.ch\/fr\/conditions-generales-de-vente\/\" target=\"_blank\" rel=\"noopener noreferrer\">conditions g\u00e9n\u00e9rales de vente<\/a> s&rsquo;appliquent.<\/p>\n","protected":false},"excerpt":{"rendered":"<p>Automatisation de la newsletter Use Case Package : une communication client efficace et personnalis\u00e9e<\/p>\n","protected":false},"featured_media":10473,"comment_status":"closed","ping_status":"closed","template":"","meta":{"_acf_changed":false},"product_brand":[],"product_cat":[530,481],"product_tag":[],"class_list":{"0":"post-15219","1":"product","2":"type-product","3":"status-publish","4":"has-post-thumbnail","6":"product_cat-forfait-de-cas-dutilisation","7":"product_cat-services-dautomatisation-du-marketing","9":"first","10":"instock","11":"virtual","12":"taxable","13":"purchasable","14":"product-type-simple"},"acf":[],"featured_image_urls_v2":{"full":["https:\/\/cdn.aivie.ch\/media\/wp\/2021\/06\/15160101\/Newsletter-Statistik-Mautic-Open-Source-Marketing-Automation3-1.webp",800,800,false],"thumbnail":["https:\/\/cdn.aivie.ch\/media\/wp\/2021\/06\/15160101\/Newsletter-Statistik-Mautic-Open-Source-Marketing-Automation3-1-240x240.webp",240,240,true],"medium":["https:\/\/cdn.aivie.ch\/media\/wp\/2021\/06\/15160101\/Newsletter-Statistik-Mautic-Open-Source-Marketing-Automation3-1.webp",800,800,false],"medium_large":["https:\/\/cdn.aivie.ch\/media\/wp\/2021\/06\/15160101\/Newsletter-Statistik-Mautic-Open-Source-Marketing-Automation3-1-768x768.webp",768,768,true],"large":["https:\/\/cdn.aivie.ch\/media\/wp\/2021\/06\/15160101\/Newsletter-Statistik-Mautic-Open-Source-Marketing-Automation3-1.webp",800,800,false],"post-thumbnail":["https:\/\/cdn.aivie.ch\/media\/wp\/2021\/06\/15160101\/Newsletter-Statistik-Mautic-Open-Source-Marketing-Automation3-1.webp",800,800,false],"aiv_480w":["https:\/\/cdn.aivie.ch\/media\/wp\/2021\/06\/15160101\/Newsletter-Statistik-Mautic-Open-Source-Marketing-Automation3-1-480x480.webp",480,480,true],"woocommerce_thumbnail":["https:\/\/cdn.aivie.ch\/media\/wp\/2021\/06\/15160101\/Newsletter-Statistik-Mautic-Open-Source-Marketing-Automation3-1-240x240.webp",240,240,true],"woocommerce_single":["https:\/\/cdn.aivie.ch\/media\/wp\/2021\/06\/15160101\/Newsletter-Statistik-Mautic-Open-Source-Marketing-Automation3-1.webp",800,800,false],"woocommerce_gallery_thumbnail":["https:\/\/cdn.aivie.ch\/media\/wp\/2021\/06\/15160101\/Newsletter-Statistik-Mautic-Open-Source-Marketing-Automation3-1-240x240.webp",240,240,true]},"post_excerpt_stackable_v2":"<p>Automatisation de la newsletter Use Case Package : une communication client efficace et personnalis\u00e9e<\/p>\n","category_list_v2":"","author_info_v2":{"name":"","url":""},"comments_num_v2":"0 commentaire","_links":{"self":[{"href":"https:\/\/aivie.ch\/fr\/wp-json\/wp\/v2\/product\/15219","targetHints":{"allow":["GET"]}}],"collection":[{"href":"https:\/\/aivie.ch\/fr\/wp-json\/wp\/v2\/product"}],"about":[{"href":"https:\/\/aivie.ch\/fr\/wp-json\/wp\/v2\/types\/product"}],"replies":[{"embeddable":true,"href":"https:\/\/aivie.ch\/fr\/wp-json\/wp\/v2\/comments?post=15219"}],"wp:featuredmedia":[{"embeddable":true,"href":"https:\/\/aivie.ch\/fr\/wp-json\/wp\/v2\/media\/10473"}],"wp:attachment":[{"href":"https:\/\/aivie.ch\/fr\/wp-json\/wp\/v2\/media?parent=15219"}],"wp:term":[{"taxonomy":"product_brand","embeddable":true,"href":"https:\/\/aivie.ch\/fr\/wp-json\/wp\/v2\/product_brand?post=15219"},{"taxonomy":"product_cat","embeddable":true,"href":"https:\/\/aivie.ch\/fr\/wp-json\/wp\/v2\/product_cat?post=15219"},{"taxonomy":"product_tag","embeddable":true,"href":"https:\/\/aivie.ch\/fr\/wp-json\/wp\/v2\/product_tag?post=15219"}],"curies":[{"name":"wp","href":"https:\/\/api.w.org\/{rel}","templated":true}]}}