{"id":14135,"date":"2021-11-08T15:57:11","date_gmt":"2021-11-08T13:57:11","guid":{"rendered":"https:\/\/aivie.ch\/product\/aivie-mautic-email-templates-custom\/"},"modified":"2026-01-11T14:53:06","modified_gmt":"2026-01-11T12:53:06","slug":"mautic-e-mail-templates-custom","status":"publish","type":"product","link":"https:\/\/aivie.ch\/fr\/produit\/mautic-e-mail-templates-custom\/","title":{"rendered":"Mod\u00e8les d\u2019e-mail Aivie\/Mautic personnalis\u00e9s"},"content":{"rendered":"<h3>Mod\u00e8les d\u2019e-mail (th\u00e8mes) personnalis\u00e9s pour vous<\/h3>\n<p>Nous cr\u00e9ons un des mod\u00e8les d\u2019e-mail Aivie\/Mautic <em>personnalis\u00e9s<\/em> ou un th\u00e8me Mautic qui est adapt\u00e9 \u00e0 vos besoins et qui correspond exactement \u00e0 votre CI\/CD. Laisse libre cours \u00e0 ta cr\u00e9ativit\u00e9.<\/p>\n<p>Nous nous assurons que tout est \u00e0 la pointe de la technologie et qu&rsquo;il est beau dans tous les clients de messagerie les plus populaires. Tes e-mails auront m\u00eame l&rsquo;air super dans Outlook.<\/p>\n<ul>\n<li>Mod\u00e8le MJML dans ton CI\/CD<\/li>\n<li>Appara\u00eet bien dans tous les clients de messagerie populaires (y compris Outlook)<\/li>\n<li>Responsive<\/li>\n<li>Pr\u00eat pour la r\u00e9tine<\/li>\n<li>Score de spam bas<\/li>\n<li>6 mois de mises \u00e0 jour et d&rsquo;assistance gratuites<\/li>\n<\/ul>\n<p>&nbsp;<\/p>\n<h3>Le plus rapidement possible \u00e0 vos mod\u00e8les d\u2019e-mail Aivie\/Mautic <em>personnalis\u00e9s<\/em> ou \u00e0 votre th\u00e8me Mautic<\/h3>\n<ol>\n<li>Dis-nous \u00e0 quoi doit ressembler le mod\u00e8le (image, HTML)<\/li>\n<li>Nous cr\u00e9ons ton mod\u00e8le\/th\u00e8me d&rsquo;e-mail personnalis\u00e9 Aivie ou Mautic<\/li>\n<li>Nous t&rsquo;envoyons le fichier zip avec le mod\u00e8le pr\u00eat \u00e0 l&#8217;emploi pour une installation facile (uniquement pour les clients Mautic)<\/li>\n<li>Nous faisons une r\u00e9vision commune<\/li>\n<li>Tu envoies de superbes e-mails dans ton Custom Template<\/li>\n<\/ol>\n<p>Nos <a href=\"https:\/\/www.idea2.ch\/allgemeine-geschaeftsbedingungen\/\" target=\"_blank\" rel=\"noopener noreferrer\">conditions g\u00e9n\u00e9rales de vente<\/a> s&rsquo;appliquent.<\/p>\n","protected":false},"excerpt":{"rendered":"<p>Mod\u00e8les d\u2019e-mail (th\u00e8mes) personnalis\u00e9s pour vous Nous cr\u00e9ons un des mod\u00e8les d\u2019e-mail Aivie\/Mautic personnalis\u00e9s ou un th\u00e8me Mautic qui est adapt\u00e9 \u00e0 vos besoins et qui correspond exactement \u00e0 votre CI\/CD. Laisse libre cours \u00e0 ta cr\u00e9ativit\u00e9. Nous nous assurons que tout est \u00e0 la pointe de la technologie et qu&rsquo;il est beau dans tous &hellip; <a href=\"https:\/\/aivie.ch\/fr\/produit\/mautic-e-mail-templates-custom\/\" class=\"more-link\">Continuer la lecture de <span class=\"screen-reader-text\">Mod\u00e8les d\u2019e-mail Aivie\/Mautic personnalis\u00e9s<\/span><\/a><\/p>\n","protected":false},"featured_media":9806,"comment_status":"open","ping_status":"closed","template":"","meta":{"_acf_changed":false},"product_brand":[],"product_cat":[498],"product_tag":[],"class_list":{"0":"post-14135","1":"product","2":"type-product","3":"status-publish","4":"has-post-thumbnail","6":"product_cat-modeles-de-mail-aivie","7":"pa_brand-aivie-fr","8":"pa_manufacturer-idea2-fr","10":"first","11":"instock","12":"taxable","13":"shipping-taxable","14":"purchasable","15":"product-type-variable","16":"has-default-attributes"},"acf":[],"featured_image_urls_v2":{"full":["https:\/\/cdn.aivie.ch\/media\/wp\/2022\/06\/14155542\/E-Mail-Senden-Aivie-Marketing-Automation.webp",800,1000,false],"thumbnail":["https:\/\/cdn.aivie.ch\/media\/wp\/2022\/06\/14155542\/E-Mail-Senden-Aivie-Marketing-Automation-240x240.webp",240,240,true],"medium":["https:\/\/cdn.aivie.ch\/media\/wp\/2022\/06\/14155542\/E-Mail-Senden-Aivie-Marketing-Automation.webp",800,1000,false],"medium_large":["https:\/\/cdn.aivie.ch\/media\/wp\/2022\/06\/14155542\/E-Mail-Senden-Aivie-Marketing-Automation-768x960.webp",768,960,true],"large":["https:\/\/cdn.aivie.ch\/media\/wp\/2022\/06\/14155542\/E-Mail-Senden-Aivie-Marketing-Automation.webp",800,1000,false],"post-thumbnail":["https:\/\/cdn.aivie.ch\/media\/wp\/2022\/06\/14155542\/E-Mail-Senden-Aivie-Marketing-Automation.webp",800,1000,false],"aiv_480w":["https:\/\/cdn.aivie.ch\/media\/wp\/2022\/06\/14155542\/E-Mail-Senden-Aivie-Marketing-Automation-480x600.webp",480,600,true],"woocommerce_thumbnail":["https:\/\/cdn.aivie.ch\/media\/wp\/2022\/06\/14155542\/E-Mail-Senden-Aivie-Marketing-Automation-240x240.webp",240,240,true],"woocommerce_single":["https:\/\/cdn.aivie.ch\/media\/wp\/2022\/06\/14155542\/E-Mail-Senden-Aivie-Marketing-Automation.webp",800,1000,false],"woocommerce_gallery_thumbnail":["https:\/\/cdn.aivie.ch\/media\/wp\/2022\/06\/14155542\/E-Mail-Senden-Aivie-Marketing-Automation-240x240.webp",240,240,true]},"post_excerpt_stackable_v2":"<p>Mod\u00e8les d\u2019e-mail (th\u00e8mes) personnalis\u00e9s pour vous Nous cr\u00e9ons un des mod\u00e8les d\u2019e-mail Aivie\/Mautic personnalis\u00e9s ou un th\u00e8me Mautic qui est adapt\u00e9 \u00e0 vos besoins et qui correspond exactement \u00e0 votre CI\/CD. Laisse libre cours \u00e0 ta cr\u00e9ativit\u00e9. Nous nous assurons que tout est \u00e0 la pointe de la technologie et qu&rsquo;il est beau dans tous les clients de messagerie les plus populaires. Tes e-mails auront m\u00eame l&rsquo;air super dans Outlook. Mod\u00e8le MJML dans ton CI\/CD Appara\u00eet bien dans tous les clients de messagerie populaires (y compris Outlook) Responsive Pr\u00eat pour la r\u00e9tine Score de spam bas 6 mois de mises\u2026<\/p>\n","category_list_v2":"","author_info_v2":{"name":"","url":""},"comments_num_v2":"0 commentaire","_links":{"self":[{"href":"https:\/\/aivie.ch\/fr\/wp-json\/wp\/v2\/product\/14135","targetHints":{"allow":["GET"]}}],"collection":[{"href":"https:\/\/aivie.ch\/fr\/wp-json\/wp\/v2\/product"}],"about":[{"href":"https:\/\/aivie.ch\/fr\/wp-json\/wp\/v2\/types\/product"}],"replies":[{"embeddable":true,"href":"https:\/\/aivie.ch\/fr\/wp-json\/wp\/v2\/comments?post=14135"}],"wp:featuredmedia":[{"embeddable":true,"href":"https:\/\/aivie.ch\/fr\/wp-json\/wp\/v2\/media\/9806"}],"wp:attachment":[{"href":"https:\/\/aivie.ch\/fr\/wp-json\/wp\/v2\/media?parent=14135"}],"wp:term":[{"taxonomy":"product_brand","embeddable":true,"href":"https:\/\/aivie.ch\/fr\/wp-json\/wp\/v2\/product_brand?post=14135"},{"taxonomy":"product_cat","embeddable":true,"href":"https:\/\/aivie.ch\/fr\/wp-json\/wp\/v2\/product_cat?post=14135"},{"taxonomy":"product_tag","embeddable":true,"href":"https:\/\/aivie.ch\/fr\/wp-json\/wp\/v2\/product_tag?post=14135"}],"curies":[{"name":"wp","href":"https:\/\/api.w.org\/{rel}","templated":true}]}}