{"id":12963,"date":"2021-06-23T07:30:32","date_gmt":"2021-06-23T05:30:32","guid":{"rendered":"https:\/\/aivie.ch\/product\/assistance-commerciale-aivie-mautic\/"},"modified":"2026-01-11T14:17:08","modified_gmt":"2026-01-11T12:17:08","slug":"business-support-aivie-mautic","status":"publish","type":"product","link":"https:\/\/aivie.ch\/fr\/produit\/business-support-aivie-mautic\/","title":{"rendered":"Support commercial et consulting Aivie\/Mautic"},"content":{"rendered":"<p>Couvre aussi bien les questions relatives \u00e0 l&rsquo;utilisation que celles relatives au conseil. Les demandes peuvent \u00eatre faites par e-mail, par t\u00e9l\u00e9phone et par appel vid\u00e9o. Ce service est particuli\u00e8rement recommand\u00e9 dans la phase initiale.<\/p>\n<p>T\u00e9moignage de client :<\/p>\n<blockquote><p>Lors de mes d\u00e9buts dans Aivie, on est toujours venu me chercher au niveau de mes connaissances actuelles et on m&rsquo;a aid\u00e9 \u00e0 devenir \u00ab\u00a0\u00e0 l&rsquo;aise\u00a0\u00bb, tant au niveau de l&rsquo;interface utilisateur que de la compr\u00e9hension du code sous-jacent (entre autres les t\u00e2ches cron, l&rsquo;utilisation de la console). Les commentaires sur l&rsquo;\u00e9valuation des probl\u00e8mes et l&rsquo;\u00e9valuation de certaines solutions propos\u00e9es par la communaut\u00e9 Mautic (par exemple les plugins) ont \u00e9galement \u00e9t\u00e9 utiles.<\/p><\/blockquote>\n<p>\u2014 Martina P.<\/p>\n<p>&nbsp;<\/p>\n<p>&nbsp;<\/p>\n<p>Prix par mois hors TVA, r\u00e9siliable \u00e0 tout moment. Pour les clients sans h\u00e9bergement Aivie, la dur\u00e9e minimale est de 3 mois. Nos conditions g\u00e9n\u00e9rales de vente s&rsquo;appliquent.<\/p>\n","protected":false},"excerpt":{"rendered":"<p>Couvre aussi bien les questions relatives \u00e0 l&rsquo;utilisation que celles relatives au conseil. Les demandes peuvent \u00eatre faites par e-mail, par t\u00e9l\u00e9phone et par appel vid\u00e9o. Ce service est particuli\u00e8rement recommand\u00e9 dans la phase initiale. T\u00e9moignage de client : Lors de mes d\u00e9buts dans Aivie, on est toujours venu me chercher au niveau de mes &hellip; <a href=\"https:\/\/aivie.ch\/fr\/produit\/business-support-aivie-mautic\/\" class=\"more-link\">Continuer la lecture de <span class=\"screen-reader-text\">Support commercial et consulting Aivie\/Mautic<\/span><\/a><\/p>\n","protected":false},"featured_media":10428,"comment_status":"closed","ping_status":"closed","template":"","meta":{"_acf_changed":false},"product_brand":[],"product_cat":[481,480],"product_tag":[],"class_list":{"0":"post-12963","1":"product","2":"type-product","3":"status-publish","4":"has-post-thumbnail","6":"product_cat-services-dautomatisation-du-marketing","7":"product_cat-support-aivie-mautic","9":"first","10":"instock","11":"virtual","12":"taxable","13":"purchasable","14":"product-type-subscription"},"acf":[],"featured_image_urls_v2":{"full":["https:\/\/cdn.aivie.ch\/media\/wp\/2021\/06\/14165429\/Business-Support-AivieMautic.webp",800,800,false],"thumbnail":["https:\/\/cdn.aivie.ch\/media\/wp\/2021\/06\/14165429\/Business-Support-AivieMautic-240x240.webp",240,240,true],"medium":["https:\/\/cdn.aivie.ch\/media\/wp\/2021\/06\/14165429\/Business-Support-AivieMautic.webp",800,800,false],"medium_large":["https:\/\/cdn.aivie.ch\/media\/wp\/2021\/06\/14165429\/Business-Support-AivieMautic-768x768.webp",768,768,true],"large":["https:\/\/cdn.aivie.ch\/media\/wp\/2021\/06\/14165429\/Business-Support-AivieMautic.webp",800,800,false],"post-thumbnail":["https:\/\/cdn.aivie.ch\/media\/wp\/2021\/06\/14165429\/Business-Support-AivieMautic.webp",800,800,false],"aiv_480w":["https:\/\/cdn.aivie.ch\/media\/wp\/2021\/06\/14165429\/Business-Support-AivieMautic-480x480.webp",480,480,true],"woocommerce_thumbnail":["https:\/\/cdn.aivie.ch\/media\/wp\/2021\/06\/14165429\/Business-Support-AivieMautic-240x240.webp",240,240,true],"woocommerce_single":["https:\/\/cdn.aivie.ch\/media\/wp\/2021\/06\/14165429\/Business-Support-AivieMautic.webp",800,800,false],"woocommerce_gallery_thumbnail":["https:\/\/cdn.aivie.ch\/media\/wp\/2021\/06\/14165429\/Business-Support-AivieMautic-240x240.webp",240,240,true]},"post_excerpt_stackable_v2":"<p>Couvre aussi bien les questions relatives \u00e0 l&rsquo;utilisation que celles relatives au conseil. Les demandes peuvent \u00eatre faites par e-mail, par t\u00e9l\u00e9phone et par appel vid\u00e9o. Ce service est particuli\u00e8rement recommand\u00e9 dans la phase initiale. T\u00e9moignage de client : Lors de mes d\u00e9buts dans Aivie, on est toujours venu me chercher au niveau de mes connaissances actuelles et on m&rsquo;a aid\u00e9 \u00e0 devenir \u00ab\u00a0\u00e0 l&rsquo;aise\u00a0\u00bb, tant au niveau de l&rsquo;interface utilisateur que de la compr\u00e9hension du code sous-jacent (entre autres les t\u00e2ches cron, l&rsquo;utilisation de la console). Les commentaires sur l&rsquo;\u00e9valuation des probl\u00e8mes et l&rsquo;\u00e9valuation de certaines solutions propos\u00e9es par\u2026<\/p>\n","category_list_v2":"","author_info_v2":{"name":"","url":""},"comments_num_v2":"0 commentaire","_links":{"self":[{"href":"https:\/\/aivie.ch\/fr\/wp-json\/wp\/v2\/product\/12963","targetHints":{"allow":["GET"]}}],"collection":[{"href":"https:\/\/aivie.ch\/fr\/wp-json\/wp\/v2\/product"}],"about":[{"href":"https:\/\/aivie.ch\/fr\/wp-json\/wp\/v2\/types\/product"}],"replies":[{"embeddable":true,"href":"https:\/\/aivie.ch\/fr\/wp-json\/wp\/v2\/comments?post=12963"}],"wp:featuredmedia":[{"embeddable":true,"href":"https:\/\/aivie.ch\/fr\/wp-json\/wp\/v2\/media\/10428"}],"wp:attachment":[{"href":"https:\/\/aivie.ch\/fr\/wp-json\/wp\/v2\/media?parent=12963"}],"wp:term":[{"taxonomy":"product_brand","embeddable":true,"href":"https:\/\/aivie.ch\/fr\/wp-json\/wp\/v2\/product_brand?post=12963"},{"taxonomy":"product_cat","embeddable":true,"href":"https:\/\/aivie.ch\/fr\/wp-json\/wp\/v2\/product_cat?post=12963"},{"taxonomy":"product_tag","embeddable":true,"href":"https:\/\/aivie.ch\/fr\/wp-json\/wp\/v2\/product_tag?post=12963"}],"curies":[{"name":"wp","href":"https:\/\/api.w.org\/{rel}","templated":true}]}}