{"id":12408,"date":"2022-11-03T13:46:35","date_gmt":"2022-11-03T11:46:35","guid":{"rendered":"https:\/\/aivie.ch\/product\/aivie-marketing-automation-gratuit\/"},"modified":"2026-01-11T14:25:04","modified_gmt":"2026-01-11T12:25:04","slug":"aivie-marketing-automation-free","status":"publish","type":"product","link":"https:\/\/aivie.ch\/fr\/produit\/aivie-marketing-automation-free\/","title":{"rendered":"Aivie Marketing Automation Free"},"content":{"rendered":"<h2>Aivie Marketing Automation Free<\/h2>\n<p>Communique d\u00e8s maintenant avec tes contacts de mani\u00e8re automatis\u00e9e \u2013 gratuitement.<\/p>\n<p>Aivie Free est optimal pour l&rsquo;envoi automatis\u00e9 de newsletters, le traitement des leads et les premi\u00e8res campagnes de marketing simples, comme par exemple une campagne d&rsquo;anniversaire.<\/p>\n<p>Avec Aivie, tu disposes d&rsquo;un puissant outil de marketing automation bas\u00e9 sur la technologie open source unique Mautic.<\/p>\n<p>Les fonctionnalit\u00e9s exclusives, l&rsquo;UX optimis\u00e9e et le support professionnel font d&rsquo;Aivie un outil indispensable pour ton marketing.<\/p>\n<h3>Aivie est certainement la meilleure solution<\/h3>\n<p>Les certificats les plus importants :<\/p>\n<p><a href=\"https:\/\/cloud.google.com\/privacy\/gdpr\" target=\"_blank\" rel=\"noopener noreferrer\"><img loading=\"lazy\" decoding=\"async\" class=\"alignnone wp-image-2685\" src=\"https:\/\/cdn.aivie.ch\/media\/wp\/2021\/06\/19131520\/GDPR.webp\" alt=\"H\u00e9bergement certifi\u00e9 GDPR &amp; DSGVO\" width=\"118\" height=\"118\" title=\"\" srcset=\"https:\/\/cdn.aivie.ch\/media\/wp\/2021\/06\/19131520\/GDPR.webp 300w, https:\/\/cdn.aivie.ch\/media\/wp\/2021\/06\/19131520\/GDPR-240x240.webp 240w, https:\/\/cdn.aivie.ch\/media\/wp\/2021\/06\/19131520\/GDPR-100x100.webp 100w\" sizes=\"auto, (max-width: 118px) 100vw, 118px\" \/><\/a> <a href=\"https:\/\/cloud.google.com\/security\/compliance\/ccpa\" target=\"_blank\" rel=\"noopener noreferrer\"><img loading=\"lazy\" decoding=\"async\" class=\"alignnone wp-image-2887\" src=\"https:\/\/cdn.aivie.ch\/media\/wp\/2021\/06\/19131510\/CCPA_2.png\" alt=\"\" width=\"118\" height=\"118\" title=\"\" srcset=\"https:\/\/cdn.aivie.ch\/media\/wp\/2021\/06\/19131510\/CCPA_2.png 300w, https:\/\/cdn.aivie.ch\/media\/wp\/2021\/06\/19131510\/CCPA_2-240x240.png 240w, https:\/\/cdn.aivie.ch\/media\/wp\/2021\/06\/19131510\/CCPA_2-100x100.png 100w\" sizes=\"auto, (max-width: 118px) 100vw, 118px\" \/><\/a> <a href=\"https:\/\/www.bsi.bund.de\/EN\/Topics\/CloudComputing\/Compliance_Criteria_Catalogue\/C5_NewRelease\/C5_NewRelease_node.html\" target=\"_blank\" rel=\"noopener noreferrer\"><img loading=\"lazy\" decoding=\"async\" class=\"alignnone wp-image-2679\" src=\"https:\/\/cdn.aivie.ch\/media\/wp\/2021\/06\/19131520\/C5.webp\" alt=\"H\u00e9bergement certifi\u00e9 C5\" width=\"118\" height=\"118\" title=\"\" srcset=\"https:\/\/cdn.aivie.ch\/media\/wp\/2021\/06\/19131520\/C5.webp 300w, https:\/\/cdn.aivie.ch\/media\/wp\/2021\/06\/19131520\/C5-240x240.webp 240w, https:\/\/cdn.aivie.ch\/media\/wp\/2021\/06\/19131520\/C5-100x100.webp 100w\" sizes=\"auto, (max-width: 118px) 100vw, 118px\" \/><\/a>   <a href=\"https:\/\/www.iso.org\/isoiec-27001-information-security.html\" target=\"_blank\" rel=\"noopener noreferrer\"><img loading=\"lazy\" decoding=\"async\" class=\"alignnone wp-image-2689\" src=\"https:\/\/cdn.aivie.ch\/media\/wp\/2021\/06\/19131519\/ISO.webp\" alt=\"H\u00e9bergement certifi\u00e9 ISO 27001\" width=\"118\" height=\"118\" title=\"\" srcset=\"https:\/\/cdn.aivie.ch\/media\/wp\/2021\/06\/19131519\/ISO.webp 300w, https:\/\/cdn.aivie.ch\/media\/wp\/2021\/06\/19131519\/ISO-240x240.webp 240w, https:\/\/cdn.aivie.ch\/media\/wp\/2021\/06\/19131519\/ISO-100x100.webp 100w\" sizes=\"auto, (max-width: 118px) 100vw, 118px\" \/><\/a>  <a href=\"https:\/\/cloud.google.com\/security\/compliance\/hds\" target=\"_blank\" rel=\"noopener noreferrer\"><img loading=\"lazy\" decoding=\"async\" class=\"alignnone wp-image-2891\" src=\"https:\/\/cdn.aivie.ch\/media\/wp\/2021\/06\/19131509\/HDS_2.png\" alt=\"\" width=\"118\" height=\"118\" title=\"\" srcset=\"https:\/\/cdn.aivie.ch\/media\/wp\/2021\/06\/19131509\/HDS_2.png 300w, https:\/\/cdn.aivie.ch\/media\/wp\/2021\/06\/19131509\/HDS_2-240x240.png 240w, https:\/\/cdn.aivie.ch\/media\/wp\/2021\/06\/19131509\/HDS_2-100x100.png 100w\" sizes=\"auto, (max-width: 118px) 100vw, 118px\" \/><\/a> <a href=\"https:\/\/cloud.google.com\/security\/compliance\/hecvat\" target=\"_blank\" rel=\"noopener noreferrer\"><img loading=\"lazy\" decoding=\"async\" class=\"alignnone wp-image-2889\" src=\"https:\/\/cdn.aivie.ch\/media\/wp\/2021\/06\/19131509\/HECVAT_2.png\" alt=\"\" width=\"118\" height=\"118\" title=\"\" srcset=\"https:\/\/cdn.aivie.ch\/media\/wp\/2021\/06\/19131509\/HECVAT_2.png 300w, https:\/\/cdn.aivie.ch\/media\/wp\/2021\/06\/19131509\/HECVAT_2-240x240.png 240w, https:\/\/cdn.aivie.ch\/media\/wp\/2021\/06\/19131509\/HECVAT_2-100x100.png 100w\" sizes=\"auto, (max-width: 118px) 100vw, 118px\" \/><\/a>  <a href=\"https:\/\/www.eba.europa.eu\/\" target=\"_blank\" rel=\"noopener noreferrer\"><img loading=\"lazy\" decoding=\"async\" class=\"alignnone wp-image-2683\" src=\"https:\/\/cdn.aivie.ch\/media\/wp\/2021\/06\/19131520\/EBA.webp\" alt=\"H\u00e9bergement certifi\u00e9 par l&#039;AFP\" width=\"118\" height=\"118\" title=\"\" srcset=\"https:\/\/cdn.aivie.ch\/media\/wp\/2021\/06\/19131520\/EBA.webp 300w, https:\/\/cdn.aivie.ch\/media\/wp\/2021\/06\/19131520\/EBA-240x240.webp 240w, https:\/\/cdn.aivie.ch\/media\/wp\/2021\/06\/19131520\/EBA-100x100.webp 100w\" sizes=\"auto, (max-width: 118px) 100vw, 118px\" \/><\/a><\/p>\n<p><span style=\"color: #999999;\">Afficher tous les <a style=\"color: #999999;\" href=\"https:\/\/cloud.google.com\/security\/compliance\/offerings\" target=\"_blank\" rel=\"noopener noreferrer\">certificats<\/a><\/span><\/p>\n<p>&nbsp;<\/p>\n<p>&nbsp;<\/p>\n<p>Nos <a href=\"https:\/\/www.idea2.ch\/allgemeine-geschaeftsbedingungen\/\" target=\"_blank\" rel=\"noopener noreferrer\">conditions g\u00e9n\u00e9rales de vente<\/a> s&rsquo;appliquent.<\/p>\n<hr>\n<img decoding=\"async\" src=\"https:\/\/m.aivie.ch\/mtracking.gif?tags=aiv-hosting\" alt=\"\u00c9tiquettes Mautic\" style=\"display:none;\" title=\"\">\n","protected":false},"excerpt":{"rendered":"<p>Aivie Free Mautic H\u00e9bergement de niveau professionnel. Optimal pour les newsletters.<\/p>\n","protected":false},"featured_media":10627,"comment_status":"closed","ping_status":"closed","template":"","meta":{"_acf_changed":false},"product_brand":[],"product_cat":[447],"product_tag":[448],"class_list":{"0":"post-12408","1":"product","2":"type-product","3":"status-publish","4":"has-post-thumbnail","6":"product_cat-hebergement-mautic","7":"product_tag-aivie-free-fr","8":"pa_brand-aivie-fr","9":"pa_manufacturer-idea2-fr","10":"pa_manufacturer-mautic-fr","12":"first","13":"instock","14":"sold-individually","15":"taxable","16":"shipping-taxable","17":"purchasable","18":"product-type-variable","19":"has-default-attributes"},"acf":[],"featured_image_urls_v2":{"full":["https:\/\/cdn.aivie.ch\/media\/wp\/2021\/06\/21120036\/Branded-Setup-Quick-Starter-Aivie.webp",800,800,false],"thumbnail":["https:\/\/cdn.aivie.ch\/media\/wp\/2021\/06\/21120036\/Branded-Setup-Quick-Starter-Aivie-240x240.webp",240,240,true],"medium":["https:\/\/cdn.aivie.ch\/media\/wp\/2021\/06\/21120036\/Branded-Setup-Quick-Starter-Aivie.webp",800,800,false],"medium_large":["https:\/\/cdn.aivie.ch\/media\/wp\/2021\/06\/21120036\/Branded-Setup-Quick-Starter-Aivie-768x768.webp",768,768,true],"large":["https:\/\/cdn.aivie.ch\/media\/wp\/2021\/06\/21120036\/Branded-Setup-Quick-Starter-Aivie.webp",800,800,false],"post-thumbnail":["https:\/\/cdn.aivie.ch\/media\/wp\/2021\/06\/21120036\/Branded-Setup-Quick-Starter-Aivie.webp",800,800,false],"aiv_480w":["https:\/\/cdn.aivie.ch\/media\/wp\/2021\/06\/21120036\/Branded-Setup-Quick-Starter-Aivie-480x480.webp",480,480,true],"woocommerce_thumbnail":["https:\/\/cdn.aivie.ch\/media\/wp\/2021\/06\/21120036\/Branded-Setup-Quick-Starter-Aivie-240x240.webp",240,240,true],"woocommerce_single":["https:\/\/cdn.aivie.ch\/media\/wp\/2021\/06\/21120036\/Branded-Setup-Quick-Starter-Aivie.webp",800,800,false],"woocommerce_gallery_thumbnail":["https:\/\/cdn.aivie.ch\/media\/wp\/2021\/06\/21120036\/Branded-Setup-Quick-Starter-Aivie-240x240.webp",240,240,true]},"post_excerpt_stackable_v2":"<p>Aivie Free Mautic H\u00e9bergement de niveau professionnel. Optimal pour les newsletters.<\/p>\n","category_list_v2":"","author_info_v2":{"name":"","url":""},"comments_num_v2":"0 commentaire","_links":{"self":[{"href":"https:\/\/aivie.ch\/fr\/wp-json\/wp\/v2\/product\/12408","targetHints":{"allow":["GET"]}}],"collection":[{"href":"https:\/\/aivie.ch\/fr\/wp-json\/wp\/v2\/product"}],"about":[{"href":"https:\/\/aivie.ch\/fr\/wp-json\/wp\/v2\/types\/product"}],"replies":[{"embeddable":true,"href":"https:\/\/aivie.ch\/fr\/wp-json\/wp\/v2\/comments?post=12408"}],"wp:featuredmedia":[{"embeddable":true,"href":"https:\/\/aivie.ch\/fr\/wp-json\/wp\/v2\/media\/10627"}],"wp:attachment":[{"href":"https:\/\/aivie.ch\/fr\/wp-json\/wp\/v2\/media?parent=12408"}],"wp:term":[{"taxonomy":"product_brand","embeddable":true,"href":"https:\/\/aivie.ch\/fr\/wp-json\/wp\/v2\/product_brand?post=12408"},{"taxonomy":"product_cat","embeddable":true,"href":"https:\/\/aivie.ch\/fr\/wp-json\/wp\/v2\/product_cat?post=12408"},{"taxonomy":"product_tag","embeddable":true,"href":"https:\/\/aivie.ch\/fr\/wp-json\/wp\/v2\/product_tag?post=12408"}],"curies":[{"name":"wp","href":"https:\/\/api.w.org\/{rel}","templated":true}]}}