{"id":25489,"date":"2026-01-11T11:03:44","date_gmt":"2026-01-11T09:03:44","guid":{"rendered":"https:\/\/aivie.ch\/merci-de-votre-interet\/"},"modified":"2026-01-11T11:03:45","modified_gmt":"2026-01-11T09:03:45","slug":"merci-de-votre-interet","status":"publish","type":"page","link":"https:\/\/aivie.ch\/fr\/merci-de-votre-interet\/","title":{"rendered":"Merci de votre int\u00e9r\u00eat&nbsp;!"},"content":{"rendered":"\n<div class=\"alignfull wp-block-ugb-container ugb-container ugb-d2af22f ugb-container--v2 ugb-container--design-plain ugb-main-block ugb-main-block--inner-center ugb--has-block-background ugb--has-background-overlay\"><style>.ugb-d2af22f.ugb-container{background-image:url(https:\/\/cdn.aivie.ch\/media\/wp\/2021\/06\/19131703\/pattern-u-960w.png);background-position:bottom right;background-repeat:no-repeat;background-size:40% !important}.ugb-d2af22f.ugb-container:before{opacity:0.5}@media screen and (min-width:768px){.ugb-d2af22f-content-wrapper.ugb-container__content-wrapper{width:90% !important}.ugb-d2af22f.ugb-container{margin-top:0px !important;padding-top:0px !important;padding-right:35px !important;padding-left:35px !important}}<\/style><div class=\"ugb-inner-block ugb-inner-block--center\"><div class=\"ugb-block-content\"><div class=\"ugb-container__wrapper ugb-d2af22f-wrapper\"><div class=\"ugb-container__side\"><div class=\"ugb-container__content-wrapper ugb-d2af22f-content-wrapper\">\n<div class=\"wp-block-ugb-heading ugb-heading ugb-5431ba5 ugb-main-block\"><style>.ugb-5431ba5 .ugb-heading__title{text-align:center}.ugb-5431ba5 .ugb-inner-block{text-align:center}<\/style><div class=\"ugb-inner-block\"><div class=\"ugb-block-content\"><h1 class=\"ugb-heading__title\">Merci beaucoup pour ton int\u00e9r\u00eat !<\/h1><p class=\"ugb-heading__subtitle\">Les informations de votre formulaire ont bien \u00e9t\u00e9 enregistr\u00e9es. Nous recueillons les adresses des personnes int\u00e9ress\u00e9es par un webinaire sur l\u2019E-mail Builder. Nous vous contacterons d\u00e8s que nous aurons suffisamment de contacts.  <\/p><\/div><\/div><\/div>\n<\/div><\/div><\/div><\/div><\/div><\/div>\n","protected":false},"excerpt":{"rendered":"<p>Merci beaucoup pour ton int\u00e9r\u00eat ! Les informations de votre formulaire ont bien \u00e9t\u00e9 enregistr\u00e9es. Nous recueillons les adresses des personnes int\u00e9ress\u00e9es par un webinaire sur l\u2019E-mail Builder. Nous vous contacterons d\u00e8s que nous aurons suffisamment de contacts.<\/p>\n","protected":false},"author":322,"featured_media":0,"parent":0,"menu_order":0,"comment_status":"closed","ping_status":"closed","template":"front-page.php","meta":{"_acf_changed":false,"footnotes":""},"class_list":["post-25489","page","type-page","status-publish","hentry"],"acf":[],"featured_image_urls_v2":{"full":"","thumbnail":"","medium":"","medium_large":"","large":"","post-thumbnail":"","aiv_480w":"","woocommerce_thumbnail":"","woocommerce_single":"","woocommerce_gallery_thumbnail":""},"post_excerpt_stackable_v2":"<p>Merci beaucoup pour ton int\u00e9r\u00eat !Les informations de votre formulaire ont bien \u00e9t\u00e9 enregistr\u00e9es. Nous recueillons les adresses des personnes int\u00e9ress\u00e9es par un webinaire sur l\u2019E-mail Builder. Nous vous contacterons d\u00e8s que nous aurons suffisamment de contacts.<\/p>\n","category_list_v2":"","author_info_v2":{"name":"Anja Bienz","url":"https:\/\/aivie.ch\/fr\/author\/anja\/"},"comments_num_v2":"0 commentaire","_links":{"self":[{"href":"https:\/\/aivie.ch\/fr\/wp-json\/wp\/v2\/pages\/25489","targetHints":{"allow":["GET"]}}],"collection":[{"href":"https:\/\/aivie.ch\/fr\/wp-json\/wp\/v2\/pages"}],"about":[{"href":"https:\/\/aivie.ch\/fr\/wp-json\/wp\/v2\/types\/page"}],"author":[{"embeddable":true,"href":"https:\/\/aivie.ch\/fr\/wp-json\/wp\/v2\/users\/322"}],"replies":[{"embeddable":true,"href":"https:\/\/aivie.ch\/fr\/wp-json\/wp\/v2\/comments?post=25489"}],"version-history":[{"count":1,"href":"https:\/\/aivie.ch\/fr\/wp-json\/wp\/v2\/pages\/25489\/revisions"}],"predecessor-version":[{"id":25490,"href":"https:\/\/aivie.ch\/fr\/wp-json\/wp\/v2\/pages\/25489\/revisions\/25490"}],"wp:attachment":[{"href":"https:\/\/aivie.ch\/fr\/wp-json\/wp\/v2\/media?parent=25489"}],"curies":[{"name":"wp","href":"https:\/\/api.w.org\/{rel}","templated":true}]}}