{"id":25321,"date":"2025-12-24T11:10:59","date_gmt":"2025-12-24T09:10:59","guid":{"rendered":"https:\/\/aivie.ch\/durabilite\/"},"modified":"2025-12-24T11:11:00","modified_gmt":"2025-12-24T09:11:00","slug":"durabilite","status":"publish","type":"page","link":"https:\/\/aivie.ch\/fr\/durabilite\/","title":{"rendered":"Durabilit\u00e9"},"content":{"rendered":"\n<div class=\"alignfull wp-block-ugb-columns ugb-columns aiv-col-2 ugb-b5274d6 ugb-columns--design-plain ugb-columns--columns-2 ugb-main-block ugb-main-block--inner-center ugb--has-block-background ugb--has-background-overlay\"><style>.ugb-b5274d6.ugb-columns{background-image:url(https:\/\/cdn.aivie.ch\/media\/wp\/2021\/06\/19131703\/pattern-u-960w.png);background-position:bottom left;background-repeat:no-repeat;background-size:40% !important}.ugb-b5274d6.ugb-columns:before{opacity:0.5}@media screen and (min-width:768px){.ugb-b5274d6.ugb-columns{padding-right:35px !important}}<\/style><div class=\"ugb-inner-block ugb-inner-block--center\"><div class=\"ugb-block-content\"><div class=\"ugb-columns__item ugb-b5274d6-content-wrapper\">\n<div class=\"wp-block-ugb-column ugb-column ugb-2cbff60 ugb-column--design-plain ugb-main-block\"><style>@media screen and (min-width:768px){.ugb-2cbff60 > .ugb-inner-block > .ugb-block-content > *{justify-content:flex-start}}.ugb-2cbff60 > .ugb-inner-block > .ugb-block-content > *{justify-content:flex-start !important}@media screen and (min-width:768px){.ugb-2cbff60 > .ugb-inner-block > .ugb-block-content > *{padding-top:80px !important}}<\/style><div class=\"ugb-inner-block\"><div class=\"ugb-block-content\"><div class=\"ugb-column__item ugb-2cbff60-column-wrapper\"><div class=\"ugb-column__content-wrapper\">\n<figure class=\"wp-block-image size-full\"><img loading=\"lazy\" decoding=\"async\" width=\"1920\" height=\"1280\" src=\"https:\/\/cdn.aivie.ch\/media\/wp\/2021\/11\/19131450\/Partnerprogramm_HighFive-2.jpg\" alt=\"\" class=\"wp-image-3461\" title=\"\" srcset=\"https:\/\/cdn.aivie.ch\/media\/wp\/2021\/11\/19131450\/Partnerprogramm_HighFive-2.jpg 1920w, https:\/\/cdn.aivie.ch\/media\/wp\/2021\/11\/19131450\/Partnerprogramm_HighFive-2-960x640.jpg 960w, https:\/\/cdn.aivie.ch\/media\/wp\/2021\/11\/19131450\/Partnerprogramm_HighFive-2-768x512.jpg 768w, https:\/\/cdn.aivie.ch\/media\/wp\/2021\/11\/19131450\/Partnerprogramm_HighFive-2-1200x800.jpg 1200w, https:\/\/cdn.aivie.ch\/media\/wp\/2021\/11\/19131450\/Partnerprogramm_HighFive-2-480x320.jpg 480w, https:\/\/cdn.aivie.ch\/media\/wp\/2021\/11\/19131450\/Partnerprogramm_HighFive-2-600x400.jpg 600w\" sizes=\"auto, (max-width: 1920px) 100vw, 1920px\" \/><\/figure>\n\n\n\n<p><\/p>\n<\/div><\/div><\/div><\/div><\/div>\n\n\n\n<div class=\"wp-block-ugb-column ugb-column ugb-be25487 ugb-column--design-plain ugb-main-block\"><div class=\"ugb-inner-block\"><div class=\"ugb-block-content\"><div class=\"ugb-column__item ugb-be25487-column-wrapper\"><div class=\"ugb-column__content-wrapper\">\n<div class=\"wp-block-ugb-heading ugb-heading ugb-1dd3077 ugb-main-block\"><div class=\"ugb-inner-block\"><div class=\"ugb-block-content\"><h1 class=\"ugb-heading__title\"><br\/><br\/>Le d\u00e9veloppement durable chez Aivie<\/h1><p class=\"ugb-heading__subtitle\"><strong>Conscient, num\u00e9rique, responsable.<\/strong><br\/>En tant qu&rsquo;entreprise num\u00e9rique, nous avons la possibilit\u00e9 \u2013 et la responsabilit\u00e9 \u2013 de prendre des d\u00e9cisions durables. Pour nous, la durabilit\u00e9 n&rsquo;est pas seulement synonyme de conscience environnementale, mais aussi de gestion responsable des donn\u00e9es, des ressources et des personnes. Nous voulons d\u00e9velopper une technologie qui agit sur le long terme et qui est utilis\u00e9e de mani\u00e8re consciente.  <\/p><\/div><\/div><\/div>\n<\/div><\/div><\/div><\/div><\/div>\n<\/div><\/div><\/div><\/div>\n\n<div class=\"wp-block-ugb-container ugb-container ugb-4e30a13 ugb-container--v2 ugb-container--design-basic ugb-main-block\"><style>.ugb-4e30a13-wrapper > .ugb-container__side{align-items:center !important}@media screen and (min-width:768px){.ugb-4e30a13-content-wrapper.ugb-container__content-wrapper{width:90% !important}}<\/style><div class=\"ugb-inner-block\"><div class=\"ugb-block-content\"><div class=\"ugb-container__wrapper ugb-4e30a13-wrapper\"><div class=\"ugb-container__side\"><div class=\"ugb-container__content-wrapper ugb-4e30a13-content-wrapper\">\n<h2 class=\"wp-block-heading has-text-align-center\"><span style=\"color: #e63312;\" class=\"stk-highlight\">Comment vivons-nous le d\u00e9veloppement durable ?<\/span><\/h2>\n\n\n\n<p class=\"has-text-align-center\">Aivie est distante, num\u00e9rique et ind\u00e9pendante. Cela nous permet de mettre en place des processus all\u00e9g\u00e9s, de prendre des d\u00e9cisions rapides et de travailler avec une faible empreinte \u00e9cologique. En m\u00eame temps, nous croyons que la technologie durable est une meilleure technologie : efficace, transparente, durable et \u00e9quitable.  <\/p>\n<\/div><\/div><\/div><\/div><\/div><\/div>\n\n<div class=\"alignfull wp-block-ugb-columns ugb-columns ugb-eb3f722 ugb-columns--design-plain ugb-columns--columns-2 ugb-main-block ugb-main-block--inner-wide ugb--has-block-background\" id=\"nachhaltig\"><style>.ugb-eb3f722 > .ugb-inner-block > .ugb-block-content > .ugb-columns__item{grid-template-columns:0.66fr 1.34fr !important}.ugb-eb3f722-content-wrapper{grid-column-gap:60px !important}.ugb-eb3f722.ugb-columns{background-color:#cfe7e1}.ugb-eb3f722.ugb-columns:before{background-color:#cfe7e1}<\/style><div class=\"ugb-inner-block ugb-inner-block--wide\"><div class=\"ugb-block-content\"><div class=\"ugb-columns__item ugb-eb3f722-content-wrapper\">\n<div class=\"wp-block-ugb-column ugb-column ugb-865ce1d ugb-column--design-plain ugb-main-block\"><style>@media screen and (min-width:768px){.ugb-865ce1d.ugb-column{margin-top:0px !important}.ugb-865ce1d > .ugb-inner-block > .ugb-block-content > *{justify-content:flex-end}}.ugb-865ce1d > .ugb-inner-block > .ugb-block-content > *{justify-content:flex-end !important}@media screen and (min-width:768px){.ugb-865ce1d > .ugb-inner-block > .ugb-block-content > *{padding-top:0px !important;padding-bottom:0px !important;padding-right:0px !important;padding-left:0px !important}}<\/style><div class=\"ugb-inner-block\"><div class=\"ugb-block-content\"><div class=\"ugb-column__item ugb-865ce1d-column-wrapper\"><div class=\"ugb-column__content-wrapper\">\n<figure class=\"wp-block-image aligncenter size-thumbnail is-style-default\"><img loading=\"lazy\" decoding=\"async\" width=\"240\" height=\"240\" src=\"https:\/\/cdn.aivie.ch\/media\/wp\/2022\/05\/03100652\/blattrot-240x240.png\" alt=\"\" class=\"wp-image-7152\" title=\"\" srcset=\"https:\/\/cdn.aivie.ch\/media\/wp\/2022\/05\/03100652\/blattrot-240x240.png 240w, https:\/\/cdn.aivie.ch\/media\/wp\/2022\/05\/03100652\/blattrot-960x960.png 960w, https:\/\/cdn.aivie.ch\/media\/wp\/2022\/05\/03100652\/blattrot-1920x1920.png 1920w, https:\/\/cdn.aivie.ch\/media\/wp\/2022\/05\/03100652\/blattrot-768x768.png 768w, https:\/\/cdn.aivie.ch\/media\/wp\/2022\/05\/03100652\/blattrot-900x900.png 900w, https:\/\/cdn.aivie.ch\/media\/wp\/2022\/05\/03100652\/blattrot-1200x1200.png 1200w, https:\/\/cdn.aivie.ch\/media\/wp\/2022\/05\/03100652\/blattrot-480x480.png 480w, https:\/\/cdn.aivie.ch\/media\/wp\/2022\/05\/03100652\/blattrot-300x300.png 300w, https:\/\/cdn.aivie.ch\/media\/wp\/2022\/05\/03100652\/blattrot-600x600.png 600w, https:\/\/cdn.aivie.ch\/media\/wp\/2022\/05\/03100652\/blattrot-100x100.png 100w\" sizes=\"auto, (max-width: 240px) 100vw, 240px\" \/><\/figure>\n\n\n\n<div class=\"wp-block-ugb-spacer ugb-spacer ugb-5dcaa5c ugb-spacer--v2 ugb-main-block\"><style>@media screen and (min-width:768px){.ugb-5dcaa5c.ugb-spacer{height:40px !important}}<\/style><div class=\"ugb-inner-block\"><div class=\"ugb-block-content\"><div class=\"ugb-spacer--inner\"><\/div><\/div><\/div><\/div>\n<\/div><\/div><\/div><\/div><\/div>\n\n\n\n<div class=\"wp-block-ugb-column ugb-column ugb-d195bca ugb-column--design-plain ugb-main-block\"><div class=\"ugb-inner-block\"><div class=\"ugb-block-content\"><div class=\"ugb-column__item ugb-d195bca-column-wrapper\"><div class=\"ugb-column__content-wrapper\">\n<div class=\"wp-block-ugb-heading ugb-heading ugb-959ec87 ugb-main-block\"><style>.ugb-959ec87 .ugb-heading__title{color:#283e4c}<\/style><div class=\"ugb-inner-block\"><div class=\"ugb-block-content\"><h2 class=\"ugb-heading__title\"><span style=\"color: #283e4c;\" class=\"ugb-highlight\">Neutralit\u00e9 climatique<\/span><\/h2><p class=\"ugb-heading__subtitle\">Nous sommes sur la voie de la neutralit\u00e9 climatique et choisissons d\u00e9lib\u00e9r\u00e9ment nos serveurs en fonction de leurs faibles \u00e9missions<sub>de CO2<\/sub>. Nous les rendons \u00e9galement transparentes pour les produits. Actuellement, la grande majorit\u00e9 d&rsquo;Aivie est h\u00e9berg\u00e9e \u00e0 Zurich, o\u00f9 le taux de durabilit\u00e9 est de 98%. D&rsquo;ici 2030, nous aurons atteint la neutralit\u00e9 climatique. <br\/><br\/>Le choix de l&#8217;emplacement du serveur vous appartient toujours en tant que client.<br\/><br\/>Tu as des questions \u00e0 ce sujet ?<br\/><br\/><a href=\"https:\/\/aivie.ch\/fr\/contact\/\">Alors n&rsquo;h\u00e9site pas \u00e0 te manifester.<\/a><\/p><\/div><\/div><\/div>\n<\/div><\/div><\/div><\/div><\/div>\n<\/div><\/div><\/div><\/div>\n\n<div class=\"wp-block-ugb-container ugb-container ugb-b30131e ugb-container--v2 ugb-container--design-basic ugb-main-block\"><style>@media screen and (min-width:768px){.ugb-b30131e-content-wrapper.ugb-container__content-wrapper{width:90% !important}}<\/style><div class=\"ugb-inner-block\"><div class=\"ugb-block-content\"><div class=\"ugb-container__wrapper ugb-b30131e-wrapper\"><div class=\"ugb-container__side\"><div class=\"ugb-container__content-wrapper ugb-b30131e-content-wrapper\">\n<h2 class=\"wp-block-heading has-text-align-center\">Pourquoi le d\u00e9veloppement durable est important pour nous<\/h2>\n\n\n\n<p class=\"has-text-align-center\">Avec Aivie en tant que technologie num\u00e9rique, nous voulons cr\u00e9er une v\u00e9ritable valeur ajout\u00e9e pour les personnes \u2013 et ce, \u00e0 l&rsquo;\u00e9preuve du temps. La durabilit\u00e9 joue un r\u00f4le essentiel dans les trois th\u00e8mes \u2013 la technologie, les personnes et l&rsquo;avenir \u2013 et nous ne pouvons pas l&rsquo;ignorer. Ce n&rsquo;est qu&rsquo;en nous concentrant sur cet aspect, en tant qu&rsquo;individus et en tant qu&rsquo;entreprise, que nous pourrons atteindre nos objectifs \u00e0 long terme.  <\/p>\n<\/div><\/div><\/div><\/div><\/div><\/div>\n\n<div class=\"alignfull wp-block-ugb-columns ugb-columns aiv-lead-center ugb-2d251c0 ugb-columns--design-plain ugb-columns--columns-4 ugb-main-block ugb-main-block--inner-center ugb--has-block-background ugb--has-background-overlay\"><style>.ugb-2d251c0.ugb-columns{background-color:#EFF0F1;background-image:url(https:\/\/cdn.aivie.ch\/media\/wp\/2021\/06\/19131659\/pattern-mario-480w.png);background-position:bottom left;background-repeat:no-repeat;background-size:523px !important}.ugb-2d251c0.ugb-columns:before{background-color:#EFF0F1;opacity:0.5}<\/style><div class=\"ugb-inner-block ugb-inner-block--center\"><h2 class=\"ugb-block-title ugb-block-title--with-subtitle\"><br>Ce que nous faisons concr\u00e8tement<\/h2><p class=\"ugb-block-description\">Le marketing durable permet d&rsquo;\u00e9conomiser des ressources \u2013 et du budget.<\/p><div class=\"ugb-block-content\"><div class=\"ugb-columns__item ugb-2d251c0-content-wrapper\">\n<div class=\"wp-block-ugb-column ugb-column ugb-4bb3ddb ugb-column--design-plain ugb-main-block\"><div class=\"ugb-inner-block\"><div class=\"ugb-block-content\"><div class=\"ugb-column__item ugb-4bb3ddb-column-wrapper\"><div class=\"ugb-column__content-wrapper\">\n<h3 class=\"wp-block-heading\" id=\"h-digital-nachhaltig-arbeiten\">Travailler de mani\u00e8re durable avec le num\u00e9rique<\/h3>\n\n\n\n<ul class=\"wp-block-list\">\n<li>Nous h\u00e9bergeons sur des infrastructures qui sont exploit\u00e9es de mani\u00e8re efficace sur le plan \u00e9nerg\u00e9tique.<\/li>\n\n\n\n<li>Notre logiciel est con\u00e7u pour \u00eatre \u00e9conome en ressources.<\/li>\n\n\n\n<li>Nous appliquons des normes d&rsquo;\u00e9conomie de donn\u00e9es et \u00e9vitons tout traitement inutile des donn\u00e9es.<\/li>\n<\/ul>\n<\/div><\/div><\/div><\/div><\/div>\n\n\n\n<div class=\"wp-block-ugb-column ugb-column ugb-831eadb ugb-column--design-plain ugb-main-block\"><div class=\"ugb-inner-block\"><div class=\"ugb-block-content\"><div class=\"ugb-column__item ugb-831eadb-column-wrapper\"><div class=\"ugb-column__content-wrapper\">\n<h3 class=\"wp-block-heading\" id=\"h-remote-first-reduziert-emissionen\">Remote-First r\u00e9duit les \u00e9missions<\/h3>\n\n\n\n<ul class=\"wp-block-list\">\n<li>Pas d&rsquo;espaces de bureaux \u2192 faible consommation de CO\u2082<\/li>\n\n\n\n<li>Pas de trajets quotidiens<\/li>\n\n\n\n<li>Des r\u00e9unions num\u00e9riques plut\u00f4t que des d\u00e9placements, chaque fois que cela est utile<\/li>\n<\/ul>\n<\/div><\/div><\/div><\/div><\/div>\n\n\n\n<div class=\"wp-block-ugb-column ugb-column ugb-d213f15 ugb-column--design-plain ugb-main-block\"><div class=\"ugb-inner-block\"><div class=\"ugb-block-content\"><div class=\"ugb-column__item ugb-d213f15-column-wrapper\"><div class=\"ugb-column__content-wrapper\">\n<h3 class=\"wp-block-heading\" id=\"h-papierlose-und-effiziente-prozesse\">Des processus efficaces et sans papier<\/h3>\n\n\n\n<ul class=\"wp-block-list\">\n<li>Nous travaillons de mani\u00e8re enti\u00e8rement num\u00e9rique : contrats, factures, documentation.<\/li>\n\n\n\n<li>Outils internes minimaux, choix conscient et utilisation durable.<\/li>\n<\/ul>\n<\/div><\/div><\/div><\/div><\/div>\n\n\n\n<div class=\"wp-block-ugb-column ugb-column ugb-ba536ed ugb-column--design-plain ugb-main-block\"><div class=\"ugb-inner-block\"><div class=\"ugb-block-content\"><div class=\"ugb-column__item ugb-ba536ed-column-wrapper\"><div class=\"ugb-column__content-wrapper\">\n<h3 class=\"wp-block-heading\" id=\"h-nachhaltiges-marketing-fur-unsere-kund-innen\">Un marketing durable pour nos clients<\/h3>\n\n\n\n<p>Aivie aide les entreprises \u00e0 <strong>cr\u00e9er leurs propres canaux de communication ind\u00e9pendants<\/strong>.<\/p>\n\n\n\n<p>Cela signifie que<\/p>\n\n\n\n<ul class=\"wp-block-list\">\n<li>des relations \u00e0 long terme plut\u00f4t que des campagnes \u00e0 court terme<\/li>\n\n\n\n<li>moins de d\u00e9pendance vis-\u00e0-vis de plateformes co\u00fbteuses et gourmandes en donn\u00e9es<\/li>\n\n\n\n<li>une communication cibl\u00e9e plut\u00f4t qu&rsquo;un envoi en masse<\/li>\n<\/ul>\n<\/div><\/div><\/div><\/div><\/div>\n<\/div><\/div><\/div><\/div>\n\n<div class=\"alignfull wp-block-ugb-columns ugb-columns ugb-091e990 ugb-columns--design-plain ugb-columns--columns-2 ugb-main-block ugb-main-block--inner-center ugb--has-block-background\"><style>.ugb-091e990-content-wrapper{grid-column-gap:60px !important}.ugb-091e990.ugb-columns{background-color:#cfe7e1}.ugb-091e990.ugb-columns:before{background-color:#cfe7e1}<\/style><div class=\"ugb-inner-block ugb-inner-block--center\"><div class=\"ugb-block-content\"><div class=\"ugb-columns__item ugb-091e990-content-wrapper\">\n<div class=\"wp-block-ugb-column ugb-column ugb-d6f33f0 ugb-column--design-plain ugb-main-block\"><style>@media screen and (min-width:768px){.ugb-d6f33f0.ugb-column{margin-top:0px !important}.ugb-d6f33f0 > .ugb-inner-block > .ugb-block-content > *{justify-content:flex-end}}.ugb-d6f33f0 > .ugb-inner-block > .ugb-block-content > *{justify-content:flex-end !important}@media screen and (min-width:768px){.ugb-d6f33f0 > .ugb-inner-block > .ugb-block-content > *{padding-top:0px !important;padding-bottom:0px !important;padding-right:0px !important;padding-left:0px !important}}<\/style><div class=\"ugb-inner-block\"><div class=\"ugb-block-content\"><div class=\"ugb-column__item ugb-d6f33f0-column-wrapper\"><div class=\"ugb-column__content-wrapper\">\n<div class=\"wp-block-ugb-heading ugb-heading ugb-48550e9 ugb-main-block\"><div class=\"ugb-inner-block\"><div class=\"ugb-block-content\"><h2 class=\"ugb-heading__title\"><span style=\"color: #e63312;\" class=\"stk-highlight\">Ne fais pas attendre tes contacts.<\/span><\/h2><\/div><\/div><\/div>\n\n\n\n<figure class=\"wp-block-image size-full is-style-default\"><img decoding=\"async\" src=\"https:\/\/cdn.aivie.ch\/media\/wp\/2022\/09\/06100554\/Aivie-Free.webp\" alt=\"Marketing Automation Aivie-Free\" class=\"wp-image-11417\" title=\"\"><\/figure>\n<\/div><\/div><\/div><\/div><\/div>\n\n\n\n<div class=\"wp-block-ugb-column ugb-column ugb-6da6590 ugb-column--design-plain ugb-main-block\"><div class=\"ugb-inner-block\"><div class=\"ugb-block-content\"><div class=\"ugb-column__item ugb-6da6590-column-wrapper\"><div class=\"ugb-column__content-wrapper\">\n<div class=\"wp-block-ugb-heading ugb-heading ugb-dab8255 ugb-main-block\"><style>.ugb-dab8255 .ugb-heading__title{color:#283e4c}<\/style><div class=\"ugb-inner-block\"><div class=\"ugb-block-content\"><h2 class=\"ugb-heading__title\"><span style=\"color: #283e4c;\" class=\"ugb-highlight\">D\u00e9marrer gratuitement avec Aivie<\/span>.<\/h2><p class=\"ugb-heading__subtitle\">Utilisez Aivie gratuitement pendant 30 jours et d\u00e9couvrez comment Aivie peut vous aider \u00e0 cibler vos contacts. Aivie vous offre toutes les possibilit\u00e9s de la version compl\u00e8te d\u00e8s la version d&rsquo;essai. <br\/><br\/>Essayez-le maintenant.<\/p><\/div><\/div><\/div>\n\n\n\n<div class=\"wp-block-ugb-button ugb-button-wrapper ugb-f7ceaee ugb-main-block\"><style>.ugb-f7ceaee .ugb-block-content{justify-content:flex-start !important}.ugb-f7ceaee .ugb-inner-block{text-align:left}<\/style><div class=\"ugb-inner-block\"><div class=\"ugb-block-content\"><div class=\"ugb-button-container\"><a class=\"ugb-button1 ugb-button ugb-button--size-normal\" href=\"https:\/\/aivie.ch\/fr\/prix-et-forfaits\/#price\" rel=\"\" title=\"\"><span class=\"ugb-button--inner\">D\u00e9marrer gratuitement<\/span><\/a><\/div><div class=\"ugb-button-container\"><a class=\"ugb-button2 ugb-button ugb-button--size-normal ugb-button--design-plain\" href=\"https:\/\/aivie.ch\/author\/martin\/\" rel=\"\" title=\"\"><span class=\"ugb-button--inner\">Organiser une d\u00e9mo<\/span><\/a><\/div><\/div><\/div><\/div>\n<\/div><\/div><\/div><\/div><\/div>\n<\/div><\/div><\/div><\/div>\n","protected":false},"excerpt":{"rendered":"<p>Le d\u00e9veloppement durable chez Aivie Conscient, num\u00e9rique, responsable.En tant qu&rsquo;entreprise num\u00e9rique, nous avons la possibilit\u00e9 \u2013 et la responsabilit\u00e9 \u2013 de prendre des d\u00e9cisions durables. Pour nous, la durabilit\u00e9 n&rsquo;est pas seulement synonyme de conscience environnementale, mais aussi de gestion responsable des donn\u00e9es, des ressources et des personnes. Nous voulons d\u00e9velopper une technologie qui agit &hellip; <a href=\"https:\/\/aivie.ch\/fr\/durabilite\/\" class=\"more-link\">Continuer la lecture de <span class=\"screen-reader-text\">Durabilit\u00e9<\/span><\/a><\/p>\n","protected":false},"author":322,"featured_media":25315,"parent":0,"menu_order":0,"comment_status":"closed","ping_status":"closed","template":"front-page.php","meta":{"_acf_changed":false,"footnotes":""},"class_list":["post-25321","page","type-page","status-publish","has-post-thumbnail","hentry"],"acf":[],"featured_image_urls_v2":{"full":["https:\/\/cdn.aivie.ch\/media\/wp\/2025\/11\/24152516\/hqdefault.jpg",480,360,false],"thumbnail":["https:\/\/cdn.aivie.ch\/media\/wp\/2025\/11\/24152516\/hqdefault-240x240.jpg",240,240,true],"medium":["https:\/\/cdn.aivie.ch\/media\/wp\/2025\/11\/24152516\/hqdefault.jpg",480,360,false],"medium_large":["https:\/\/cdn.aivie.ch\/media\/wp\/2025\/11\/24152516\/hqdefault.jpg",480,360,false],"large":["https:\/\/cdn.aivie.ch\/media\/wp\/2025\/11\/24152516\/hqdefault.jpg",480,360,false],"post-thumbnail":["https:\/\/cdn.aivie.ch\/media\/wp\/2025\/11\/24152516\/hqdefault.jpg",480,360,false],"aiv_480w":["https:\/\/cdn.aivie.ch\/media\/wp\/2025\/11\/24152516\/hqdefault.jpg",480,360,false],"woocommerce_thumbnail":["https:\/\/cdn.aivie.ch\/media\/wp\/2025\/11\/24152516\/hqdefault-240x240.jpg",240,240,true],"woocommerce_single":["https:\/\/cdn.aivie.ch\/media\/wp\/2025\/11\/24152516\/hqdefault.jpg",480,360,false],"woocommerce_gallery_thumbnail":["https:\/\/cdn.aivie.ch\/media\/wp\/2025\/11\/24152516\/hqdefault-240x240.jpg",240,240,true]},"post_excerpt_stackable_v2":"<p>Le d\u00e9veloppement durable chez AivieConscient, num\u00e9rique, responsable.En tant qu&rsquo;entreprise num\u00e9rique, nous avons la possibilit\u00e9 \u2013 et la responsabilit\u00e9 \u2013 de prendre des d\u00e9cisions durables. Pour nous, la durabilit\u00e9 n&rsquo;est pas seulement synonyme de conscience environnementale, mais aussi de gestion responsable des donn\u00e9es, des ressources et des personnes. Nous voulons d\u00e9velopper une technologie qui agit sur le long terme et qui est utilis\u00e9e de mani\u00e8re consciente. Comment vivons-nous le d\u00e9veloppement durable ? Aivie est distante, num\u00e9rique et ind\u00e9pendante. Cela nous permet de mettre en place des processus all\u00e9g\u00e9s, de prendre des d\u00e9cisions rapides et de travailler avec une faible empreinte \u00e9cologique.\u2026<\/p>\n","category_list_v2":"","author_info_v2":{"name":"Anja Bienz","url":"https:\/\/aivie.ch\/fr\/author\/anja\/"},"comments_num_v2":"0 commentaire","_links":{"self":[{"href":"https:\/\/aivie.ch\/fr\/wp-json\/wp\/v2\/pages\/25321","targetHints":{"allow":["GET"]}}],"collection":[{"href":"https:\/\/aivie.ch\/fr\/wp-json\/wp\/v2\/pages"}],"about":[{"href":"https:\/\/aivie.ch\/fr\/wp-json\/wp\/v2\/types\/page"}],"author":[{"embeddable":true,"href":"https:\/\/aivie.ch\/fr\/wp-json\/wp\/v2\/users\/322"}],"replies":[{"embeddable":true,"href":"https:\/\/aivie.ch\/fr\/wp-json\/wp\/v2\/comments?post=25321"}],"version-history":[{"count":1,"href":"https:\/\/aivie.ch\/fr\/wp-json\/wp\/v2\/pages\/25321\/revisions"}],"predecessor-version":[{"id":25322,"href":"https:\/\/aivie.ch\/fr\/wp-json\/wp\/v2\/pages\/25321\/revisions\/25322"}],"wp:featuredmedia":[{"embeddable":true,"href":"https:\/\/aivie.ch\/fr\/wp-json\/wp\/v2\/media\/25315"}],"wp:attachment":[{"href":"https:\/\/aivie.ch\/fr\/wp-json\/wp\/v2\/media?parent=25321"}],"curies":[{"name":"wp","href":"https:\/\/api.w.org\/{rel}","templated":true}]}}