{"id":17187,"date":"2023-12-15T05:41:19","date_gmt":"2023-12-15T03:41:19","guid":{"rendered":"https:\/\/aivie.ch\/aivie-email-setup-succes\/"},"modified":"2024-02-13T16:16:37","modified_gmt":"2024-02-13T14:16:37","slug":"aivie-email-setup-succes","status":"publish","type":"page","link":"https:\/\/aivie.ch\/fr\/aivie-email-setup-succes\/","title":{"rendered":"Aivie Email Setup Succ\u00e8s"},"content":{"rendered":"\n<div class=\"alignfull wp-block-ugb-container ugb-container ugb-d2af22f ugb-container--v2 ugb-container--design-plain ugb-main-block ugb-main-block--inner-center ugb--has-block-background ugb--has-background-overlay\"><style>.ugb-d2af22f.ugb-container{background-image:url(https:\/\/cdn.aivie.ch\/media\/wp\/2021\/06\/19131703\/pattern-u-960w.png);background-position:bottom right;background-repeat:no-repeat;background-size:40% !important}.ugb-d2af22f.ugb-container:before{opacity:0.5}@media screen and (min-width:768px){.ugb-d2af22f-content-wrapper.ugb-container__content-wrapper{width:90% !important}.ugb-d2af22f.ugb-container{margin-top:0px !important;padding-top:0px !important;padding-right:35px !important;padding-left:35px !important}}<\/style><div class=\"ugb-inner-block ugb-inner-block--center\"><div class=\"ugb-block-content\"><div class=\"ugb-container__wrapper ugb-d2af22f-wrapper\"><div class=\"ugb-container__side\"><div class=\"ugb-container__content-wrapper ugb-d2af22f-content-wrapper\">\n<div class=\"wp-block-ugb-heading ugb-heading ugb-5431ba5 ugb-main-block\"><style>.ugb-5431ba5 .ugb-heading__title{text-align:center}.ugb-5431ba5 .ugb-inner-block{text-align:center}<\/style><div class=\"ugb-inner-block\"><div class=\"ugb-block-content\"><h1 class=\"ugb-heading__title\">La configuration du courrier \u00e9lectronique a fonctionn\u00e9 ! En route pour la derni\u00e8re \u00e9tape.<\/h1><p class=\"ugb-heading__subtitle\">Ton adresse e-mail a \u00e9t\u00e9 v\u00e9rifi\u00e9e avec succ\u00e8s et Aivie peut maintenant envoyer des e-mails avec ton exp\u00e9diteur. La derni\u00e8re \u00e9tape consiste \u00e0 mettre en place tes mod\u00e8les d&rsquo;e-mails personnels, afin que ta communication soit toujours \u00e0 ton image.<\/p><\/div><\/div><\/div>\n\n\n\n<div class=\"wp-block-stackable-button-group stk-block-button-group stk-block stk-a95e9e1\" data-block-id=\"a95e9e1\"><div class=\"stk-row stk-inner-blocks has-text-align-center stk-block-content stk-button-group\">\n<div class=\"wp-block-stackable-button stk-block-button has-text-align-center stk-block stk-c376476\" data-block-id=\"c376476\"><a class=\"stk-link stk-button stk--hover-effect-darken\" href=\"https:\/\/aivie.ch\/fr\/configuration-du-modele-aivie\/\"><span class=\"stk-button__inner-text\">Derni\u00e8re \u00e9tape de configuration<\/span><\/a><\/div>\n<\/div><\/div>\n<\/div><\/div><\/div><\/div><\/div><\/div>\n","protected":false},"excerpt":{"rendered":"<p>La configuration du courrier \u00e9lectronique a fonctionn\u00e9 ! En route pour la derni\u00e8re \u00e9tape. Ton adresse e-mail a \u00e9t\u00e9 v\u00e9rifi\u00e9e avec succ\u00e8s et Aivie peut maintenant envoyer des e-mails avec ton exp\u00e9diteur. La derni\u00e8re \u00e9tape consiste \u00e0 mettre en place tes mod\u00e8les d&rsquo;e-mails personnels, afin que ta communication soit toujours \u00e0 ton image. Derni\u00e8re \u00e9tape &hellip; <a href=\"https:\/\/aivie.ch\/fr\/aivie-email-setup-succes\/\" class=\"more-link\">Continuer la lecture de <span class=\"screen-reader-text\">Aivie Email Setup Succ\u00e8s<\/span><\/a><\/p>\n","protected":false},"author":1,"featured_media":0,"parent":0,"menu_order":0,"comment_status":"closed","ping_status":"closed","template":"front-page.php","meta":{"_acf_changed":false,"footnotes":""},"class_list":["post-17187","page","type-page","status-publish","hentry"],"acf":[],"featured_image_urls_v2":{"full":"","thumbnail":"","medium":"","medium_large":"","large":"","post-thumbnail":"","aiv_480w":"","woocommerce_thumbnail":"","woocommerce_single":"","woocommerce_gallery_thumbnail":""},"post_excerpt_stackable_v2":"<p>La configuration du courrier \u00e9lectronique a fonctionn\u00e9 ! En route pour la derni\u00e8re \u00e9tape.Ton adresse e-mail a \u00e9t\u00e9 v\u00e9rifi\u00e9e avec succ\u00e8s et Aivie peut maintenant envoyer des e-mails avec ton exp\u00e9diteur. La derni\u00e8re \u00e9tape consiste \u00e0 mettre en place tes mod\u00e8les d&rsquo;e-mails personnels, afin que ta communication soit toujours \u00e0 ton image. Derni\u00e8re \u00e9tape de configuration<\/p>\n","category_list_v2":"","author_info_v2":{"name":"Adrian Schimpf","url":"https:\/\/aivie.ch\/fr\/author\/adrian\/"},"comments_num_v2":"0 commentaire","_links":{"self":[{"href":"https:\/\/aivie.ch\/fr\/wp-json\/wp\/v2\/pages\/17187","targetHints":{"allow":["GET"]}}],"collection":[{"href":"https:\/\/aivie.ch\/fr\/wp-json\/wp\/v2\/pages"}],"about":[{"href":"https:\/\/aivie.ch\/fr\/wp-json\/wp\/v2\/types\/page"}],"author":[{"embeddable":true,"href":"https:\/\/aivie.ch\/fr\/wp-json\/wp\/v2\/users\/1"}],"replies":[{"embeddable":true,"href":"https:\/\/aivie.ch\/fr\/wp-json\/wp\/v2\/comments?post=17187"}],"version-history":[{"count":2,"href":"https:\/\/aivie.ch\/fr\/wp-json\/wp\/v2\/pages\/17187\/revisions"}],"predecessor-version":[{"id":17200,"href":"https:\/\/aivie.ch\/fr\/wp-json\/wp\/v2\/pages\/17187\/revisions\/17200"}],"wp:attachment":[{"href":"https:\/\/aivie.ch\/fr\/wp-json\/wp\/v2\/media?parent=17187"}],"curies":[{"name":"wp","href":"https:\/\/api.w.org\/{rel}","templated":true}]}}