{"id":17178,"date":"2023-12-15T05:41:15","date_gmt":"2023-12-15T03:41:15","guid":{"rendered":"https:\/\/aivie.ch\/loi-sur-la-protection-des-donnees-questions\/"},"modified":"2023-12-15T05:41:18","modified_gmt":"2023-12-15T03:41:18","slug":"loi-sur-la-protection-des-donnees-questions","status":"publish","type":"page","link":"https:\/\/aivie.ch\/fr\/loi-sur-la-protection-des-donnees-questions\/","title":{"rendered":"Loi sur la protection des donn\u00e9es Questions"},"content":{"rendered":"\n<div style=\"height:135px\" aria-hidden=\"true\" class=\"wp-block-spacer\"><\/div>\n\n<h1 class=\"wp-block-heading\" id=\"h-welche-fragen-hast-du-zum-thema-datenschutz\">Quelles sont tes questions sur la protection des donn\u00e9es ?<\/h1>\n\n<p>Il suffit de nous \u00e9crire et nous les examinerons avec nos experts juridiques. Tu obtiendras les r\u00e9ponses \u00e0 ces questions lors du prochain <a href=\"https:\/\/aivie.ch\/fr\/webinaire-sur-la-protection-des-donnees\/\" target=\"_blank\" rel=\"noreferrer noopener\">webinaire<\/a>.<\/p>\n<script type=\"text\/javascript\" src=\"https:\/\/m.aivie.ch\/form\/generate.js?id=90\"><\/script>\n\n<div style=\"height:58px\" aria-hidden=\"true\" class=\"wp-block-spacer\"><\/div>\n","protected":false},"excerpt":{"rendered":"<p>Quelles sont tes questions sur la protection des donn\u00e9es ? Il suffit de nous \u00e9crire et nous les examinerons avec nos experts juridiques. Tu obtiendras les r\u00e9ponses \u00e0 ces questions lors du prochain webinaire.<\/p>\n","protected":false},"author":1,"featured_media":0,"parent":0,"menu_order":0,"comment_status":"closed","ping_status":"closed","template":"front-page.php","meta":{"_acf_changed":false,"footnotes":""},"class_list":["post-17178","page","type-page","status-publish","hentry"],"acf":[],"featured_image_urls_v2":{"full":"","thumbnail":"","medium":"","medium_large":"","large":"","post-thumbnail":"","aiv_480w":"","woocommerce_thumbnail":"","woocommerce_single":"","woocommerce_gallery_thumbnail":""},"post_excerpt_stackable_v2":"<p>Quelles sont tes questions sur la protection des donn\u00e9es ? Il suffit de nous \u00e9crire et nous les examinerons avec nos experts juridiques. Tu obtiendras les r\u00e9ponses \u00e0 ces questions lors du prochain webinaire.<\/p>\n","category_list_v2":"","author_info_v2":{"name":"Adrian Schimpf","url":"https:\/\/aivie.ch\/fr\/author\/adrian\/"},"comments_num_v2":"0 commentaire","_links":{"self":[{"href":"https:\/\/aivie.ch\/fr\/wp-json\/wp\/v2\/pages\/17178","targetHints":{"allow":["GET"]}}],"collection":[{"href":"https:\/\/aivie.ch\/fr\/wp-json\/wp\/v2\/pages"}],"about":[{"href":"https:\/\/aivie.ch\/fr\/wp-json\/wp\/v2\/types\/page"}],"author":[{"embeddable":true,"href":"https:\/\/aivie.ch\/fr\/wp-json\/wp\/v2\/users\/1"}],"replies":[{"embeddable":true,"href":"https:\/\/aivie.ch\/fr\/wp-json\/wp\/v2\/comments?post=17178"}],"version-history":[{"count":1,"href":"https:\/\/aivie.ch\/fr\/wp-json\/wp\/v2\/pages\/17178\/revisions"}],"predecessor-version":[{"id":17185,"href":"https:\/\/aivie.ch\/fr\/wp-json\/wp\/v2\/pages\/17178\/revisions\/17185"}],"wp:attachment":[{"href":"https:\/\/aivie.ch\/fr\/wp-json\/wp\/v2\/media?parent=17178"}],"curies":[{"name":"wp","href":"https:\/\/api.w.org\/{rel}","templated":true}]}}