{"id":17156,"date":"2023-12-15T05:41:05","date_gmt":"2023-12-15T03:41:05","guid":{"rendered":"https:\/\/aivie.ch\/ton-histoire-de-noel-personnelle\/"},"modified":"2023-12-15T05:41:10","modified_gmt":"2023-12-15T03:41:10","slug":"ton-histoire-de-noel-personnelle","status":"publish","type":"page","link":"https:\/\/aivie.ch\/fr\/ton-histoire-de-noel-personnelle\/","title":{"rendered":"Ton histoire de No\u00ebl personnelle"},"content":{"rendered":"\n<div class=\"alignfull wp-block-ugb-columns ugb-columns ugb-f174274 ugb-columns--design-plain ugb-columns--columns-2 ugb-main-block ugb-main-block--inner-center ugb--has-block-background ugb--has-background-overlay\"><style>.ugb-f174274 > .ugb-inner-block > .ugb-block-content > .ugb-columns__item{grid-template-columns:0.88fr 1.12fr !important}.ugb-f174274.ugb-columns{background-image:url(https:\/\/cdn.aivie.ch\/media\/wp\/2021\/06\/19131702\/pattern-company-960w.png);background-position:top left;background-repeat:no-repeat;background-size:47% !important}.ugb-f174274.ugb-columns:before{opacity:0.5}<\/style><div class=\"ugb-inner-block ugb-inner-block--center\"><div class=\"ugb-block-content\"><div class=\"ugb-columns__item ugb-f174274-content-wrapper\">\n<div class=\"wp-block-ugb-column ugb-column ugb-3b6a10a ugb-column--design-plain ugb-main-block\"><div class=\"ugb-inner-block\"><div class=\"ugb-block-content\"><div class=\"ugb-column__item ugb-3b6a10a-column-wrapper\"><div class=\"ugb-column__content-wrapper\">\n<figure class=\"wp-block-image size-full\"><img loading=\"lazy\" decoding=\"async\" width=\"800\" height=\"1000\" src=\"https:\/\/cdn.aivie.ch\/media\/wp\/2022\/12\/13151942\/Website-Pictures-800x1000-1.png\" alt=\"histoire de No&#xEB;l personnelle&#010;\" class=\"wp-image-12468\" title=\"\" srcset=\"https:\/\/cdn.aivie.ch\/media\/wp\/2022\/12\/13151942\/Website-Pictures-800x1000-1.png 800w, https:\/\/cdn.aivie.ch\/media\/wp\/2022\/12\/13151942\/Website-Pictures-800x1000-1-768x960.png 768w, https:\/\/cdn.aivie.ch\/media\/wp\/2022\/12\/13151942\/Website-Pictures-800x1000-1-480x600.png 480w\" sizes=\"auto, (max-width: 800px) 100vw, 800px\" \/><\/figure>\n<\/div><\/div><\/div><\/div><\/div>\n\n\n\n<div class=\"wp-block-ugb-column ugb-column ugb-e4b2525 ugb-column--design-plain ugb-main-block\"><style>@media screen and (min-width:768px){.ugb-e4b2525 > .ugb-inner-block > .ugb-block-content > *{justify-content:center}}.ugb-e4b2525 > .ugb-inner-block > .ugb-block-content > *{justify-content:center !important}@media screen and (min-width:768px){.ugb-e4b2525 > .ugb-inner-block > .ugb-block-content > *{padding-top:20px !important;padding-bottom:20px !important;padding-right:20px !important;padding-left:20px !important}}<\/style><div class=\"ugb-inner-block\"><div class=\"ugb-block-content\"><div class=\"ugb-column__item ugb-e4b2525-column-wrapper\"><div class=\"ugb-column__content-wrapper\">\n<div class=\"wp-block-ugb-heading ugb-heading ugb-e1026e4 ugb-main-block\"><div class=\"ugb-inner-block\"><div class=\"ugb-block-content\"><h2 class=\"ugb-heading__title\">Re\u00e7ois ton histoire de No\u00ebl personnelle<\/h2><p class=\"ugb-heading__subtitle\">Et d\u00e9couvre comment sauver h\u00e9ro\u00efquement le No\u00ebl de cette ann\u00e9e. Ecris-nous et nous ferons des rimes pour toi :<\/p><\/div><\/div><\/div>\n\n\n<script type=\"text\/javascript\" src=\"https:\/\/m.aivie.ch\/form\/generate.js?id=81\"><\/script>\n<\/div><\/div><\/div><\/div><\/div>\n<\/div><\/div><\/div><\/div>\n\n<p><\/p>\n","protected":false},"excerpt":{"rendered":"<p>Re\u00e7ois ton histoire de No\u00ebl personnelle Et d\u00e9couvre comment sauver h\u00e9ro\u00efquement le No\u00ebl de cette ann\u00e9e. Ecris-nous et nous ferons des rimes pour toi :<\/p>\n","protected":false},"author":1,"featured_media":0,"parent":0,"menu_order":0,"comment_status":"closed","ping_status":"closed","template":"front-page.php","meta":{"_acf_changed":false,"footnotes":""},"class_list":["post-17156","page","type-page","status-publish","hentry"],"acf":[],"featured_image_urls_v2":{"full":"","thumbnail":"","medium":"","medium_large":"","large":"","post-thumbnail":"","aiv_480w":"","woocommerce_thumbnail":"","woocommerce_single":"","woocommerce_gallery_thumbnail":""},"post_excerpt_stackable_v2":"<p>Re\u00e7ois ton histoire de No\u00ebl personnelleEt d\u00e9couvre comment sauver h\u00e9ro\u00efquement le No\u00ebl de cette ann\u00e9e. Ecris-nous et nous ferons des rimes pour toi :<\/p>\n","category_list_v2":"","author_info_v2":{"name":"Adrian Schimpf","url":"https:\/\/aivie.ch\/fr\/author\/adrian\/"},"comments_num_v2":"0 commentaire","_links":{"self":[{"href":"https:\/\/aivie.ch\/fr\/wp-json\/wp\/v2\/pages\/17156","targetHints":{"allow":["GET"]}}],"collection":[{"href":"https:\/\/aivie.ch\/fr\/wp-json\/wp\/v2\/pages"}],"about":[{"href":"https:\/\/aivie.ch\/fr\/wp-json\/wp\/v2\/types\/page"}],"author":[{"embeddable":true,"href":"https:\/\/aivie.ch\/fr\/wp-json\/wp\/v2\/users\/1"}],"replies":[{"embeddable":true,"href":"https:\/\/aivie.ch\/fr\/wp-json\/wp\/v2\/comments?post=17156"}],"version-history":[{"count":1,"href":"https:\/\/aivie.ch\/fr\/wp-json\/wp\/v2\/pages\/17156\/revisions"}],"predecessor-version":[{"id":17161,"href":"https:\/\/aivie.ch\/fr\/wp-json\/wp\/v2\/pages\/17156\/revisions\/17161"}],"wp:attachment":[{"href":"https:\/\/aivie.ch\/fr\/wp-json\/wp\/v2\/media?parent=17156"}],"curies":[{"name":"wp","href":"https:\/\/api.w.org\/{rel}","templated":true}]}}