{"id":17150,"date":"2023-12-15T05:41:02","date_gmt":"2023-12-15T03:41:02","guid":{"rendered":"https:\/\/aivie.ch\/market-dings-automa-wissschon\/"},"modified":"2023-12-15T05:41:27","modified_gmt":"2023-12-15T03:41:27","slug":"market-dings-automa-wissschon","status":"publish","type":"page","link":"https:\/\/aivie.ch\/fr\/market-dings-automa-wissschon\/","title":{"rendered":"Market-dings Automa-wissschon"},"content":{"rendered":"\n<div class=\"alignfull wp-block-ugb-columns ugb-columns ugb-f174274 ugb-columns--design-plain ugb-columns--columns-2 ugb-main-block ugb-main-block--inner-center ugb--has-block-background ugb--has-background-overlay\"><style>.ugb-f174274.ugb-columns{background-image:url(https:\/\/cdn.aivie.ch\/media\/wp\/2021\/06\/19131702\/pattern-company-960w.png);background-position:top left;background-repeat:no-repeat;background-size:47% !important}.ugb-f174274.ugb-columns:before{opacity:0.5}<\/style><div class=\"ugb-inner-block ugb-inner-block--center\"><div class=\"ugb-block-content\"><div class=\"ugb-columns__item ugb-f174274-content-wrapper\">\n<div class=\"wp-block-ugb-column ugb-column ugb-3b6a10a ugb-column--design-plain ugb-main-block\"><div class=\"ugb-inner-block\"><div class=\"ugb-block-content\"><div class=\"ugb-column__item ugb-3b6a10a-column-wrapper\"><div class=\"ugb-column__content-wrapper\">\n<div style=\"height:44px\" aria-hidden=\"true\" class=\"wp-block-spacer\"><\/div>\n\n\n\n<figure class=\"wp-block-image size-full\"><img loading=\"lazy\" decoding=\"async\" width=\"1819\" height=\"1311\" src=\"https:\/\/cdn.aivie.ch\/media\/wp\/2022\/06\/10143416\/postkarte_Aivie_strand.webp\" alt=\"\" class=\"wp-image-7838\" title=\"\" srcset=\"https:\/\/cdn.aivie.ch\/media\/wp\/2022\/06\/10143416\/postkarte_Aivie_strand.webp 1819w, https:\/\/cdn.aivie.ch\/media\/wp\/2022\/06\/10143416\/postkarte_Aivie_strand-960x692.webp 960w, https:\/\/cdn.aivie.ch\/media\/wp\/2022\/06\/10143416\/postkarte_Aivie_strand-768x554.webp 768w, https:\/\/cdn.aivie.ch\/media\/wp\/2022\/06\/10143416\/postkarte_Aivie_strand-1200x865.webp 1200w, https:\/\/cdn.aivie.ch\/media\/wp\/2022\/06\/10143416\/postkarte_Aivie_strand-480x346.webp 480w, https:\/\/cdn.aivie.ch\/media\/wp\/2022\/06\/10143416\/postkarte_Aivie_strand-600x432.webp 600w\" sizes=\"auto, (max-width: 1819px) 100vw, 1819px\" \/><\/figure>\n<\/div><\/div><\/div><\/div><\/div>\n\n\n\n<div class=\"wp-block-ugb-column ugb-column ugb-e4b2525 ugb-column--design-plain ugb-main-block\"><style>@media screen and (min-width:768px){.ugb-e4b2525 > .ugb-inner-block > .ugb-block-content > *{justify-content:center}}.ugb-e4b2525 > .ugb-inner-block > .ugb-block-content > *{justify-content:center !important}@media screen and (min-width:768px){.ugb-e4b2525 > .ugb-inner-block > .ugb-block-content > *{padding-top:20px !important;padding-bottom:20px !important;padding-right:20px !important;padding-left:20px !important}}<\/style><div class=\"ugb-inner-block\"><div class=\"ugb-block-content\"><div class=\"ugb-column__item ugb-e4b2525-column-wrapper\"><div class=\"ugb-column__content-wrapper\">\n<div class=\"wp-block-ugb-heading ugb-heading ugb-e1026e4 ugb-main-block\"><div class=\"ugb-inner-block\"><div class=\"ugb-block-content\"><h1 class=\"ugb-heading__title\">Connecte-toi en ligne et hors ligne \u2013 automatiquement.<\/h1><p class=\"ugb-heading__subtitle\">Marketing automation et mailing imprim\u00e9. C&rsquo;est aussi simple que \u00e7a de combiner le num\u00e9rique et l&rsquo;imprim\u00e9 pour des campagnes cr\u00e9atives. Nous l&rsquo;avons expliqu\u00e9 dans notre webinaire <strong><em>Market-dings<\/em> <em>Automa-white<\/em><\/strong>.<\/p><\/div><\/div><\/div>\n\n\n\n<div class=\"aligncenter wp-block-ugb-container ugb-container ugb-f74cc05 ugb-container--v2 ugb-container--design-basic ugb-main-block\"><style>.ugb-f74cc05-wrapper.ugb-container__wrapper{background-color:#283e4c !important}.ugb-f74cc05-wrapper.ugb-container__wrapper:before{background-color:#283e4c !important}.ugb-f74cc05-content-wrapper > h1,.ugb-f74cc05-content-wrapper > h2,.ugb-f74cc05-content-wrapper > h3,.ugb-f74cc05-content-wrapper > h4,.ugb-f74cc05-content-wrapper > h5,.ugb-f74cc05-content-wrapper > h6{color:#ffffff}.ugb-f74cc05-content-wrapper > p,.ugb-f74cc05-content-wrapper > ol li,.ugb-f74cc05-content-wrapper > ul li{color:#ffffff}<\/style><div class=\"ugb-inner-block\"><div class=\"ugb-block-content\"><div class=\"ugb-container__wrapper ugb-f74cc05-wrapper\"><div class=\"ugb-container__side\"><div class=\"ugb-container__content-wrapper ugb-f74cc05-content-wrapper\">\n<div class=\"alignfull wp-block-ugb-icon-list ugb-icon-list ugb-c71e24a ugb-icon-list--v2 ugb-main-block ugb-main-block--inner-center ugb--has-block-background\"><style>.ugb-c71e24a li{color:#ffffff;--icon-size:8px !important}.ugb-c71e24a li::before{width:8px !important;height:8px !important;background-image:url('data:image\/svg+xml;base64,PHN2ZyBkYXRhLXByZWZpeD0iZmFzIiBkYXRhLWljb249ImNpcmNsZSIgY2xhc3M9InN2Zy1pbmxpbmUtLWZhIGZhLWNpcmNsZSBmYS13LTE2IiByb2xlPSJpbWciIHhtbG5zPSJodHRwOi8vd3d3LnczLm9yZy8yMDAwL3N2ZyIgdmlld0JveD0iMCAwIDUxMiA1MTIiIHN0eWxlPSJmaWxsOiAjZTYzMzEyICFpbXBvcnRhbnQ7IGNvbG9yOiAjZTYzMzEyICFpbXBvcnRhbnQiPjxwYXRoIGZpbGw9IiNlNjMzMTIiIGQ9Ik0yNTYgOEMxMTkgOCA4IDExOSA4IDI1NnMxMTEgMjQ4IDI0OCAyNDggMjQ4LTExMSAyNDgtMjQ4UzM5MyA4IDI1NiA4eiIgc3Ryb2tlPSIjZTYzMzEyIiBzdHlsZT0iZmlsbDogcmdiKDIzMCwgNTEsIDE4KTsgc3Ryb2tlOiByZ2IoMjMwLCA1MSwgMTgpOyIvPjwvc3ZnPg==')}.ugb-c71e24a.ugb-icon-list ul{columns:1}.ugb-c71e24a.ugb-icon-list{background-color:#283e4c}.ugb-c71e24a{padding:0 !important}.ugb-c71e24a.ugb-icon-list:before{background-color:#283e4c}.ugb-c71e24a .ugb-block-title{color:#ffffff;text-align:left}<\/style><div class=\"ugb-inner-block ugb-inner-block--center\"><h3 class=\"ugb-block-title\">Th\u00e8mes du webinaire<\/h3><div class=\"ugb-block-content\"><ul><li>En ligne va hors ligne, relier les mondes<\/li><li>Pourquoi l&rsquo;impression est-elle utile en soi ?<\/li><li>Avantages de la combinaison en ligne-hors ligne<\/li><li>Cas d&rsquo;utilisation dans le m\u00e9lange en ligne + hors ligne<\/li><li>Automatiser la campagne  <\/li><\/ul><\/div><\/div><\/div>\n<\/div><\/div><\/div><\/div><\/div><\/div>\n<\/div><\/div><\/div><\/div><\/div>\n<\/div><\/div><\/div><\/div>\n\n<div class=\"alignfull wp-block-ugb-columns ugb-columns aiv-col-2 ugb-08bc8fb ugb-columns--design-plain ugb-columns--columns-2 ugb-main-block ugb-main-block--inner-center ugb--has-block-background\"><style>.ugb-08bc8fb-content-wrapper{grid-column-gap:60px !important}.ugb-08bc8fb.ugb-columns{background-color:#cfe7e1}.ugb-08bc8fb.ugb-columns:before{background-color:#cfe7e1}@media screen and (min-width:768px){.ugb-08bc8fb.ugb-columns{margin-bottom:94px !important}}<\/style><div class=\"ugb-inner-block ugb-inner-block--center\"><div class=\"ugb-block-content\"><div class=\"ugb-columns__item ugb-08bc8fb-content-wrapper\">\n<div class=\"wp-block-ugb-column ugb-column ugb-0bded5c ugb-column--design-plain ugb-main-block\"><div class=\"ugb-inner-block\"><div class=\"ugb-block-content\"><div class=\"ugb-column__item ugb-0bded5c-column-wrapper\"><div class=\"ugb-column__content-wrapper\">\n<div class=\"wp-block-ugb-heading ugb-heading ugb-1d6c276 ugb-main-block\"><style>.ugb-1d6c276 .ugb-heading__title{color:#e63312}<\/style><div class=\"ugb-inner-block\"><div class=\"ugb-block-content\"><h2 class=\"ugb-heading__title\">Tu es partant ?<\/h2><p class=\"ugb-heading__subtitle\">Inscris-toi au webinaire <em>Market-dings <\/em><em>Automa-wissschon<\/em> et tu recevras bient\u00f4t une carte postale personnalis\u00e9e dans ta bo\u00eete aux lettres.<\/p><\/div><\/div><\/div>\n\n\n\n<figure class=\"wp-block-table is-style-regular\"><table><tbody><tr><td>Date<\/td><td><strong>19 octobre 2022<\/strong><\/td><\/tr><tr><td>Heure<\/td><td><strong>14:00 heures<\/strong><\/td><\/tr><tr><td>Dur\u00e9e<\/td><td><strong>45 minutes<\/strong><\/td><\/tr><tr><td>Intervenants:internes<\/td><td>Oliver Oest, Sarah Seyr  <br\/>&amp; Lars Schlimbach<\/td><\/tr><tr><td>Organisateurs<\/td><td>Aivie, Bricoleur  <br\/>et Deutsche Post<\/td><\/tr><tr><td>Prix<\/td><td><strong>Gratuit<\/strong><\/td><\/tr><\/tbody><\/table><\/figure>\n<\/div><\/div><\/div><\/div><\/div>\n\n\n\n<div class=\"wp-block-ugb-column ugb-column ugb-1ca8660 ugb-column--design-plain ugb-main-block\" id=\"join\"><div class=\"ugb-inner-block\"><div class=\"ugb-block-content\"><div class=\"ugb-column__item ugb-1ca8660-column-wrapper\"><div class=\"ugb-column__content-wrapper\">\n<div class=\"wp-block-ugb-heading ugb-heading ugb-017aab2 ugb-main-block\"><style>.ugb-017aab2 .ugb-heading__title{color:#283e4c}@media screen and (max-width:768px){.ugb-017aab2 .ugb-heading__title{margin-bottom:-19px !important}.ugb-017aab2.ugb-heading{margin-top:-70px !important}}<\/style><div class=\"ugb-inner-block\"><div class=\"ugb-block-content\"><h2 class=\"ugb-heading__title\">Inscrivez-vous maintenant.<\/h2><\/div><\/div><\/div>\n\n\n<script type=\"text\/javascript\" src=\"https:\/\/m.aivie.ch\/form\/generate.js?id=71\"><\/script>\n<\/div><\/div><\/div><\/div><\/div>\n<\/div><\/div><\/div><\/div>\n\n<h2 class=\"wp-block-heading\" id=\"h-die-sprecher-innen-von-market-dings-automa-weisstschon\">Les porte-parole de<br\/>\u00ab\u00a0<em>Market-dings<\/em> <em>Automa-Savoir<\/em>\u00ab\u00a0<\/h2>\n\n<div class=\"wp-block-stackable-columns stk-block-columns stk-block stk-de03318\" data-block-id=\"de03318\"><div class=\"stk-row stk-inner-blocks stk-block-content stk-content-align stk-de03318-column\">\n<div class=\"wp-block-stackable-column stk-block-column stk-block-column--v2 stk-column stk-block stk-896d390\" data-block-id=\"896d390\"><div class=\"stk-column-wrapper stk-block-column__content stk-container stk-896d390-container stk--no-background stk--no-padding\"><div class=\"stk-block-content stk-inner-blocks stk-896d390-inner-blocks\">\n<h3 class=\"wp-block-heading\" id=\"h-oliver-oest\">Oliver Oest<\/h3>\n\n\n\n<figure class=\"wp-block-image size-full\"><img loading=\"lazy\" decoding=\"async\" width=\"1920\" height=\"1280\" src=\"https:\/\/cdn.aivie.ch\/media\/wp\/2022\/05\/05142728\/Oliver.webp\" alt=\"Market-Dings Automa-wissschon Mailing imprim&#xE9; Webinaire\" class=\"wp-image-7224\" title=\"\" srcset=\"https:\/\/cdn.aivie.ch\/media\/wp\/2022\/05\/05142728\/Oliver.webp 1920w, https:\/\/cdn.aivie.ch\/media\/wp\/2022\/05\/05142728\/Oliver-960x640.webp 960w, https:\/\/cdn.aivie.ch\/media\/wp\/2022\/05\/05142728\/Oliver-768x512.webp 768w, https:\/\/cdn.aivie.ch\/media\/wp\/2022\/05\/05142728\/Oliver-1200x800.webp 1200w, https:\/\/cdn.aivie.ch\/media\/wp\/2022\/05\/05142728\/Oliver-480x320.webp 480w, https:\/\/cdn.aivie.ch\/media\/wp\/2022\/05\/05142728\/Oliver-600x400.webp 600w\" sizes=\"auto, (max-width: 1920px) 100vw, 1920px\" \/><\/figure>\n\n\n\n<ul class=\"wp-block-list\"><li><a href=\"https:\/\/www.linkedin.com\/in\/oliveroest\/\" target=\"_blank\" rel=\"noopener\">Oliver L.<\/a><a href=\"https:\/\/www.linkedin.com\/in\/oliveroest\/\" target=\"_blank\" rel=\"noreferrer noopener\"> <\/a> Oest, est dipl\u00f4m\u00e9 en communication et l&rsquo;un des trois fondateurs de l&rsquo;agence cr\u00e9ative <a href=\"https:\/\/tinkerbelle-werbeagentur.de\/\" target=\"_blank\" rel=\"noreferrer noopener\">Tinkerbelle<\/a>.<\/li><\/ul>\n\n\n\n<ul class=\"wp-block-list\"><li>Depuis 2008, Tinkerbelle r\u00e9alise des campagnes pour de bonnes causes : Des nouveaux concepts de mobilit\u00e9 au bouton vert, l&rsquo;agence cr\u00e9ative est \u00e0 l&rsquo;aise dans les th\u00e8mes durables et travaille pour les minist\u00e8res f\u00e9d\u00e9raux, les PME et la science.<\/li><\/ul>\n\n\n\n<ul class=\"wp-block-list\"><li>Il est \u00e9galement charg\u00e9 de cours dans diff\u00e9rentes \u00e9coles sup\u00e9rieures telles que la Texterschmiede de Hambourg, la Miami Ad School et la Steinbeis School of Management and Innovation.<\/li><\/ul>\n<\/div><\/div><\/div>\n\n\n\n<div class=\"wp-block-stackable-column stk-block-column stk-block-column--v2 stk-column stk-block stk-91c5cf9\" data-block-id=\"91c5cf9\"><div class=\"stk-column-wrapper stk-block-column__content stk-container stk-91c5cf9-container stk--no-background stk--no-padding\"><div class=\"stk-block-content stk-inner-blocks stk-91c5cf9-inner-blocks\">\n<h3 class=\"wp-block-heading\" id=\"h-sarah-seyr\">Sarah Seyr<\/h3>\n\n\n\n<figure class=\"wp-block-image size-full\"><img loading=\"lazy\" decoding=\"async\" width=\"1920\" height=\"1280\" src=\"https:\/\/cdn.aivie.ch\/media\/wp\/2021\/10\/19131522\/marketing-automation-workshop-dr-sarah-seyr-1920w.webp\" alt=\"Atelier de marketing automation avec Dr Sarah Seyr\" class=\"wp-image-2563\" title=\"\" srcset=\"https:\/\/cdn.aivie.ch\/media\/wp\/2021\/10\/19131522\/marketing-automation-workshop-dr-sarah-seyr-1920w.webp 1920w, https:\/\/cdn.aivie.ch\/media\/wp\/2021\/10\/19131522\/marketing-automation-workshop-dr-sarah-seyr-1920w-960x640.webp 960w, https:\/\/cdn.aivie.ch\/media\/wp\/2021\/10\/19131522\/marketing-automation-workshop-dr-sarah-seyr-1920w-768x512.webp 768w, https:\/\/cdn.aivie.ch\/media\/wp\/2021\/10\/19131522\/marketing-automation-workshop-dr-sarah-seyr-1920w-1200x800.webp 1200w, https:\/\/cdn.aivie.ch\/media\/wp\/2021\/10\/19131522\/marketing-automation-workshop-dr-sarah-seyr-1920w-480x320.webp 480w, https:\/\/cdn.aivie.ch\/media\/wp\/2021\/10\/19131522\/marketing-automation-workshop-dr-sarah-seyr-1920w-600x400.webp 600w\" sizes=\"auto, (max-width: 1920px) 100vw, 1920px\" \/><\/figure>\n\n\n\n<ul class=\"wp-block-list\"><li><a href=\"https:\/\/aivie.ch\/author\/sarah\/\">Sarah Seyr<\/a>, Dr. sc. ETH, est psychologue et experte en exp\u00e9rience client num\u00e9rique et en interaction homme-machine.<\/li><\/ul>\n\n\n\n<ul class=\"wp-block-list\"><li>Elle partage avec passion ses connaissances et son exp\u00e9rience en mati\u00e8re de personnalisation et d&rsquo;automatisation en tant que charg\u00e9e de cours dans des universit\u00e9s et formatrice chez Linkedin Learning.<\/li><\/ul>\n\n\n\n<ul class=\"wp-block-list\"><li>En tant que cofondatrice et Chief Customer Officer d&rsquo;Aivie, elle rend le marketing automation plus personnel et les interactions avec les clients plus valorisantes.<\/li><\/ul>\n<\/div><\/div><\/div>\n\n\n\n<div class=\"wp-block-stackable-column stk-block-column stk-block-column--v2 stk-column stk-block stk-b6d7df4\" data-block-id=\"b6d7df4\"><div class=\"stk-column-wrapper stk-block-column__content stk-container stk-b6d7df4-container stk--no-background stk--no-padding\"><div class=\"stk-block-content stk-inner-blocks stk-b6d7df4-inner-blocks\">\n<h3 class=\"wp-block-heading\" id=\"h-lars-schlimbach\">Lars Schlimbach<\/h3>\n\n\n\n<figure class=\"wp-block-image size-full\"><img loading=\"lazy\" decoding=\"async\" width=\"1920\" height=\"1280\" src=\"https:\/\/cdn.aivie.ch\/media\/wp\/2022\/09\/22090540\/Lars-Printmailing-Webinar-8.webp\" alt=\"\" class=\"wp-image-11743\" title=\"\" srcset=\"https:\/\/cdn.aivie.ch\/media\/wp\/2022\/09\/22090540\/Lars-Printmailing-Webinar-8.webp 1920w, https:\/\/cdn.aivie.ch\/media\/wp\/2022\/09\/22090540\/Lars-Printmailing-Webinar-8.webp 960w, https:\/\/cdn.aivie.ch\/media\/wp\/2022\/09\/22090540\/Lars-Printmailing-Webinar-8-768x512.webp 768w, https:\/\/cdn.aivie.ch\/media\/wp\/2022\/09\/22090540\/Lars-Printmailing-Webinar-8-1200x800.webp 1200w, https:\/\/cdn.aivie.ch\/media\/wp\/2022\/09\/22090540\/Lars-Printmailing-Webinar-8-480x320.webp 480w\" sizes=\"auto, (max-width: 1920px) 100vw, 1920px\" \/><\/figure>\n\n\n\n<ul class=\"wp-block-list\"><li>Lars Schlimbach fa\u00e7onne la transformation num\u00e9rique de l&rsquo;activit\u00e9 de marketing de dialogue physique de la <a href=\"http:\/\/www.deutschepost.de\/pma\" target=\"_blank\" rel=\"noopener\">Deutsche<\/a><a href=\"https:\/\/www.deutschepost.de\/print-mailing-automatisiert\" target=\"_blank\" rel=\"noreferrer noopener\"> Post<\/a> en d\u00e9veloppant et en commercialisant des services de marketing num\u00e9ris\u00e9s dans le cadre d&rsquo;un partenariat.<\/li><\/ul>\n\n\n\n<ul class=\"wp-block-list\"><li>Il se concentre sur le marketing automation, le CRM et les syst\u00e8mes de boutique.<\/li><\/ul>\n\n\n\n<ul class=\"wp-block-list\"><li>Il est responsable de la mise en place et des partenariats technologiques strat\u00e9giques ainsi que de la r\u00e9alisation de coop\u00e9rations en mati\u00e8re de produits et de commercialisation.<\/li><\/ul>\n<\/div><\/div><\/div>\n<\/div><\/div>\n","protected":false},"excerpt":{"rendered":"<p>Connecte-toi en ligne et hors ligne \u2013 automatiquement. Marketing automation et mailing imprim\u00e9. C&rsquo;est aussi simple que \u00e7a de combiner le num\u00e9rique et l&rsquo;imprim\u00e9 pour des campagnes cr\u00e9atives. Nous l&rsquo;avons expliqu\u00e9 dans notre webinaire Market-dings Automa-white. Th\u00e8mes du webinaire En ligne va hors ligne, relier les mondes Pourquoi l&rsquo;impression est-elle utile en soi ? Avantages &hellip; <a href=\"https:\/\/aivie.ch\/fr\/market-dings-automa-wissschon\/\" class=\"more-link\">Continuer la lecture de <span class=\"screen-reader-text\">Market-dings Automa-wissschon<\/span><\/a><\/p>\n","protected":false},"author":1,"featured_media":9758,"parent":0,"menu_order":0,"comment_status":"closed","ping_status":"closed","template":"front-page.php","meta":{"_acf_changed":false,"footnotes":""},"class_list":["post-17150","page","type-page","status-publish","has-post-thumbnail","hentry"],"acf":[],"featured_image_urls_v2":{"full":["https:\/\/cdn.aivie.ch\/media\/wp\/2022\/04\/10144816\/webinar-printmailing.jpg",1280,720,false],"thumbnail":["https:\/\/cdn.aivie.ch\/media\/wp\/2022\/04\/10144816\/webinar-printmailing-240x240.jpg",240,240,true],"medium":["https:\/\/cdn.aivie.ch\/media\/wp\/2022\/04\/10144816\/webinar-printmailing-960x540.jpg",960,540,true],"medium_large":["https:\/\/cdn.aivie.ch\/media\/wp\/2022\/04\/10144816\/webinar-printmailing-768x432.jpg",768,432,true],"large":["https:\/\/cdn.aivie.ch\/media\/wp\/2022\/04\/10144816\/webinar-printmailing.jpg",990,557,false],"post-thumbnail":["https:\/\/cdn.aivie.ch\/media\/wp\/2022\/04\/10144816\/webinar-printmailing-1200x675.jpg",1200,675,true],"aiv_480w":["https:\/\/cdn.aivie.ch\/media\/wp\/2022\/04\/10144816\/webinar-printmailing-480x270.jpg",480,270,true],"woocommerce_thumbnail":["https:\/\/cdn.aivie.ch\/media\/wp\/2022\/04\/10144816\/webinar-printmailing-240x240.jpg",240,240,true],"woocommerce_single":["https:\/\/cdn.aivie.ch\/media\/wp\/2022\/04\/10144816\/webinar-printmailing-960x540.jpg",960,540,true],"woocommerce_gallery_thumbnail":["https:\/\/cdn.aivie.ch\/media\/wp\/2022\/04\/10144816\/webinar-printmailing-240x240.jpg",240,240,true]},"post_excerpt_stackable_v2":"<p>Connecte-toi en ligne et hors ligne \u2013 automatiquement.Marketing automation et mailing imprim\u00e9. C&rsquo;est aussi simple que \u00e7a de combiner le num\u00e9rique et l&rsquo;imprim\u00e9 pour des campagnes cr\u00e9atives. Nous l&rsquo;avons expliqu\u00e9 dans notre webinaire Market-dings Automa-white. Th\u00e8mes du webinaireEn ligne va hors ligne, relier les mondesPourquoi l&rsquo;impression est-elle utile en soi ?Avantages de la combinaison en ligne-hors ligneCas d&rsquo;utilisation dans le m\u00e9lange en ligne + hors ligneAutomatiser la campagne Tu es partant ?Inscris-toi au webinaire Market-dings Automa-wissschon et tu recevras bient\u00f4t une carte postale personnalis\u00e9e dans ta bo\u00eete aux lettres. Date19 octobre 2022Heure14:00 heuresDur\u00e9e45 minutesIntervenants:internesOliver Oest, Sarah Seyr &amp; Lars SchlimbachOrganisateursAivie,\u2026<\/p>\n","category_list_v2":"","author_info_v2":{"name":"Adrian Schimpf","url":"https:\/\/aivie.ch\/fr\/author\/adrian\/"},"comments_num_v2":"0 commentaire","_links":{"self":[{"href":"https:\/\/aivie.ch\/fr\/wp-json\/wp\/v2\/pages\/17150","targetHints":{"allow":["GET"]}}],"collection":[{"href":"https:\/\/aivie.ch\/fr\/wp-json\/wp\/v2\/pages"}],"about":[{"href":"https:\/\/aivie.ch\/fr\/wp-json\/wp\/v2\/types\/page"}],"author":[{"embeddable":true,"href":"https:\/\/aivie.ch\/fr\/wp-json\/wp\/v2\/users\/1"}],"replies":[{"embeddable":true,"href":"https:\/\/aivie.ch\/fr\/wp-json\/wp\/v2\/comments?post=17150"}],"version-history":[{"count":1,"href":"https:\/\/aivie.ch\/fr\/wp-json\/wp\/v2\/pages\/17150\/revisions"}],"predecessor-version":[{"id":17165,"href":"https:\/\/aivie.ch\/fr\/wp-json\/wp\/v2\/pages\/17150\/revisions\/17165"}],"wp:featuredmedia":[{"embeddable":true,"href":"https:\/\/aivie.ch\/fr\/wp-json\/wp\/v2\/media\/9758"}],"wp:attachment":[{"href":"https:\/\/aivie.ch\/fr\/wp-json\/wp\/v2\/media?parent=17150"}],"curies":[{"name":"wp","href":"https:\/\/api.w.org\/{rel}","templated":true}]}}