{"id":17143,"date":"2023-12-15T05:40:59","date_gmt":"2023-12-15T03:40:59","guid":{"rendered":"https:\/\/aivie.ch\/webinaire-sur-la-protection-des-donnees\/"},"modified":"2023-12-15T05:41:16","modified_gmt":"2023-12-15T03:41:16","slug":"webinaire-sur-la-protection-des-donnees","status":"publish","type":"page","link":"https:\/\/aivie.ch\/fr\/webinaire-sur-la-protection-des-donnees\/","title":{"rendered":"Webinaire sur la protection des donn\u00e9es"},"content":{"rendered":"\n<div class=\"alignfull wp-block-ugb-columns ugb-columns ugb-f174274 ugb-columns--design-plain ugb-columns--columns-2 ugb-main-block ugb-main-block--inner-center ugb--has-block-background ugb--has-background-overlay\"><style>.ugb-f174274 > .ugb-inner-block > .ugb-block-content > .ugb-columns__item{grid-template-columns:0.88fr 1.12fr !important}.ugb-f174274.ugb-columns{background-image:url(https:\/\/cdn.aivie.ch\/media\/wp\/2021\/06\/19131702\/pattern-company-960w.png);background-position:top left;background-repeat:no-repeat;background-size:47% !important}.ugb-f174274.ugb-columns:before{opacity:0.5}<\/style><div class=\"ugb-inner-block ugb-inner-block--center\"><div class=\"ugb-block-content\"><div class=\"ugb-columns__item ugb-f174274-content-wrapper\">\n<div class=\"wp-block-ugb-column ugb-column ugb-3b6a10a ugb-column--design-plain ugb-main-block\"><div class=\"ugb-inner-block\"><div class=\"ugb-block-content\"><div class=\"ugb-column__item ugb-3b6a10a-column-wrapper\"><div class=\"ugb-column__content-wrapper\">\n<figure class=\"wp-block-image size-full\"><img loading=\"lazy\" decoding=\"async\" width=\"1920\" height=\"1080\" src=\"https:\/\/cdn.aivie.ch\/media\/wp\/2023\/03\/07114839\/DatenschutzWebinar-revDSG.png\" alt=\"\" class=\"wp-image-13250\" title=\"\" srcset=\"https:\/\/cdn.aivie.ch\/media\/wp\/2023\/03\/07114839\/DatenschutzWebinar-revDSG.png 1920w, https:\/\/cdn.aivie.ch\/media\/wp\/2023\/03\/07114839\/DatenschutzWebinar-revDSG-960x540.png 960w, https:\/\/cdn.aivie.ch\/media\/wp\/2023\/03\/07114839\/DatenschutzWebinar-revDSG-768x432.png 768w, https:\/\/cdn.aivie.ch\/media\/wp\/2023\/03\/07114839\/DatenschutzWebinar-revDSG-1200x675.png 1200w, https:\/\/cdn.aivie.ch\/media\/wp\/2023\/03\/07114839\/DatenschutzWebinar-revDSG-480x270.png 480w\" sizes=\"auto, (max-width: 1920px) 100vw, 1920px\" \/><\/figure>\n<\/div><\/div><\/div><\/div><\/div>\n\n\n\n<div class=\"wp-block-ugb-column ugb-column ugb-e4b2525 ugb-column--design-plain ugb-main-block\"><style>@media screen and (min-width:768px){.ugb-e4b2525 > .ugb-inner-block > .ugb-block-content > *{justify-content:center}}.ugb-e4b2525 > .ugb-inner-block > .ugb-block-content > *{justify-content:center !important}@media screen and (min-width:768px){.ugb-e4b2525 > .ugb-inner-block > .ugb-block-content > *{padding-top:20px !important;padding-bottom:20px !important;padding-right:20px !important;padding-left:20px !important}}<\/style><div class=\"ugb-inner-block\"><div class=\"ugb-block-content\"><div class=\"ugb-column__item ugb-e4b2525-column-wrapper\"><div class=\"ugb-column__content-wrapper\">\n<div class=\"wp-block-ugb-heading ugb-heading ugb-e1026e4 ugb-main-block\"><div class=\"ugb-inner-block\"><div class=\"ugb-block-content\"><h2 class=\"ugb-heading__title\">Webinaire de pr\u00e9sentation Protection des donn\u00e9es dans le marketing num\u00e9rique<\/h2><p class=\"ugb-heading__subtitle\">Le marketing num\u00e9rique n&rsquo;est pas possible sans donn\u00e9es. Le traitement appropri\u00e9 de ces donn\u00e9es est une condition pr\u00e9alable \u00e0 l&rsquo;\u00e9tablissement d&rsquo;une relation de confiance entre les clients et l&rsquo;entreprise.<\/p><\/div><\/div><\/div>\n\n\n\n<div class=\"aligncenter wp-block-ugb-container ugb-container ugb-f74cc05 ugb-container--v2 ugb-container--design-basic ugb-main-block\"><style>.ugb-f74cc05-wrapper.ugb-container__wrapper{background-color:#283e4c !important}.ugb-f74cc05-wrapper.ugb-container__wrapper:before{background-color:#283e4c !important}.ugb-f74cc05-content-wrapper > h1,.ugb-f74cc05-content-wrapper > h2,.ugb-f74cc05-content-wrapper > h3,.ugb-f74cc05-content-wrapper > h4,.ugb-f74cc05-content-wrapper > h5,.ugb-f74cc05-content-wrapper > h6{color:#ffffff}.ugb-f74cc05-content-wrapper > p,.ugb-f74cc05-content-wrapper > ol li,.ugb-f74cc05-content-wrapper > ul li{color:#ffffff}<\/style><div class=\"ugb-inner-block\"><div class=\"ugb-block-content\"><div class=\"ugb-container__wrapper ugb-f74cc05-wrapper\"><div class=\"ugb-container__side\"><div class=\"ugb-container__content-wrapper ugb-f74cc05-content-wrapper\">\n<div class=\"alignfull wp-block-ugb-icon-list ugb-icon-list ugb-c71e24a ugb-icon-list--v2 ugb-main-block ugb-main-block--inner-center ugb--has-block-background\"><style>.ugb-c71e24a li{color:#ffffff;--icon-size:8px !important}.ugb-c71e24a li::before{width:8px !important;height:8px !important;background-image:url('data:image\/svg+xml;base64,PHN2ZyBkYXRhLXByZWZpeD0iZmFzIiBkYXRhLWljb249ImNpcmNsZSIgY2xhc3M9InN2Zy1pbmxpbmUtLWZhIGZhLWNpcmNsZSBmYS13LTE2IiByb2xlPSJpbWciIHhtbG5zPSJodHRwOi8vd3d3LnczLm9yZy8yMDAwL3N2ZyIgdmlld0JveD0iMCAwIDUxMiA1MTIiIHN0eWxlPSJmaWxsOiAjZTYzMzEyICFpbXBvcnRhbnQ7IGNvbG9yOiAjZTYzMzEyICFpbXBvcnRhbnQiPjxwYXRoIGZpbGw9IiNlNjMzMTIiIGQ9Ik0yNTYgOEMxMTkgOCA4IDExOSA4IDI1NnMxMTEgMjQ4IDI0OCAyNDggMjQ4LTExMSAyNDgtMjQ4UzM5MyA4IDI1NiA4eiIgc3Ryb2tlPSIjZTYzMzEyIiBzdHlsZT0iZmlsbDogcmdiKDIzMCwgNTEsIDE4KTsgc3Ryb2tlOiByZ2IoMjMwLCA1MSwgMTgpOyIvPjwvc3ZnPg==')}.ugb-c71e24a.ugb-icon-list ul{columns:1}.ugb-c71e24a.ugb-icon-list{background-color:#283e4c}.ugb-c71e24a{padding:0 !important}.ugb-c71e24a.ugb-icon-list:before{background-color:#283e4c}.ugb-c71e24a .ugb-block-title{color:#ffffff;text-align:left}<\/style><div class=\"ugb-inner-block ugb-inner-block--center\"><h3 class=\"ugb-block-title\">La pr\u00e9sentation fournit des r\u00e9ponses aux questions suivantes<\/h3><div class=\"ugb-block-content\"><ul><li>Diff\u00e9rences entre la loi suisse (revDSG) et la loi europ\u00e9enne sur la protection des donn\u00e9es (RGPD)<\/li><li>Traitement des donn\u00e9es conforme \u00e0 la l\u00e9gislation<\/li><li>Transfert de donn\u00e9es et outils de fournisseurs tiers en Suisse et \u00e0 l&rsquo;\u00e9tranger<\/li><li>Les pi\u00e8ges du marketing num\u00e9rique \u2013 et \u00e0 quoi ressemble une bonne configuration<\/li><\/ul><\/div><\/div><\/div>\n<\/div><\/div><\/div><\/div><\/div><\/div>\n<\/div><\/div><\/div><\/div><\/div>\n<\/div><\/div><\/div><\/div>\n\n<div class=\"alignfull wp-block-ugb-columns ugb-columns aiv-col-2 ugb-08bc8fb ugb-columns--design-plain ugb-columns--columns-2 ugb-main-block ugb-main-block--inner-center ugb--has-block-background\"><style>.ugb-08bc8fb-content-wrapper{grid-column-gap:60px !important}.ugb-08bc8fb.ugb-columns{background-color:#cfe7e1}.ugb-08bc8fb.ugb-columns:before{background-color:#cfe7e1}@media screen and (min-width:768px){.ugb-08bc8fb.ugb-columns{margin-bottom:94px !important}}<\/style><div class=\"ugb-inner-block ugb-inner-block--center\"><div class=\"ugb-block-content\"><div class=\"ugb-columns__item ugb-08bc8fb-content-wrapper\">\n<div class=\"wp-block-ugb-column ugb-column ugb-0bded5c ugb-column--design-plain ugb-main-block\"><div class=\"ugb-inner-block\"><div class=\"ugb-block-content\"><div class=\"ugb-column__item ugb-0bded5c-column-wrapper\"><div class=\"ugb-column__content-wrapper\">\n<div class=\"wp-block-ugb-heading ugb-heading ugb-1d6c276 ugb-main-block\"><style>.ugb-1d6c276 .ugb-heading__title{color:#e63312}<\/style><div class=\"ugb-inner-block\"><div class=\"ugb-block-content\"><h2 class=\"ugb-heading__title\">Protection des donn\u00e9es \u2013 Webinar Slides<\/h2><p class=\"ugb-heading__subtitle\">Les experts en protection des donn\u00e9es de LEXR expliquent ce qui est possible et ce qui ne l&rsquo;est pas \u2013 dans l&rsquo;UE (RGPD) et d\u00e9sormais aussi en Suisse (revDSG). Pour qu&rsquo;il n&rsquo;y ait plus de questions en suspens en ce qui concerne la loi sur la protection des donn\u00e9es dans le marketing.<\/p><\/div><\/div><\/div>\n<\/div><\/div><\/div><\/div><\/div>\n\n\n\n<div class=\"wp-block-ugb-column ugb-column ugb-1ca8660 ugb-column--design-plain ugb-main-block\" id=\"join\"><div class=\"ugb-inner-block\"><div class=\"ugb-block-content\"><div class=\"ugb-column__item ugb-1ca8660-column-wrapper\"><div class=\"ugb-column__content-wrapper\">\n<div class=\"wp-block-ugb-heading ugb-heading ugb-017aab2 ugb-main-block\"><style>.ugb-017aab2 .ugb-heading__title{color:#283e4c}@media screen and (max-width:768px){.ugb-017aab2 .ugb-heading__title{margin-bottom:-19px !important}.ugb-017aab2.ugb-heading{margin-top:-70px !important}}<\/style><div class=\"ugb-inner-block\"><div class=\"ugb-block-content\"><h3 class=\"ugb-heading__title\">Tu peux t\u00e9l\u00e9charger ici les diapositives du webinaire sur la protection des donn\u00e9es :<\/h3><\/div><\/div><\/div>\n\n\n<script type=\"text\/javascript\" src=\"https:\/\/m.aivie.ch\/form\/generate.js?id=91\"><\/script>\n<\/div><\/div><\/div><\/div><\/div>\n<\/div><\/div><\/div><\/div>\n\n<h2 class=\"wp-block-heading\" id=\"h-triff-die-experten\">Rencontre les experts<\/h2>\n\n<div class=\"wp-block-stackable-columns stk-block-columns stk-block stk-de03318\" data-block-id=\"de03318\"><div class=\"stk-row stk-inner-blocks stk-block-content stk-content-align stk-de03318-column\">\n<div class=\"wp-block-stackable-column stk-block-column stk-block-column--v3 stk-column stk-block-column--v2 stk-block stk-896d390\" data-block-id=\"896d390\"><div class=\"stk-column-wrapper stk-block-column__content stk-container stk-896d390-container stk--no-background stk--no-padding\"><div class=\"stk-block-content stk-inner-blocks stk-896d390-inner-blocks\">\n<h3 class=\"wp-block-heading\" id=\"h-sebastian-schneider\">S\u00e9bastien Schneider<\/h3>\n\n\n\n<figure class=\"wp-block-image size-full\"><img loading=\"lazy\" decoding=\"async\" width=\"400\" height=\"400\" src=\"https:\/\/cdn.aivie.ch\/media\/wp\/2023\/03\/02121247\/sebastian.jpeg\" alt=\"\" class=\"wp-image-13232\" title=\"\" srcset=\"https:\/\/cdn.aivie.ch\/media\/wp\/2023\/03\/02121247\/sebastian.jpeg 400w, https:\/\/cdn.aivie.ch\/media\/wp\/2023\/03\/02121247\/sebastian-240x240.jpeg 240w\" sizes=\"auto, (max-width: 400px) 100vw, 400px\" \/><\/figure>\n\n\n\n<ul class=\"wp-block-list\">\n<li>Dr. Sebastian Schneider est juriste sp\u00e9cialis\u00e9 dans le droit et la r\u00e9glementation de l&rsquo;UE, les nouvelles technologies\/l&rsquo;IA et la protection des donn\u00e9es (RGPD). Il travaille actuellement \u00e0 Berlin et \u00e0 Vienne. Il a notamment une excellente connaissance du droit europ\u00e9en, du droit europ\u00e9en de la protection des donn\u00e9es et de la r\u00e9glementation (GDPR) et du Brexit.  <\/li>\n<\/ul>\n\n\n\n<ul class=\"wp-block-list\">\n<li>Il a en outre r\u00e9dig\u00e9 des publications sur diff\u00e9rents sujets de droit europ\u00e9en.<\/li>\n<\/ul>\n\n\n\n<ul class=\"wp-block-list\">\n<li>Il s&rsquo;occupe des questions de r\u00e9glementation des technologies d&rsquo;avenir au niveau europ\u00e9en et mondial, de l&rsquo;\u00e9tablissement de normes \u00e0 l&rsquo;\u00e8re num\u00e9rique et de toutes les questions relatives au droit de la protection des donn\u00e9es, en mettant l&rsquo;accent sur les donn\u00e9es m\u00e9dicales et l&rsquo;\u00e9change international de donn\u00e9es.<\/li>\n<\/ul>\n<\/div><\/div><\/div>\n\n\n\n<div class=\"wp-block-stackable-column stk-block-column stk-block-column--v3 stk-column stk-block-column--v2 stk-block stk-91c5cf9\" data-block-id=\"91c5cf9\"><div class=\"stk-column-wrapper stk-block-column__content stk-container stk-91c5cf9-container stk--no-background stk--no-padding\"><div class=\"stk-block-content stk-inner-blocks stk-91c5cf9-inner-blocks\">\n<h3 class=\"wp-block-heading\" id=\"h-sarah-seyr\">Sarah Seyr<\/h3>\n\n\n\n<figure class=\"wp-block-image size-full is-resized\"><img loading=\"lazy\" decoding=\"async\" src=\"https:\/\/cdn.aivie.ch\/media\/wp\/2022\/06\/15110416\/aivie-marketing-automatin-lokaler-support-sarah-seyer.webp\" alt=\"aivie marketing automatin support local sarah seyer\" class=\"wp-image-11103\" width=\"400\" height=\"400\" title=\"\" srcset=\"https:\/\/cdn.aivie.ch\/media\/wp\/2022\/06\/15110416\/aivie-marketing-automatin-lokaler-support-sarah-seyer.webp 800w, https:\/\/cdn.aivie.ch\/media\/wp\/2022\/06\/15110416\/aivie-marketing-automatin-lokaler-support-sarah-seyer-300x300.webp 240w, https:\/\/cdn.aivie.ch\/media\/wp\/2022\/06\/15110416\/aivie-marketing-automatin-lokaler-support-sarah-seyer-768x768.webp 768w, https:\/\/cdn.aivie.ch\/media\/wp\/2022\/06\/15110416\/aivie-marketing-automatin-lokaler-support-sarah-seyer-480x480.webp 480w, https:\/\/cdn.aivie.ch\/media\/wp\/2022\/06\/15110416\/aivie-marketing-automatin-lokaler-support-sarah-seyer-600x600.webp 600w\" sizes=\"auto, (max-width: 400px) 100vw, 400px\" \/><\/figure>\n\n\n\n<ul class=\"wp-block-list\">\n<li>Sarah Seyr, Dr. sc. ETH, est psychologue et experte en exp\u00e9rience client num\u00e9rique et en interaction homme-machine.<\/li>\n<\/ul>\n\n\n\n<ul class=\"wp-block-list\">\n<li>Elle partage avec passion ses connaissances et son exp\u00e9rience en mati\u00e8re de personnalisation et d&rsquo;automatisation en tant que charg\u00e9e de cours dans des universit\u00e9s et formatrice chez Linkedin Learning.<\/li>\n<\/ul>\n\n\n\n<ul class=\"wp-block-list\">\n<li>En tant que cofondatrice et Chief Customer Officer d&rsquo;Aivie, elle rend le marketing, l&rsquo;automatisation plus personnels et les interactions avec les clients plus valorisantes.<\/li>\n<\/ul>\n<\/div><\/div><\/div>\n<\/div><\/div>\n\n<p><\/p>\n","protected":false},"excerpt":{"rendered":"<p>Webinaire de pr\u00e9sentation Protection des donn\u00e9es dans le marketing num\u00e9rique Le marketing num\u00e9rique n&rsquo;est pas possible sans donn\u00e9es. Le traitement appropri\u00e9 de ces donn\u00e9es est une condition pr\u00e9alable \u00e0 l&rsquo;\u00e9tablissement d&rsquo;une relation de confiance entre les clients et l&rsquo;entreprise. La pr\u00e9sentation fournit des r\u00e9ponses aux questions suivantes Diff\u00e9rences entre la loi suisse (revDSG) et la &hellip; <a href=\"https:\/\/aivie.ch\/fr\/webinaire-sur-la-protection-des-donnees\/\" class=\"more-link\">Continuer la lecture de <span class=\"screen-reader-text\">Webinaire sur la protection des donn\u00e9es<\/span><\/a><\/p>\n","protected":false},"author":1,"featured_media":0,"parent":0,"menu_order":0,"comment_status":"closed","ping_status":"closed","template":"front-page.php","meta":{"_acf_changed":false,"footnotes":""},"class_list":["post-17143","page","type-page","status-publish","hentry"],"acf":[],"featured_image_urls_v2":{"full":"","thumbnail":"","medium":"","medium_large":"","large":"","post-thumbnail":"","aiv_480w":"","woocommerce_thumbnail":"","woocommerce_single":"","woocommerce_gallery_thumbnail":""},"post_excerpt_stackable_v2":"<p>Webinaire de pr\u00e9sentation Protection des donn\u00e9es dans le marketing num\u00e9riqueLe marketing num\u00e9rique n&rsquo;est pas possible sans donn\u00e9es. Le traitement appropri\u00e9 de ces donn\u00e9es est une condition pr\u00e9alable \u00e0 l&rsquo;\u00e9tablissement d&rsquo;une relation de confiance entre les clients et l&rsquo;entreprise. La pr\u00e9sentation fournit des r\u00e9ponses aux questions suivantesDiff\u00e9rences entre la loi suisse (revDSG) et la loi europ\u00e9enne sur la protection des donn\u00e9es (RGPD)Traitement des donn\u00e9es conforme \u00e0 la l\u00e9gislationTransfert de donn\u00e9es et outils de fournisseurs tiers en Suisse et \u00e0 l&rsquo;\u00e9trangerLes pi\u00e8ges du marketing num\u00e9rique \u2013 et \u00e0 quoi ressemble une bonne configuration Protection des donn\u00e9es \u2013 Webinar SlidesLes experts en protection\u2026<\/p>\n","category_list_v2":"","author_info_v2":{"name":"Adrian Schimpf","url":"https:\/\/aivie.ch\/fr\/author\/adrian\/"},"comments_num_v2":"0 commentaire","_links":{"self":[{"href":"https:\/\/aivie.ch\/fr\/wp-json\/wp\/v2\/pages\/17143","targetHints":{"allow":["GET"]}}],"collection":[{"href":"https:\/\/aivie.ch\/fr\/wp-json\/wp\/v2\/pages"}],"about":[{"href":"https:\/\/aivie.ch\/fr\/wp-json\/wp\/v2\/types\/page"}],"author":[{"embeddable":true,"href":"https:\/\/aivie.ch\/fr\/wp-json\/wp\/v2\/users\/1"}],"replies":[{"embeddable":true,"href":"https:\/\/aivie.ch\/fr\/wp-json\/wp\/v2\/comments?post=17143"}],"version-history":[{"count":1,"href":"https:\/\/aivie.ch\/fr\/wp-json\/wp\/v2\/pages\/17143\/revisions"}],"predecessor-version":[{"id":17152,"href":"https:\/\/aivie.ch\/fr\/wp-json\/wp\/v2\/pages\/17143\/revisions\/17152"}],"wp:attachment":[{"href":"https:\/\/aivie.ch\/fr\/wp-json\/wp\/v2\/media?parent=17143"}],"curies":[{"name":"wp","href":"https:\/\/api.w.org\/{rel}","templated":true}]}}