{"id":17096,"date":"2023-12-15T05:38:13","date_gmt":"2023-12-15T03:38:13","guid":{"rendered":"https:\/\/aivie.ch\/shift-cx-marketing-automation-canvas-lm\/"},"modified":"2023-12-15T05:38:15","modified_gmt":"2023-12-15T03:38:15","slug":"shift-cx-marketing-automation-canvas-lm","status":"publish","type":"page","link":"https:\/\/aivie.ch\/fr\/shift-cx-marketing-automation-canvas-lm\/","title":{"rendered":"Shift CX Marketing Automation Canvas LM"},"content":{"rendered":"\n<div class=\"alignfull wp-block-ugb-columns ugb-columns ugb-f174274 ugb-columns--design-plain ugb-columns--columns-2 ugb-main-block ugb-main-block--inner-center ugb--has-block-background ugb--has-background-overlay\"><style>.ugb-f174274 > .ugb-inner-block > .ugb-block-content > .ugb-columns__item{grid-template-columns:0.88fr 1.12fr !important}.ugb-f174274.ugb-columns{background-image:url(https:\/\/cdn.aivie.ch\/media\/wp\/2021\/06\/19131702\/pattern-company-960w.png);background-position:top left;background-repeat:no-repeat;background-size:47% !important}.ugb-f174274.ugb-columns:before{opacity:0.5}<\/style><div class=\"ugb-inner-block ugb-inner-block--center\"><div class=\"ugb-block-content\"><div class=\"ugb-columns__item ugb-f174274-content-wrapper\">\n<div class=\"wp-block-ugb-column ugb-column ugb-3b6a10a ugb-column--design-plain ugb-main-block\"><div class=\"ugb-inner-block\"><div class=\"ugb-block-content\"><div class=\"ugb-column__item ugb-3b6a10a-column-wrapper\"><div class=\"ugb-column__content-wrapper\">\n<figure class=\"wp-block-image size-full\"><img loading=\"lazy\" decoding=\"async\" width=\"1920\" height=\"1080\" src=\"https:\/\/cdn.aivie.ch\/media\/wp\/2022\/03\/07200135\/ShiftCX-2022-Canvas-MA.webp\" alt=\"\" class=\"wp-image-5789\" title=\"\" srcset=\"https:\/\/cdn.aivie.ch\/media\/wp\/2022\/03\/07200135\/ShiftCX-2022-Canvas-MA.webp 1920w, https:\/\/cdn.aivie.ch\/media\/wp\/2022\/03\/07200135\/ShiftCX-2022-Canvas-MA-960x540.webp 960w, https:\/\/cdn.aivie.ch\/media\/wp\/2022\/03\/07200135\/ShiftCX-2022-Canvas-MA-768x432.webp 768w, https:\/\/cdn.aivie.ch\/media\/wp\/2022\/03\/07200135\/ShiftCX-2022-Canvas-MA-1200x675.webp 1200w, https:\/\/cdn.aivie.ch\/media\/wp\/2022\/03\/07200135\/ShiftCX-2022-Canvas-MA-480x270.webp 480w, https:\/\/cdn.aivie.ch\/media\/wp\/2022\/03\/07200135\/ShiftCX-2022-Canvas-MA-600x338.webp 600w\" sizes=\"auto, (max-width: 1920px) 100vw, 1920px\" \/><\/figure>\n<\/div><\/div><\/div><\/div><\/div>\n\n\n\n<div class=\"wp-block-ugb-column ugb-column ugb-e4b2525 ugb-column--design-plain ugb-main-block\"><style>@media screen and (min-width:768px){.ugb-e4b2525 > .ugb-inner-block > .ugb-block-content > *{justify-content:center}}.ugb-e4b2525 > .ugb-inner-block > .ugb-block-content > *{justify-content:center !important}@media screen and (min-width:768px){.ugb-e4b2525 > .ugb-inner-block > .ugb-block-content > *{padding-top:20px !important;padding-bottom:20px !important;padding-right:20px !important;padding-left:20px !important}}<\/style><div class=\"ugb-inner-block\"><div class=\"ugb-block-content\"><div class=\"ugb-column__item ugb-e4b2525-column-wrapper\"><div class=\"ugb-column__content-wrapper\">\n<div class=\"wp-block-ugb-heading ugb-heading ugb-e1026e4 ugb-main-block\"><div class=\"ugb-inner-block\"><div class=\"ugb-block-content\"><h2 class=\"ugb-heading__title\">T\u00e9l\u00e9chargement de la keynote \u00e0 Shift\/CX 2022<\/h2><p class=\"ugb-heading__subtitle\">D\u00e9velopper des strat\u00e9gies et des tactiques avec le Marketing Automation Canvas.<\/p><\/div><\/div><\/div>\n\n\n\n<div class=\"aligncenter wp-block-ugb-container ugb-container ugb-f74cc05 ugb-container--v2 ugb-container--design-basic ugb-main-block\"><style>.ugb-f74cc05-wrapper.ugb-container__wrapper{background-color:#283e4c !important}.ugb-f74cc05-wrapper.ugb-container__wrapper:before{background-color:#283e4c !important}.ugb-f74cc05-content-wrapper > h1,.ugb-f74cc05-content-wrapper > h2,.ugb-f74cc05-content-wrapper > h3,.ugb-f74cc05-content-wrapper > h4,.ugb-f74cc05-content-wrapper > h5,.ugb-f74cc05-content-wrapper > h6{color:#ffffff}.ugb-f74cc05-content-wrapper > p,.ugb-f74cc05-content-wrapper > ol li,.ugb-f74cc05-content-wrapper > ul li{color:#ffffff}<\/style><div class=\"ugb-inner-block\"><div class=\"ugb-block-content\"><div class=\"ugb-container__wrapper ugb-f74cc05-wrapper\"><div class=\"ugb-container__side\"><div class=\"ugb-container__content-wrapper ugb-f74cc05-content-wrapper\">\n<div class=\"alignfull wp-block-ugb-icon-list ugb-icon-list ugb-c71e24a ugb-icon-list--v2 ugb-main-block ugb-main-block--inner-center ugb--has-block-background\"><style>.ugb-c71e24a li{color:#ffffff;--icon-size:8px !important}.ugb-c71e24a li::before{width:8px !important;height:8px !important;background-image:url('data:image\/svg+xml;base64,PHN2ZyBkYXRhLXByZWZpeD0iZmFzIiBkYXRhLWljb249ImNpcmNsZSIgY2xhc3M9InN2Zy1pbmxpbmUtLWZhIGZhLWNpcmNsZSBmYS13LTE2IiByb2xlPSJpbWciIHhtbG5zPSJodHRwOi8vd3d3LnczLm9yZy8yMDAwL3N2ZyIgdmlld0JveD0iMCAwIDUxMiA1MTIiIHN0eWxlPSJmaWxsOiAjZTYzMzEyICFpbXBvcnRhbnQ7IGNvbG9yOiAjZTYzMzEyICFpbXBvcnRhbnQiPjxwYXRoIGZpbGw9IiNlNjMzMTIiIGQ9Ik0yNTYgOEMxMTkgOCA4IDExOSA4IDI1NnMxMTEgMjQ4IDI0OCAyNDggMjQ4LTExMSAyNDgtMjQ4UzM5MyA4IDI1NiA4eiIgc3Ryb2tlPSIjZTYzMzEyIiBzdHlsZT0iZmlsbDogcmdiKDIzMCwgNTEsIDE4KTsgc3Ryb2tlOiByZ2IoMjMwLCA1MSwgMTgpOyIvPjwvc3ZnPg==')}.ugb-c71e24a.ugb-icon-list ul{columns:1}.ugb-c71e24a.ugb-icon-list{background-color:#283e4c}.ugb-c71e24a{padding:0 !important}.ugb-c71e24a.ugb-icon-list:before{background-color:#283e4c}.ugb-c71e24a .ugb-block-title{color:#ffffff;text-align:left}<\/style><div class=\"ugb-inner-block ugb-inner-block--center\"><h3 class=\"ugb-block-title\">Ces th\u00e8mes sont inclus<\/h3><div class=\"ugb-block-content\"><ul><li>Marketing Automation Canvas<\/li><li><span style=\"text-indent: calc(var(--icon-size, 20px)*-1 - 1em); text-align: inherit;\">Strat\u00e9gie de marketing funnel et tactique de campagne<\/span><\/li><li>Aimants de plomb<\/li><\/ul><\/div><\/div><\/div>\n<\/div><\/div><\/div><\/div><\/div><\/div>\n<\/div><\/div><\/div><\/div><\/div>\n<\/div><\/div><\/div><\/div>\n\n<div class=\"alignfull wp-block-ugb-columns ugb-columns aiv-col-2 ugb-0e2f191 ugb-columns--design-plain ugb-columns--columns-2 ugb-main-block ugb-main-block--inner-center ugb--has-block-background\"><style>.ugb-0e2f191-content-wrapper{grid-column-gap:60px !important}.ugb-0e2f191.ugb-columns{background-color:#cfe7e1}.ugb-0e2f191.ugb-columns:before{background-color:#cfe7e1}<\/style><div class=\"ugb-inner-block ugb-inner-block--center\"><div class=\"ugb-block-content\"><div class=\"ugb-columns__item ugb-0e2f191-content-wrapper\">\n<div class=\"wp-block-ugb-column ugb-column ugb-ca2a514 ugb-column--design-plain ugb-main-block\"><div class=\"ugb-inner-block\"><div class=\"ugb-block-content\"><div class=\"ugb-column__item ugb-ca2a514-column-wrapper\"><div class=\"ugb-column__content-wrapper\">\n<div class=\"wp-block-ugb-heading ugb-heading ugb-51cd323 ugb-main-block\"><style>.ugb-51cd323 .ugb-heading__title{color:#e63312}<\/style><div class=\"ugb-inner-block\"><div class=\"ugb-block-content\"><h2 class=\"ugb-heading__title\">D\u00e9velopper des strat\u00e9gies et des tactiques<\/h2><p class=\"ugb-heading__subtitle\">T\u00e9l\u00e9charge les slides de la keynote et commence \u00e0 travailler avec le Marketing Automation Canvas.  <\/p><\/div><\/div><\/div>\n\n\n\n<figure class=\"wp-block-image size-full is-style-default\"><img loading=\"lazy\" decoding=\"async\" width=\"1920\" height=\"1080\" src=\"https:\/\/cdn.aivie.ch\/media\/wp\/2022\/03\/07194834\/ShiftCX-2022-Canvas.webp\" alt=\"\" class=\"wp-image-5785\" title=\"\" srcset=\"https:\/\/cdn.aivie.ch\/media\/wp\/2022\/03\/07194834\/ShiftCX-2022-Canvas.webp 1920w, https:\/\/cdn.aivie.ch\/media\/wp\/2022\/03\/07194834\/ShiftCX-2022-Canvas-960x540.webp 960w, https:\/\/cdn.aivie.ch\/media\/wp\/2022\/03\/07194834\/ShiftCX-2022-Canvas-768x432.webp 768w, https:\/\/cdn.aivie.ch\/media\/wp\/2022\/03\/07194834\/ShiftCX-2022-Canvas-1200x675.webp 1200w, https:\/\/cdn.aivie.ch\/media\/wp\/2022\/03\/07194834\/ShiftCX-2022-Canvas-480x270.webp 480w, https:\/\/cdn.aivie.ch\/media\/wp\/2022\/03\/07194834\/ShiftCX-2022-Canvas-600x338.webp 600w\" sizes=\"auto, (max-width: 1920px) 100vw, 1920px\" \/><\/figure>\n<\/div><\/div><\/div><\/div><\/div>\n\n\n\n<div class=\"wp-block-ugb-column ugb-column ugb-3a58d59 ugb-column--design-plain ugb-main-block\" id=\"join\"><div class=\"ugb-inner-block\"><div class=\"ugb-block-content\"><div class=\"ugb-column__item ugb-3a58d59-column-wrapper\"><div class=\"ugb-column__content-wrapper\">\n<div class=\"wp-block-ugb-heading ugb-heading ugb-b1e04f1 ugb-main-block\"><style>.ugb-b1e04f1 .ugb-heading__title{color:#283e4c}<\/style><div class=\"ugb-inner-block\"><div class=\"ugb-block-content\"><h2 class=\"ugb-heading__title\"><span style=\"color: #283e4c;\" class=\"ugb-highlight\">T\u00e9l\u00e9charger les diapositives Shift CX.<\/span><\/h2><\/div><\/div><\/div>\n\n\n<script type=\"text\/javascript\" src=\"https:\/\/m.aivie.ch\/form\/generate.js?id=63\"><\/script>\n<\/div><\/div><\/div><\/div><\/div>\n<\/div><\/div><\/div><\/div>\n","protected":false},"excerpt":{"rendered":"<p>T\u00e9l\u00e9chargement de la keynote \u00e0 Shift\/CX 2022 D\u00e9velopper des strat\u00e9gies et des tactiques avec le Marketing Automation Canvas. Ces th\u00e8mes sont inclus Marketing Automation Canvas Strat\u00e9gie de marketing funnel et tactique de campagne Aimants de plomb D\u00e9velopper des strat\u00e9gies et des tactiques T\u00e9l\u00e9charge les slides de la keynote et commence \u00e0 travailler avec le Marketing &hellip; <a href=\"https:\/\/aivie.ch\/fr\/shift-cx-marketing-automation-canvas-lm\/\" class=\"more-link\">Continuer la lecture de <span class=\"screen-reader-text\">Shift CX Marketing Automation Canvas LM<\/span><\/a><\/p>\n","protected":false},"author":1,"featured_media":9457,"parent":0,"menu_order":0,"comment_status":"closed","ping_status":"closed","template":"front-page.php","meta":{"_acf_changed":false,"footnotes":""},"class_list":["post-17096","page","type-page","status-publish","has-post-thumbnail","hentry"],"acf":[],"featured_image_urls_v2":{"full":["https:\/\/cdn.aivie.ch\/media\/wp\/2022\/03\/07185646\/digitale-lead-generation-f-r-tech-unternehmen-lm.jpg",1280,720,false],"thumbnail":["https:\/\/cdn.aivie.ch\/media\/wp\/2022\/03\/07185646\/digitale-lead-generation-f-r-tech-unternehmen-lm-240x240.jpg",240,240,true],"medium":["https:\/\/cdn.aivie.ch\/media\/wp\/2022\/03\/07185646\/digitale-lead-generation-f-r-tech-unternehmen-lm-960x540.jpg",960,540,true],"medium_large":["https:\/\/cdn.aivie.ch\/media\/wp\/2022\/03\/07185646\/digitale-lead-generation-f-r-tech-unternehmen-lm-768x432.jpg",768,432,true],"large":["https:\/\/cdn.aivie.ch\/media\/wp\/2022\/03\/07185646\/digitale-lead-generation-f-r-tech-unternehmen-lm.jpg",990,557,false],"post-thumbnail":["https:\/\/cdn.aivie.ch\/media\/wp\/2022\/03\/07185646\/digitale-lead-generation-f-r-tech-unternehmen-lm-1200x675.jpg",1200,675,true],"aiv_480w":["https:\/\/cdn.aivie.ch\/media\/wp\/2022\/03\/07185646\/digitale-lead-generation-f-r-tech-unternehmen-lm-480x270.jpg",480,270,true],"woocommerce_thumbnail":["https:\/\/cdn.aivie.ch\/media\/wp\/2022\/03\/07185646\/digitale-lead-generation-f-r-tech-unternehmen-lm-240x240.jpg",240,240,true],"woocommerce_single":["https:\/\/cdn.aivie.ch\/media\/wp\/2022\/03\/07185646\/digitale-lead-generation-f-r-tech-unternehmen-lm-960x540.jpg",960,540,true],"woocommerce_gallery_thumbnail":["https:\/\/cdn.aivie.ch\/media\/wp\/2022\/03\/07185646\/digitale-lead-generation-f-r-tech-unternehmen-lm-240x240.jpg",240,240,true]},"post_excerpt_stackable_v2":"<p>T\u00e9l\u00e9chargement de la keynote \u00e0 Shift\/CX 2022D\u00e9velopper des strat\u00e9gies et des tactiques avec le Marketing Automation Canvas. Ces th\u00e8mes sont inclusMarketing Automation CanvasStrat\u00e9gie de marketing funnel et tactique de campagneAimants de plomb D\u00e9velopper des strat\u00e9gies et des tactiquesT\u00e9l\u00e9charge les slides de la keynote et commence \u00e0 travailler avec le Marketing Automation Canvas. T\u00e9l\u00e9charger les diapositives Shift CX.<\/p>\n","category_list_v2":"","author_info_v2":{"name":"Adrian Schimpf","url":"https:\/\/aivie.ch\/fr\/author\/adrian\/"},"comments_num_v2":"0 commentaire","_links":{"self":[{"href":"https:\/\/aivie.ch\/fr\/wp-json\/wp\/v2\/pages\/17096","targetHints":{"allow":["GET"]}}],"collection":[{"href":"https:\/\/aivie.ch\/fr\/wp-json\/wp\/v2\/pages"}],"about":[{"href":"https:\/\/aivie.ch\/fr\/wp-json\/wp\/v2\/types\/page"}],"author":[{"embeddable":true,"href":"https:\/\/aivie.ch\/fr\/wp-json\/wp\/v2\/users\/1"}],"replies":[{"embeddable":true,"href":"https:\/\/aivie.ch\/fr\/wp-json\/wp\/v2\/comments?post=17096"}],"version-history":[{"count":1,"href":"https:\/\/aivie.ch\/fr\/wp-json\/wp\/v2\/pages\/17096\/revisions"}],"predecessor-version":[{"id":17102,"href":"https:\/\/aivie.ch\/fr\/wp-json\/wp\/v2\/pages\/17096\/revisions\/17102"}],"wp:featuredmedia":[{"embeddable":true,"href":"https:\/\/aivie.ch\/fr\/wp-json\/wp\/v2\/media\/9457"}],"wp:attachment":[{"href":"https:\/\/aivie.ch\/fr\/wp-json\/wp\/v2\/media?parent=17096"}],"curies":[{"name":"wp","href":"https:\/\/api.w.org\/{rel}","templated":true}]}}