{"id":17088,"date":"2023-12-15T05:38:10","date_gmt":"2023-12-15T03:38:10","guid":{"rendered":"https:\/\/aivie.ch\/croissance-pour-les-femmes-fondatrices\/"},"modified":"2023-12-15T05:38:17","modified_gmt":"2023-12-15T03:38:17","slug":"croissance-pour-les-femmes-fondatrices","status":"publish","type":"page","link":"https:\/\/aivie.ch\/fr\/croissance-pour-les-femmes-fondatrices\/","title":{"rendered":"Croissance pour les femmes fondatrices"},"content":{"rendered":"\n<div class=\"alignfull wp-block-ugb-columns ugb-columns ugb-f174274 ugb-columns--design-plain ugb-columns--columns-2 ugb-main-block ugb-main-block--inner-center ugb--has-block-background ugb--has-background-overlay\"><style>.ugb-f174274 > .ugb-inner-block > .ugb-block-content > .ugb-columns__item{grid-template-columns:0.88fr 1.12fr !important}.ugb-f174274.ugb-columns{background-image:url(https:\/\/cdn.aivie.ch\/media\/wp\/2021\/06\/19131702\/pattern-company-960w.png);background-position:top left;background-repeat:no-repeat;background-size:47% !important}.ugb-f174274.ugb-columns:before{opacity:0.5}<\/style><div class=\"ugb-inner-block ugb-inner-block--center\"><div class=\"ugb-block-content\"><div class=\"ugb-columns__item ugb-f174274-content-wrapper\">\n<div class=\"wp-block-ugb-column ugb-column ugb-3b6a10a ugb-column--design-plain ugb-main-block\"><div class=\"ugb-inner-block\"><div class=\"ugb-block-content\"><div class=\"ugb-column__item ugb-3b6a10a-column-wrapper\"><div class=\"ugb-column__content-wrapper\">\n<figure class=\"wp-block-image size-full\"><img decoding=\"async\" src=\"https:\/\/aivie.ch\/wp-content\/uploads\/2022\/08\/WaschstumFu&#x308;rGru&#x308;nderinnen.webp\" alt=\"Croissance pour les femmes fondatrices\" class=\"wp-image-10858\" title=\"\"><\/figure>\n<\/div><\/div><\/div><\/div><\/div>\n\n\n\n<div class=\"wp-block-ugb-column ugb-column ugb-e4b2525 ugb-column--design-plain ugb-main-block\"><style>@media screen and (min-width:768px){.ugb-e4b2525 > .ugb-inner-block > .ugb-block-content > *{justify-content:center}}.ugb-e4b2525 > .ugb-inner-block > .ugb-block-content > *{justify-content:center !important}@media screen and (min-width:768px){.ugb-e4b2525 > .ugb-inner-block > .ugb-block-content > *{padding-top:20px !important;padding-bottom:20px !important;padding-right:20px !important;padding-left:20px !important}}<\/style><div class=\"ugb-inner-block\"><div class=\"ugb-block-content\"><div class=\"ugb-column__item ugb-e4b2525-column-wrapper\"><div class=\"ugb-column__content-wrapper\">\n<div class=\"wp-block-ugb-heading ugb-heading ugb-e1026e4 ugb-main-block\"><div class=\"ugb-inner-block\"><div class=\"ugb-block-content\"><h2 class=\"ugb-heading__title\">Webinaire pour les cr\u00e9atrices d&rsquo;entreprise<\/h2><p class=\"ugb-heading__subtitle\">Le webinaire Croissance pour les cr\u00e9atrices d&rsquo;entreprise te renforce avec des connaissances sur le th\u00e8me des donn\u00e9es. Tu es ainsi \u00e9quip\u00e9 pour faire avancer ton entreprise de mani\u00e8re cibl\u00e9e, te fixer des objectifs et les aborder dans le cadre du marketing.  <\/p><\/div><\/div><\/div>\n\n\n\n<div class=\"aligncenter wp-block-ugb-container ugb-container ugb-f74cc05 ugb-container--v2 ugb-container--design-basic ugb-main-block\"><style>.ugb-f74cc05-wrapper.ugb-container__wrapper{background-color:#283e4c !important}.ugb-f74cc05-wrapper.ugb-container__wrapper:before{background-color:#283e4c !important}.ugb-f74cc05-content-wrapper > h1,.ugb-f74cc05-content-wrapper > h2,.ugb-f74cc05-content-wrapper > h3,.ugb-f74cc05-content-wrapper > h4,.ugb-f74cc05-content-wrapper > h5,.ugb-f74cc05-content-wrapper > h6{color:#ffffff}.ugb-f74cc05-content-wrapper > p,.ugb-f74cc05-content-wrapper > ol li,.ugb-f74cc05-content-wrapper > ul li{color:#ffffff}<\/style><div class=\"ugb-inner-block\"><div class=\"ugb-block-content\"><div class=\"ugb-container__wrapper ugb-f74cc05-wrapper\"><div class=\"ugb-container__side\"><div class=\"ugb-container__content-wrapper ugb-f74cc05-content-wrapper\">\n<div class=\"alignfull wp-block-ugb-icon-list ugb-icon-list ugb-c71e24a ugb-icon-list--v2 ugb-main-block ugb-main-block--inner-center ugb--has-block-background\"><style>.ugb-c71e24a li{color:#ffffff;--icon-size:8px !important}.ugb-c71e24a li::before{width:8px !important;height:8px !important;background-image:url('data:image\/svg+xml;base64,PHN2ZyBkYXRhLXByZWZpeD0iZmFzIiBkYXRhLWljb249ImNpcmNsZSIgY2xhc3M9InN2Zy1pbmxpbmUtLWZhIGZhLWNpcmNsZSBmYS13LTE2IiByb2xlPSJpbWciIHhtbG5zPSJodHRwOi8vd3d3LnczLm9yZy8yMDAwL3N2ZyIgdmlld0JveD0iMCAwIDUxMiA1MTIiIHN0eWxlPSJmaWxsOiAjZTYzMzEyICFpbXBvcnRhbnQ7IGNvbG9yOiAjZTYzMzEyICFpbXBvcnRhbnQiPjxwYXRoIGZpbGw9IiNlNjMzMTIiIGQ9Ik0yNTYgOEMxMTkgOCA4IDExOSA4IDI1NnMxMTEgMjQ4IDI0OCAyNDggMjQ4LTExMSAyNDgtMjQ4UzM5MyA4IDI1NiA4eiIgc3Ryb2tlPSIjZTYzMzEyIiBzdHlsZT0iZmlsbDogcmdiKDIzMCwgNTEsIDE4KTsgc3Ryb2tlOiByZ2IoMjMwLCA1MSwgMTgpOyIvPjwvc3ZnPg==')}.ugb-c71e24a.ugb-icon-list ul{columns:1}.ugb-c71e24a.ugb-icon-list{background-color:#283e4c}.ugb-c71e24a{padding:0 !important}.ugb-c71e24a.ugb-icon-list:before{background-color:#283e4c}.ugb-c71e24a .ugb-block-title{color:#ffffff;text-align:left}<\/style><div class=\"ugb-inner-block ugb-inner-block--center\"><h3 class=\"ugb-block-title\">C&rsquo;est de cela que nous parlons<\/h3><div class=\"ugb-block-content\"><ul><li>Objectifs de croissance<\/li><li><span style=\"text-indent: calc(var(--icon-size, 20px)*-1 - 1em); text-align: inherit;\">Concevoir la croissance<\/span> et ma\u00eetriser les donn\u00e9es<\/li><li><span style=\"text-indent: calc(var(--icon-size, 20px)*-1 - 1em); text-align: inherit;\">Mesurer la croissance<\/span> et s&rsquo;am\u00e9liorer continuellement<\/li><\/ul><\/div><\/div><\/div>\n<\/div><\/div><\/div><\/div><\/div><\/div>\n<\/div><\/div><\/div><\/div><\/div>\n<\/div><\/div><\/div><\/div>\n\n<div class=\"alignfull wp-block-ugb-columns ugb-columns aiv-col-2 ugb-08bc8fb ugb-columns--design-plain ugb-columns--columns-2 ugb-main-block ugb-main-block--inner-center ugb--has-block-background\"><style>.ugb-08bc8fb-content-wrapper{grid-column-gap:60px !important}.ugb-08bc8fb.ugb-columns{background-color:#cfe7e1}.ugb-08bc8fb.ugb-columns:before{background-color:#cfe7e1}@media screen and (min-width:768px){.ugb-08bc8fb.ugb-columns{margin-bottom:94px !important}}<\/style><div class=\"ugb-inner-block ugb-inner-block--center\"><div class=\"ugb-block-content\"><div class=\"ugb-columns__item ugb-08bc8fb-content-wrapper\">\n<div class=\"wp-block-ugb-column ugb-column ugb-0bded5c ugb-column--design-plain ugb-main-block\"><div class=\"ugb-inner-block\"><div class=\"ugb-block-content\"><div class=\"ugb-column__item ugb-0bded5c-column-wrapper\"><div class=\"ugb-column__content-wrapper\">\n<div class=\"wp-block-ugb-heading ugb-heading ugb-1d6c276 ugb-main-block\"><style>.ugb-1d6c276 .ugb-heading__title{color:#e63312}<\/style><div class=\"ugb-inner-block\"><div class=\"ugb-block-content\"><h2 class=\"ugb-heading__title\">Croissance pour les femmes fondatrices<\/h2><p class=\"ugb-heading__subtitle\">Le webinaire Croissance pour les femmes cr\u00e9atrices d&rsquo;entreprise se d\u00e9roule en ligne. Toi et tes coll\u00e8gues \u00eates les bienvenus.<\/p><\/div><\/div><\/div>\n\n\n\n<figure class=\"wp-block-table is-style-regular\"><table><tbody><tr><td>Date  <\/td><td><strong>22 septembre 2022<\/strong><\/td><\/tr><tr><td>heure :<\/td><td><strong>15:00 heures<\/strong><\/td><\/tr><tr><td>Dur\u00e9e :<\/td><td><strong>45 minutes<\/strong><\/td><\/tr><tr><td>Pr\u00e9sentateurs :<\/td><td>Angelika Wohofsky et Sarah Seyr<\/td><\/tr><tr><td>Organisateur :<\/td><td>Aivie<\/td><\/tr><tr><td>prix :<\/td><td><strong>Gratuit<\/strong><\/td><\/tr><\/tbody><\/table><\/figure>\n<\/div><\/div><\/div><\/div><\/div>\n\n\n\n<div class=\"wp-block-ugb-column ugb-column ugb-1ca8660 ugb-column--design-plain ugb-main-block\" id=\"join\"><div class=\"ugb-inner-block\"><div class=\"ugb-block-content\"><div class=\"ugb-column__item ugb-1ca8660-column-wrapper\"><div class=\"ugb-column__content-wrapper\">\n<div class=\"wp-block-ugb-heading ugb-heading ugb-017aab2 ugb-main-block\"><style>.ugb-017aab2 .ugb-heading__title{color:#283e4c}@media screen and (max-width:768px){.ugb-017aab2 .ugb-heading__title{margin-bottom:-19px !important}.ugb-017aab2.ugb-heading{margin-top:-70px !important}}<\/style><div class=\"ugb-inner-block\"><div class=\"ugb-block-content\"><h3 class=\"ugb-heading__title\">Inscris-toi maintenant au webinaire pour les cr\u00e9atrices d&rsquo;entreprise<\/h3><\/div><\/div><\/div>\n\n\n<script type=\"text\/javascript\" src=\"https:\/\/m.aivie.ch\/form\/generate.js?id=73\"><\/script>\n<\/div><\/div><\/div><\/div><\/div>\n<\/div><\/div><\/div><\/div>\n\n<h2 class=\"wp-block-heading\" id=\"h-uber-die-frauen-power\">\u00c0 propos du pouvoir des femmes<\/h2>\n\n<div class=\"wp-block-stackable-columns stk-block-columns stk-block stk-de03318\" data-block-id=\"de03318\"><div class=\"stk-row stk-inner-blocks stk-block-content stk-content-align stk-de03318-column\">\n<div class=\"wp-block-stackable-column stk-block-column stk-block-column--v2 stk-column stk-block stk-896d390\" data-block-id=\"896d390\"><div class=\"stk-column-wrapper stk-block-column__content stk-container stk-896d390-container stk--no-background stk--no-padding\"><div class=\"stk-block-content stk-inner-blocks stk-896d390-inner-blocks\">\n<h3 class=\"wp-block-heading\" id=\"h-angelika-wohofsky\">Angelika Wohofsky<\/h3>\n\n\n\n<figure class=\"wp-block-image size-full\"><a href=\"https:\/\/www.wohofsky.at\/\" target=\"_blank\" rel=\"noreferrer noopener\"><img loading=\"lazy\" decoding=\"async\" width=\"1200\" height=\"800\" src=\"https:\/\/cdn.aivie.ch\/media\/wp\/2022\/07\/11140011\/Angelika-Wohofsky.webp\" alt=\"Croissance pour les cr&#xE9;atrices d&#039;entreprise Angelika Wohofsky\" class=\"wp-image-10197\" title=\"\" srcset=\"https:\/\/cdn.aivie.ch\/media\/wp\/2022\/07\/11140011\/Angelika-Wohofsky.webp 1200w, https:\/\/cdn.aivie.ch\/media\/wp\/2022\/07\/11140011\/Angelika-Wohofsky-600x400.webp 960w, https:\/\/cdn.aivie.ch\/media\/wp\/2022\/07\/11140011\/Angelika-Wohofsky-768x512.webp 768w, https:\/\/cdn.aivie.ch\/media\/wp\/2022\/07\/11140011\/Angelika-Wohofsky-480x320.webp 480w, https:\/\/cdn.aivie.ch\/media\/wp\/2022\/07\/11140011\/Angelika-Wohofsky.webp 600w\" sizes=\"auto, (max-width: 1200px) 100vw, 1200px\" \/><\/a><\/figure>\n\n\n\n<ul class=\"wp-block-list\">\n<li>La formatrice sp\u00e9cialis\u00e9e et enseignante en communication num\u00e9rique que je suis aime montrer aux autres comment \u00e9voluer en toute s\u00e9curit\u00e9 dans le monde num\u00e9rique.<\/li>\n<\/ul>\n\n\n\n<ul class=\"wp-block-list\">\n<li>N\u00e9e <a href=\"https:\/\/www.wohofsky.at\/\" target=\"_blank\" rel=\"noreferrer noopener\">Angelika Wohofsky<\/a> \u00e0 la fin des ann\u00e9es 1960, j&rsquo;ai grandi en analogique et j&rsquo;ai \u00e9t\u00e9 pouss\u00e9e dans le num\u00e9rique une vingtaine d&rsquo;ann\u00e9es plus tard. J&rsquo;ai accept\u00e9 ce coup de pouce avec plaisir, car j&rsquo;ai r\u00e9alis\u00e9 que dans ce monde, je pouvais m&rsquo;\u00e9panouir librement.<\/li>\n<\/ul>\n\n\n\n<ul class=\"wp-block-list\">\n<li>Ma pr\u00e9occupation : au lieu de parler beaucoup, nous mettons imm\u00e9diatement en pratique les connaissances nouvellement acquises lors de mes formations.<\/li>\n<\/ul>\n<\/div><\/div><\/div>\n\n\n\n<div class=\"wp-block-stackable-column stk-block-column stk-block-column--v2 stk-column stk-block stk-91c5cf9\" data-block-id=\"91c5cf9\"><div class=\"stk-column-wrapper stk-block-column__content stk-container stk-91c5cf9-container stk--no-background stk--no-padding\"><div class=\"stk-block-content stk-inner-blocks stk-91c5cf9-inner-blocks\">\n<h3 class=\"wp-block-heading\" id=\"h-sarah-seyr\">Sarah Seyr<\/h3>\n\n\n\n<figure class=\"wp-block-image size-full\"><img loading=\"lazy\" decoding=\"async\" width=\"1920\" height=\"1280\" src=\"https:\/\/cdn.aivie.ch\/media\/wp\/2021\/10\/19131522\/marketing-automation-workshop-dr-sarah-seyr-1920w.webp\" alt=\"Atelier de marketing automation avec Dr Sarah Seyr\" class=\"wp-image-2563\" title=\"\" srcset=\"https:\/\/cdn.aivie.ch\/media\/wp\/2021\/10\/19131522\/marketing-automation-workshop-dr-sarah-seyr-1920w.webp 1920w, https:\/\/cdn.aivie.ch\/media\/wp\/2021\/10\/19131522\/marketing-automation-workshop-dr-sarah-seyr-1920w-960x640.webp 960w, https:\/\/cdn.aivie.ch\/media\/wp\/2021\/10\/19131522\/marketing-automation-workshop-dr-sarah-seyr-1920w-768x512.webp 768w, https:\/\/cdn.aivie.ch\/media\/wp\/2021\/10\/19131522\/marketing-automation-workshop-dr-sarah-seyr-1920w-1200x800.webp 1200w, https:\/\/cdn.aivie.ch\/media\/wp\/2021\/10\/19131522\/marketing-automation-workshop-dr-sarah-seyr-1920w-480x320.webp 480w, https:\/\/cdn.aivie.ch\/media\/wp\/2021\/10\/19131522\/marketing-automation-workshop-dr-sarah-seyr-1920w-600x400.webp 600w\" sizes=\"auto, (max-width: 1920px) 100vw, 1920px\" \/><\/figure>\n\n\n\n<ul class=\"wp-block-list\">\n<li>Sarah Seyr, Dr. sc. ETH, est psychologue et experte en exp\u00e9rience client num\u00e9rique et en interaction homme-machine.<\/li>\n<\/ul>\n\n\n\n<ul class=\"wp-block-list\">\n<li>Elle partage avec passion ses connaissances et son exp\u00e9rience en mati\u00e8re de personnalisation et d&rsquo;automatisation en tant que charg\u00e9e de cours dans des universit\u00e9s et formatrice chez Linkedin Learning.<\/li>\n<\/ul>\n\n\n\n<ul class=\"wp-block-list\">\n<li>En tant que cofondatrice et Chief Customer Officer d&rsquo;Aivie, elle rend le marketing automation plus personnel et les interactions avec les clients plus valorisantes.<\/li>\n<\/ul>\n<\/div><\/div><\/div>\n<\/div><\/div>\n\n<p><\/p>\n","protected":false},"excerpt":{"rendered":"<p>Webinaire pour les cr\u00e9atrices d&rsquo;entreprise Le webinaire Croissance pour les cr\u00e9atrices d&rsquo;entreprise te renforce avec des connaissances sur le th\u00e8me des donn\u00e9es. Tu es ainsi \u00e9quip\u00e9 pour faire avancer ton entreprise de mani\u00e8re cibl\u00e9e, te fixer des objectifs et les aborder dans le cadre du marketing. C&rsquo;est de cela que nous parlons Objectifs de croissance &hellip; <a href=\"https:\/\/aivie.ch\/fr\/croissance-pour-les-femmes-fondatrices\/\" class=\"more-link\">Continuer la lecture de <span class=\"screen-reader-text\">Croissance pour les femmes fondatrices<\/span><\/a><\/p>\n","protected":false},"author":1,"featured_media":0,"parent":0,"menu_order":0,"comment_status":"closed","ping_status":"closed","template":"front-page.php","meta":{"_acf_changed":false,"footnotes":""},"class_list":["post-17088","page","type-page","status-publish","hentry"],"acf":[],"featured_image_urls_v2":{"full":"","thumbnail":"","medium":"","medium_large":"","large":"","post-thumbnail":"","aiv_480w":"","woocommerce_thumbnail":"","woocommerce_single":"","woocommerce_gallery_thumbnail":""},"post_excerpt_stackable_v2":"<p>Webinaire pour les cr\u00e9atrices d&rsquo;entrepriseLe webinaire Croissance pour les cr\u00e9atrices d&rsquo;entreprise te renforce avec des connaissances sur le th\u00e8me des donn\u00e9es. Tu es ainsi \u00e9quip\u00e9 pour faire avancer ton entreprise de mani\u00e8re cibl\u00e9e, te fixer des objectifs et les aborder dans le cadre du marketing. C&rsquo;est de cela que nous parlonsObjectifs de croissanceConcevoir la croissance et ma\u00eetriser les donn\u00e9esMesurer la croissance et s&rsquo;am\u00e9liorer continuellement Croissance pour les femmes fondatricesLe webinaire Croissance pour les femmes cr\u00e9atrices d&rsquo;entreprise se d\u00e9roule en ligne. Toi et tes coll\u00e8gues \u00eates les bienvenus. Date 22 septembre 2022heure :15:00 heuresDur\u00e9e :45 minutesPr\u00e9sentateurs :Angelika Wohofsky et Sarah SeyrOrganisateur\u2026<\/p>\n","category_list_v2":"","author_info_v2":{"name":"Adrian Schimpf","url":"https:\/\/aivie.ch\/fr\/author\/adrian\/"},"comments_num_v2":"0 commentaire","_links":{"self":[{"href":"https:\/\/aivie.ch\/fr\/wp-json\/wp\/v2\/pages\/17088","targetHints":{"allow":["GET"]}}],"collection":[{"href":"https:\/\/aivie.ch\/fr\/wp-json\/wp\/v2\/pages"}],"about":[{"href":"https:\/\/aivie.ch\/fr\/wp-json\/wp\/v2\/types\/page"}],"author":[{"embeddable":true,"href":"https:\/\/aivie.ch\/fr\/wp-json\/wp\/v2\/users\/1"}],"replies":[{"embeddable":true,"href":"https:\/\/aivie.ch\/fr\/wp-json\/wp\/v2\/comments?post=17088"}],"version-history":[{"count":1,"href":"https:\/\/aivie.ch\/fr\/wp-json\/wp\/v2\/pages\/17088\/revisions"}],"predecessor-version":[{"id":17095,"href":"https:\/\/aivie.ch\/fr\/wp-json\/wp\/v2\/pages\/17088\/revisions\/17095"}],"wp:attachment":[{"href":"https:\/\/aivie.ch\/fr\/wp-json\/wp\/v2\/media?parent=17088"}],"curies":[{"name":"wp","href":"https:\/\/api.w.org\/{rel}","templated":true}]}}