{"id":17050,"date":"2023-12-15T05:37:55","date_gmt":"2023-12-15T03:37:55","guid":{"rendered":"https:\/\/aivie.ch\/gagne-un-atelier-avec-accompagnement-de-vin\/"},"modified":"2023-12-15T05:38:10","modified_gmt":"2023-12-15T03:38:10","slug":"gagne-un-atelier-avec-accompagnement-de-vin","status":"publish","type":"page","link":"https:\/\/aivie.ch\/fr\/gagne-un-atelier-avec-accompagnement-de-vin\/","title":{"rendered":"Gagne un atelier avec accompagnement de vin"},"content":{"rendered":"\n<div class=\"alignfull wp-block-ugb-columns ugb-columns ugb-f174274 ugb-columns--design-plain ugb-columns--columns-2 ugb-main-block ugb-main-block--inner-center ugb--has-block-background ugb--has-background-overlay\"><style>.ugb-f174274 > .ugb-inner-block > .ugb-block-content > .ugb-columns__item{grid-template-columns:0.88fr 1.12fr !important}.ugb-f174274.ugb-columns{background-image:url(https:\/\/cdn.aivie.ch\/media\/wp\/2021\/06\/19131702\/pattern-company-960w.png);background-position:top left;background-repeat:no-repeat;background-size:47% !important}.ugb-f174274.ugb-columns:before{opacity:0.5}<\/style><div class=\"ugb-inner-block ugb-inner-block--center\"><div class=\"ugb-block-content\"><div class=\"ugb-columns__item ugb-f174274-content-wrapper\">\n<div class=\"wp-block-ugb-column ugb-column ugb-3b6a10a ugb-column--design-plain ugb-main-block\"><div class=\"ugb-inner-block\"><div class=\"ugb-block-content\"><div class=\"ugb-column__item ugb-3b6a10a-column-wrapper\"><div class=\"ugb-column__content-wrapper\">\n<figure class=\"wp-block-image size-full\"><img loading=\"lazy\" decoding=\"async\" width=\"960\" height=\"540\" src=\"https:\/\/cdn.aivie.ch\/media\/wp\/2022\/03\/24093525\/Aivie_Workshop-Value-Vino_Funnel-Weinbegleitung-1.jpg\" alt=\"\" class=\"wp-image-6046\" title=\"\" srcset=\"https:\/\/cdn.aivie.ch\/media\/wp\/2022\/03\/24093525\/Aivie_Workshop-Value-Vino_Funnel-Weinbegleitung-1.jpg 960w, https:\/\/cdn.aivie.ch\/media\/wp\/2022\/03\/24093525\/Aivie_Workshop-Value-Vino_Funnel-Weinbegleitung-1-768x432.jpg 768w, https:\/\/cdn.aivie.ch\/media\/wp\/2022\/03\/24093525\/Aivie_Workshop-Value-Vino_Funnel-Weinbegleitung-1-480x270.jpg 480w, https:\/\/cdn.aivie.ch\/media\/wp\/2022\/03\/24093525\/Aivie_Workshop-Value-Vino_Funnel-Weinbegleitung-1-600x338.jpg 600w\" sizes=\"auto, (max-width: 960px) 100vw, 960px\" \/><\/figure>\n<\/div><\/div><\/div><\/div><\/div>\n\n\n\n<div class=\"wp-block-ugb-column ugb-column ugb-e4b2525 ugb-column--design-plain ugb-main-block\"><style>@media screen and (min-width:768px){.ugb-e4b2525 > .ugb-inner-block > .ugb-block-content > *{justify-content:center}}.ugb-e4b2525 > .ugb-inner-block > .ugb-block-content > *{justify-content:center !important}@media screen and (min-width:768px){.ugb-e4b2525 > .ugb-inner-block > .ugb-block-content > *{padding-top:20px !important;padding-bottom:20px !important;padding-right:20px !important;padding-left:20px !important}}<\/style><div class=\"ugb-inner-block\"><div class=\"ugb-block-content\"><div class=\"ugb-column__item ugb-e4b2525-column-wrapper\"><div class=\"ugb-column__content-wrapper\">\n<div class=\"wp-block-ugb-heading ugb-heading ugb-e1026e4 ugb-main-block\"><div class=\"ugb-inner-block\"><div class=\"ugb-block-content\"><h2 class=\"ugb-heading__title\">Value &amp; Vino  <\/h2><p class=\"ugb-heading__subtitle\">Un Funnel r\u00e9ussi, c&rsquo;est comme un bon vin d&rsquo;accompagnement. De l&rsquo;entr\u00e9e en mati\u00e8re l\u00e9g\u00e8re \u00e0 l&rsquo;ach\u00e8vement cors\u00e9. Nous tirerons parti de cette analogie lors de l&rsquo;atelier.  <br\/><br\/>Avec ton \u00e9quipe, nous \u00e9laborons en trois heures votre Funnel \u00e0 l&rsquo;aide du Marketing Automation Canvas. Pour que la th\u00e9orie ne reste pas s\u00e8che, nous d\u00e9gustons \u00e0 cet effet trois vins \u2013 correspondant aux phases du Funnel.  <\/p><\/div><\/div><\/div>\n\n\n\n<div class=\"aligncenter wp-block-ugb-container ugb-container ugb-f74cc05 ugb-container--v2 ugb-container--design-basic ugb-main-block\"><style>.ugb-f74cc05-wrapper.ugb-container__wrapper{background-color:#283e4c !important}.ugb-f74cc05-wrapper.ugb-container__wrapper:before{background-color:#283e4c !important}.ugb-f74cc05-content-wrapper > h1,.ugb-f74cc05-content-wrapper > h2,.ugb-f74cc05-content-wrapper > h3,.ugb-f74cc05-content-wrapper > h4,.ugb-f74cc05-content-wrapper > h5,.ugb-f74cc05-content-wrapper > h6{color:#ffffff}.ugb-f74cc05-content-wrapper > p,.ugb-f74cc05-content-wrapper > ol li,.ugb-f74cc05-content-wrapper > ul li{color:#ffffff}<\/style><div class=\"ugb-inner-block\"><div class=\"ugb-block-content\"><div class=\"ugb-container__wrapper ugb-f74cc05-wrapper\"><div class=\"ugb-container__side\"><div class=\"ugb-container__content-wrapper ugb-f74cc05-content-wrapper\">\n<div class=\"alignfull wp-block-ugb-icon-list ugb-icon-list ugb-c71e24a ugb-icon-list--v2 ugb-main-block ugb-main-block--inner-center ugb--has-block-background\"><style>.ugb-c71e24a li{color:#ffffff;--icon-size:8px !important}.ugb-c71e24a li::before{width:8px !important;height:8px !important;background-image:url('data:image\/svg+xml;base64,PHN2ZyBkYXRhLXByZWZpeD0iZmFzIiBkYXRhLWljb249ImNpcmNsZSIgY2xhc3M9InN2Zy1pbmxpbmUtLWZhIGZhLWNpcmNsZSBmYS13LTE2IiByb2xlPSJpbWciIHhtbG5zPSJodHRwOi8vd3d3LnczLm9yZy8yMDAwL3N2ZyIgdmlld0JveD0iMCAwIDUxMiA1MTIiIHN0eWxlPSJmaWxsOiAjZTYzMzEyICFpbXBvcnRhbnQ7IGNvbG9yOiAjZTYzMzEyICFpbXBvcnRhbnQiPjxwYXRoIGZpbGw9IiNlNjMzMTIiIGQ9Ik0yNTYgOEMxMTkgOCA4IDExOSA4IDI1NnMxMTEgMjQ4IDI0OCAyNDggMjQ4LTExMSAyNDgtMjQ4UzM5MyA4IDI1NiA4eiIgc3Ryb2tlPSIjZTYzMzEyIiBzdHlsZT0iZmlsbDogcmdiKDIzMCwgNTEsIDE4KTsgc3Ryb2tlOiByZ2IoMjMwLCA1MSwgMTgpOyIvPjwvc3ZnPg==')}.ugb-c71e24a.ugb-icon-list ul{columns:1}.ugb-c71e24a.ugb-icon-list{background-color:#283e4c}.ugb-c71e24a{padding:0 !important}.ugb-c71e24a.ugb-icon-list:before{background-color:#283e4c}.ugb-c71e24a .ugb-block-title{color:#ffffff;text-align:left}<\/style><div class=\"ugb-inner-block ugb-inner-block--center\"><h3 class=\"ugb-block-title\">Voici ce que toi et ton \u00e9quipe vivrez lors de l&rsquo;atelier<\/h3><div class=\"ugb-block-content\"><ul><li>Construire un funnel coh\u00e9rent<\/li><li>avec un vin adapt\u00e9 \u00e0 chaque phase<\/li><li>et le Marketing Automation Canvas<\/li><\/ul><\/div><\/div><\/div>\n<\/div><\/div><\/div><\/div><\/div><\/div>\n<\/div><\/div><\/div><\/div><\/div>\n<\/div><\/div><\/div><\/div>\n\n<div class=\"alignfull wp-block-ugb-columns ugb-columns aiv-col-2 ugb-1c9b479 ugb-columns--design-plain ugb-columns--columns-2 ugb-main-block ugb-main-block--inner-center ugb--has-block-background\"><style>.ugb-1c9b479-content-wrapper{grid-column-gap:60px !important}.ugb-1c9b479.ugb-columns{background-color:#cfe7e1}.ugb-1c9b479.ugb-columns:before{background-color:#cfe7e1}<\/style><div class=\"ugb-inner-block ugb-inner-block--center\"><div class=\"ugb-block-content\"><div class=\"ugb-columns__item ugb-1c9b479-content-wrapper\">\n<div class=\"wp-block-ugb-column ugb-column ugb-20fa9e9 ugb-column--design-plain ugb-main-block\"><div class=\"ugb-inner-block\"><div class=\"ugb-block-content\"><div class=\"ugb-column__item ugb-20fa9e9-column-wrapper\"><div class=\"ugb-column__content-wrapper\">\n<div class=\"wp-block-ugb-heading ugb-heading ugb-6aa6b0d ugb-main-block\"><style>.ugb-6aa6b0d .ugb-heading__title{color:#e63312}<\/style><div class=\"ugb-inner-block\"><div class=\"ugb-block-content\"><h2 class=\"ugb-heading__title\">Gagne un atelier Value &amp; Vino gratuit<\/h2><p class=\"ugb-heading__subtitle\">Le tirage au sort aura lieu le lundi 28 mars et se d\u00e9roulera de la mani\u00e8re suivante : parmi tous les envois, le\/la participant(e) ayant le nombre premier le plus \u00e9lev\u00e9 gagnera. Tout recours juridique est exclu.  <\/p><\/div><\/div><\/div>\n<\/div><\/div><\/div><\/div><\/div>\n\n\n\n<div class=\"wp-block-ugb-column ugb-column ugb-0abfd3f ugb-column--design-plain ugb-main-block\" id=\"join\"><div class=\"ugb-inner-block\"><div class=\"ugb-block-content\"><div class=\"ugb-column__item ugb-0abfd3f-column-wrapper\"><div class=\"ugb-column__content-wrapper\">\n<div class=\"wp-block-ugb-heading ugb-heading ugb-2acaf7e ugb-main-block\"><style>.ugb-2acaf7e .ugb-heading__title{color:#283e4c}<\/style><div class=\"ugb-inner-block\"><div class=\"ugb-block-content\"><h2 class=\"ugb-heading__title\"><span style=\"color: #283e4c;\" class=\"ugb-highlight\">Participe au tirage au sort<\/span><\/h2><\/div><\/div><\/div>\n\n\n<script type=\"text\/javascript\" src=\"https:\/\/m.aivie.ch\/form\/generate.js?id=67\"><\/script>\n<\/div><\/div><\/div><\/div><\/div>\n<\/div><\/div><\/div><\/div>\n","protected":false},"excerpt":{"rendered":"<p>Value &amp; Vino Un Funnel r\u00e9ussi, c&rsquo;est comme un bon vin d&rsquo;accompagnement. De l&rsquo;entr\u00e9e en mati\u00e8re l\u00e9g\u00e8re \u00e0 l&rsquo;ach\u00e8vement cors\u00e9. Nous tirerons parti de cette analogie lors de l&rsquo;atelier. Avec ton \u00e9quipe, nous \u00e9laborons en trois heures votre Funnel \u00e0 l&rsquo;aide du Marketing Automation Canvas. Pour que la th\u00e9orie ne reste pas s\u00e8che, nous d\u00e9gustons &hellip; <a href=\"https:\/\/aivie.ch\/fr\/gagne-un-atelier-avec-accompagnement-de-vin\/\" class=\"more-link\">Continuer la lecture de <span class=\"screen-reader-text\">Gagne un atelier avec accompagnement de vin<\/span><\/a><\/p>\n","protected":false},"author":1,"featured_media":0,"parent":0,"menu_order":0,"comment_status":"closed","ping_status":"closed","template":"","meta":{"_acf_changed":false,"footnotes":""},"class_list":["post-17050","page","type-page","status-publish","hentry"],"acf":[],"featured_image_urls_v2":{"full":"","thumbnail":"","medium":"","medium_large":"","large":"","post-thumbnail":"","aiv_480w":"","woocommerce_thumbnail":"","woocommerce_single":"","woocommerce_gallery_thumbnail":""},"post_excerpt_stackable_v2":"<p>Value &amp; Vino Un Funnel r\u00e9ussi, c&rsquo;est comme un bon vin d&rsquo;accompagnement. De l&rsquo;entr\u00e9e en mati\u00e8re l\u00e9g\u00e8re \u00e0 l&rsquo;ach\u00e8vement cors\u00e9. Nous tirerons parti de cette analogie lors de l&rsquo;atelier. Avec ton \u00e9quipe, nous \u00e9laborons en trois heures votre Funnel \u00e0 l&rsquo;aide du Marketing Automation Canvas. Pour que la th\u00e9orie ne reste pas s\u00e8che, nous d\u00e9gustons \u00e0 cet effet trois vins \u2013 correspondant aux phases du Funnel. Voici ce que toi et ton \u00e9quipe vivrez lors de l&rsquo;atelierConstruire un funnel coh\u00e9rentavec un vin adapt\u00e9 \u00e0 chaque phaseet le Marketing Automation Canvas Gagne un atelier Value &amp; Vino gratuitLe tirage au sort\u2026<\/p>\n","category_list_v2":"","author_info_v2":{"name":"Adrian Schimpf","url":"https:\/\/aivie.ch\/fr\/author\/adrian\/"},"comments_num_v2":"0 commentaire","_links":{"self":[{"href":"https:\/\/aivie.ch\/fr\/wp-json\/wp\/v2\/pages\/17050","targetHints":{"allow":["GET"]}}],"collection":[{"href":"https:\/\/aivie.ch\/fr\/wp-json\/wp\/v2\/pages"}],"about":[{"href":"https:\/\/aivie.ch\/fr\/wp-json\/wp\/v2\/types\/page"}],"author":[{"embeddable":true,"href":"https:\/\/aivie.ch\/fr\/wp-json\/wp\/v2\/users\/1"}],"replies":[{"embeddable":true,"href":"https:\/\/aivie.ch\/fr\/wp-json\/wp\/v2\/comments?post=17050"}],"version-history":[{"count":1,"href":"https:\/\/aivie.ch\/fr\/wp-json\/wp\/v2\/pages\/17050\/revisions"}],"predecessor-version":[{"id":17055,"href":"https:\/\/aivie.ch\/fr\/wp-json\/wp\/v2\/pages\/17050\/revisions\/17055"}],"wp:attachment":[{"href":"https:\/\/aivie.ch\/fr\/wp-json\/wp\/v2\/media?parent=17050"}],"curies":[{"name":"wp","href":"https:\/\/api.w.org\/{rel}","templated":true}]}}