{"id":17020,"date":"2023-12-15T05:37:47","date_gmt":"2023-12-15T03:37:47","guid":{"rendered":"https:\/\/aivie.ch\/confirmation-email\/"},"modified":"2023-12-15T05:38:11","modified_gmt":"2023-12-15T03:38:11","slug":"confirmation-email","status":"publish","type":"page","link":"https:\/\/aivie.ch\/fr\/confirmation-email\/","title":{"rendered":"Confirmation Email"},"content":{"rendered":"\n<div class=\"alignfull wp-block-ugb-container ugb-container ugb-d2af22f ugb-container--v2 ugb-container--design-plain ugb-main-block ugb-main-block--inner-center ugb--has-block-background ugb--has-background-overlay\"><style>.ugb-d2af22f.ugb-container{background-image:url(https:\/\/cdn.aivie.ch\/media\/wp\/2021\/06\/19131703\/pattern-u-960w.png);background-position:bottom right;background-repeat:no-repeat;background-size:40% !important}.ugb-d2af22f.ugb-container:before{opacity:0.5}@media screen and (min-width:768px){.ugb-d2af22f-content-wrapper.ugb-container__content-wrapper{width:90% !important}.ugb-d2af22f.ugb-container{margin-top:0px !important;padding-top:0px !important;padding-right:35px !important;padding-left:35px !important}}<\/style><div class=\"ugb-inner-block ugb-inner-block--center\"><div class=\"ugb-block-content\"><div class=\"ugb-container__wrapper ugb-d2af22f-wrapper\"><div class=\"ugb-container__side\"><div class=\"ugb-container__content-wrapper ugb-d2af22f-content-wrapper\">\n<div class=\"wp-block-ugb-heading ugb-heading ugb-5431ba5 ugb-main-block\"><style>.ugb-5431ba5 .ugb-heading__title{text-align:center}.ugb-5431ba5 .ugb-inner-block{text-align:center}<\/style><div class=\"ugb-inner-block\"><div class=\"ugb-block-content\"><h1 class=\"ugb-heading__title\">Merci \u00e0 toi ! Nous restons volontiers en contact<\/h1><p class=\"ugb-heading__subtitle\">D\u00e9sormais, nous t&rsquo;\u00e9crirons de temps en temps, en fonction de ce qui t&rsquo;int\u00e9resse.<br\/><br\/>Si tu as des questions ou des pr\u00e9occupations, n&rsquo;h\u00e9site pas \u00e0 <a href=\"https:\/\/aivie.ch\/fr\/contact\/\">nous \u00e9crire<\/a>.<\/p><\/div><\/div><\/div>\n<\/div><\/div><\/div><\/div><\/div><\/div>\n\n<div class=\"aligncenter wp-block-ugb-blog-posts ugb-blog-posts ugb-956f7f2 ugb-blog-posts--v2 ugb-blog-posts--design-list ugb-blog-posts--columns-1 ugb-main-block\"><style>.ugb-956f7f2 .ugb-blog-posts__featured-image{border-radius:0px !important}.ugb-956f7f2 .ugb-block-title{text-align:center}<\/style><div class=\"ugb-inner-block\"><h2 class=\"ugb-block-title\">En savoir plus sur le marketing automation<\/h2><div class=\"ugb-block-content\"><article class=\"ugb-blog-posts__item\"><figure class=\"ugb-blog-posts__featured-image\"><a href=\"https:\/\/aivie.ch\/fr\/comment-ton-site-web-gagne-automatiquement-30-projets-clients-avec-aivie\/\"><img loading=\"lazy\" decoding=\"async\" width=\"990\" height=\"660\" src=\"https:\/\/cdn.aivie.ch\/media\/wp\/2021\/08\/19131550\/Aivie-Case_Falcone-Specialities_Webauftritt-mit-Marketing-Automation_Header.webp\" class=\"attachment-large size-large wp-post-image\" alt=\"Aivie Case_Falcone Specialities_Pr\u00e9sence web avec automatisation du marketing_En-t\u00eate\" title=\"\"><\/a><\/figure><div class=\"ugb-blog-posts__content\"><h3 class=\"ugb-blog-posts__title\"><a href=\"https:\/\/aivie.ch\/fr\/comment-ton-site-web-gagne-automatiquement-30-projets-clients-avec-aivie\/\">Comment ton site web gagne automatiquement 30 projets clients avec Aivie<\/a><\/h3><div class=\"ugb-blog-posts__excerpt\"><p>Notre client Falcone Specialities distribue au niveau international des ingr\u00e9dients alimentaires et des sp\u00e9cialit\u00e9s chimiques \u00e0 l&rsquo;industrie de transformation. L&rsquo;entreprise existe depuis 10 ans et s&rsquo;est fait un nom avec des mati\u00e8res premi\u00e8res de haute qualit\u00e9. Le projet a donn\u00e9 naissance \u00e0 un nouveau site web avec marketing automation, qui refl\u00e8te les normes de qualit\u00e9&#8230;<\/div><p class=\"ugb-blog-posts__readmore\"><a href=\"https:\/\/aivie.ch\/fr\/comment-ton-site-web-gagne-automatiquement-30-projets-clients-avec-aivie\/\">Lire la suite<\/a><\/p><\/div><\/article><article class=\"ugb-blog-posts__item\"><figure class=\"ugb-blog-posts__featured-image\"><a href=\"https:\/\/aivie.ch\/fr\/plusieurs-milliers-de-francs-de-chiffre-daffaires-avec-les-clients-existants-de-lhotel-marketing-automation-case\/\"><img loading=\"lazy\" decoding=\"async\" width=\"990\" height=\"660\" src=\"https:\/\/cdn.aivie.ch\/media\/wp\/2024\/09\/10140056\/balcony-at-hotel-riva-rooms-studios.jpg\" class=\"attachment-large size-large wp-post-image\" alt=\"Balcon de l&#039;h\u00f4tel Riva Rooms Studios\" title=\"\"><\/a><\/figure><div class=\"ugb-blog-posts__content\"><h3 class=\"ugb-blog-posts__title\"><a href=\"https:\/\/aivie.ch\/fr\/plusieurs-milliers-de-francs-de-chiffre-daffaires-avec-les-clients-existants-de-lhotel-marketing-automation-case\/\">Plusieurs milliers de francs de chiffre d&rsquo;affaires avec les clients existants de l&rsquo;h\u00f4tel \u2013 Marketing Automation Case<\/a><\/h3><div class=\"ugb-blog-posts__excerpt\"><p>Notre client Riva Rooms &amp; Studios est un h\u00f4tel intelligent automatis\u00e9 \u00e0 Locarno. Gr\u00e2ce \u00e0 l&rsquo;aide d&rsquo;Aivie, ils parviennent d\u00e9sormais \u00e9galement \u00e0 attirer des clients de mani\u00e8re moderne. En mettant en place avec succ\u00e8s une campagne de newsletter automatis\u00e9e, ils ont d\u00e9j\u00e0 pu obtenir des r\u00e9servations de plusieurs milliers de francs aupr\u00e8s de clients existants&#8230;.<\/div><p class=\"ugb-blog-posts__readmore\"><a href=\"https:\/\/aivie.ch\/fr\/plusieurs-milliers-de-francs-de-chiffre-daffaires-avec-les-clients-existants-de-lhotel-marketing-automation-case\/\">Lire la suite<\/a><\/p><\/div><\/article><article class=\"ugb-blog-posts__item\"><figure class=\"ugb-blog-posts__featured-image\"><a href=\"https:\/\/aivie.ch\/fr\/marketing-automation-avec-le-marketing-des-medias-sociaux\/\"><img loading=\"lazy\" decoding=\"async\" width=\"990\" height=\"660\" src=\"https:\/\/cdn.aivie.ch\/media\/wp\/2021\/12\/19131426\/BlogBilder-6.png\" class=\"attachment-large size-large wp-post-image\" alt=\"Aivie hat eine Partnerschaft mit Adhook\" title=\"\"><\/a><\/figure><div class=\"ugb-blog-posts__content\"><h3 class=\"ugb-blog-posts__title\"><a href=\"https:\/\/aivie.ch\/fr\/marketing-automation-avec-le-marketing-des-medias-sociaux\/\">Marketing automation avec le marketing des m\u00e9dias sociaux<\/a><\/h3><div class=\"ugb-blog-posts__excerpt\"><p>Tu veux r\u00e9ussir \u00e0 collecter des contacts via Google et les m\u00e9dias sociaux ? Et ensuite, les interpeller \u00e0 nouveau lorsque tes canaux sont \u00e9puis\u00e9s ? Avec l&rsquo;int\u00e9gration d&rsquo;adhook et d&rsquo;Aivie, c&rsquo;est possible \u2013 automatiquement ! Avec adhook, tu peux planifier, analyser, optimiser et mod\u00e9rer des posts et des campagnes publicitaires et coordonner la collaboration&#8230;<\/div><p class=\"ugb-blog-posts__readmore\"><a href=\"https:\/\/aivie.ch\/fr\/marketing-automation-avec-le-marketing-des-medias-sociaux\/\">Lire la suite<\/a><\/p><\/div><\/article><article class=\"ugb-blog-posts__item\"><figure class=\"ugb-blog-posts__featured-image\"><a href=\"https:\/\/aivie.ch\/fr\/en-route-pour-le-golf-campagne-automatisee-pour-un-evenement\/\"><img loading=\"lazy\" decoding=\"async\" width=\"990\" height=\"660\" src=\"https:\/\/cdn.aivie.ch\/media\/wp\/2022\/07\/07103442\/Aivie-Marketing-Automation-Kendris-Newsletter.webp\" class=\"attachment-large size-large wp-post-image\" alt=\"Aivie Marketing Automation Kendris Newsletter\" title=\"\"><\/a><\/figure><div class=\"ugb-blog-posts__content\"><h3 class=\"ugb-blog-posts__title\"><a href=\"https:\/\/aivie.ch\/fr\/en-route-pour-le-golf-campagne-automatisee-pour-un-evenement\/\">En route pour le golf : campagne automatis\u00e9e pour un \u00e9v\u00e9nement<\/a><\/h3><div class=\"ugb-blog-posts__excerpt\"><p>Notre cliente KENDRIS est une soci\u00e9t\u00e9 fiduciaire florissante. KENDRIS privil\u00e9gie les relations personnelles et a une exigence de qualit\u00e9 \u00e9lev\u00e9e. Une fois par an, KENDRIS invite ses chers clients sur le terrain de golf. L&rsquo;exp\u00e9rience est importante pour l&rsquo;entretien des relations. Il est donc \u00e9galement important que l&rsquo;environnement, c&rsquo;est-\u00e0-dire l&rsquo;exp\u00e9rience num\u00e9rique, refl\u00e8te les normes de&#8230;<\/div><p class=\"ugb-blog-posts__readmore\"><a href=\"https:\/\/aivie.ch\/fr\/en-route-pour-le-golf-campagne-automatisee-pour-un-evenement\/\">Lire la suite<\/a><\/p><\/div><\/article><article class=\"ugb-blog-posts__item\"><figure class=\"ugb-blog-posts__featured-image\"><a href=\"https:\/\/aivie.ch\/fr\/automatiser-la-conformite-des-materiaux-comment-studer-cables-numerise-efficacement-les-processus-fournisseurs\/\"><img loading=\"lazy\" decoding=\"async\" width=\"990\" height=\"660\" src=\"https:\/\/cdn.aivie.ch\/media\/wp\/2026\/01\/28135655\/mood-form-material-compliance-automation-studer-cables.jpg\" class=\"attachment-large size-large wp-post-image\" alt=\"Formulaire Automatisation de la conformit\u00e9 des mat\u00e9riaux Studer Cables\" title=\"\"><\/a><\/figure><div class=\"ugb-blog-posts__content\"><h3 class=\"ugb-blog-posts__title\"><a href=\"https:\/\/aivie.ch\/fr\/automatiser-la-conformite-des-materiaux-comment-studer-cables-numerise-efficacement-les-processus-fournisseurs\/\">Automatiser la conformit\u00e9 des mat\u00e9riaux&nbsp;: comment Studer Cables num\u00e9rise efficacement les processus fournisseurs<\/a><\/h3><div class=\"ugb-blog-posts__excerpt\"><p>La conformit\u00e9 des mat\u00e9riaux est indispensable, mais souvent chronophage. Avec Aivie, Studer Cables \u00e9conomise plusieurs jours de travail par cycle dans le processus de conformit\u00e9. Studer Cables \u00e9tait confront\u00e9e au d\u00e9fi de v\u00e9rifier r\u00e9guli\u00e8rement et de mani\u00e8re tra\u00e7able la conformit\u00e9 de centaines de mat\u00e9riaux, de nombreux fournisseurs et de diff\u00e9rents produits. Nous avons optimis\u00e9 cela&#8230;<\/div><p class=\"ugb-blog-posts__readmore\"><a href=\"https:\/\/aivie.ch\/fr\/automatiser-la-conformite-des-materiaux-comment-studer-cables-numerise-efficacement-les-processus-fournisseurs\/\">Lire la suite<\/a><\/p><\/div><\/article><article class=\"ugb-blog-posts__item\"><figure class=\"ugb-blog-posts__featured-image\"><a href=\"https:\/\/aivie.ch\/fr\/ferris-labs-a-double-ses-contacts-marketing-automation-case\/\"><img loading=\"lazy\" decoding=\"async\" width=\"990\" height=\"660\" src=\"https:\/\/cdn.aivie.ch\/media\/wp\/2023\/09\/08101227\/Customer-Case-Ferris-Labs.png\" class=\"attachment-large size-large wp-post-image\" alt=\"\" title=\"\"><\/a><\/figure><div class=\"ugb-blog-posts__content\"><h3 class=\"ugb-blog-posts__title\"><a href=\"https:\/\/aivie.ch\/fr\/ferris-labs-a-double-ses-contacts-marketing-automation-case\/\">Ferris Labs a doubl\u00e9 ses contacts \u2013 Marketing Automation Case<\/a><\/h3><div class=\"ugb-blog-posts__excerpt\"><p>Notre client, Ferris AI, est une entreprise d&rsquo;ing\u00e9nierie logicielle innovante qui s&rsquo;est engag\u00e9e \u00e0 r\u00e9volutionner la fa\u00e7on dont les \u00e9quipes de d\u00e9veloppement travaillent. Aivie a soutenu la start-up Ferris AI avec l&rsquo;outil d&rsquo;automatisation du marketing et les services de Growth Marketing. Table des mati\u00e8resQu&rsquo;est-ce qui a \u00e9t\u00e9 une exp\u00e9rience r\u00e9ussie avec Aivie ?Que fait Ferris&#8230;<\/div><p class=\"ugb-blog-posts__readmore\"><a href=\"https:\/\/aivie.ch\/fr\/ferris-labs-a-double-ses-contacts-marketing-automation-case\/\">Lire la suite<\/a><\/p><\/div><\/article><\/div><\/div><\/div>\n","protected":false},"excerpt":{"rendered":"<p>Merci \u00e0 toi ! Nous restons volontiers en contact D\u00e9sormais, nous t&rsquo;\u00e9crirons de temps en temps, en fonction de ce qui t&rsquo;int\u00e9resse. Si tu as des questions ou des pr\u00e9occupations, n&rsquo;h\u00e9site pas \u00e0 nous \u00e9crire. En savoir plus sur le marketing automation Ferris Labs a doubl\u00e9 ses contacts \u2013 Marketing Automation Case Notre client, Ferris &hellip; <a href=\"https:\/\/aivie.ch\/fr\/confirmation-email\/\" class=\"more-link\">Continuer la lecture de <span class=\"screen-reader-text\">Confirmation Email<\/span><\/a><\/p>\n","protected":false},"author":1,"featured_media":0,"parent":0,"menu_order":0,"comment_status":"closed","ping_status":"closed","template":"front-page.php","meta":{"_acf_changed":false,"footnotes":""},"class_list":["post-17020","page","type-page","status-publish","hentry"],"acf":[],"featured_image_urls_v2":{"full":"","thumbnail":"","medium":"","medium_large":"","large":"","post-thumbnail":"","aiv_480w":"","woocommerce_thumbnail":"","woocommerce_single":"","woocommerce_gallery_thumbnail":""},"post_excerpt_stackable_v2":"<p>Merci \u00e0 toi ! Nous restons volontiers en contactD\u00e9sormais, nous t&rsquo;\u00e9crirons de temps en temps, en fonction de ce qui t&rsquo;int\u00e9resse.Si tu as des questions ou des pr\u00e9occupations, n&rsquo;h\u00e9site pas \u00e0 nous \u00e9crire. En savoir plus sur le marketing automation5 raisons de se lancer dans le marketing automationLe travail d&rsquo;un directeur marketing ou d&rsquo;un CMO n\u00e9cessite de jongler avec diff\u00e9rents canaux, messages et m\u00eame groupes cibles. Sans un certain degr\u00e9 d&rsquo;automatisation, il est difficile de garder une vue d&rsquo;ensemble de toute la communication, de toutes les activit\u00e9s. De nombreuses entreprises osent maintenant se lancer dans le marketing automation \u2013 notamment\u2026<\/p>\n","category_list_v2":"","author_info_v2":{"name":"Adrian Schimpf","url":"https:\/\/aivie.ch\/fr\/author\/adrian\/"},"comments_num_v2":"0 commentaire","_links":{"self":[{"href":"https:\/\/aivie.ch\/fr\/wp-json\/wp\/v2\/pages\/17020","targetHints":{"allow":["GET"]}}],"collection":[{"href":"https:\/\/aivie.ch\/fr\/wp-json\/wp\/v2\/pages"}],"about":[{"href":"https:\/\/aivie.ch\/fr\/wp-json\/wp\/v2\/types\/page"}],"author":[{"embeddable":true,"href":"https:\/\/aivie.ch\/fr\/wp-json\/wp\/v2\/users\/1"}],"replies":[{"embeddable":true,"href":"https:\/\/aivie.ch\/fr\/wp-json\/wp\/v2\/comments?post=17020"}],"version-history":[{"count":1,"href":"https:\/\/aivie.ch\/fr\/wp-json\/wp\/v2\/pages\/17020\/revisions"}],"predecessor-version":[{"id":17027,"href":"https:\/\/aivie.ch\/fr\/wp-json\/wp\/v2\/pages\/17020\/revisions\/17027"}],"wp:attachment":[{"href":"https:\/\/aivie.ch\/fr\/wp-json\/wp\/v2\/media?parent=17020"}],"curies":[{"name":"wp","href":"https:\/\/api.w.org\/{rel}","templated":true}]}}