{"id":17018,"date":"2023-12-15T05:37:47","date_gmt":"2023-12-15T03:37:47","guid":{"rendered":"https:\/\/aivie.ch\/les-bases-daivie\/"},"modified":"2023-12-15T05:38:16","modified_gmt":"2023-12-15T03:38:16","slug":"les-bases-daivie","status":"publish","type":"page","link":"https:\/\/aivie.ch\/fr\/les-bases-daivie\/","title":{"rendered":"Les bases d&rsquo;Aivie"},"content":{"rendered":"\n<div class=\"alignfull wp-block-ugb-container ugb-container ugb-d2af22f ugb-container--v2 ugb-container--design-plain ugb-main-block ugb-main-block--inner-center ugb--has-block-background ugb--has-background-overlay\"><style>.ugb-d2af22f.ugb-container{background-image:url(https:\/\/cdn.aivie.ch\/media\/wp\/2021\/06\/19131703\/pattern-u-960w.png);background-position:bottom right;background-repeat:no-repeat;background-size:40% !important}.ugb-d2af22f.ugb-container:before{opacity:0.5}@media screen and (min-width:768px){.ugb-d2af22f-content-wrapper.ugb-container__content-wrapper{width:90% !important}.ugb-d2af22f.ugb-container{margin-top:0px !important;padding-top:0px !important;padding-right:35px !important;padding-left:35px !important}}<\/style><div class=\"ugb-inner-block ugb-inner-block--center\"><div class=\"ugb-block-content\"><div class=\"ugb-container__wrapper ugb-d2af22f-wrapper\"><div class=\"ugb-container__side\"><div class=\"ugb-container__content-wrapper ugb-d2af22f-content-wrapper\">\n<div class=\"wp-block-ugb-heading ugb-heading ugb-5431ba5 ugb-main-block\"><style>.ugb-5431ba5 .ugb-heading__title{text-align:center}.ugb-5431ba5 .ugb-inner-block{text-align:center}<\/style><div class=\"ugb-inner-block\"><div class=\"ugb-block-content\"><h1 class=\"ugb-heading__title\">Les bases d&rsquo;Aivie<\/h1><p class=\"ugb-heading__subtitle\">Tu trouveras ici toutes les informations n\u00e9cessaires pour faciliter tes d\u00e9buts en tant qu&rsquo;Aivie User:in.<\/p><\/div><\/div><\/div>\n\n\n\n<div class=\"wp-block-ugb-card ugb-card ugb-3c50a2c ugb-card--v2 ugb-card--design-basic ugb-card--columns-3 ugb-main-block\"><style>.ugb-3c50a2c .ugb-card__item{border-radius:0px !important;border-style:solid !important;border-color:#dad9da !important;border-top-width:1px !important;border-right-width:1px !important;border-bottom-width:1px !important;border-left-width:1px !important;background-color:#cfe7e1 !important}.ugb-3c50a2c .ugb-card__item:before{background-color:#cfe7e1 !important}.ugb-3c50a2c .ugb-card__title{color:#222222 !important;text-align:center !important}.ugb-3c50a2c .ugb-card__description{color:#222222 !important;text-align:center !important}.ugb-3c50a2c .ugb-button:hover{opacity:0.7}.ugb-3c50a2c .ugb-button-container{text-align:center !important}<\/style><div class=\"ugb-inner-block\"><div class=\"ugb-block-content\"><div class=\"ugb-card__item ugb-card__item1\"><div class=\"ugb-card__content\"><h3 class=\"ugb-card__title\">FAQ<\/h3><p class=\"ugb-card__description\">R\u00e9ponses pour toi en tant qu&rsquo;Aivie Beginner:in.<\/p><div class=\"ugb-button-container\"><a class=\"ugb-button ugb-button--size-normal ugb-button--design-plain ugb-button--has-icon ugb-button--icon-position-right\" href=\"#h-faq\" rel=\"\" title=\"\"><div class=\"ugb-icon-inner-svg\"><svg aria-hidden=\"true\" focusable=\"false\" data-prefix=\"fas\" data-icon=\"arrow-circle-right\" class=\"svg-inline--fa fa-arrow-circle-right fa-w-16\" role=\"img\" xmlns=\"http:\/\/www.w3.org\/2000\/svg\" viewbox=\"0 0 512 512\"><path fill=\"currentColor\" d=\"M256 8c137 0 248 111 248 248S393 504 256 504 8 393 8 256 119 8 256 8zm-28.9 143.6l75.5 72.4H120c-13.3 0-24 10.7-24 24v16c0 13.3 10.7 24 24 24h182.6l-75.5 72.4c-9.7 9.3-9.9 24.8-.4 34.3l11 10.9c9.4 9.4 24.6 9.4 33.9 0L404.3 273c9.4-9.4 9.4-24.6 0-33.9L271.6 106.3c-9.4-9.4-24.6-9.4-33.9 0l-11 10.9c-9.5 9.6-9.3 25.1.4 34.4z\"><\/path><\/svg><\/div><span class=\"ugb-button--inner\">Afficher la FAQ<\/span><\/a><\/div><\/div><\/div><div class=\"ugb-card__item ugb-card__item2\"><div class=\"ugb-card__content\"><h3 class=\"ugb-card__title\">Glossaire<\/h3><p class=\"ugb-card__description\">Explique les termes de marketing automation.<\/p><div class=\"ugb-button-container\"><a class=\"ugb-button ugb-button--size-normal ugb-button--design-plain ugb-button--has-icon ugb-button--icon-position-right\" href=\"#h-marketing-automation-glossaire\" rel=\"\" title=\"\"><div class=\"ugb-icon-inner-svg\"><svg aria-hidden=\"true\" focusable=\"false\" data-prefix=\"fas\" data-icon=\"arrow-circle-right\" class=\"svg-inline--fa fa-arrow-circle-right fa-w-16\" role=\"img\" xmlns=\"http:\/\/www.w3.org\/2000\/svg\" viewbox=\"0 0 512 512\"><path fill=\"currentColor\" d=\"M256 8c137 0 248 111 248 248S393 504 256 504 8 393 8 256 119 8 256 8zm-28.9 143.6l75.5 72.4H120c-13.3 0-24 10.7-24 24v16c0 13.3 10.7 24 24 24h182.6l-75.5 72.4c-9.7 9.3-9.9 24.8-.4 34.3l11 10.9c9.4 9.4 24.6 9.4 33.9 0L404.3 273c9.4-9.4 9.4-24.6 0-33.9L271.6 106.3c-9.4-9.4-24.6-9.4-33.9 0l-11 10.9c-9.5 9.6-9.3 25.1.4 34.4z\"><\/path><\/svg><\/div><span class=\"ugb-button--inner\">Afficher le glossaire<\/span><\/a><\/div><\/div><\/div><div class=\"ugb-card__item ugb-card__item3\"><div class=\"ugb-card__content\"><h3 class=\"ugb-card__title\">Billet d&rsquo;assistance<\/h3><p class=\"ugb-card__description\">R\u00e9soudre le ticket dans ton compte.<\/p><div class=\"ugb-button-container\"><a class=\"ugb-button ugb-button--size-normal ugb-button--design-plain ugb-button--has-icon ugb-button--icon-position-right\" href=\"https:\/\/aivie.ch\/fr\/billets\/\" rel=\"\" title=\"\"><div class=\"ugb-icon-inner-svg\"><svg aria-hidden=\"true\" focusable=\"false\" data-prefix=\"fas\" data-icon=\"arrow-circle-right\" class=\"svg-inline--fa fa-arrow-circle-right fa-w-16\" role=\"img\" xmlns=\"http:\/\/www.w3.org\/2000\/svg\" viewbox=\"0 0 512 512\"><path fill=\"currentColor\" d=\"M256 8c137 0 248 111 248 248S393 504 256 504 8 393 8 256 119 8 256 8zm-28.9 143.6l75.5 72.4H120c-13.3 0-24 10.7-24 24v16c0 13.3 10.7 24 24 24h182.6l-75.5 72.4c-9.7 9.3-9.9 24.8-.4 34.3l11 10.9c9.4 9.4 24.6 9.4 33.9 0L404.3 273c9.4-9.4 9.4-24.6 0-33.9L271.6 106.3c-9.4-9.4-24.6-9.4-33.9 0l-11 10.9c-9.5 9.6-9.3 25.1.4 34.4z\"><\/path><\/svg><\/div><span class=\"ugb-button--inner\">Acheter un billet<\/span><\/a><\/div><\/div><\/div><\/div><\/div><\/div>\n<\/div><\/div><\/div><\/div><\/div><\/div>\n\n<div style=\"height:100px\" aria-hidden=\"true\" class=\"wp-block-spacer\"><\/div>\n\n<div class=\"alignfull wp-block-ugb-container ugb-container ugb-f7c8bd2 ugb-container--v2 ugb-container--design-plain ugb-main-block ugb-main-block--inner-center ugb--has-block-background\"><style>.ugb-f7c8bd2.ugb-container{background-color:#EFF0F1}.ugb-f7c8bd2.ugb-container:before{background-color:#EFF0F1}@media screen and (min-width:768px){.ugb-f7c8bd2 > .ugb-inner-block > .ugb-block-content > *{padding-top:0px !important;padding-bottom:0px !important;padding-right:0px !important;padding-left:0px !important}}<\/style><div class=\"ugb-inner-block ugb-inner-block--center\"><div class=\"ugb-block-content\"><div class=\"ugb-container__wrapper ugb-f7c8bd2-wrapper\"><div class=\"ugb-container__side\"><div class=\"ugb-container__content-wrapper ugb-f7c8bd2-content-wrapper\">\n<h2 class=\"has-text-align-center wp-block-heading\" id=\"h-faq\">FAQ<\/h2>\n\n\n\n<p class=\"has-text-align-center\">Toutes les questions et r\u00e9ponses importantes pour les d\u00e9butants Aivie.<\/p>\n\n\n\n<div class=\"aligncenter wp-block-ugb-blog-posts ugb-blog-posts ugb-2bdfbca ugb-blog-posts--v2 ugb-blog-posts--design-vertical-card2 ugb-blog-posts--columns-3 ugb-main-block\" data-load-items=\"\" data-id=\"ugb-2bdfbca\"><style>.ugb-2bdfbca .ugb-blog-posts__item{border-radius:0px !important}.ugb-2bdfbca .ugb-blog-posts__featured-image{border-radius:0px !important}<\/style><div class=\"ugb-inner-block\"><div class=\"ugb-block-content\"><article class=\"ugb-blog-posts__item ugb--shadow-3\"><div class=\"ugb-blog-posts__content\"><h3 class=\"ugb-blog-posts__title\"><a href=\"https:\/\/aivie.ch\/fr\/faq\/puis-je-supprimer-un-contact-avec-une-action-du-segment-de-la-campagne-actuelle-et-lajouter-a-un-nouveau\/\">Puis-je supprimer un contact avec une action du segment de la campagne actuelle et l&rsquo;ajouter \u00e0 un nouveau ?<\/a><\/h3><div class=\"ugb-blog-posts__excerpt\"><p>Oui, malgr\u00e9 le message d&rsquo;erreur \u00ab\u00a0Le contact a \u00e9t\u00e9 supprim\u00e9 de la campagne\u00a0\u00bb, le contact&#8230;<\/div><p class=\"ugb-blog-posts__readmore\"><a href=\"https:\/\/aivie.ch\/fr\/faq\/puis-je-supprimer-un-contact-avec-une-action-du-segment-de-la-campagne-actuelle-et-lajouter-a-un-nouveau\/\">lire plus<\/a><\/p><\/div><\/article><article class=\"ugb-blog-posts__item ugb--shadow-3\"><div class=\"ugb-blog-posts__content\"><h3 class=\"ugb-blog-posts__title\"><a href=\"https:\/\/aivie.ch\/fr\/faq\/comment-envoyer-un-e-mail-dans-une-periode-donnee\/\">Comment puis-je envoyer un e-mail ou une newsletter dans un d\u00e9lai sp\u00e9cifique&nbsp;?<\/a><\/h3><div class=\"ugb-blog-posts__excerpt\"><p>Cette fonction est id\u00e9ale pour les newsletters, les webinaires, les promotions sp\u00e9ciales ou les invitations&#8230;<\/div><p class=\"ugb-blog-posts__readmore\"><a href=\"https:\/\/aivie.ch\/fr\/faq\/comment-envoyer-un-e-mail-dans-une-periode-donnee\/\">lire plus<\/a><\/p><\/div><\/article><article class=\"ugb-blog-posts__item ugb--shadow-3\"><div class=\"ugb-blog-posts__content\"><h3 class=\"ugb-blog-posts__title\"><a href=\"https:\/\/aivie.ch\/fr\/faq\/comment-creer-une-newsletter\/\">Comment envoyer une newsletter&nbsp;?<\/a><\/h3><div class=\"ugb-blog-posts__excerpt\"><p>Si vous souhaitez envoyer une nouvelle newsletter, s\u00e9lectionnez Segment E-mail et non Template E-mail. L\u2019e-mail&#8230;<\/div><p class=\"ugb-blog-posts__readmore\"><a href=\"https:\/\/aivie.ch\/fr\/faq\/comment-creer-une-newsletter\/\">lire plus<\/a><\/p><\/div><\/article><article class=\"ugb-blog-posts__item ugb--shadow-3\"><div class=\"ugb-blog-posts__content\"><h3 class=\"ugb-blog-posts__title\"><a href=\"https:\/\/aivie.ch\/fr\/faq\/quest-ce-qui-est-important-dans-la-mise-en-place-dune-campagne\/\">Qu&rsquo;est-ce qui est important dans la mise en place d&rsquo;une campagne ?<\/a><\/h3><div class=\"ugb-blog-posts__excerpt\"><p>Dans la mesure du possible, les campagnes doivent toujours servir un objectif et ne pas&#8230;<\/div><p class=\"ugb-blog-posts__readmore\"><a href=\"https:\/\/aivie.ch\/fr\/faq\/quest-ce-qui-est-important-dans-la-mise-en-place-dune-campagne\/\">lire plus<\/a><\/p><\/div><\/article><article class=\"ugb-blog-posts__item ugb--shadow-3\"><div class=\"ugb-blog-posts__content\"><h3 class=\"ugb-blog-posts__title\"><a href=\"https:\/\/aivie.ch\/fr\/faq\/comment-creer-des-actifs\/\">Comment cr\u00e9er des actifs ?<\/a><\/h3><div class=\"ugb-blog-posts__excerpt\"><p>Comment cr\u00e9er des actifs dans Aivie : Dans la barre lat\u00e9rale, sous Composants, s\u00e9lectionnez \u00ab\u00a0Assets\u00a0\u00bb&#8230;.<\/div><p class=\"ugb-blog-posts__readmore\"><a href=\"https:\/\/aivie.ch\/fr\/faq\/comment-creer-des-actifs\/\">lire plus<\/a><\/p><\/div><\/article><article class=\"ugb-blog-posts__item ugb--shadow-3\"><div class=\"ugb-blog-posts__content\"><h3 class=\"ugb-blog-posts__title\"><a href=\"https:\/\/aivie.ch\/fr\/faq\/comment-attribuer-un-segment-a-un-contact\/\">Comment attribuer un segment \u00e0 un contact ?<\/a><\/h3><div class=\"ugb-blog-posts__excerpt\"><p>Les segments sont attribu\u00e9s \u00e0 un contact en fonction des \u00e9tapes suivantes : Dans la&#8230;<\/div><p class=\"ugb-blog-posts__readmore\"><a href=\"https:\/\/aivie.ch\/fr\/faq\/comment-attribuer-un-segment-a-un-contact\/\">lire plus<\/a><\/p><\/div><\/article><div class=\"ugb-button-container ugb-blog-posts__load-more-button\"><a class=\"ugb-button ugb-button--size-normal ugb-button--design-ghost\" href=\"#0\" rel=\"\" title=\"\" role=\"button\"><span class=\"ugb-button--inner\">Load More<\/span><\/a><\/div><\/div><\/div><\/div>\n<\/div><\/div><\/div><\/div><\/div><\/div>\n\n<div style=\"height:100px\" aria-hidden=\"true\" class=\"wp-block-spacer\"><\/div>\n\n<h2 class=\"has-text-align-center wp-block-heading\" id=\"h-marketing-automation-glossar\">Glossaire du marketing automation<\/h2>\n\n<p class=\"has-text-align-center\">Les principaux termes de marketing automation de A \u00e0 Z.<\/p>\n\n<figure class=\"wp-block-table is-style-regular\"><table class=\"has-mint-color has-white-background-color has-text-color has-background has-fixed-layout\"><tbody><tr><td class=\"has-text-align-left\" data-align=\"left\"><a href=\"Besucher:in\">Visiteurs:en<\/a><\/td><td class=\"has-text-align-left\" data-align=\"left\"><a href=\"https:\/\/aivie.ch\/glossary\/bottom-of-the-funnel\/\">Bottom of the Funnel<\/a><\/td><td class=\"has-text-align-left\" data-align=\"left\"><a href=\"https:\/\/aivie.ch\/glossary\/customer-journey\/\">Parcours du client<\/a><\/td><td class=\"has-text-align-left\" data-align=\"left\"><a href=\"https:\/\/aivie.ch\/glossary\/einstiegsprodukt-trip-wire\/\">Produit d&rsquo;entr\u00e9e de gamme\/Trip Wire<\/a><\/td><\/tr><tr><td class=\"has-text-align-left\" data-align=\"left\"><a href=\"https:\/\/aivie.ch\/glossary\/hauptprodukt-core\/\">Produit principal\/core<\/a><\/td><td class=\"has-text-align-left\" data-align=\"left\"><a href=\"https:\/\/aivie.ch\/glossary\/inbound\/\">Inbound<\/a><\/td><td class=\"has-text-align-left\" data-align=\"left\"><a href=\"https:\/\/aivie.ch\/glossary\/lead\/\">Lead<\/a><\/td><td class=\"has-text-align-left\" data-align=\"left\"><a href=\"https:\/\/aivie.ch\/glossary\/lead-magnet-engager\/\">Lead Magnet\/Engager<\/a><\/td><\/tr><tr><td class=\"has-text-align-left\" data-align=\"left\"><a href=\"https:\/\/aivie.ch\/glossary\/margenoptimierer-high-margin\/\">Optimiseur de marges<\/a><\/td><td class=\"has-text-align-left\" data-align=\"left\"><a href=\"https:\/\/aivie.ch\/glossary\/marketing-automation\/\">Automatisation du marketing<\/a><\/td><td class=\"has-text-align-left\" data-align=\"left\"><a href=\"https:\/\/aivie.ch\/glossary\/marketing-funnel\/\">Funnel marketing<\/a><\/td><td class=\"has-text-align-left\" data-align=\"left\"><a href=\"https:\/\/aivie.ch\/glossary\/middle-of-the-funnel\/\">Milieu de l&rsquo;\u00e9tang<\/a><\/td><\/tr><tr><td class=\"has-text-align-left\" data-align=\"left\"><a href=\"https:\/\/aivie.ch\/glossary\/outbound\/\">Outbound<\/a><\/td><td class=\"has-text-align-left\" data-align=\"left\"><a href=\"https:\/\/aivie.ch\/glossary\/qualifizierter-lead\/\">Lead qualifi\u00e9<\/a><\/td><td class=\"has-text-align-left\" data-align=\"left\"><a href=\"https:\/\/aivie.ch\/glossary\/sales-funnel\/\">Funnel de vente<\/a><\/td><td class=\"has-text-align-left\" data-align=\"left\"><a href=\"https:\/\/aivie.ch\/glossary\/top-of-the-funnel\/\">Haut de l&rsquo;entonnoir<\/a><\/td><\/tr><\/tbody><\/table><\/figure>\n\n<div class=\"wp-block-ugb-blog-posts ugb-blog-posts ugb-8c08c90 ugb-blog-posts--v2 ugb-blog-posts--design-vertical-card2 ugb-blog-posts--columns-3 ugb-main-block\" data-load-items=\"\" data-id=\"ugb-8c08c90\"><style>.ugb-8c08c90 .ugb-blog-posts__item{border-radius:0px !important}.ugb-8c08c90 .ugb-blog-posts__featured-image{border-radius:0px !important}<\/style><div class=\"ugb-inner-block\"><div class=\"ugb-block-content\"><article class=\"ugb-blog-posts__item ugb--shadow-3\"><div class=\"ugb-blog-posts__content\"><h3 class=\"ugb-blog-posts__title\"><a href=\"https:\/\/aivie.ch\/fr\/glossary\/automatisation-du-marketing\/\">Automatisation du marketing<\/a><\/h3><div class=\"ugb-blog-posts__excerpt\"><p>Le marketing automation fournit les outils n\u00e9cessaires \u00e0 la communication automatique et \u00e0 la cr\u00e9ation d&rsquo;interactions. L&rsquo;accent est mis sur la personnalisation des points de contact avec les contacts. Gr\u00e2ce au marketing automation, nous observons le comportement des contacts avec notre marque et l&rsquo;interpr\u00e9tons afin d&rsquo;identifier les besoins sous-jacents. Nous r\u00e9agissons au bon moment aux&#8230;<\/div><\/div><\/article><article class=\"ugb-blog-posts__item ugb--shadow-3\"><div class=\"ugb-blog-posts__content\"><h3 class=\"ugb-blog-posts__title\"><a href=\"https:\/\/aivie.ch\/fr\/glossary\/bottom-of-the-funnel\/\">Bottom of the Funnel<\/a><\/h3><div class=\"ugb-blog-posts__excerpt\"><p>Le bas de l&rsquo;entonnoir est le point o\u00f9 les prospects prennent la d\u00e9cision finale d&rsquo;acheter chez vous ou chez un concurrent. Au bas de l&rsquo;entonnoir, vous convertissez les prospects en clients.<\/p>\n<\/div><\/div><\/article><article class=\"ugb-blog-posts__item ugb--shadow-3\"><div class=\"ugb-blog-posts__content\"><h3 class=\"ugb-blog-posts__title\"><a href=\"https:\/\/aivie.ch\/fr\/glossary\/campagne-de-marketing-automation\/\">Campagne de marketing automation<\/a><\/h3><div class=\"ugb-blog-posts__excerpt\"><p>Les campagnes de marketing automation sont la mise en \u0153uvre concr\u00e8te d&rsquo;un marketing funnel dans l&rsquo;outil de marketing automation.<\/p>\n<\/div><\/div><\/article><article class=\"ugb-blog-posts__item ugb--shadow-3\"><div class=\"ugb-blog-posts__content\"><h3 class=\"ugb-blog-posts__title\"><a href=\"https:\/\/aivie.ch\/fr\/glossary\/funnel-de-vente\/\">Funnel de vente<\/a><\/h3><div class=\"ugb-blog-posts__excerpt\"><p>Un Sales Funnel est une sous-cat\u00e9gorie des Marketing Funnels, dont l&rsquo;objectif est de g\u00e9n\u00e9rer des leads qualifi\u00e9s et plus de ventes.<\/p>\n<\/div><\/div><\/article><article class=\"ugb-blog-posts__item ugb--shadow-3\"><div class=\"ugb-blog-posts__content\"><h3 class=\"ugb-blog-posts__title\"><a href=\"https:\/\/aivie.ch\/fr\/glossary\/funnel-marketing\/\">Funnel marketing<\/a><\/h3><div class=\"ugb-blog-posts__excerpt\"><p>Un funnel marketing est la repr\u00e9sentation de l&rsquo;objectif strat\u00e9gique du point de vue de l&rsquo;entreprise, avec les \u00e9tapes et les objectifs interm\u00e9diaires correspondants.<\/p>\n<\/div><\/div><\/article><article class=\"ugb-blog-posts__item ugb--shadow-3\"><div class=\"ugb-blog-posts__content\"><h3 class=\"ugb-blog-posts__title\"><a href=\"https:\/\/aivie.ch\/fr\/glossary\/gestion-de-la-relation-client-crm\/\">Gestion de la relation client (CRM)<\/a><\/h3><div class=\"ugb-blog-posts__excerpt\"><p>Un syst\u00e8me CRM est un logiciel qui g\u00e8re les relations entre une entreprise et ses clients. Les principales missions d&rsquo;un syst\u00e8me CRM sont d&rsquo;augmenter le chiffre d&rsquo;affaires en optimisant les processus commerciaux, d&rsquo;am\u00e9liorer la qualit\u00e9 des biens et des services et de communiquer efficacement avec les clients. Un CRM capture et analyse les prospects, stocke&#8230;<\/div><\/div><\/article><div class=\"ugb-button-container ugb-blog-posts__load-more-button\"><a class=\"ugb-button ugb-button--size-normal ugb-button--design-ghost\" href=\"#0\" rel=\"\" title=\"\" role=\"button\"><span class=\"ugb-button--inner\">Load More<\/span><\/a><\/div><\/div><\/div><\/div>\n\n<p><\/p>\n","protected":false},"excerpt":{"rendered":"<p>Les bases d&rsquo;Aivie Tu trouveras ici toutes les informations n\u00e9cessaires pour faciliter tes d\u00e9buts en tant qu&rsquo;Aivie User:in. FAQ R\u00e9ponses pour toi en tant qu&rsquo;Aivie Beginner:in. Afficher la FAQ Glossaire Explique les termes de marketing automation. Afficher le glossaire Billet d&rsquo;assistance R\u00e9soudre le ticket dans ton compte. Acheter un billet FAQ Toutes les questions et &hellip; <a href=\"https:\/\/aivie.ch\/fr\/les-bases-daivie\/\" class=\"more-link\">Continuer la lecture de <span class=\"screen-reader-text\">Les bases d&rsquo;Aivie<\/span><\/a><\/p>\n","protected":false},"author":1,"featured_media":0,"parent":0,"menu_order":0,"comment_status":"closed","ping_status":"closed","template":"front-page.php","meta":{"_acf_changed":false,"footnotes":""},"class_list":["post-17018","page","type-page","status-publish","hentry"],"acf":[],"featured_image_urls_v2":{"full":"","thumbnail":"","medium":"","medium_large":"","large":"","post-thumbnail":"","aiv_480w":"","woocommerce_thumbnail":"","woocommerce_single":"","woocommerce_gallery_thumbnail":""},"post_excerpt_stackable_v2":"<p>Les bases d&rsquo;AivieTu trouveras ici toutes les informations n\u00e9cessaires pour faciliter tes d\u00e9buts en tant qu&rsquo;Aivie User:in. FAQR\u00e9ponses pour toi en tant qu&rsquo;Aivie Beginner:in.Afficher la FAQGlossaireExplique les termes de marketing automation.Afficher le glossaireBillet d&rsquo;assistanceR\u00e9soudre le ticket dans ton compte.Acheter un billet FAQ Toutes les questions et r\u00e9ponses importantes pour les d\u00e9butants Aivie. Puis-je supprimer un contact avec une action du segment de la campagne actuelle et l&rsquo;ajouter \u00e0 un nouveau ?Oui, malgr\u00e9 le message d&rsquo;erreur \u00ab\u00a0Le contact a \u00e9t\u00e9 supprim\u00e9 de la campagne\u00a0\u00bb, le contact&#8230;lire plusComment puis-je envoyer un e-mail ou une newsletter dans un d\u00e9lai sp\u00e9cifique&nbsp;?Cette fonction est id\u00e9ale\u2026<\/p>\n","category_list_v2":"","author_info_v2":{"name":"Adrian Schimpf","url":"https:\/\/aivie.ch\/fr\/author\/adrian\/"},"comments_num_v2":"0 commentaire","_links":{"self":[{"href":"https:\/\/aivie.ch\/fr\/wp-json\/wp\/v2\/pages\/17018","targetHints":{"allow":["GET"]}}],"collection":[{"href":"https:\/\/aivie.ch\/fr\/wp-json\/wp\/v2\/pages"}],"about":[{"href":"https:\/\/aivie.ch\/fr\/wp-json\/wp\/v2\/types\/page"}],"author":[{"embeddable":true,"href":"https:\/\/aivie.ch\/fr\/wp-json\/wp\/v2\/users\/1"}],"replies":[{"embeddable":true,"href":"https:\/\/aivie.ch\/fr\/wp-json\/wp\/v2\/comments?post=17018"}],"version-history":[{"count":1,"href":"https:\/\/aivie.ch\/fr\/wp-json\/wp\/v2\/pages\/17018\/revisions"}],"predecessor-version":[{"id":17037,"href":"https:\/\/aivie.ch\/fr\/wp-json\/wp\/v2\/pages\/17018\/revisions\/17037"}],"wp:attachment":[{"href":"https:\/\/aivie.ch\/fr\/wp-json\/wp\/v2\/media?parent=17018"}],"curies":[{"name":"wp","href":"https:\/\/api.w.org\/{rel}","templated":true}]}}