{"id":17001,"date":"2023-12-15T05:37:26","date_gmt":"2023-12-15T03:37:26","guid":{"rendered":"https:\/\/aivie.ch\/generation-de-leads-numeriques-pour-les-entreprises-tech-lm\/"},"modified":"2023-12-15T05:37:27","modified_gmt":"2023-12-15T03:37:27","slug":"generation-de-leads-numeriques-pour-les-entreprises-tech-lm","status":"publish","type":"page","link":"https:\/\/aivie.ch\/fr\/generation-de-leads-numeriques-pour-les-entreprises-tech-lm\/","title":{"rendered":"G\u00e9n\u00e9ration de leads num\u00e9riques pour les entreprises tech LM"},"content":{"rendered":"\n<div class=\"alignfull wp-block-ugb-columns ugb-columns ugb-f174274 ugb-columns--design-plain ugb-columns--columns-2 ugb-main-block ugb-main-block--inner-center ugb--has-block-background ugb--has-background-overlay\"><style>.ugb-f174274 > .ugb-inner-block > .ugb-block-content > .ugb-columns__item{grid-template-columns:0.88fr 1.12fr !important}.ugb-f174274.ugb-columns{background-image:url(https:\/\/cdn.aivie.ch\/media\/wp\/2021\/06\/19131702\/pattern-company-960w.png);background-position:top left;background-repeat:no-repeat;background-size:47% !important}.ugb-f174274.ugb-columns:before{opacity:0.5}<\/style><div class=\"ugb-inner-block ugb-inner-block--center\"><div class=\"ugb-block-content\"><div class=\"ugb-columns__item ugb-f174274-content-wrapper\">\n<div class=\"wp-block-ugb-column ugb-column ugb-3b6a10a ugb-column--design-plain ugb-main-block\"><div class=\"ugb-inner-block\"><div class=\"ugb-block-content\"><div class=\"ugb-column__item ugb-3b6a10a-column-wrapper\"><div class=\"ugb-column__content-wrapper\">\n<figure class=\"wp-block-image size-full\"><img loading=\"lazy\" decoding=\"async\" width=\"1200\" height=\"840\" src=\"https:\/\/cdn.aivie.ch\/media\/wp\/2021\/10\/19131518\/discussing-sales-funnel-marketing1200w.jpg\" alt=\"\" class=\"wp-image-2736\" title=\"\" srcset=\"https:\/\/cdn.aivie.ch\/media\/wp\/2021\/10\/19131518\/discussing-sales-funnel-marketing1200w.jpg 1200w, https:\/\/cdn.aivie.ch\/media\/wp\/2021\/10\/19131518\/discussing-sales-funnel-marketing1200w-960x672.jpg 960w, https:\/\/cdn.aivie.ch\/media\/wp\/2021\/10\/19131518\/discussing-sales-funnel-marketing1200w-768x538.jpg 768w, https:\/\/cdn.aivie.ch\/media\/wp\/2021\/10\/19131518\/discussing-sales-funnel-marketing1200w-480x336.jpg 480w, https:\/\/cdn.aivie.ch\/media\/wp\/2021\/10\/19131518\/discussing-sales-funnel-marketing1200w-600x420.jpg 600w\" sizes=\"auto, (max-width: 1200px) 100vw, 1200px\" \/><\/figure>\n<\/div><\/div><\/div><\/div><\/div>\n\n\n\n<div class=\"wp-block-ugb-column ugb-column ugb-e4b2525 ugb-column--design-plain ugb-main-block\"><style>@media screen and (min-width:768px){.ugb-e4b2525 > .ugb-inner-block > .ugb-block-content > *{justify-content:center}}.ugb-e4b2525 > .ugb-inner-block > .ugb-block-content > *{justify-content:center !important}@media screen and (min-width:768px){.ugb-e4b2525 > .ugb-inner-block > .ugb-block-content > *{padding-top:20px !important;padding-bottom:20px !important;padding-right:20px !important;padding-left:20px !important}}<\/style><div class=\"ugb-inner-block\"><div class=\"ugb-block-content\"><div class=\"ugb-column__item ugb-e4b2525-column-wrapper\"><div class=\"ugb-column__content-wrapper\">\n<div class=\"wp-block-ugb-heading ugb-heading ugb-e1026e4 ugb-main-block\"><div class=\"ugb-inner-block\"><div class=\"ugb-block-content\"><h2 class=\"ugb-heading__title\">G\u00e9n\u00e9ration de leads num\u00e9riques pour les entreprises tech<\/h2><p class=\"ugb-heading__subtitle\">Ton produit ne se vend pas tout seul ? Ton r\u00e9seau personnel t&rsquo;appr\u00e9cie toi et ta technologie, mais au-del\u00e0, tu as besoin de te faire conna\u00eetre ? Le num\u00e9rique doit-il g\u00e9n\u00e9rer encore plus de leads ?<br\/><br\/>Nous connaissons ces d\u00e9fis. Nous partagerons notre savoir-faire lors du webinaire sur la g\u00e9n\u00e9ration de leads num\u00e9riques. Nous pr\u00e9sentons les meilleures pratiques de marketing automation qui permettent aux entreprises technologiques de se d\u00e9velopper \u2013 automatiquement.<\/p><\/div><\/div><\/div>\n\n\n\n<div class=\"aligncenter wp-block-ugb-container ugb-container ugb-f74cc05 ugb-container--v2 ugb-container--design-basic ugb-main-block\"><style>.ugb-f74cc05-wrapper.ugb-container__wrapper{background-color:#283e4c !important}.ugb-f74cc05-wrapper.ugb-container__wrapper:before{background-color:#283e4c !important}.ugb-f74cc05-content-wrapper > h1,.ugb-f74cc05-content-wrapper > h2,.ugb-f74cc05-content-wrapper > h3,.ugb-f74cc05-content-wrapper > h4,.ugb-f74cc05-content-wrapper > h5,.ugb-f74cc05-content-wrapper > h6{color:#ffffff}.ugb-f74cc05-content-wrapper > p,.ugb-f74cc05-content-wrapper > ol li,.ugb-f74cc05-content-wrapper > ul li{color:#ffffff}<\/style><div class=\"ugb-inner-block\"><div class=\"ugb-block-content\"><div class=\"ugb-container__wrapper ugb-f74cc05-wrapper\"><div class=\"ugb-container__side\"><div class=\"ugb-container__content-wrapper ugb-f74cc05-content-wrapper\">\n<div class=\"alignfull wp-block-ugb-icon-list ugb-icon-list ugb-c71e24a ugb-icon-list--v2 ugb-main-block ugb-main-block--inner-center ugb--has-block-background\"><style>.ugb-c71e24a li{color:#ffffff;--icon-size:8px !important}.ugb-c71e24a li::before{width:8px !important;height:8px !important;background-image:url('data:image\/svg+xml;base64,PHN2ZyBkYXRhLXByZWZpeD0iZmFzIiBkYXRhLWljb249ImNpcmNsZSIgY2xhc3M9InN2Zy1pbmxpbmUtLWZhIGZhLWNpcmNsZSBmYS13LTE2IiByb2xlPSJpbWciIHhtbG5zPSJodHRwOi8vd3d3LnczLm9yZy8yMDAwL3N2ZyIgdmlld0JveD0iMCAwIDUxMiA1MTIiIHN0eWxlPSJmaWxsOiAjZTYzMzEyICFpbXBvcnRhbnQ7IGNvbG9yOiAjZTYzMzEyICFpbXBvcnRhbnQiPjxwYXRoIGZpbGw9IiNlNjMzMTIiIGQ9Ik0yNTYgOEMxMTkgOCA4IDExOSA4IDI1NnMxMTEgMjQ4IDI0OCAyNDggMjQ4LTExMSAyNDgtMjQ4UzM5MyA4IDI1NiA4eiIgc3Ryb2tlPSIjZTYzMzEyIiBzdHlsZT0iZmlsbDogcmdiKDIzMCwgNTEsIDE4KTsgc3Ryb2tlOiByZ2IoMjMwLCA1MSwgMTgpOyIvPjwvc3ZnPg==')}.ugb-c71e24a.ugb-icon-list ul{columns:1}.ugb-c71e24a.ugb-icon-list{background-color:#283e4c}.ugb-c71e24a{padding:0 !important}.ugb-c71e24a.ugb-icon-list:before{background-color:#283e4c}.ugb-c71e24a .ugb-block-title{color:#ffffff;text-align:left}<\/style><div class=\"ugb-inner-block ugb-inner-block--center\"><h3 class=\"ugb-block-title\">Nous r\u00e9pondons \u00e0 ces questions<\/h3><div class=\"ugb-block-content\"><ul><li>Comment \u00e9largir notre r\u00e9seau et g\u00e9n\u00e9rer des leads en ligne ?<\/li><li>Comment filtrer et qualifier automatiquement les leads ?<\/li><li>Comment mettre en place un lead funnel avec le marketing automation ?<\/li><li>Comment le marketing automation s&rsquo;int\u00e8gre-t-il dans notre paysage d&rsquo;outils ?<\/li><\/ul><\/div><\/div><\/div>\n<\/div><\/div><\/div><\/div><\/div><\/div>\n<\/div><\/div><\/div><\/div><\/div>\n<\/div><\/div><\/div><\/div>\n\n<div class=\"alignfull wp-block-ugb-columns ugb-columns aiv-col-2 ugb-0e2f191 ugb-columns--design-plain ugb-columns--columns-2 ugb-main-block ugb-main-block--inner-center ugb--has-block-background\"><style>.ugb-0e2f191-content-wrapper{grid-column-gap:60px !important}.ugb-0e2f191.ugb-columns{background-color:#cfe7e1}.ugb-0e2f191.ugb-columns:before{background-color:#cfe7e1}<\/style><div class=\"ugb-inner-block ugb-inner-block--center\"><div class=\"ugb-block-content\"><div class=\"ugb-columns__item ugb-0e2f191-content-wrapper\">\n<div class=\"wp-block-ugb-column ugb-column ugb-ca2a514 ugb-column--design-plain ugb-main-block\"><div class=\"ugb-inner-block\"><div class=\"ugb-block-content\"><div class=\"ugb-column__item ugb-ca2a514-column-wrapper\"><div class=\"ugb-column__content-wrapper\">\n<div class=\"wp-block-ugb-heading ugb-heading ugb-51cd323 ugb-main-block\"><style>.ugb-51cd323 .ugb-heading__title{color:#e63312}<\/style><div class=\"ugb-inner-block\"><div class=\"ugb-block-content\"><h2 class=\"ugb-heading__title\">Des r\u00e9ponses \u00e0 toutes tes questions<\/h2><p class=\"ugb-heading__subtitle\">T\u00e9l\u00e9charge les diapositives du webinaire pour obtenir des r\u00e9ponses et clarifier toutes tes questions sur la g\u00e9n\u00e9ration de leads.<\/p><\/div><\/div><\/div>\n\n\n\n<figure class=\"wp-block-image size-large is-style-default\"><img decoding=\"async\" src=\"https:\/\/aivie.ch\/wp-content\/uploads\/2021\/11\/Digitale-Lead-Generation-fu&#x308;r-Tech-Unternehmen-1920x1083.png\" alt=\"\" class=\"wp-image-3625\" title=\"\"><\/figure>\n\n\n\n<div class=\"wp-block-stackable-button-group stk-block-button-group stk-block stk-cad654b\" data-block-id=\"cad654b\"><div class=\"stk-row stk-inner-blocks stk-block-content stk-button-group\">\n<div class=\"wp-block-stackable-button stk-block-button videoLead is-style-plain stk-block stk-1a71391\" data-block-id=\"1a71391\"><style>.stk-1a71391 .stk-button{background:transparent !important}.stk-1a71391 .stk-button:hover:after{background:transparent !important;opacity:1 !important}:where(.stk-hover-parent:hover,.stk-hover-parent.stk--is-hovered) .stk-1a71391 .stk-button:after{background:transparent !important;opacity:1 !important}<\/style><a class=\"stk-link stk-button stk--hover-effect-darken\" href=\"\"><span class=\"stk-button__inner-text\">Regarder la vid\u00e9o du webinaire<\/span><\/a><\/div>\n<\/div><\/div>\n\n\n\n\t<div class=\"wp-video-popup-wrapper\" data-wp-video-popup-id=\"videoLead\">\n\t\t<div class=\"wp-video-popup-close\"><\/div>\n\t\t\n\t\t\t<iframe class=\"wp-video-popup-video is-hosted is-landscape is-resizable\" src=\"\" data-wp-video-popup-url=\"https:\/\/www.youtube.com\/embed\/TGIRLfZmGnI?autoplay=1&#038;rel=0\" frameborder=\"0\" allowfullscreen allow=\"autoplay\">\n\t\t\t<\/iframe>\n\t\t\n\t<\/div>\n\t\n<\/div><\/div><\/div><\/div><\/div>\n\n\n\n<div class=\"wp-block-ugb-column ugb-column ugb-3a58d59 ugb-column--design-plain ugb-main-block\" id=\"join\"><div class=\"ugb-inner-block\"><div class=\"ugb-block-content\"><div class=\"ugb-column__item ugb-3a58d59-column-wrapper\"><div class=\"ugb-column__content-wrapper\">\n<div class=\"wp-block-ugb-heading ugb-heading ugb-b1e04f1 ugb-main-block\"><style>.ugb-b1e04f1 .ugb-heading__title{color:#283e4c}<\/style><div class=\"ugb-inner-block\"><div class=\"ugb-block-content\"><h2 class=\"ugb-heading__title\"><span style=\"color: #283e4c;\" class=\"ugb-highlight\">T\u00e9l\u00e9charger les diapositives du webinaire.<\/span><\/h2><\/div><\/div><\/div>\n\n\n<script type=\"text\/javascript\" src=\"https:\/\/m.aivie.ch\/form\/generate.js?id=49\"><\/script>\n<\/div><\/div><\/div><\/div><\/div>\n<\/div><\/div><\/div><\/div>\n","protected":false},"excerpt":{"rendered":"<p>G\u00e9n\u00e9ration de leads num\u00e9riques pour les entreprises tech Ton produit ne se vend pas tout seul ? Ton r\u00e9seau personnel t&rsquo;appr\u00e9cie toi et ta technologie, mais au-del\u00e0, tu as besoin de te faire conna\u00eetre ? Le num\u00e9rique doit-il g\u00e9n\u00e9rer encore plus de leads ? Nous connaissons ces d\u00e9fis. Nous partagerons notre savoir-faire lors du webinaire &hellip; <a href=\"https:\/\/aivie.ch\/fr\/generation-de-leads-numeriques-pour-les-entreprises-tech-lm\/\" class=\"more-link\">Continuer la lecture de <span class=\"screen-reader-text\">G\u00e9n\u00e9ration de leads num\u00e9riques pour les entreprises tech LM<\/span><\/a><\/p>\n","protected":false},"author":1,"featured_media":17003,"parent":0,"menu_order":0,"comment_status":"closed","ping_status":"closed","template":"front-page.php","meta":{"_acf_changed":false,"footnotes":""},"class_list":["post-17001","page","type-page","status-publish","has-post-thumbnail","hentry"],"acf":[],"featured_image_urls_v2":{"full":["https:\/\/cdn.aivie.ch\/media\/wp\/2023\/12\/15053730\/g-n-ration-de-leads-num-riques-pour-les-entreprises-tech-lm.jpg",1280,720,false],"thumbnail":["https:\/\/cdn.aivie.ch\/media\/wp\/2023\/12\/15053730\/g-n-ration-de-leads-num-riques-pour-les-entreprises-tech-lm-240x240.jpg",240,240,true],"medium":["https:\/\/cdn.aivie.ch\/media\/wp\/2023\/12\/15053730\/g-n-ration-de-leads-num-riques-pour-les-entreprises-tech-lm-960x540.jpg",960,540,true],"medium_large":["https:\/\/cdn.aivie.ch\/media\/wp\/2023\/12\/15053730\/g-n-ration-de-leads-num-riques-pour-les-entreprises-tech-lm-768x432.jpg",768,432,true],"large":["https:\/\/cdn.aivie.ch\/media\/wp\/2023\/12\/15053730\/g-n-ration-de-leads-num-riques-pour-les-entreprises-tech-lm.jpg",990,557,false],"post-thumbnail":["https:\/\/cdn.aivie.ch\/media\/wp\/2023\/12\/15053730\/g-n-ration-de-leads-num-riques-pour-les-entreprises-tech-lm-1200x675.jpg",1200,675,true],"aiv_480w":["https:\/\/cdn.aivie.ch\/media\/wp\/2023\/12\/15053730\/g-n-ration-de-leads-num-riques-pour-les-entreprises-tech-lm-480x270.jpg",480,270,true],"woocommerce_thumbnail":["https:\/\/cdn.aivie.ch\/media\/wp\/2023\/12\/15053730\/g-n-ration-de-leads-num-riques-pour-les-entreprises-tech-lm-240x240.jpg",240,240,true],"woocommerce_single":["https:\/\/cdn.aivie.ch\/media\/wp\/2023\/12\/15053730\/g-n-ration-de-leads-num-riques-pour-les-entreprises-tech-lm-960x540.jpg",960,540,true],"woocommerce_gallery_thumbnail":["https:\/\/cdn.aivie.ch\/media\/wp\/2023\/12\/15053730\/g-n-ration-de-leads-num-riques-pour-les-entreprises-tech-lm-240x240.jpg",240,240,true]},"post_excerpt_stackable_v2":"<p>G\u00e9n\u00e9ration de leads num\u00e9riques pour les entreprises techTon produit ne se vend pas tout seul ? Ton r\u00e9seau personnel t&rsquo;appr\u00e9cie toi et ta technologie, mais au-del\u00e0, tu as besoin de te faire conna\u00eetre ? Le num\u00e9rique doit-il g\u00e9n\u00e9rer encore plus de leads ?Nous connaissons ces d\u00e9fis. Nous partagerons notre savoir-faire lors du webinaire sur la g\u00e9n\u00e9ration de leads num\u00e9riques. Nous pr\u00e9sentons les meilleures pratiques de marketing automation qui permettent aux entreprises technologiques de se d\u00e9velopper \u2013 automatiquement. Nous r\u00e9pondons \u00e0 ces questionsComment \u00e9largir notre r\u00e9seau et g\u00e9n\u00e9rer des leads en ligne ?Comment filtrer et qualifier automatiquement les leads ?Comment mettre\u2026<\/p>\n","category_list_v2":"","author_info_v2":{"name":"Adrian Schimpf","url":"https:\/\/aivie.ch\/fr\/author\/adrian\/"},"comments_num_v2":"0 commentaire","_links":{"self":[{"href":"https:\/\/aivie.ch\/fr\/wp-json\/wp\/v2\/pages\/17001","targetHints":{"allow":["GET"]}}],"collection":[{"href":"https:\/\/aivie.ch\/fr\/wp-json\/wp\/v2\/pages"}],"about":[{"href":"https:\/\/aivie.ch\/fr\/wp-json\/wp\/v2\/types\/page"}],"author":[{"embeddable":true,"href":"https:\/\/aivie.ch\/fr\/wp-json\/wp\/v2\/users\/1"}],"replies":[{"embeddable":true,"href":"https:\/\/aivie.ch\/fr\/wp-json\/wp\/v2\/comments?post=17001"}],"version-history":[{"count":1,"href":"https:\/\/aivie.ch\/fr\/wp-json\/wp\/v2\/pages\/17001\/revisions"}],"predecessor-version":[{"id":17011,"href":"https:\/\/aivie.ch\/fr\/wp-json\/wp\/v2\/pages\/17001\/revisions\/17011"}],"wp:featuredmedia":[{"embeddable":true,"href":"https:\/\/aivie.ch\/fr\/wp-json\/wp\/v2\/media\/17003"}],"wp:attachment":[{"href":"https:\/\/aivie.ch\/fr\/wp-json\/wp\/v2\/media?parent=17001"}],"curies":[{"name":"wp","href":"https:\/\/api.w.org\/{rel}","templated":true}]}}