{"id":16962,"date":"2023-12-15T05:37:12","date_gmt":"2023-12-15T03:37:12","guid":{"rendered":"https:\/\/aivie.ch\/configuration-du-modele-aivie\/"},"modified":"2024-12-13T14:07:17","modified_gmt":"2024-12-13T12:07:17","slug":"configuration-du-modele-aivie","status":"publish","type":"page","link":"https:\/\/aivie.ch\/fr\/configuration-du-modele-aivie\/","title":{"rendered":"Configuration du mod\u00e8le Aivie"},"content":{"rendered":"\n<div class=\"alignfull wp-block-ugb-container ugb-container ugb-d2af22f ugb-container--v2 ugb-container--design-plain ugb-main-block ugb-main-block--inner-center ugb--has-block-background ugb--has-background-overlay\"><style>.ugb-d2af22f.ugb-container{background-image:url(https:\/\/cdn.aivie.ch\/media\/wp\/2021\/06\/19131703\/pattern-u-960w.png);background-position:bottom right;background-repeat:no-repeat;background-size:40% !important}.ugb-d2af22f.ugb-container:before{opacity:0.5}@media screen and (min-width:768px){.ugb-d2af22f-content-wrapper.ugb-container__content-wrapper{width:90% !important}.ugb-d2af22f.ugb-container{margin-top:0px !important;padding-top:0px !important;padding-right:35px !important;padding-left:35px !important}}<\/style><div class=\"ugb-inner-block ugb-inner-block--center\"><div class=\"ugb-block-content\"><div class=\"ugb-container__wrapper ugb-d2af22f-wrapper\"><div class=\"ugb-container__side\"><div class=\"ugb-container__content-wrapper ugb-d2af22f-content-wrapper\">\n<div class=\"wp-block-ugb-heading ugb-heading ugb-5431ba5 ugb-main-block\"><style>.ugb-5431ba5 .ugb-heading__title{text-align:center}.ugb-5431ba5 .ugb-inner-block{text-align:center}<\/style><div class=\"ugb-inner-block\"><div class=\"ugb-block-content\"><h1 class=\"ugb-heading__title\">Tu es bien chez nous !<\/h1><p class=\"ugb-heading__subtitle\">Pour que nous puissions mettre en place tes mod\u00e8les d&rsquo;e-mail et de page de renvoi individuels, nous serions heureux de recevoir les informations suivantes de ta part. Nous te prions de bien vouloir remplir ce formulaire.<\/p><\/div><\/div><\/div>\n\n\n<script type=\"text\/javascript\" src=\"https:\/\/m.aivie.ch\/form\/generate.js?id=46\"><\/script>\n<\/div><\/div><\/div><\/div><\/div><\/div>\n\n<div class=\"alignfull wp-block-ugb-columns ugb-columns aiv-lead-center ugb-6dd7bf8 ugb-columns--design-plain ugb-columns--columns-2 ugb-main-block ugb-main-block--inner-center ugb--has-block-background ugb--has-background-overlay\"><style>.ugb-6dd7bf8.ugb-columns{background-color:#EFF0F1;background-image:url(https:\/\/cdn.aivie.ch\/media\/wp\/2021\/06\/19131659\/pattern-mario-480w.png);background-position:bottom left;background-repeat:no-repeat;background-size:523px !important}.ugb-6dd7bf8.ugb-columns:before{background-color:#EFF0F1;opacity:0.5}<\/style><div class=\"ugb-inner-block ugb-inner-block--center\"><h2 class=\"ugb-block-title ugb-block-title--with-subtitle\">Ton mod\u00e8le Aivie est mis en place.<\/h2><p class=\"ugb-block-description\">Apr\u00e8s avoir rempli le formulaire, ton mod\u00e8le sera mis en place sous peu. En attendant, tu peux volontiers te laisser inspirer par notre <a href=\"https:\/\/aivie.ch\/fr\/blog\/\">blog<\/a>. Dans <a href=\"http:\/\/aivie.ch\/my-account\/\">ton compte <\/a>, tu trouveras toutes les donn\u00e9es et les factures.<\/p><div class=\"ugb-block-content\"><div class=\"ugb-columns__item ugb-6dd7bf8-content-wrapper\">\n<div class=\"wp-block-ugb-column ugb-column ugb-a71cebf ugb-column--design-plain ugb-main-block\"><div class=\"ugb-inner-block\"><div class=\"ugb-block-content\"><div class=\"ugb-column__item ugb-a71cebf-column-wrapper\"><div class=\"ugb-column__content-wrapper\"><\/div><\/div><\/div><\/div><\/div>\n\n\n\n<div class=\"wp-block-ugb-column ugb-column ugb-a2b3ea3 ugb-column--design-plain ugb-main-block\"><div class=\"ugb-inner-block\"><div class=\"ugb-block-content\"><div class=\"ugb-column__item ugb-a2b3ea3-column-wrapper\"><div class=\"ugb-column__content-wrapper\"><\/div><\/div><\/div><\/div><\/div>\n<\/div><\/div><\/div><\/div>\n\n<div class=\"aligncenter wp-block-ugb-blog-posts ugb-blog-posts ugb-23c32e3 ugb-blog-posts--v2 ugb-blog-posts--design-list ugb-blog-posts--columns-1 ugb-main-block\"><style>.ugb-23c32e3 .ugb-blog-posts__featured-image{border-radius:0px !important}.ugb-23c32e3 .ugb-block-title{text-align:center}<\/style><div class=\"ugb-inner-block\"><h2 class=\"ugb-block-title\">Commencer d\u00e8s maintenant avec le marketing automation.<\/h2><div class=\"ugb-block-content\"><article class=\"ugb-blog-posts__item\"><figure class=\"ugb-blog-posts__featured-image\"><a href=\"https:\/\/aivie.ch\/fr\/taux-de-conversion-tout-ce-que-tu-dois-savoir-a-ce-sujet\/\"><img loading=\"lazy\" decoding=\"async\" width=\"990\" height=\"660\" src=\"https:\/\/cdn.aivie.ch\/media\/wp\/2022\/10\/27190101\/Conversion-Rate.png\" class=\"attachment-large size-large wp-post-image\" alt=\"\" title=\"\"><\/a><\/figure><div class=\"ugb-blog-posts__content\"><h3 class=\"ugb-blog-posts__title\"><a href=\"https:\/\/aivie.ch\/fr\/taux-de-conversion-tout-ce-que-tu-dois-savoir-a-ce-sujet\/\">Taux de conversion : tout ce que tu dois savoir \u00e0 ce sujet<\/a><\/h3><div class=\"ugb-blog-posts__excerpt\"><p>D\u00e9finition : le taux de conversion est un pourcentage de personnes qui ont effectu\u00e9 une action souhait\u00e9e (une conversion). Un exemple simple est le pourcentage de visiteurs de la boutique en ligne qui ont achet\u00e9 un produit. Qu&rsquo;est-ce qu&rsquo;une conversion ? Avec le taux de conversion, on veut mesurer le succ\u00e8s de quelque chose ou&#8230;<\/div><p class=\"ugb-blog-posts__readmore\"><a href=\"https:\/\/aivie.ch\/fr\/taux-de-conversion-tout-ce-que-tu-dois-savoir-a-ce-sujet\/\">Lire la suite<\/a><\/p><\/div><\/article><article class=\"ugb-blog-posts__item\"><figure class=\"ugb-blog-posts__featured-image\"><a href=\"https:\/\/aivie.ch\/fr\/marketing-automation-suisse-entierement-automatise\/\"><img loading=\"lazy\" decoding=\"async\" width=\"990\" height=\"660\" src=\"https:\/\/cdn.aivie.ch\/media\/wp\/2021\/11\/19131439\/Schweizer-Marketing-Automation-Tool-Aivie-will-Mailchimp-Hubspot-und-Co.-den-Rang-ablaufen.webp\" class=\"attachment-large size-large wp-post-image\" alt=\"Couverture de l&#039;outil suisse d&#039;automatisation du marketing Aivie veut d\u00e9tr\u00f4ner Mailchimp et Hubspot\" title=\"\"><\/a><\/figure><div class=\"ugb-blog-posts__content\"><h3 class=\"ugb-blog-posts__title\"><a href=\"https:\/\/aivie.ch\/fr\/marketing-automation-suisse-entierement-automatise\/\">Marketing Automation Suisse \u2013 Enti\u00e8rement automatis\u00e9.<\/a><\/h3><div class=\"ugb-blog-posts__excerpt\"><p>Dans une \u00e9conomie de plus en plus num\u00e9rique comme celle de la Suisse, l&rsquo;automatisation du marketing devient un facteur de succ\u00e8s d\u00e9cisif pour les entreprises de toutes tailles. Aivie, un outil d&rsquo;automatisation du marketing de pointe originaire de Suisse, offre une multitude de fonctions pour automatiser les t\u00e2ches et offrir des exp\u00e9riences personnalis\u00e9es \u00e0 votre&#8230;<\/div><p class=\"ugb-blog-posts__readmore\"><a href=\"https:\/\/aivie.ch\/fr\/marketing-automation-suisse-entierement-automatise\/\">Lire la suite<\/a><\/p><\/div><\/article><article class=\"ugb-blog-posts__item\"><figure class=\"ugb-blog-posts__featured-image\"><a href=\"https:\/\/aivie.ch\/fr\/voici-ce-quest-le-marketing-automation-et-comment-votre-entreprise-en-beneficie\/\"><img loading=\"lazy\" decoding=\"async\" width=\"990\" height=\"660\" src=\"https:\/\/cdn.aivie.ch\/media\/wp\/2022\/01\/21104411\/was-ist-marketing-automation.png\" class=\"attachment-large size-large wp-post-image\" alt=\"\" title=\"\"><\/a><\/figure><div class=\"ugb-blog-posts__content\"><h3 class=\"ugb-blog-posts__title\"><a href=\"https:\/\/aivie.ch\/fr\/voici-ce-quest-le-marketing-automation-et-comment-votre-entreprise-en-beneficie\/\">Voici ce qu&rsquo;est le marketing automation et comment votre entreprise en b\u00e9n\u00e9ficie<\/a><\/h3><div class=\"ugb-blog-posts__excerpt\"><p>L&rsquo;automatisation du marketing est souvent consid\u00e9r\u00e9e comme une simple solution logicielle. Pourtant, le marketing automation est bien plus qu&rsquo;une simple d\u00e9cision concernant un nouvel outil. Lancez-vous d\u00e8s maintenant dans le marketing automation ! Table des mati\u00e8resD\u00e9finition du marketing automationQuels sont les avantages du marketing automation ?R\u00e9duire les co\u00fbts, acqu\u00e9rir des clients, am\u00e9liorer les ventesPremiers pas&#8230;<\/div><p class=\"ugb-blog-posts__readmore\"><a href=\"https:\/\/aivie.ch\/fr\/voici-ce-quest-le-marketing-automation-et-comment-votre-entreprise-en-beneficie\/\">Lire la suite<\/a><\/p><\/div><\/article><\/div><\/div><\/div>\n","protected":false},"excerpt":{"rendered":"<p>Tu es bien chez nous ! Pour que nous puissions mettre en place tes mod\u00e8les d&rsquo;e-mail et de page de renvoi individuels, nous serions heureux de recevoir les informations suivantes de ta part. Nous te prions de bien vouloir remplir ce formulaire. Commencer d\u00e8s maintenant avec le marketing automation. 3 raisons d&rsquo;int\u00e9grer des \u00e9v\u00e9nements en &hellip; <a href=\"https:\/\/aivie.ch\/fr\/configuration-du-modele-aivie\/\" class=\"more-link\">Continuer la lecture de <span class=\"screen-reader-text\">Configuration du mod\u00e8le Aivie<\/span><\/a><\/p>\n","protected":false},"author":1,"featured_media":0,"parent":0,"menu_order":0,"comment_status":"closed","ping_status":"closed","template":"front-page.php","meta":{"_acf_changed":false,"footnotes":""},"class_list":["post-16962","page","type-page","status-publish","hentry"],"acf":[],"featured_image_urls_v2":{"full":"","thumbnail":"","medium":"","medium_large":"","large":"","post-thumbnail":"","aiv_480w":"","woocommerce_thumbnail":"","woocommerce_single":"","woocommerce_gallery_thumbnail":""},"post_excerpt_stackable_v2":"<p>Tu es bien chez nous !Pour que nous puissions mettre en place tes mod\u00e8les d&rsquo;e-mail et de page de renvoi individuels, nous serions heureux de recevoir les informations suivantes de ta part. Nous te prions de bien vouloir remplir ce formulaire. Ton mod\u00e8le Aivie est mis en place.Apr\u00e8s avoir rempli le formulaire, ton mod\u00e8le sera mis en place sous peu. En attendant, tu peux volontiers te laisser inspirer par notre blog. Dans ton compte , tu trouveras toutes les donn\u00e9es et les factures. Commencer d\u00e8s maintenant avec le marketing automation.\u00ab\u00a0L&rsquo;e-mail est encore largement sous-estim\u00e9\u00a0\u00bb \u2013 Pourquoi le canal de communication\u2026<\/p>\n","category_list_v2":"","author_info_v2":{"name":"Adrian Schimpf","url":"https:\/\/aivie.ch\/fr\/author\/adrian\/"},"comments_num_v2":"0 commentaire","_links":{"self":[{"href":"https:\/\/aivie.ch\/fr\/wp-json\/wp\/v2\/pages\/16962","targetHints":{"allow":["GET"]}}],"collection":[{"href":"https:\/\/aivie.ch\/fr\/wp-json\/wp\/v2\/pages"}],"about":[{"href":"https:\/\/aivie.ch\/fr\/wp-json\/wp\/v2\/types\/page"}],"author":[{"embeddable":true,"href":"https:\/\/aivie.ch\/fr\/wp-json\/wp\/v2\/users\/1"}],"replies":[{"embeddable":true,"href":"https:\/\/aivie.ch\/fr\/wp-json\/wp\/v2\/comments?post=16962"}],"version-history":[{"count":1,"href":"https:\/\/aivie.ch\/fr\/wp-json\/wp\/v2\/pages\/16962\/revisions"}],"predecessor-version":[{"id":16967,"href":"https:\/\/aivie.ch\/fr\/wp-json\/wp\/v2\/pages\/16962\/revisions\/16967"}],"wp:attachment":[{"href":"https:\/\/aivie.ch\/fr\/wp-json\/wp\/v2\/media?parent=16962"}],"curies":[{"name":"wp","href":"https:\/\/api.w.org\/{rel}","templated":true}]}}