{"id":16932,"date":"2023-12-15T05:37:03","date_gmt":"2023-12-15T03:37:03","guid":{"rendered":"https:\/\/aivie.ch\/creer-un-canal-de-vente-avec-le-marketing-en-ligne\/"},"modified":"2023-12-15T05:37:20","modified_gmt":"2023-12-15T03:37:20","slug":"creer-un-canal-de-vente-avec-le-marketing-en-ligne","status":"publish","type":"page","link":"https:\/\/aivie.ch\/fr\/creer-un-canal-de-vente-avec-le-marketing-en-ligne\/","title":{"rendered":"Cr\u00e9er un canal de vente avec le marketing en ligne"},"content":{"rendered":"\n<div class=\"alignfull wp-block-ugb-columns ugb-columns ugb-f174274 ugb-columns--design-plain ugb-columns--columns-2 ugb-main-block ugb-main-block--inner-center ugb--has-block-background ugb--has-background-overlay\"><style>.ugb-f174274 > .ugb-inner-block > .ugb-block-content > .ugb-columns__item{grid-template-columns:0.88fr 1.12fr !important}.ugb-f174274.ugb-columns{background-image:url(https:\/\/cdn.aivie.ch\/media\/wp\/2021\/06\/19131702\/pattern-company-960w.png);background-position:top left;background-repeat:no-repeat;background-size:47% !important}.ugb-f174274.ugb-columns:before{opacity:0.5}<\/style><div class=\"ugb-inner-block ugb-inner-block--center\"><div class=\"ugb-block-content\"><div class=\"ugb-columns__item ugb-f174274-content-wrapper\">\n<div class=\"wp-block-ugb-column ugb-column ugb-3b6a10a ugb-column--design-plain ugb-main-block\"><div class=\"ugb-inner-block\"><div class=\"ugb-block-content\"><div class=\"ugb-column__item ugb-3b6a10a-column-wrapper\"><div class=\"ugb-column__content-wrapper\">\n<figure class=\"wp-block-image size-full\"><img loading=\"lazy\" decoding=\"async\" width=\"1200\" height=\"840\" src=\"https:\/\/cdn.aivie.ch\/media\/wp\/2021\/10\/19131518\/discussing-sales-funnel-marketing1200w.jpg\" alt=\"\" class=\"wp-image-2736\" title=\"\" srcset=\"https:\/\/cdn.aivie.ch\/media\/wp\/2021\/10\/19131518\/discussing-sales-funnel-marketing1200w.jpg 1200w, https:\/\/cdn.aivie.ch\/media\/wp\/2021\/10\/19131518\/discussing-sales-funnel-marketing1200w-960x672.jpg 960w, https:\/\/cdn.aivie.ch\/media\/wp\/2021\/10\/19131518\/discussing-sales-funnel-marketing1200w-768x538.jpg 768w, https:\/\/cdn.aivie.ch\/media\/wp\/2021\/10\/19131518\/discussing-sales-funnel-marketing1200w-480x336.jpg 480w, https:\/\/cdn.aivie.ch\/media\/wp\/2021\/10\/19131518\/discussing-sales-funnel-marketing1200w-600x420.jpg 600w\" sizes=\"auto, (max-width: 1200px) 100vw, 1200px\" \/><\/figure>\n<\/div><\/div><\/div><\/div><\/div>\n\n\n\n<div class=\"wp-block-ugb-column ugb-column ugb-e4b2525 ugb-column--design-plain ugb-main-block\"><style>@media screen and (min-width:768px){.ugb-e4b2525 > .ugb-inner-block > .ugb-block-content > *{justify-content:center}}.ugb-e4b2525 > .ugb-inner-block > .ugb-block-content > *{justify-content:center !important}@media screen and (min-width:768px){.ugb-e4b2525 > .ugb-inner-block > .ugb-block-content > *{padding-top:20px !important;padding-bottom:20px !important;padding-right:20px !important;padding-left:20px !important}}<\/style><div class=\"ugb-inner-block\"><div class=\"ugb-block-content\"><div class=\"ugb-column__item ugb-e4b2525-column-wrapper\"><div class=\"ugb-column__content-wrapper\">\n<div class=\"wp-block-ugb-heading ugb-heading ugb-e1026e4 ugb-main-block\"><div class=\"ugb-inner-block\"><div class=\"ugb-block-content\"><h1 class=\"ugb-heading__title\">Cr\u00e9er un canal de vente avec le marketing en ligne<\/h1><p class=\"ugb-heading__subtitle\">Que sont les Sales Funnels ? Comment cr\u00e9er un Sales Funnel ? Nous mettons volontiers \u00e0 disposition nos diapositives de l&rsquo;Evening Session \u00e0 l&rsquo;<a href=\"https:\/\/www.impacthub.ch\/\" target=\"_blank\" rel=\"noreferrer noopener\">Impact Hub<\/a> de Zurich.<\/p><\/div><\/div><\/div>\n\n\n\n<div class=\"aligncenter wp-block-ugb-container ugb-container ugb-f74cc05 ugb-container--v2 ugb-container--design-basic ugb-main-block\"><style>.ugb-f74cc05-wrapper.ugb-container__wrapper{background-color:#283e4c !important}.ugb-f74cc05-wrapper.ugb-container__wrapper:before{background-color:#283e4c !important}.ugb-f74cc05-content-wrapper > h1,.ugb-f74cc05-content-wrapper > h2,.ugb-f74cc05-content-wrapper > h3,.ugb-f74cc05-content-wrapper > h4,.ugb-f74cc05-content-wrapper > h5,.ugb-f74cc05-content-wrapper > h6{color:#ffffff}.ugb-f74cc05-content-wrapper > p,.ugb-f74cc05-content-wrapper > ol li,.ugb-f74cc05-content-wrapper > ul li{color:#ffffff}<\/style><div class=\"ugb-inner-block\"><div class=\"ugb-block-content\"><div class=\"ugb-container__wrapper ugb-f74cc05-wrapper\"><div class=\"ugb-container__side\"><div class=\"ugb-container__content-wrapper ugb-f74cc05-content-wrapper\">\n<div class=\"alignfull wp-block-ugb-icon-list ugb-icon-list ugb-c71e24a ugb-icon-list--v2 ugb-main-block ugb-main-block--inner-center ugb--has-block-background\"><style>.ugb-c71e24a li{color:#ffffff;--icon-size:8px !important}.ugb-c71e24a li::before{width:8px !important;height:8px !important;background-image:url('data:image\/svg+xml;base64,PHN2ZyBkYXRhLXByZWZpeD0iZmFzIiBkYXRhLWljb249ImNpcmNsZSIgY2xhc3M9InN2Zy1pbmxpbmUtLWZhIGZhLWNpcmNsZSBmYS13LTE2IiByb2xlPSJpbWciIHhtbG5zPSJodHRwOi8vd3d3LnczLm9yZy8yMDAwL3N2ZyIgdmlld0JveD0iMCAwIDUxMiA1MTIiIHN0eWxlPSJmaWxsOiAjZTYzMzEyICFpbXBvcnRhbnQ7IGNvbG9yOiAjZTYzMzEyICFpbXBvcnRhbnQiPjxwYXRoIGZpbGw9IiNlNjMzMTIiIGQ9Ik0yNTYgOEMxMTkgOCA4IDExOSA4IDI1NnMxMTEgMjQ4IDI0OCAyNDggMjQ4LTExMSAyNDgtMjQ4UzM5MyA4IDI1NiA4eiIgc3Ryb2tlPSIjZTYzMzEyIiBzdHlsZT0iZmlsbDogcmdiKDIzMCwgNTEsIDE4KTsgc3Ryb2tlOiByZ2IoMjMwLCA1MSwgMTgpOyIvPjwvc3ZnPg==')}.ugb-c71e24a.ugb-icon-list ul{columns:1}.ugb-c71e24a.ugb-icon-list{background-color:#283e4c}.ugb-c71e24a{padding:0 !important}.ugb-c71e24a.ugb-icon-list:before{background-color:#283e4c}.ugb-c71e24a .ugb-block-title{color:#ffffff;text-align:left}<\/style><div class=\"ugb-inner-block ugb-inner-block--center\"><h3 class=\"ugb-block-title\">Contenus trait\u00e9s<\/h3><div class=\"ugb-block-content\"><ul><li>Comprendre ce qu&rsquo;est un Sales Funnel  <\/li><li>Comment un Sales Funnel convertit des clients inconnus en clients \u00e0 marge \u00e9lev\u00e9e<\/li><li>Cr\u00e9er un funnel de vente<\/li><li>Les diff\u00e9rences entre les diff\u00e9rentes plateformes de marketing en ligne<\/li><li>Quelle est la bonne plateforme de marketing en ligne ?<\/li><li>Utilise l&rsquo;Ad Canvas pour cr\u00e9er une annonce<\/li><\/ul><\/div><\/div><\/div>\n<\/div><\/div><\/div><\/div><\/div><\/div>\n<\/div><\/div><\/div><\/div><\/div>\n<\/div><\/div><\/div><\/div>\n\n<div class=\"alignfull wp-block-ugb-columns ugb-columns aiv-col-2 ugb-0e2f191 ugb-columns--design-plain ugb-columns--columns-2 ugb-main-block ugb-main-block--inner-center ugb--has-block-background\"><style>.ugb-0e2f191-content-wrapper{grid-column-gap:60px !important}.ugb-0e2f191.ugb-columns{background-color:#cfe7e1}.ugb-0e2f191.ugb-columns:before{background-color:#cfe7e1}<\/style><div class=\"ugb-inner-block ugb-inner-block--center\"><div class=\"ugb-block-content\"><div class=\"ugb-columns__item ugb-0e2f191-content-wrapper\">\n<div class=\"wp-block-ugb-column ugb-column ugb-ca2a514 ugb-column--design-plain ugb-main-block\"><div class=\"ugb-inner-block\"><div class=\"ugb-block-content\"><div class=\"ugb-column__item ugb-ca2a514-column-wrapper\"><div class=\"ugb-column__content-wrapper\">\n<div class=\"wp-block-ugb-heading ugb-heading ugb-51cd323 ugb-main-block\"><style>.ugb-51cd323 .ugb-heading__title{color:#e63312}<\/style><div class=\"ugb-inner-block\"><div class=\"ugb-block-content\"><h2 class=\"ugb-heading__title\">Cr\u00e9er ton funnel de vente avec le marketing en ligne<\/h2><p class=\"ugb-heading__subtitle\">T\u00e9l\u00e9charge les slides du webinaire et enrichis ton Sales Funnel avec le marketing en ligne.<\/p><\/div><\/div><\/div>\n<\/div><\/div><\/div><\/div><\/div>\n\n\n\n<div class=\"wp-block-ugb-column ugb-column ugb-3a58d59 ugb-column--design-plain ugb-main-block\" id=\"join\"><div class=\"ugb-inner-block\"><div class=\"ugb-block-content\"><div class=\"ugb-column__item ugb-3a58d59-column-wrapper\"><div class=\"ugb-column__content-wrapper\">\n<div class=\"wp-block-ugb-heading ugb-heading ugb-b1e04f1 ugb-main-block\"><style>.ugb-b1e04f1 .ugb-heading__title{color:#283e4c}<\/style><div class=\"ugb-inner-block\"><div class=\"ugb-block-content\"><h2 class=\"ugb-heading__title\"><span style=\"color: #283e4c;\" class=\"ugb-highlight\">T\u00e9l\u00e9charger les diapositives de pr\u00e9sentation.<\/span><\/h2><\/div><\/div><\/div>\n\n\n<script type=\"text\/javascript\" src=\"https:\/\/m.aivie.ch\/form\/generate.js?id=15\"><\/script>\n<\/div><\/div><\/div><\/div><\/div>\n<\/div><\/div><\/div><\/div>\n","protected":false},"excerpt":{"rendered":"<p>Cr\u00e9er un canal de vente avec le marketing en ligne Que sont les Sales Funnels ? Comment cr\u00e9er un Sales Funnel ? Nous mettons volontiers \u00e0 disposition nos diapositives de l&rsquo;Evening Session \u00e0 l&rsquo;Impact Hub de Zurich. Contenus trait\u00e9s Comprendre ce qu&rsquo;est un Sales Funnel Comment un Sales Funnel convertit des clients inconnus en clients &hellip; <a href=\"https:\/\/aivie.ch\/fr\/creer-un-canal-de-vente-avec-le-marketing-en-ligne\/\" class=\"more-link\">Continuer la lecture de <span class=\"screen-reader-text\">Cr\u00e9er un canal de vente avec le marketing en ligne<\/span><\/a><\/p>\n","protected":false},"author":1,"featured_media":0,"parent":0,"menu_order":0,"comment_status":"closed","ping_status":"closed","template":"front-page.php","meta":{"_acf_changed":false,"footnotes":""},"class_list":["post-16932","page","type-page","status-publish","hentry"],"acf":[],"featured_image_urls_v2":{"full":"","thumbnail":"","medium":"","medium_large":"","large":"","post-thumbnail":"","aiv_480w":"","woocommerce_thumbnail":"","woocommerce_single":"","woocommerce_gallery_thumbnail":""},"post_excerpt_stackable_v2":"<p>Cr\u00e9er un canal de vente avec le marketing en ligneQue sont les Sales Funnels ? Comment cr\u00e9er un Sales Funnel ? Nous mettons volontiers \u00e0 disposition nos diapositives de l&rsquo;Evening Session \u00e0 l&rsquo;Impact Hub de Zurich. Contenus trait\u00e9sComprendre ce qu&rsquo;est un Sales Funnel Comment un Sales Funnel convertit des clients inconnus en clients \u00e0 marge \u00e9lev\u00e9eCr\u00e9er un funnel de venteLes diff\u00e9rences entre les diff\u00e9rentes plateformes de marketing en ligneQuelle est la bonne plateforme de marketing en ligne ?Utilise l&rsquo;Ad Canvas pour cr\u00e9er une annonce Cr\u00e9er ton funnel de vente avec le marketing en ligneT\u00e9l\u00e9charge les slides du webinaire et enrichis\u2026<\/p>\n","category_list_v2":"","author_info_v2":{"name":"Adrian Schimpf","url":"https:\/\/aivie.ch\/fr\/author\/adrian\/"},"comments_num_v2":"0 commentaire","_links":{"self":[{"href":"https:\/\/aivie.ch\/fr\/wp-json\/wp\/v2\/pages\/16932","targetHints":{"allow":["GET"]}}],"collection":[{"href":"https:\/\/aivie.ch\/fr\/wp-json\/wp\/v2\/pages"}],"about":[{"href":"https:\/\/aivie.ch\/fr\/wp-json\/wp\/v2\/types\/page"}],"author":[{"embeddable":true,"href":"https:\/\/aivie.ch\/fr\/wp-json\/wp\/v2\/users\/1"}],"replies":[{"embeddable":true,"href":"https:\/\/aivie.ch\/fr\/wp-json\/wp\/v2\/comments?post=16932"}],"version-history":[{"count":1,"href":"https:\/\/aivie.ch\/fr\/wp-json\/wp\/v2\/pages\/16932\/revisions"}],"predecessor-version":[{"id":16947,"href":"https:\/\/aivie.ch\/fr\/wp-json\/wp\/v2\/pages\/16932\/revisions\/16947"}],"wp:attachment":[{"href":"https:\/\/aivie.ch\/fr\/wp-json\/wp\/v2\/media?parent=16932"}],"curies":[{"name":"wp","href":"https:\/\/api.w.org\/{rel}","templated":true}]}}