{"id":16892,"date":"2023-12-15T05:36:45","date_gmt":"2023-12-15T03:36:45","guid":{"rendered":"https:\/\/aivie.ch\/confirmation-inscription-expertentalk-avec-ralf-kreutzer\/"},"modified":"2023-12-15T05:37:06","modified_gmt":"2023-12-15T03:37:06","slug":"confirmation-inscription-expertentalk-avec-ralf-kreutzer","status":"publish","type":"page","link":"https:\/\/aivie.ch\/fr\/confirmation-inscription-expertentalk-avec-ralf-kreutzer\/","title":{"rendered":"Confirmation inscription Expertentalk avec Ralf Kreutzer"},"content":{"rendered":"\n<div class=\"alignfull wp-block-ugb-container ugb-container ugb-d2af22f ugb-container--v2 ugb-container--design-plain ugb-main-block ugb-main-block--inner-center ugb--has-block-background ugb--has-background-overlay\"><style>.ugb-d2af22f.ugb-container{background-image:url(https:\/\/cdn.aivie.ch\/media\/wp\/2021\/06\/19131703\/pattern-u-960w.png);background-position:bottom right;background-repeat:no-repeat;background-size:40% !important}.ugb-d2af22f.ugb-container:before{opacity:0.5}@media screen and (min-width:768px){.ugb-d2af22f-content-wrapper.ugb-container__content-wrapper{width:90% !important}.ugb-d2af22f.ugb-container{margin-top:0px !important;padding-top:0px !important;padding-right:35px !important;padding-left:35px !important}}<\/style><div class=\"ugb-inner-block ugb-inner-block--center\"><div class=\"ugb-block-content\"><div class=\"ugb-container__wrapper ugb-d2af22f-wrapper\"><div class=\"ugb-container__side\"><div class=\"ugb-container__content-wrapper ugb-d2af22f-content-wrapper\">\n<div class=\"wp-block-ugb-heading ugb-heading ugb-5431ba5 ugb-main-block\"><style>.ugb-5431ba5 .ugb-heading__title{text-align:center}.ugb-5431ba5 .ugb-inner-block{text-align:center}<\/style><div class=\"ugb-inner-block\"><div class=\"ugb-block-content\"><h1 class=\"ugb-heading__title\">Merci beaucoup pour ton int\u00e9r\u00eat ! V\u00e9rifie tes e-mails.<\/h1><p class=\"ugb-heading__subtitle\">La r\u00e9ception de l&rsquo;e-mail peut prendre quelques minutes. Vous n&rsquo;avez pas re\u00e7u d&rsquo;e-mail ? V\u00e9rifie ton dossier de spam et ajoute l&rsquo;exp\u00e9diteur \u00e0 ton carnet d&rsquo;adresses. Tu n&rsquo;as toujours rien re\u00e7u ? <a href=\"https:\/\/aivie.ch\/fr\/contact\/\">Contacte-nous<\/a>.<\/p><\/div><\/div><\/div>\n<\/div><\/div><\/div><\/div><\/div><\/div>\n\n<div class=\"aligncenter wp-block-ugb-blog-posts ugb-blog-posts ugb-956f7f2 ugb-blog-posts--v2 ugb-blog-posts--design-list ugb-blog-posts--columns-1 ugb-main-block\"><style>.ugb-956f7f2 .ugb-blog-posts__featured-image{border-radius:0px !important}.ugb-956f7f2 .ugb-block-title{text-align:center}<\/style><div class=\"ugb-inner-block\"><h2 class=\"ugb-block-title\">En savoir plus sur le marketing automation<\/h2><div class=\"ugb-block-content\"><article class=\"ugb-blog-posts__item\"><figure class=\"ugb-blog-posts__featured-image\"><a href=\"https:\/\/aivie.ch\/fr\/solution-demail-marketing-evolutive-pour-la-start-up-de-travel-tech-boddy\/\"><img loading=\"lazy\" decoding=\"async\" width=\"990\" height=\"714\" src=\"https:\/\/cdn.aivie.ch\/media\/wp\/2025\/05\/12114437\/aivie-e-mail-marketing-boddy.jpg\" class=\"attachment-large size-large wp-post-image\" alt=\"\" title=\"\"><\/a><\/figure><div class=\"ugb-blog-posts__content\"><h3 class=\"ugb-blog-posts__title\"><a href=\"https:\/\/aivie.ch\/fr\/solution-demail-marketing-evolutive-pour-la-start-up-de-travel-tech-boddy\/\">Solution d&rsquo;e-mail marketing \u00e9volutive pour la start-up Travel-Tech BODDY<\/a><\/h3><div class=\"ugb-blog-posts__excerpt\"><p>Lorsque BODDY, une start-up technologique dans le domaine du voyage et du bien-\u00eatre en pleine croissance, a rachet\u00e9 son concurrent danois TrainAway en 2023, sa base dutilisateurs a soudainement atteint les six chiffres. Une solution d&rsquo;e-mail marketing \u00e9tait n\u00e9cessaire pour soutenir une croissance rapide \u2013 sans que les e-mails n&rsquo;atterrissent dans le dossier SPAM. Les&#8230;<\/div><p class=\"ugb-blog-posts__readmore\"><a href=\"https:\/\/aivie.ch\/fr\/solution-demail-marketing-evolutive-pour-la-start-up-de-travel-tech-boddy\/\">Lire la suite<\/a><\/p><\/div><\/article><article class=\"ugb-blog-posts__item\"><figure class=\"ugb-blog-posts__featured-image\"><a href=\"https:\/\/aivie.ch\/fr\/en-route-pour-le-golf-campagne-automatisee-pour-un-evenement\/\"><img loading=\"lazy\" decoding=\"async\" width=\"990\" height=\"660\" src=\"https:\/\/cdn.aivie.ch\/media\/wp\/2022\/07\/07103442\/Aivie-Marketing-Automation-Kendris-Newsletter.webp\" class=\"attachment-large size-large wp-post-image\" alt=\"Aivie Marketing Automation Kendris Newsletter\" title=\"\"><\/a><\/figure><div class=\"ugb-blog-posts__content\"><h3 class=\"ugb-blog-posts__title\"><a href=\"https:\/\/aivie.ch\/fr\/en-route-pour-le-golf-campagne-automatisee-pour-un-evenement\/\">En route pour le golf : campagne automatis\u00e9e pour un \u00e9v\u00e9nement<\/a><\/h3><div class=\"ugb-blog-posts__excerpt\"><p>Notre cliente KENDRIS est une soci\u00e9t\u00e9 fiduciaire florissante. KENDRIS privil\u00e9gie les relations personnelles et a une exigence de qualit\u00e9 \u00e9lev\u00e9e. Une fois par an, KENDRIS invite ses chers clients sur le terrain de golf. L&rsquo;exp\u00e9rience est importante pour l&rsquo;entretien des relations. Il est donc \u00e9galement important que l&rsquo;environnement, c&rsquo;est-\u00e0-dire l&rsquo;exp\u00e9rience num\u00e9rique, refl\u00e8te les normes de&#8230;<\/div><p class=\"ugb-blog-posts__readmore\"><a href=\"https:\/\/aivie.ch\/fr\/en-route-pour-le-golf-campagne-automatisee-pour-un-evenement\/\">Lire la suite<\/a><\/p><\/div><\/article><article class=\"ugb-blog-posts__item\"><div class=\"ugb-blog-posts__content\"><h3 class=\"ugb-blog-posts__title\"><a href=\"https:\/\/aivie.ch\/fr\/5-raisons-de-se-lancer-dans-le-marketing-automation\/\">5 raisons de se lancer dans le marketing automation<\/a><\/h3><div class=\"ugb-blog-posts__excerpt\"><p>Le travail d&rsquo;un directeur marketing ou d&rsquo;un CMO n\u00e9cessite de jongler avec diff\u00e9rents canaux, messages et m\u00eame groupes cibles. Sans un certain degr\u00e9 d&rsquo;automatisation, il est difficile de garder une vue d&rsquo;ensemble de toute la communication, de toutes les activit\u00e9s. De nombreuses entreprises osent maintenant se lancer dans le marketing automation \u2013 notamment parce que&#8230;<\/div><p class=\"ugb-blog-posts__readmore\"><a href=\"https:\/\/aivie.ch\/fr\/5-raisons-de-se-lancer-dans-le-marketing-automation\/\">Lire la suite<\/a><\/p><\/div><\/article><article class=\"ugb-blog-posts__item\"><figure class=\"ugb-blog-posts__featured-image\"><a href=\"https:\/\/aivie.ch\/fr\/marketing-automation-avec-wordpress-comment-smolio-genere-automatiquement-des-clients-a-partir-de-leads\/\"><img loading=\"lazy\" decoding=\"async\" width=\"990\" height=\"660\" src=\"https:\/\/cdn.aivie.ch\/media\/wp\/2023\/11\/27151421\/Marketing-Automation-mit-WordPress.png\" class=\"attachment-large size-large wp-post-image\" alt=\"\" title=\"\"><\/a><\/figure><div class=\"ugb-blog-posts__content\"><h3 class=\"ugb-blog-posts__title\"><a href=\"https:\/\/aivie.ch\/fr\/marketing-automation-avec-wordpress-comment-smolio-genere-automatiquement-des-clients-a-partir-de-leads\/\">Marketing Automation avec WordPress : comment Smolio g\u00e9n\u00e8re automatiquement des clients \u00e0 partir de leads<\/a><\/h3><div class=\"ugb-blog-posts__excerpt\"><p>Comment Smolio transforme des leads anonymes de son site WordPress en clients payants gr\u00e2ce \u00e0 son funnel de gestion de leads automatis\u00e9. Importance de la gestion automatis\u00e9e des leads pour Smolio La gestion et le suivi des leads jouent un r\u00f4le d\u00e9cisif dans le marketing en ligne de Smolio. Il permet d&rsquo;attirer des prospects et&#8230;<\/div><p class=\"ugb-blog-posts__readmore\"><a href=\"https:\/\/aivie.ch\/fr\/marketing-automation-avec-wordpress-comment-smolio-genere-automatiquement-des-clients-a-partir-de-leads\/\">Lire la suite<\/a><\/p><\/div><\/article><article class=\"ugb-blog-posts__item\"><figure class=\"ugb-blog-posts__featured-image\"><a href=\"https:\/\/aivie.ch\/fr\/marketing-automation-avec-le-marketing-des-medias-sociaux\/\"><img loading=\"lazy\" decoding=\"async\" width=\"990\" height=\"660\" src=\"https:\/\/cdn.aivie.ch\/media\/wp\/2021\/12\/19131426\/BlogBilder-6.png\" class=\"attachment-large size-large wp-post-image\" alt=\"Aivie hat eine Partnerschaft mit Adhook\" title=\"\"><\/a><\/figure><div class=\"ugb-blog-posts__content\"><h3 class=\"ugb-blog-posts__title\"><a href=\"https:\/\/aivie.ch\/fr\/marketing-automation-avec-le-marketing-des-medias-sociaux\/\">Marketing automation avec le marketing des m\u00e9dias sociaux<\/a><\/h3><div class=\"ugb-blog-posts__excerpt\"><p>Tu veux r\u00e9ussir \u00e0 collecter des contacts via Google et les m\u00e9dias sociaux ? Et ensuite, les interpeller \u00e0 nouveau lorsque tes canaux sont \u00e9puis\u00e9s ? Avec l&rsquo;int\u00e9gration d&rsquo;adhook et d&rsquo;Aivie, c&rsquo;est possible \u2013 automatiquement ! Avec adhook, tu peux planifier, analyser, optimiser et mod\u00e9rer des posts et des campagnes publicitaires et coordonner la collaboration&#8230;<\/div><p class=\"ugb-blog-posts__readmore\"><a href=\"https:\/\/aivie.ch\/fr\/marketing-automation-avec-le-marketing-des-medias-sociaux\/\">Lire la suite<\/a><\/p><\/div><\/article><article class=\"ugb-blog-posts__item\"><figure class=\"ugb-blog-posts__featured-image\"><a href=\"https:\/\/aivie.ch\/fr\/ferris-labs-a-double-ses-contacts-marketing-automation-case\/\"><img loading=\"lazy\" decoding=\"async\" width=\"990\" height=\"660\" src=\"https:\/\/cdn.aivie.ch\/media\/wp\/2023\/09\/08101227\/Customer-Case-Ferris-Labs.png\" class=\"attachment-large size-large wp-post-image\" alt=\"\" title=\"\"><\/a><\/figure><div class=\"ugb-blog-posts__content\"><h3 class=\"ugb-blog-posts__title\"><a href=\"https:\/\/aivie.ch\/fr\/ferris-labs-a-double-ses-contacts-marketing-automation-case\/\">Ferris Labs a doubl\u00e9 ses contacts \u2013 Marketing Automation Case<\/a><\/h3><div class=\"ugb-blog-posts__excerpt\"><p>Notre client, Ferris AI, est une entreprise d&rsquo;ing\u00e9nierie logicielle innovante qui s&rsquo;est engag\u00e9e \u00e0 r\u00e9volutionner la fa\u00e7on dont les \u00e9quipes de d\u00e9veloppement travaillent. Aivie a soutenu la start-up Ferris AI avec l&rsquo;outil d&rsquo;automatisation du marketing et les services de Growth Marketing. Table des mati\u00e8resQu&rsquo;est-ce qui a \u00e9t\u00e9 une exp\u00e9rience r\u00e9ussie avec Aivie ?Que fait Ferris&#8230;<\/div><p class=\"ugb-blog-posts__readmore\"><a href=\"https:\/\/aivie.ch\/fr\/ferris-labs-a-double-ses-contacts-marketing-automation-case\/\">Lire la suite<\/a><\/p><\/div><\/article><\/div><\/div><\/div>\n","protected":false},"excerpt":{"rendered":"<p>En savoir plus sur le marketing automation 5 raisons de se lancer dans le marketing automation Le travail d&rsquo;un directeur marketing ou d&rsquo;un CMO n\u00e9cessite de jongler avec diff\u00e9rents canaux, messages et m\u00eame groupes cibles. Sans un certain degr\u00e9 d&rsquo;automatisation, il est difficile de garder une vue d&rsquo;ensemble de toute la communication, de toutes les &hellip; <a href=\"https:\/\/aivie.ch\/fr\/confirmation-inscription-expertentalk-avec-ralf-kreutzer\/\" class=\"more-link\">Continuer la lecture de <span class=\"screen-reader-text\">Confirmation inscription Expertentalk avec Ralf Kreutzer<\/span><\/a><\/p>\n","protected":false},"author":36,"featured_media":0,"parent":0,"menu_order":0,"comment_status":"closed","ping_status":"closed","template":"front-page.php","meta":{"_acf_changed":false,"footnotes":""},"class_list":["post-16892","page","type-page","status-publish","hentry"],"acf":[],"featured_image_urls_v2":{"full":"","thumbnail":"","medium":"","medium_large":"","large":"","post-thumbnail":"","aiv_480w":"","woocommerce_thumbnail":"","woocommerce_single":"","woocommerce_gallery_thumbnail":""},"post_excerpt_stackable_v2":"<p>Merci beaucoup pour ton int\u00e9r\u00eat ! V\u00e9rifie tes e-mails.La r\u00e9ception de l&rsquo;e-mail peut prendre quelques minutes. Vous n&rsquo;avez pas re\u00e7u d&rsquo;e-mail ? V\u00e9rifie ton dossier de spam et ajoute l&rsquo;exp\u00e9diteur \u00e0 ton carnet d&rsquo;adresses. Tu n&rsquo;as toujours rien re\u00e7u ? Contacte-nous. En savoir plus sur le marketing automationSolution d&rsquo;e-mail marketing \u00e9volutive pour la start-up Travel-Tech BODDYLorsque BODDY, une start-up technologique dans le domaine du voyage et du bien-\u00eatre en pleine croissance, a rachet\u00e9 son concurrent danois TrainAway en 2023, sa base dutilisateurs a soudainement atteint les six chiffres. Une solution d&rsquo;e-mail marketing \u00e9tait n\u00e9cessaire pour soutenir une croissance rapide \u2013\u2026<\/p>\n","category_list_v2":"","author_info_v2":{"name":"Nino Knetemann","url":"https:\/\/aivie.ch\/fr\/author\/nino\/"},"comments_num_v2":"0 commentaire","_links":{"self":[{"href":"https:\/\/aivie.ch\/fr\/wp-json\/wp\/v2\/pages\/16892","targetHints":{"allow":["GET"]}}],"collection":[{"href":"https:\/\/aivie.ch\/fr\/wp-json\/wp\/v2\/pages"}],"about":[{"href":"https:\/\/aivie.ch\/fr\/wp-json\/wp\/v2\/types\/page"}],"author":[{"embeddable":true,"href":"https:\/\/aivie.ch\/fr\/wp-json\/wp\/v2\/users\/36"}],"replies":[{"embeddable":true,"href":"https:\/\/aivie.ch\/fr\/wp-json\/wp\/v2\/comments?post=16892"}],"version-history":[{"count":1,"href":"https:\/\/aivie.ch\/fr\/wp-json\/wp\/v2\/pages\/16892\/revisions"}],"predecessor-version":[{"id":16901,"href":"https:\/\/aivie.ch\/fr\/wp-json\/wp\/v2\/pages\/16892\/revisions\/16901"}],"wp:attachment":[{"href":"https:\/\/aivie.ch\/fr\/wp-json\/wp\/v2\/media?parent=16892"}],"curies":[{"name":"wp","href":"https:\/\/api.w.org\/{rel}","templated":true}]}}