{"id":16885,"date":"2023-12-15T05:36:19","date_gmt":"2023-12-15T03:36:19","guid":{"rendered":"https:\/\/aivie.ch\/directive-sur-lutilisation-acceptable\/"},"modified":"2023-12-15T05:36:24","modified_gmt":"2023-12-15T03:36:24","slug":"directive-sur-lutilisation-acceptable","status":"publish","type":"page","link":"https:\/\/aivie.ch\/fr\/directive-sur-lutilisation-acceptable\/","title":{"rendered":"Directive sur l&rsquo;utilisation acceptable"},"content":{"rendered":"\n<p>Amuse-toi avec Aivie \u2013 mais vraiment.  <\/p>\n\n<h2 class=\"wp-block-heading\" id=\"h-geltungsbereich\">Champ d&rsquo;application<\/h2>\n\n<p>La pr\u00e9sente Politique d&rsquo;utilisation acceptable (PUA) s&rsquo;applique \u00e0 l&rsquo;utilisation de tous les produits, services ou sites Web fournis par Aivie, que nous les mettions \u00e0 la disposition des clients directement ou par l&rsquo;interm\u00e9diaire d&rsquo;un tiers.<\/p>\n\n<p>Cette PUA prot\u00e8ge \u00e9galement les int\u00e9r\u00eats de tous nos clients et de leurs clients, ainsi que notre image commerciale et notre r\u00e9putation. En utilisant nos services, vous acceptez ces conditions.<\/p>\n\n<p>Si tu utilises un service Aivie, cette PUA s&rsquo;applique \u00e0 toi. Chacun de nos clients s&rsquo;engage \u00e0 respecter cette PUA et est responsable en cas de non-respect. Les clients ne doivent pas aider ou impliquer d&rsquo;autres personnes d&rsquo;une mani\u00e8re qui violerait la pr\u00e9sente PUA. Nous appliquerons et garantirons le respect de cette PUA en utilisant les m\u00e9thodes que nous jugeons appropri\u00e9es, comme le suivi des plaintes et des courriers \u00e9lectroniques non distribu\u00e9s. Conform\u00e9ment \u00e0 nos conditions d&rsquo;utilisation pour les clients, nous pouvons suspendre ou mettre fin \u00e0 l&rsquo;utilisation des services en cas de violation de la pr\u00e9sente PUA.  <\/p>\n\n<p>Nous mettons r\u00e9guli\u00e8rement \u00e0 jour les pr\u00e9sentes conditions et en publions un exemplaire r\u00e9vis\u00e9 sur notre site web. Tu t&rsquo;engages \u00e0 lire r\u00e9guli\u00e8rement la PUA et \u00e0 toujours la respecter.<\/p>\n\n<p>Si tu as connaissance d&rsquo;une violation de cette PUA ou si tu soup\u00e7onnes une violation de cette PUA, tu es tenu de nous en informer imm\u00e9diatement par \u00e9crit.<\/p>\n\n<h2 class=\"wp-block-heading\" id=\"h-akzeptable-nutzung\">Utilisation acceptable<\/h2>\n\n<p><strong>1. utilisation des fonctions de messagerie  <\/strong><\/p>\n\n<p><strong>a. Tu ne dois pas utiliser nos services pour envoyer des spams. Le spam peut englober aussi bien les e-mails de masse que les e-mails publicitaires directs.<\/strong><\/p>\n\n<p>Les e-mails de masse sont consid\u00e9r\u00e9s comme des spams lorsqu&rsquo;ils sont envoy\u00e9s sans avoir \u00e9t\u00e9 sollicit\u00e9s. Non sollicit\u00e9 signifie que les destinataires n&rsquo;ont pas donn\u00e9 d&rsquo;autorisation prouv\u00e9e pour l&rsquo;envoi du message. Sont consid\u00e9r\u00e9s comme des e-mails de masse les e-mails envoy\u00e9s dans le cadre d&rsquo;une collection plus importante de messages qui ont tous un contenu essentiellement similaire.<\/p>\n\n<p>Les e-mails publicitaires directs sont consid\u00e9r\u00e9s comme des spams s&rsquo;ils enfreignent une loi antispam en vigueur. Les e-mails publicitaires directs sont en outre consid\u00e9r\u00e9s comme des spams si les donn\u00e9es trait\u00e9es pour l&rsquo;envoi de ces e-mails entrent dans le champ d&rsquo;application des lois et r\u00e8glements sur la protection des donn\u00e9es et si vous n&rsquo;avertissez pas correctement les personnes concern\u00e9es et ne cr\u00e9ez pas de base l\u00e9gale pour le traitement.<\/p>\n\n<p>Il est interdit aux clients d&rsquo;utiliser le Service, directement ou indirectement, pour envoyer, transmettre, traiter, diffuser ou livrer les \u00e9l\u00e9ments suivants : Les spams qui enfreignent les lois antispam en vigueur ou toute autre loi ; les e-mails envoy\u00e9s \u00e0 des adresses obtenues par des m\u00e9thodes de collecte de donn\u00e9es Web ou d&rsquo;autres m\u00e9thodes d&rsquo;extraction (par ex. scraping ou harvesting) ; les e-mails envoy\u00e9s \u00e0 des adresses qui, malgr\u00e9 les meilleurs efforts et les meilleures pratiques de l&rsquo;industrie, sont incomplets, erron\u00e9s et\/ou ne sont pas \u00e0 jour en ce qui concerne toutes les notifications d&rsquo;opt-out applicables ; les messages \u00e9lectroniques commerciaux qui enfreignent les lois antispam du Canada (voir ci-dessous) ou qui enfreignent les lois et r\u00e9glementations applicables en mati\u00e8re de protection des donn\u00e9es.  <\/p>\n\n<p><strong>b. Tu ne dois pas utiliser de noms, d&rsquo;adresses, d&rsquo;adresses e-mail ou de lignes de sujet trompeurs ou faux.  <\/strong><\/p>\n\n<p>Pour les courriers \u00e9lectroniques envoy\u00e9s via le Service ou dont l&rsquo;envoi est provoqu\u00e9 par le Service, il est interdit de : utiliser ou conserver des informations non valides ou falsifi\u00e9es dans l&rsquo;en-t\u00eate du courrier \u00e9lectronique ; utiliser ou conserver des noms de domaine non valides ou inexistants ; utiliser des m\u00e9thodes permettant de fausser, de dissimuler ou de d\u00e9guiser des informations afin d&rsquo;identifier l&rsquo;origine ou la voie de transmission ; utiliser tout autre moyen d&rsquo;adressage trompeur ; utiliser un nom de domaine Internet d&rsquo;une tierce partie sans son consentement ou le transmettre depuis ou via l&rsquo;\u00e9quipement d&rsquo;une tierce partie sans l&rsquo;autorisation de ladite tierce partie ; fournir des informations fausses ou trompeuses dans la ligne d&rsquo;objet ou fournir de toute autre mani\u00e8re un contenu faux ou trompeur ; ou utiliser nos marques, slogans ou logos sans notre consentement \u00e9crit pr\u00e9alable ; avec notre consentement \u00e9crit pr\u00e9alable, l&rsquo;utilisation de nos marques, slogans ou logos n&rsquo;est autoris\u00e9e que conform\u00e9ment \u00e0 nos directives concernant l&rsquo;utilisation de nos marques.<\/p>\n\n<p><strong>c. Tu ne dois pas envoyer d&rsquo;e-mails \u00e0 des listes de destinataires achet\u00e9es.  <\/strong><\/p>\n\n<p>Il est interdit aux clients d&rsquo;utiliser le service pour envoyer des courriers \u00e9lectroniques \u00e0 des listes de destinataires achet\u00e9es, lou\u00e9es ou emprunt\u00e9es, ainsi qu&rsquo;\u00e0 des listes qui, selon les pratiques acceptables du secteur, entra\u00eeneraient probablement un nombre excessif de d\u00e9sinscriptions ou de plaintes ou de notifications de spam.<\/p>\n\n<p><strong>2. exigences d&rsquo;opt-out pour les e-mails  <\/strong><\/p>\n\n<p>Vous garantissez que tout e-mail envoy\u00e9 par vous ou pour vous \u00e0 l&rsquo;aide du Service contiendra les \u00e9l\u00e9ments suivants : des informations d&rsquo;en-t\u00eate qui ne sont ni fausses ni trompeuses ; et un avis indiquant que le destinataire peut se d\u00e9sinscrire de la communication par e-mail, exercer son droit d&rsquo;opt-out ou demander d&rsquo;une autre mani\u00e8re que cette utilisation de ses donn\u00e9es pour des communications non sollicit\u00e9es, non autoris\u00e9es et\/ou inappropri\u00e9es soit interrompue, comme d\u00e9crit dans la pr\u00e9sente PUA. (Cela inclut une indication sur la mani\u00e8re dont le destinataire peut te faire savoir qu&rsquo;il souhaite se d\u00e9sinscrire de la communication par e-mail, exercer son droit d&rsquo;opt-out ou emp\u00eacher cette utilisation de ses donn\u00e9es). Ces exigences peuvent ne pas s&rsquo;appliquer si le courrier \u00e9lectronique envoy\u00e9 est un courrier \u00e9lectronique transactionnel et si ces exigences ne sont pas impos\u00e9es par ailleurs par la loi. Tu garantis que tu r\u00e9pondras imm\u00e9diatement \u00e0 toutes les demandes d&rsquo;opt-out, de d\u00e9sinscription, de \u00ab\u00a0ne pas appeler\u00a0\u00bb et de \u00ab\u00a0ne pas envoyer\u00a0\u00bb.<\/p>\n\n<p><strong>3. pas d&rsquo;interruption<\/strong><\/p>\n\n<p>Tu t&rsquo;engages \u00e0 ne pas utiliser le Service d&rsquo;une mani\u00e8re qui porte atteinte au fonctionnement normal, \u00e0 la vie priv\u00e9e, \u00e0 l&rsquo;int\u00e9grit\u00e9 ou \u00e0 la s\u00e9curit\u00e9 des biens d&rsquo;autrui. La propri\u00e9t\u00e9 de tiers comprend les comptes, noms de domaine, URL, sites web, r\u00e9seaux, syst\u00e8mes, sites d&rsquo;exploitation, \u00e9quipements, donn\u00e9es, autres informations ou activit\u00e9s commerciales de tiers. Tu t&rsquo;engages \u00e9galement \u00e0 ne pas utiliser le Service pour obtenir un acc\u00e8s non autoris\u00e9 \u00e0 la propri\u00e9t\u00e9 d&rsquo;autrui, pour utiliser ou surveiller sans autorisation la propri\u00e9t\u00e9 d&rsquo;autrui ou pour faire r\u00e9f\u00e9rence sans autorisation \u00e0 la propri\u00e9t\u00e9 d&rsquo;autrui, \u00e0 moins que tu n&rsquo;aies obtenu le consentement expr\u00e8s et pr\u00e9alable \u00e0 cet effet. Des exemples d&rsquo;actions interdites sont (sans limitation) : le piratage, l&rsquo;usurpation d&rsquo;identit\u00e9, le d\u00e9ni de service, le bombardement de courrier \u00e9lectronique et\/ou l&rsquo;envoi de courriers \u00e9lectroniques contenant des virus ou des vers qui se propagent ou tout autre logiciel malveillant (logiciel espion, logiciel publicitaire ou fichier ou programme \u00e9quivalent). Vous vous engagez en outre \u00e0 ne pas utiliser le service d&rsquo;une mani\u00e8re qui entra\u00eene ou pourrait entra\u00eener la mise sur liste noire d&rsquo;adresses IP, de domaines ou de domaines de clients. Ces restrictions s&rsquo;appliquent ind\u00e9pendamment de ton intention et du fait que tu agisses intentionnellement ou non.<\/p>\n\n<h2 class=\"wp-block-heading\" id=\"h-moral-ethik-und-einhaltung-geltender-gesetze-und-verordnungen\">Moralit\u00e9, \u00e9thique et respect des lois et r\u00e8glements en vigueur  <\/h2>\n\n<p>En outre, et sans pr\u00e9judice des autres exigences de la pr\u00e9sente PUA, les clients ne doivent pas utiliser le service, directement ou indirectement, d&rsquo;une mani\u00e8re ou avec un contenu qui soit mena\u00e7ant, abusif, harcelant, pers\u00e9cuteur ou diffamatoire ;<\/p>\n\n<ul class=\"wp-block-list\"><li>est ou sont trompeuses, fausses, mensong\u00e8res ou frauduleuses ;<\/li><li>porte atteinte \u00e0 la vie priv\u00e9e d&rsquo;autrui ou \u00e0 d&rsquo;autres droits l\u00e9gaux d&rsquo;autrui (tels que les droits \u00e0 la protection des donn\u00e9es et \u00e0 la vie priv\u00e9e) ;<\/li><li>contient du mat\u00e9riel vulgaire, obsc\u00e8ne, ind\u00e9cent ou ill\u00e9gal ;<\/li><li>viole(nt) les droits de propri\u00e9t\u00e9 intellectuelle de tiers<\/li><li>inclut la publication, l&rsquo;affichage public, le t\u00e9l\u00e9chargement ou toute autre distribution de logiciels, de musique, de vid\u00e9os ou de tout autre mat\u00e9riel prot\u00e9g\u00e9 par des droits de propri\u00e9t\u00e9 intellectuelle (ou par des droits de confidentialit\u00e9 ou de personnalit\u00e9), \u00e0 moins que tu n&rsquo;aies obtenu tous les droits et consentements n\u00e9cessaires \u00e0 cet effet ;<\/li><li>inclut le t\u00e9l\u00e9chargement de fichiers contenant des virus, des fichiers corrompus ou d&rsquo;autres logiciels ou programmes similaires susceptibles d&rsquo;endommager le fonctionnement de l&rsquo;ordinateur d&rsquo;un tiers ;<\/li><li>inclut ou devrait inclure le t\u00e9l\u00e9chargement de fichiers dont tu sais ou devrais raisonnablement savoir qu&rsquo;ils ne peuvent pas \u00eatre distribu\u00e9s l\u00e9galement de cette mani\u00e8re ;<\/li><li>falsifier ou supprimer des cr\u00e9dits, des mentions l\u00e9gales ou de droits d&rsquo;auteur, des identificateurs d&rsquo;origine ou de source de logiciels ou d&rsquo;autres \u00e9l\u00e9ments contenus dans un fichier t\u00e9l\u00e9charg\u00e9 ;<\/li><li>limiter ou restreindre l&rsquo;utilisation du Service et l&rsquo;utilisation de notre site web et\/ou du Service par d&rsquo;autres utilisateurs, ou emp\u00eacher ou interdire l&rsquo;utilisation du Service par d&rsquo;autres utilisateurs<\/li><li>collecte ou obtient des informations sur d&rsquo;autres personnes (y compris des adresses \u00e9lectroniques) par moissonnage ou les collecte d&rsquo;une autre mani\u00e8re sans leur consentement ;<\/li><li>viole ou enfreint les normes d&rsquo;utilisation ou les r\u00e8gles d&rsquo;une entit\u00e9 juridique concern\u00e9e par ton utilisation, notamment des FAI, des ESP ou des groupes d&rsquo;information ou d&rsquo;utilisateurs (par exemple, en contournant ou en d\u00e9passant les droits et restrictions d&rsquo;utilisation de l&rsquo;appareil et\/ou les d\u00e9tails d&rsquo;identification de l&#8217;emplacement de stockage et du chemin) ;<\/li><li>est ou sont juridiquement opposables entre parties priv\u00e9es ;<\/li><li>s&rsquo;oppose ou s&rsquo;oppose \u00e0 une utilisation de bonne foi lorsque, par exemple, quelqu&rsquo;un t\u00e9l\u00e9charge plus de contacts que ne l&rsquo;autorise le niveau de contact, envoie ensuite des e-mails \u00e0 ces contacts et les supprime peu apr\u00e8s ; et\/ou<\/li><li>viole les lois ou r\u00e8glements locaux, f\u00e9d\u00e9raux, nationaux ou internationaux en vigueur, y compris les lois et r\u00e8glements sur l&rsquo;exportation, les lois ou r\u00e8glements sur la protection des donn\u00e9es et les r\u00e8glements ayant force de loi ou les lois en vigueur dans le pays de r\u00e9sidence ou de travail du destinataire de l&rsquo;e-mail ;<\/li><li>favorise, facilite ou promeut des activit\u00e9s ill\u00e9gales ou encourage des tiers \u00e0 se livrer \u00e0 de telles activit\u00e9s ;<\/li><li>le discours de haine ; la violence ; la discrimination fond\u00e9e sur la race, la couleur, l&rsquo;orientation sexuelle, l&rsquo;\u00e9tat civil, l&rsquo;identit\u00e9 de genre ou l&rsquo;expression de genre, le statut parental, l&rsquo;appartenance religieuse ou les croyances, l&rsquo;origine ou l&rsquo;ascendance nationale, l&rsquo;\u00e2ge, le handicap physique ou mental, le statut d&rsquo;ancien combattant, les informations g\u00e9n\u00e9tiques, la nationalit\u00e9 et\/ou toute autre caract\u00e9ristique personnelle prot\u00e9g\u00e9e par la loi.<\/li><\/ul>\n\n<h2 class=\"wp-block-heading\" id=\"h-ordnungsgemasse-verwendung-des-diensts\">Utilisation correcte du service<\/h2>\n\n<p>Tu respectes les restrictions qui s&rsquo;appliquent \u00e0 ton utilisation du service conform\u00e9ment \u00e0 l&rsquo;aper\u00e7u des produits et services sous . Cela vaut en particulier pour le volume de donn\u00e9es ou le nombre d&rsquo;e-mails ou de contacts convenu lors de l&rsquo;achat. Nous pouvons mettre \u00e0 jour ou modifier ces restrictions de service en actualisant les dispositions sp\u00e9cifiques au produit.  <\/p>\n\n<p>Vous utilisez le Service pour vos besoins professionnels internes et vous vous engagez \u00e0 ne pas : manipuler intentionnellement la s\u00e9curit\u00e9 du Service ou les comptes de nos clients ; acc\u00e9der \u00e0 des donn\u00e9es sur le Service qui ne vous sont pas destin\u00e9es ; vous connecter \u00e0 un serveur ou \u00e0 un compte sur le Service auquel vous n&rsquo;avez pas acc\u00e8s. auquel tu n&rsquo;as pas acc\u00e8s de mani\u00e8re autoris\u00e9e ; tenter d&rsquo;examiner, de rechercher ou de tester les failles de s\u00e9curit\u00e9 d&rsquo;un Service ou de violer les mesures de s\u00e9curit\u00e9 ou d&rsquo;authentification sans autorisation appropri\u00e9e ; rendre intentionnellement inutilisable une partie du Service ; louer, distribuer, conc\u00e9der sous licence, vendre ou exploiter commercialement de toute autre mani\u00e8re le Service, ou rendre le Service accessible \u00e0 des tiers qui ne sont pas inclus dans votre abonnement au Service ; utiliser le Service \u00e0 des fins de multipropri\u00e9t\u00e9 ou de bureau de service ou de toute autre mani\u00e8re au profit d&rsquo;un tiers ; ou fournir \u00e0 des tiers une version d&rsquo;essai du Service sans notre consentement \u00e9crit pr\u00e9alable.<\/p>\n\n<p>Il est interdit aux clients d&rsquo;utiliser des syst\u00e8mes automatis\u00e9s tels que des \u00ab\u00a0robots\u00a0\u00bb, des \u00ab\u00a0araign\u00e9es\u00a0\u00bb ou des \u00ab\u00a0lecteurs hors ligne\u00a0\u00bb, qui envoient \u00e0 nos serveurs, pendant une p\u00e9riode donn\u00e9e, plus de requ\u00eates qu&rsquo;un \u00eatre humain ne peut raisonnablement en produire dans un navigateur classique pendant cette p\u00e9riode. Il est interdit d&rsquo;utiliser le service d&rsquo;abonnement d&rsquo;une mani\u00e8re susceptible d&rsquo;endommager, de d\u00e9sactiver, de surcharger ou d&rsquo;interf\u00e9rer de toute autre mani\u00e8re avec nos sites ou applications, ou de perturber l&rsquo;utilisation du service d&rsquo;abonnement par d&rsquo;autres parties ;  <\/p>\n\n<p>Il est interdit aux clients de tenter d&rsquo;obtenir un acc\u00e8s non autoris\u00e9 au service d&rsquo;abonnement ; d&rsquo;acc\u00e9der au service d&rsquo;abonnement \u00e0 partir d&rsquo;une interface autre que celle que nous avons pr\u00e9vue ; ou d&rsquo;utiliser le service d&rsquo;abonnement \u00e0 des fins ou d&rsquo;une mani\u00e8re qui sont ill\u00e9gales ou interdites par le pr\u00e9sent contrat.<\/p>\n\n<p>Les clients ne doivent pas utiliser le service d&rsquo;abonnement si l&rsquo;acc\u00e8s ou l&rsquo;utilisation du service d&rsquo;abonnement est interdit par la loi du pays dans lequel ils sont \u00e9tablis ou \u00e0 partir duquel ils acc\u00e8dent au service d&rsquo;abonnement ou l&rsquo;utilisent. Tu ne peux pas utiliser le service d&rsquo;abonnement si tes communications sont soumises \u00e0 des restrictions l\u00e9gales.<\/p>\n\n<p>Tu dois nous informer imm\u00e9diatement si tu as connaissance d&rsquo;une utilisation non autoris\u00e9e de ton compte ou des identifiants et mots de passe des utilisateurs.<\/p>\n\n<h2 class=\"wp-block-heading\" id=\"h-vertrauliche-daten\">Donn\u00e9es confidentielles<\/h2>\n\n<p>En tant que client, tu es responsable du respect des lois et r\u00e8glements applicables \u00e0 la collecte, au traitement ou \u00e0 la gestion des Donn\u00e9es confidentielles dans le cadre de l&rsquo;utilisation du Service. Nous excluons toute responsabilit\u00e9 d\u00e9coulant de ton utilisation du service d&rsquo;abonnement pour la collecte, la gestion ou le traitement de donn\u00e9es confidentielles.  <\/p>\n\n<h2 class=\"wp-block-heading\" id=\"h-kundendaten\">Donn\u00e9es des clients<\/h2>\n\n<p>Le client conserve tous les droits, titres et int\u00e9r\u00eats relatifs aux donn\u00e9es et aux donn\u00e9es clients. Aivie n&rsquo;a aucun droit, titre ou int\u00e9r\u00eat sur le contenu trait\u00e9 par le Logiciel, et le Client conserve tous les droits y aff\u00e9rents. Nous n&rsquo;utilisons les donn\u00e9es des clients que pour fournir le service d&rsquo;abonnement et les services de conseil, et uniquement en conformit\u00e9 avec les lois applicables et le pr\u00e9sent accord.  <\/p>\n\n<p>Le Client reconna\u00eet que le Contrat ne cr\u00e9e pas d&rsquo;obligation pour Aivie de conserver les donn\u00e9es du Client et qu&rsquo;Aivie ne peut en aucun cas \u00eatre tenue responsable de ce fait vis-\u00e0-vis du Client.<\/p>\n\n<p>Le Client accepte de prendre des mesures raisonnables pour rechercher des virus et autres codes malveillants avant de t\u00e9l\u00e9charger des donn\u00e9es sur le serveur, le site web, les logiciels et les logiciels de tiers.<\/p>\n\n<p>Aivie ne traitera pas les donn\u00e9es de ses clients. Dans certains cas, et si le client en fait la demande par l&rsquo;interm\u00e9diaire du support Aivie, il est probable que l&rsquo;Aivie d\u00e9tiendra et traitera les donn\u00e9es de ses clients dans le seul but de r\u00e9pondre \u00e0 la demande du client.<\/p>\n\n<h2 class=\"wp-block-heading\" id=\"h-aussetzung\">Suspension  <\/h2>\n\n<p>Nous pouvons imm\u00e9diatement suspendre l&rsquo;acc\u00e8s au Service si tu ne respectes pas la pr\u00e9sente PUA ou si, apr\u00e8s que nous t&rsquo;ayons contact\u00e9 au sujet d&rsquo;une \u00e9ventuelle violation de la pr\u00e9sente PUA, tu ne nous r\u00e9ponds pas dans un d\u00e9lai raisonnable.  <\/p>\n\n<p>Nous pouvons supprimer tout mat\u00e9riel interdit et refuser l&rsquo;acc\u00e8s \u00e0 toute personne qui enfreint la pr\u00e9sente PUA, mais nous n&rsquo;y sommes pas tenus. Nous pouvons examiner ou supprimer sans pr\u00e9avis toute donn\u00e9e ou mat\u00e9riel du client qui, \u00e0 notre discr\u00e9tion, viole les pr\u00e9sentes conditions ou la PUA. Toutefois, nous ne sommes pas tenus (sauf si la l\u00e9gislation et la r\u00e9glementation en vigueur l&rsquo;exigent par ailleurs) de contr\u00f4ler, de surveiller ou de traiter les donn\u00e9es ou le mat\u00e9riel des clients. Nous nous r\u00e9servons \u00e9galement tous les autres droits.<\/p>\n\n<p>En outre, nous pouvons suspendre le service pour cause de non-paiement. Nous t&rsquo;informerons de l&rsquo;absence de paiement des sommes dues. Si le montant total n&rsquo;est pas pay\u00e9, nous pouvons suspendre l&rsquo;acc\u00e8s \u00e0 certains ou \u00e0 tous les services d&rsquo;abonnement pendant dix (10) jours \u00e0 compter de la notification. Nous ne suspendrons pas le service d&rsquo;abonnement si tu justifies l&rsquo;exactitude des frais en question, si tu les contestes de bonne foi et si tu coop\u00e8res raisonnablement avec nous pour r\u00e9soudre la question litigieuse. En cas de suspension d&rsquo;un service d&rsquo;abonnement pour d\u00e9faut de paiement, nous pouvons te facturer des frais de r\u00e9activation pour r\u00e9activer le service d&rsquo;abonnement.<\/p>\n\n<p>Nous pouvons suspendre, limiter ou mettre fin aux services gratuits \u00e0 tout moment, pour quelque raison que ce soit et sans pr\u00e9avis. Nous pouvons r\u00e9silier ton abonnement aux services gratuits pour cause d&rsquo;inactivit\u00e9.<\/p>\n\n<h2 class=\"wp-block-heading\" id=\"h-entschadigung\">Indemnisation<\/h2>\n\n<p>Les clients nous indemniseront, nous d\u00e9fendront et nous tiendront, nous et nos soci\u00e9t\u00e9s affili\u00e9es, \u00e0 leurs frais, \u00e0 l&rsquo;\u00e9cart de toute r\u00e9clamation, action en justice, poursuite ou acte juridique (collectivement, les \u00ab\u00a0actions\u00a0\u00bb) intent\u00e9 contre nous (et nos dirigeants, administrateurs, employ\u00e9s, agents, fournisseurs de services, conc\u00e9dants de licence et soci\u00e9t\u00e9s affili\u00e9es) par un tiers non affili\u00e9 \u00e0 nous ou \u00e0 nos soci\u00e9t\u00e9s affili\u00e9es, dans la mesure o\u00f9 une telle action est fond\u00e9e sur ou r\u00e9sulte de l&rsquo;utilisation non autoris\u00e9e ou ill\u00e9gale du service d&rsquo;abonnement, du non-respect du pr\u00e9sent contrat ou de la violation de ses dispositions, de l&rsquo;utilisation des produits de tiers par les clients ou leurs soci\u00e9t\u00e9s affili\u00e9es, ou de l&rsquo;utilisation non autoris\u00e9e du service d&rsquo;abonnement par une autre personne au moyen des donn\u00e9es de l&rsquo;utilisateur. est le r\u00e9sultat de cette situation.  <\/p>\n\n<p>Si nous prenons connaissance d&rsquo;une telle demande, nous t&rsquo;en informerons par \u00e9crit dans les trente (30) jours et te donnerons le contr\u00f4le exclusif de la d\u00e9fense ou du r\u00e8glement de cette demande, et nous te fournirons (\u00e0 ses frais) toutes les informations et toute l&rsquo;assistance que tu pourras raisonnablement demander pour d\u00e9fendre ou r\u00e9gler cette demande. Sans notre autorisation \u00e9crite pr\u00e9alable, les clients ne doivent pas accepter un r\u00e8glement qui cr\u00e9e une obligation pour nous ; nous oblige \u00e0 faire des concessions ; ou cr\u00e9e des responsabilit\u00e9s qui ne sont pas couvertes par ces indemnisations, ou nous impose des restrictions.<\/p>\n\n<h2 class=\"wp-block-heading\" id=\"h-offenlegung\">Divulgation  <\/h2>\n\n<p>Nous nous r\u00e9servons le droit de divulguer toute information \u00e0 tout moment si nous sommes contraints de le faire par la loi, la r\u00e9glementation, les exigences des proc\u00e9dures judiciaires ou les exigences r\u00e9glementaires.  <\/p>\n\n<h2 class=\"wp-block-heading\" id=\"h-wirksamkeit\">Efficacit\u00e9<\/h2>\n\n<p>Nous pouvons mettre \u00e0 jour et modifier tout ou partie de cette PUA et t&rsquo;en informer en publiant un exemplaire r\u00e9vis\u00e9 sur notre site web.  <\/p>\n\n<h2 class=\"wp-block-heading\" id=\"h-kontakt\">Contact<\/h2>\n\n<p>Tu as des questions ou des pr\u00e9occupations concernant la politique d&rsquo;utilisation acceptable ? Alors \u00e9cris-nous simplement quelques lignes \u00e0 <a href=\"mailto:legal@idea2.ch\">legal@aivie.ch<\/a><\/p>\n\n<p><\/p>\n\n<p>Aivie by Idea 2 Collective GmbH<br\/>6, rue Wengi<br\/>8004 Zurich<\/p>\n","protected":false},"excerpt":{"rendered":"<p>Amuse-toi avec Aivie \u2013 mais vraiment. Champ d&rsquo;application La pr\u00e9sente Politique d&rsquo;utilisation acceptable (PUA) s&rsquo;applique \u00e0 l&rsquo;utilisation de tous les produits, services ou sites Web fournis par Aivie, que nous les mettions \u00e0 la disposition des clients directement ou par l&rsquo;interm\u00e9diaire d&rsquo;un tiers. Cette PUA prot\u00e8ge \u00e9galement les int\u00e9r\u00eats de tous nos clients et de &hellip; <a href=\"https:\/\/aivie.ch\/fr\/directive-sur-lutilisation-acceptable\/\" class=\"more-link\">Continuer la lecture de <span class=\"screen-reader-text\">Directive sur l&rsquo;utilisation acceptable<\/span><\/a><\/p>\n","protected":false},"author":1,"featured_media":0,"parent":0,"menu_order":0,"comment_status":"closed","ping_status":"closed","template":"","meta":{"_acf_changed":false,"footnotes":""},"class_list":["post-16885","page","type-page","status-publish","hentry"],"acf":[],"featured_image_urls_v2":{"full":"","thumbnail":"","medium":"","medium_large":"","large":"","post-thumbnail":"","aiv_480w":"","woocommerce_thumbnail":"","woocommerce_single":"","woocommerce_gallery_thumbnail":""},"post_excerpt_stackable_v2":"<p>Amuse-toi avec Aivie \u2013 mais vraiment. Champ d&rsquo;application La pr\u00e9sente Politique d&rsquo;utilisation acceptable (PUA) s&rsquo;applique \u00e0 l&rsquo;utilisation de tous les produits, services ou sites Web fournis par Aivie, que nous les mettions \u00e0 la disposition des clients directement ou par l&rsquo;interm\u00e9diaire d&rsquo;un tiers. Cette PUA prot\u00e8ge \u00e9galement les int\u00e9r\u00eats de tous nos clients et de leurs clients, ainsi que notre image commerciale et notre r\u00e9putation. En utilisant nos services, vous acceptez ces conditions. Si tu utilises un service Aivie, cette PUA s&rsquo;applique \u00e0 toi. Chacun de nos clients s&rsquo;engage \u00e0 respecter cette PUA et est responsable en cas de non-respect.\u2026<\/p>\n","category_list_v2":"","author_info_v2":{"name":"Adrian Schimpf","url":"https:\/\/aivie.ch\/fr\/author\/adrian\/"},"comments_num_v2":"0 commentaire","_links":{"self":[{"href":"https:\/\/aivie.ch\/fr\/wp-json\/wp\/v2\/pages\/16885","targetHints":{"allow":["GET"]}}],"collection":[{"href":"https:\/\/aivie.ch\/fr\/wp-json\/wp\/v2\/pages"}],"about":[{"href":"https:\/\/aivie.ch\/fr\/wp-json\/wp\/v2\/types\/page"}],"author":[{"embeddable":true,"href":"https:\/\/aivie.ch\/fr\/wp-json\/wp\/v2\/users\/1"}],"replies":[{"embeddable":true,"href":"https:\/\/aivie.ch\/fr\/wp-json\/wp\/v2\/comments?post=16885"}],"version-history":[{"count":1,"href":"https:\/\/aivie.ch\/fr\/wp-json\/wp\/v2\/pages\/16885\/revisions"}],"predecessor-version":[{"id":16887,"href":"https:\/\/aivie.ch\/fr\/wp-json\/wp\/v2\/pages\/16885\/revisions\/16887"}],"wp:attachment":[{"href":"https:\/\/aivie.ch\/fr\/wp-json\/wp\/v2\/media?parent=16885"}],"curies":[{"name":"wp","href":"https:\/\/api.w.org\/{rel}","templated":true}]}}