{"id":16856,"date":"2023-12-15T05:36:03","date_gmt":"2023-12-15T03:36:03","guid":{"rendered":"https:\/\/aivie.ch\/sinscrire-a-la-newsletter-marketing-automation\/"},"modified":"2024-06-13T17:03:54","modified_gmt":"2024-06-13T15:03:54","slug":"sinscrire-a-la-newsletter-marketing-automation","status":"publish","type":"page","link":"https:\/\/aivie.ch\/fr\/sinscrire-a-la-newsletter-marketing-automation\/","title":{"rendered":"S&rsquo;inscrire \u00e0 la newsletter Marketing Automation"},"content":{"rendered":"\n<div class=\"aligncenter wp-block-ugb-columns ugb-columns ugb-77cc521 ugb-columns--design-plain ugb-columns--columns-2 ugb-main-block\"><div class=\"ugb-inner-block\"><div class=\"ugb-block-content\"><div class=\"ugb-columns__item ugb-77cc521-content-wrapper\">\n<div class=\"wp-block-ugb-column ugb-column ugb-4c0f38d ugb-column--design-plain ugb-main-block\"><div class=\"ugb-inner-block\"><div class=\"ugb-block-content\"><div class=\"ugb-column__item ugb-4c0f38d-column-wrapper\"><div class=\"ugb-column__content-wrapper\"><script type=\"text\/javascript\" src=\"https:\/\/m.aivie.ch\/form\/generate.js?id=74\"><\/script>\n<\/div><\/div><\/div><\/div><\/div>\n\n\n\n<div class=\"wp-block-ugb-column ugb-column ugb-4f4663c ugb-column--design-plain ugb-main-block\"><div class=\"ugb-inner-block\"><div class=\"ugb-block-content\"><div class=\"ugb-column__item ugb-4f4663c-column-wrapper\"><div class=\"ugb-column__content-wrapper\">\n<figure class=\"wp-block-image size-full\"><img loading=\"lazy\" decoding=\"async\" width=\"800\" height=\"800\" src=\"https:\/\/cdn.aivie.ch\/media\/wp\/2021\/06\/22113356\/Intensive-Mautic-Support-Business.webp\" alt=\"Intensif Mautic Support Business\" class=\"wp-image-10688\" title=\"\" srcset=\"https:\/\/cdn.aivie.ch\/media\/wp\/2021\/06\/22113356\/Intensive-Mautic-Support-Business.webp 800w, https:\/\/cdn.aivie.ch\/media\/wp\/2021\/06\/22113356\/Intensive-Mautic-Support-Business-300x300.webp 240w, https:\/\/cdn.aivie.ch\/media\/wp\/2021\/06\/22113356\/Intensive-Mautic-Support-Business-768x768.webp 768w, https:\/\/cdn.aivie.ch\/media\/wp\/2021\/06\/22113356\/Intensive-Mautic-Support-Business-480x480.webp 480w, https:\/\/cdn.aivie.ch\/media\/wp\/2021\/06\/22113356\/Intensive-Mautic-Support-Business-600x600.webp 600w, https:\/\/cdn.aivie.ch\/media\/wp\/2021\/06\/22113356\/Intensive-Mautic-Support-Business.webp 300w, https:\/\/cdn.aivie.ch\/media\/wp\/2021\/06\/22113356\/Intensive-Mautic-Support-Business.webp 100w\" sizes=\"auto, (max-width: 800px) 100vw, 800px\" \/><\/figure>\n<\/div><\/div><\/div><\/div><\/div>\n<\/div><\/div><\/div><\/div>\n\n<div class=\"aligncenter wp-block-ugb-blog-posts ugb-blog-posts ugb-956f7f2 ugb-blog-posts--v2 ugb-blog-posts--design-list ugb-blog-posts--columns-1 ugb-main-block\"><style>.ugb-956f7f2 .ugb-blog-posts__featured-image{border-radius:0px !important}.ugb-956f7f2 .ugb-block-title{text-align:center}<\/style><div class=\"ugb-inner-block\"><h2 class=\"ugb-block-title\">Contributions pass\u00e9es<\/h2><div class=\"ugb-block-content\"><article class=\"ugb-blog-posts__item\"><div class=\"ugb-blog-posts__content\"><h3 class=\"ugb-blog-posts__title\"><a href=\"https:\/\/aivie.ch\/fr\/utiliser-google-ads-avec-succes-5-conseils-de-bonnes-pratiques\/\">Utiliser Google Ads avec succ\u00e8s \u2013 5 conseils de bonnes pratiques<\/a><\/h3><div class=\"ugb-blog-posts__excerpt\"><p>Qu&rsquo;est-ce que Google Ads ? Les Google Ads sont des annonces payantes qui s&rsquo;affichent toujours en premier dans la recherche Google. Utilise Google Ads pour ton entreprise. Pourquoi ? Avec Google Ads, tu ne payes que si quelqu&rsquo;un clique sur ton annonce. De plus, tu appara\u00eetras en t\u00eate de la recherche Google et seras ainsi&#8230;<\/div><p class=\"ugb-blog-posts__readmore\"><a href=\"https:\/\/aivie.ch\/fr\/utiliser-google-ads-avec-succes-5-conseils-de-bonnes-pratiques\/\">Lire la suite<\/a><\/p><\/div><\/article><article class=\"ugb-blog-posts__item\"><figure class=\"ugb-blog-posts__featured-image\"><a href=\"https:\/\/aivie.ch\/fr\/automatisation-du-marketing-et-ia\/\"><img loading=\"lazy\" decoding=\"async\" width=\"990\" height=\"660\" src=\"https:\/\/cdn.aivie.ch\/media\/wp\/2023\/01\/02111952\/Marketing-Automation-und-KI-2-1920x1280.jpeg\" class=\"attachment-large size-large wp-post-image\" alt=\"\" title=\"\"><\/a><\/figure><div class=\"ugb-blog-posts__content\"><h3 class=\"ugb-blog-posts__title\"><a href=\"https:\/\/aivie.ch\/fr\/automatisation-du-marketing-et-ia\/\">Automatisation du marketing et IA<\/a><\/h3><div class=\"ugb-blog-posts__excerpt\"><p>Le marketing automation est un must pour toute \u00e9quipe de marketing ambitieuse et, avec ChatGPT d&rsquo;OpenAI, l&rsquo;IA est devenue plus accessible au grand public. Dans cet article, nous expliquons pourquoi le marketing automation et l&rsquo;IA forment une \u00e9quipe de choc qui optimisera consid\u00e9rablement tes processus et ton travail. Table des mati\u00e8res Qu&rsquo;est-ce que le marketing&#8230;<\/div><p class=\"ugb-blog-posts__readmore\"><a href=\"https:\/\/aivie.ch\/fr\/automatisation-du-marketing-et-ia\/\">Lire la suite<\/a><\/p><\/div><\/article><article class=\"ugb-blog-posts__item\"><figure class=\"ugb-blog-posts__featured-image\"><a href=\"https:\/\/aivie.ch\/fr\/gestion-des-plaintes-marketing-comment-surveiller-le-taux-de-plaintes\/\"><img loading=\"lazy\" decoding=\"async\" width=\"990\" height=\"661\" src=\"https:\/\/cdn.aivie.ch\/media\/wp\/2025\/05\/01094253\/aivie-blog-beschwerdemanagement-marketing-.jpg\" class=\"attachment-large size-large wp-post-image\" alt=\"\" title=\"\"><\/a><\/figure><div class=\"ugb-blog-posts__content\"><h3 class=\"ugb-blog-posts__title\"><a href=\"https:\/\/aivie.ch\/fr\/gestion-des-plaintes-marketing-comment-surveiller-le-taux-de-plaintes\/\">Gestion des plaintes marketing&nbsp;: comment surveiller le taux de plaintes&nbsp;?<\/a><\/h3><div class=\"ugb-blog-posts__excerpt\"><p>Dans l\u2019e-mail marketing, la confiance est essentielle. D\u00e8s que vos destinataires commencent \u00e0 signaler des e-mails comme spam, non seulement votreDeliverability en souffre, mais aussi l\u2019image de votre marque peut \u00eatre endommag\u00e9e \u00e0 long terme. C\u2019est pourquoi la gestion des plaintes dans le marketing est l\u2019une des t\u00e2ches centrales de toute strat\u00e9gie marketing professionnelle. Table&#8230;<\/div><p class=\"ugb-blog-posts__readmore\"><a href=\"https:\/\/aivie.ch\/fr\/gestion-des-plaintes-marketing-comment-surveiller-le-taux-de-plaintes\/\">Lire la suite<\/a><\/p><\/div><\/article><article class=\"ugb-blog-posts__item\"><figure class=\"ugb-blog-posts__featured-image\"><a href=\"https:\/\/aivie.ch\/fr\/automatiser-la-creation-de-contrats-comment-evento-automatise-ses-processus-avec-aivie-et-legality\/\"><img loading=\"lazy\" decoding=\"async\" width=\"480\" height=\"360\" src=\"https:\/\/cdn.aivie.ch\/media\/wp\/2023\/12\/16045224\/hqdefault-2.jpg\" class=\"attachment-large size-large wp-post-image\" alt=\"\" title=\"\"><\/a><\/figure><div class=\"ugb-blog-posts__content\"><h3 class=\"ugb-blog-posts__title\"><a href=\"https:\/\/aivie.ch\/fr\/automatiser-la-creation-de-contrats-comment-evento-automatise-ses-processus-avec-aivie-et-legality\/\">Automatiser la cr\u00e9ation de contrats \u2013 Comment EVENTO automatise ses processus avec Aivie et Legality<\/a><\/h3><div class=\"ugb-blog-posts__excerpt\"><p>Les processus de marketing et l&rsquo;\u00e9tablissement de contrats ont quelque chose en commun : les deux sont n\u00e9cessaires, mais sont consid\u00e9r\u00e9s comme co\u00fbteux et inefficaces. En revanche, avec le duo performant d&rsquo;Aivie et de Legality, tu as entre les mains deux outils puissants pour automatiser la r\u00e9daction des contrats. Table des mati\u00e8res Table des mati\u00e8resQu&rsquo;est-ce&#8230;<\/div><p class=\"ugb-blog-posts__readmore\"><a href=\"https:\/\/aivie.ch\/fr\/automatiser-la-creation-de-contrats-comment-evento-automatise-ses-processus-avec-aivie-et-legality\/\">Lire la suite<\/a><\/p><\/div><\/article><article class=\"ugb-blog-posts__item\"><figure class=\"ugb-blog-posts__featured-image\"><a href=\"https:\/\/aivie.ch\/fr\/reconnaitre-lintention-et-apprendre-des-touchpoints\/\"><img loading=\"lazy\" decoding=\"async\" width=\"990\" height=\"557\" src=\"https:\/\/cdn.aivie.ch\/media\/wp\/2023\/12\/15054325\/reconna-tre-l-intention-et-apprendre-des-touchpoints.jpg\" class=\"attachment-large size-large wp-post-image\" alt=\"\" title=\"\"><\/a><\/figure><div class=\"ugb-blog-posts__content\"><h3 class=\"ugb-blog-posts__title\"><a href=\"https:\/\/aivie.ch\/fr\/reconnaitre-lintention-et-apprendre-des-touchpoints\/\">Reconna\u00eetre l&rsquo;intention et apprendre des Touchpoints<\/a><\/h3><div class=\"ugb-blog-posts__excerpt\"><p>Les Intents sont les intentions derri\u00e8re les actions des utilisateurs et des clients. Si nous connaissons l&rsquo;intention d&rsquo;un contact dans une situation donn\u00e9e, dans un contexte donn\u00e9, nous pouvons aborder le contact avec des contenus actuellement pertinents. Nous reconnaissons l&rsquo;intention dans le Touchpoint, chaque Touchpoint est une occasion d&rsquo;apprendre. Le marketing automation permet ensuite de&#8230;<\/div><p class=\"ugb-blog-posts__readmore\"><a href=\"https:\/\/aivie.ch\/fr\/reconnaitre-lintention-et-apprendre-des-touchpoints\/\">Lire la suite<\/a><\/p><\/div><\/article><article class=\"ugb-blog-posts__item\"><figure class=\"ugb-blog-posts__featured-image\"><a href=\"https:\/\/aivie.ch\/fr\/pourquoi-aivie-a-choisi-le-marketing-automation-avec-mautic-un-regard-en-coulisses\/\"><img loading=\"lazy\" decoding=\"async\" width=\"990\" height=\"660\" src=\"https:\/\/cdn.aivie.ch\/media\/wp\/2024\/07\/22122409\/employees-having-fun-with-marketing-automation-mautic-P839ZFU.jpg\" class=\"attachment-large size-large wp-post-image\" alt=\"Employees having fun with marketing automation mautic\" title=\"\"><\/a><\/figure><div class=\"ugb-blog-posts__content\"><h3 class=\"ugb-blog-posts__title\"><a href=\"https:\/\/aivie.ch\/fr\/pourquoi-aivie-a-choisi-le-marketing-automation-avec-mautic-un-regard-en-coulisses\/\">Pourquoi Aivie a choisi le marketing automation avec Mautic : un regard en coulisses<\/a><\/h3><div class=\"ugb-blog-posts__excerpt\"><p>En 2017, en tant que fondateur et directeur technique de Smolio, j&rsquo;ai cherch\u00e9 une solution pour automatiser notre tunnel de vente. C&rsquo;est dans ce cadre que j&rsquo;ai appris \u00e0 conna\u00eetre et \u00e0 aimer la plateforme Mautic Marketing Automation. Et plus tard, ils ont cr\u00e9\u00e9 Aivie pour faire profiter d&rsquo;autres entreprises de ses avantages. Lors de&#8230;<\/div><p class=\"ugb-blog-posts__readmore\"><a href=\"https:\/\/aivie.ch\/fr\/pourquoi-aivie-a-choisi-le-marketing-automation-avec-mautic-un-regard-en-coulisses\/\">Lire la suite<\/a><\/p><\/div><\/article><\/div><\/div><\/div>\n","protected":false},"excerpt":{"rendered":"<p>Contributions pass\u00e9es Pourquoi Aivie a choisi le marketing automation avec Mautic : un regard en coulisses En 2017, en tant que fondateur et directeur technique de Smolio, j&rsquo;ai cherch\u00e9 une solution pour automatiser notre tunnel de vente. C&rsquo;est dans ce cadre que j&rsquo;ai appris \u00e0 conna\u00eetre et \u00e0 aimer la plateforme Mautic Marketing Automation. Et &hellip; <a href=\"https:\/\/aivie.ch\/fr\/sinscrire-a-la-newsletter-marketing-automation\/\" class=\"more-link\">Continuer la lecture de <span class=\"screen-reader-text\">S&rsquo;inscrire \u00e0 la newsletter Marketing Automation<\/span><\/a><\/p>\n","protected":false},"author":1,"featured_media":0,"parent":0,"menu_order":0,"comment_status":"closed","ping_status":"closed","template":"","meta":{"_acf_changed":false,"footnotes":""},"class_list":["post-16856","page","type-page","status-publish","hentry"],"acf":[],"featured_image_urls_v2":{"full":"","thumbnail":"","medium":"","medium_large":"","large":"","post-thumbnail":"","aiv_480w":"","woocommerce_thumbnail":"","woocommerce_single":"","woocommerce_gallery_thumbnail":""},"post_excerpt_stackable_v2":"<p>Contributions pass\u00e9esPourquoi Aivie a choisi le marketing automation avec Mautic : un regard en coulissesEn 2017, en tant que fondateur et directeur technique de Smolio, j&rsquo;ai cherch\u00e9 une solution pour automatiser notre tunnel de vente. C&rsquo;est dans ce cadre que j&rsquo;ai appris \u00e0 conna\u00eetre et \u00e0 aimer la plateforme Mautic Marketing Automation. Et plus tard, ils ont cr\u00e9\u00e9 Aivie pour faire profiter d&rsquo;autres entreprises de ses avantages. Lors de&#8230;Lire la suiteSegmenter les contacts \u2013 Guide \u00e9tape par \u00e9tapeSegmenter les contacts de mani\u00e8re cibl\u00e9e est la cl\u00e9 d\u2019une automatisation marketing r\u00e9ussie. Seule une personne qui regroupe pr\u00e9cis\u00e9ment ses groupes cibles peut\u2026<\/p>\n","category_list_v2":"","author_info_v2":{"name":"Adrian Schimpf","url":"https:\/\/aivie.ch\/fr\/author\/adrian\/"},"comments_num_v2":"0 commentaire","_links":{"self":[{"href":"https:\/\/aivie.ch\/fr\/wp-json\/wp\/v2\/pages\/16856","targetHints":{"allow":["GET"]}}],"collection":[{"href":"https:\/\/aivie.ch\/fr\/wp-json\/wp\/v2\/pages"}],"about":[{"href":"https:\/\/aivie.ch\/fr\/wp-json\/wp\/v2\/types\/page"}],"author":[{"embeddable":true,"href":"https:\/\/aivie.ch\/fr\/wp-json\/wp\/v2\/users\/1"}],"replies":[{"embeddable":true,"href":"https:\/\/aivie.ch\/fr\/wp-json\/wp\/v2\/comments?post=16856"}],"version-history":[{"count":2,"href":"https:\/\/aivie.ch\/fr\/wp-json\/wp\/v2\/pages\/16856\/revisions"}],"predecessor-version":[{"id":18804,"href":"https:\/\/aivie.ch\/fr\/wp-json\/wp\/v2\/pages\/16856\/revisions\/18804"}],"wp:attachment":[{"href":"https:\/\/aivie.ch\/fr\/wp-json\/wp\/v2\/media?parent=16856"}],"curies":[{"name":"wp","href":"https:\/\/api.w.org\/{rel}","templated":true}]}}