{"id":16849,"date":"2023-12-15T05:36:02","date_gmt":"2023-12-15T03:36:02","guid":{"rendered":"https:\/\/aivie.ch\/merci-beaucoup-pour-ton-interet-verifie-tes-e-mails\/"},"modified":"2023-12-15T05:36:03","modified_gmt":"2023-12-15T03:36:03","slug":"merci-beaucoup-pour-ton-interet-verifie-tes-e-mails","status":"publish","type":"page","link":"https:\/\/aivie.ch\/fr\/merci-beaucoup-pour-ton-interet-verifie-tes-e-mails\/","title":{"rendered":"Merci beaucoup pour ton int\u00e9r\u00eat ! V\u00e9rifie tes e-mails."},"content":{"rendered":"\n<p>La r\u00e9ception de l&rsquo;e-mail peut prendre quelques minutes. V\u00e9rifie \u00e9galement ton dossier spam et ajoute-nous \u00e0 ton carnet d&rsquo;adresses.<\/p>\n<div class=\"mautic-slot\" data-slot-name=\"meet-the-owner\"><\/div>\n","protected":false},"excerpt":{"rendered":"<p>La r\u00e9ception de l&rsquo;e-mail peut prendre quelques minutes. V\u00e9rifie \u00e9galement ton dossier spam et ajoute-nous \u00e0 ton carnet d&rsquo;adresses.<\/p>\n","protected":false},"author":1,"featured_media":0,"parent":0,"menu_order":0,"comment_status":"closed","ping_status":"closed","template":"","meta":{"_acf_changed":false,"footnotes":""},"class_list":["post-16849","page","type-page","status-publish","hentry"],"acf":[],"featured_image_urls_v2":{"full":"","thumbnail":"","medium":"","medium_large":"","large":"","post-thumbnail":"","aiv_480w":"","woocommerce_thumbnail":"","woocommerce_single":"","woocommerce_gallery_thumbnail":""},"post_excerpt_stackable_v2":"<p>La r\u00e9ception de l&rsquo;e-mail peut prendre quelques minutes. V\u00e9rifie \u00e9galement ton dossier spam et ajoute-nous \u00e0 ton carnet d&rsquo;adresses.<\/p>\n","category_list_v2":"","author_info_v2":{"name":"Adrian Schimpf","url":"https:\/\/aivie.ch\/fr\/author\/adrian\/"},"comments_num_v2":"0 commentaire","_links":{"self":[{"href":"https:\/\/aivie.ch\/fr\/wp-json\/wp\/v2\/pages\/16849","targetHints":{"allow":["GET"]}}],"collection":[{"href":"https:\/\/aivie.ch\/fr\/wp-json\/wp\/v2\/pages"}],"about":[{"href":"https:\/\/aivie.ch\/fr\/wp-json\/wp\/v2\/types\/page"}],"author":[{"embeddable":true,"href":"https:\/\/aivie.ch\/fr\/wp-json\/wp\/v2\/users\/1"}],"replies":[{"embeddable":true,"href":"https:\/\/aivie.ch\/fr\/wp-json\/wp\/v2\/comments?post=16849"}],"version-history":[{"count":1,"href":"https:\/\/aivie.ch\/fr\/wp-json\/wp\/v2\/pages\/16849\/revisions"}],"predecessor-version":[{"id":16855,"href":"https:\/\/aivie.ch\/fr\/wp-json\/wp\/v2\/pages\/16849\/revisions\/16855"}],"wp:attachment":[{"href":"https:\/\/aivie.ch\/fr\/wp-json\/wp\/v2\/media?parent=16849"}],"curies":[{"name":"wp","href":"https:\/\/api.w.org\/{rel}","templated":true}]}}