{"id":16803,"date":"2023-12-15T05:35:54","date_gmt":"2023-12-15T03:35:54","guid":{"rendered":"https:\/\/aivie.ch\/campagnes-de-mailing-imprime\/"},"modified":"2023-12-15T05:36:23","modified_gmt":"2023-12-15T03:36:23","slug":"campagnes-de-mailing-imprime","status":"publish","type":"page","link":"https:\/\/aivie.ch\/fr\/campagnes-de-mailing-imprime\/","title":{"rendered":"Campagnes de mailing imprim\u00e9"},"content":{"rendered":"\n<div class=\"wp-block-ugb-columns ugb-columns ugb-cbb5786 ugb-columns--design-uneven ugb-columns--columns-2 ugb-main-block\"><div class=\"ugb-inner-block\"><div class=\"ugb-block-content\"><div class=\"ugb-columns__item ugb-cbb5786-content-wrapper\">\n<div class=\"wp-block-ugb-column ugb-column ugb-166a834 ugb-column--design-plain ugb-main-block\"><style>.ugb-166a834-column-wrapper .ugb-column__content-wrapper{width:350px !important}<\/style><div class=\"ugb-inner-block\"><div class=\"ugb-block-content\"><div class=\"ugb-column__item ugb-166a834-column-wrapper\"><div class=\"ugb-column__content-wrapper\">\n<div class=\"wp-block-ugb-heading ugb-heading ugb-cadc129 ugb-main-block\"><style>.ugb-cadc129 .ugb-heading__title{color:#e63312}<\/style><div class=\"ugb-inner-block\"><div class=\"ugb-block-content\"><h1 class=\"ugb-heading__title\">En un seul clic. Relier si facilement le marketing en ligne et hors ligne<\/h1><p class=\"ugb-heading__subtitle\">Avec Tinkerbelle, Aivie et la Deutsche Post, tu envoies un message personnalis\u00e9 \u00e0 tes contacts en un seul clic. Mets en \u0153uvre ta campagne de mailing imprim\u00e9 en toute simplicit\u00e9 gr\u00e2ce \u00e0 la solution Web-to-Print de la Deutsche Post.<\/p><\/div><\/div><\/div>\n<\/div><\/div><\/div><\/div><\/div>\n\n\n\n<div class=\"wp-block-ugb-column ugb-column ugb-3eb56ff ugb-column--design-plain ugb-main-block\"><style>@media screen and (min-width:768px){.ugb-3eb56ff > .ugb-inner-block > .ugb-block-content > *{justify-content:center}}.ugb-3eb56ff > .ugb-inner-block > .ugb-block-content > *{justify-content:center !important}<\/style><div class=\"ugb-inner-block\"><div class=\"ugb-block-content\"><div class=\"ugb-column__item ugb-3eb56ff-column-wrapper\"><div class=\"ugb-column__content-wrapper\">\n<figure class=\"wp-block-image size-full mailing\"><img loading=\"lazy\" decoding=\"async\" width=\"1200\" height=\"799\" src=\"https:\/\/cdn.aivie.ch\/media\/wp\/2021\/10\/19131500\/DeutschePostAiveiMarketingAutomation.png\" alt=\"\" class=\"wp-image-3186\" title=\"\" srcset=\"https:\/\/cdn.aivie.ch\/media\/wp\/2021\/10\/19131500\/DeutschePostAiveiMarketingAutomation.png 1200w, https:\/\/cdn.aivie.ch\/media\/wp\/2021\/10\/19131500\/DeutschePostAiveiMarketingAutomation-960x639.png 960w, https:\/\/cdn.aivie.ch\/media\/wp\/2021\/10\/19131500\/DeutschePostAiveiMarketingAutomation-768x511.png 768w, https:\/\/cdn.aivie.ch\/media\/wp\/2021\/10\/19131500\/DeutschePostAiveiMarketingAutomation-480x320.png 480w, https:\/\/cdn.aivie.ch\/media\/wp\/2021\/10\/19131500\/DeutschePostAiveiMarketingAutomation-600x400.png 600w\" sizes=\"auto, (max-width: 1200px) 100vw, 1200px\" \/><\/figure>\n<\/div><\/div><\/div><\/div><\/div>\n<\/div><\/div><\/div><\/div>\n\n<div class=\"alignfull wp-block-ugb-feature ugb-feature printmailing ugb-254546a ugb-feature--v2 ugb-feature--design-basic ugb-feature--invert ugb-main-block ugb-main-block--inner-center ugb--has-block-background\"><style>.ugb-254546a .ugb-feature__item{border-radius:0px !important;background-color:rgba(255,255,255,0) !important}.ugb-254546a .ugb-feature__title{color:#e63312}.ugb-254546a.ugb-feature{background-color:#283e4c;background-position:bottom left;background-repeat:no-repeat;background-size:45% !important}.ugb-254546a.ugb-feature:before{background-color:#283e4c}@media screen and (min-width:768px){.ugb-254546a .ugb-feature__item{grid-template-columns:1.00fr 1.00fr !important}.ugb-254546a .ugb-img{width:1819px;height:auto !important}}@media screen and (max-width:768px){.ugb-254546a.ugb-feature{background-position:top left;background-repeat:no-repeat;background-size:50% !important}}<\/style><div class=\"ugb-inner-block ugb-inner-block--center\"><div class=\"ugb-block-content\"><div class=\"ugb-feature__item ugb--shadow-0\"><div class=\"ugb-feature__content\"><h2 class=\"ugb-feature__title\">Enrichir ta campagne de marketing avec des mailings imprim\u00e9s automatis\u00e9s.  <\/h2><div class=\"ugb-button-container\"><a class=\"ugb-button ugb-button--size-normal ugb-button--design-plain ugb-button--has-icon ugb-button--icon-position-right\" href=\"\" rel=\"\" title=\"\"><div class=\"ugb-icon-inner-svg\"><svg data-prefix=\"fas\" data-icon=\"arrow-circle-right\" class=\"svg-inline--fa fa-arrow-circle-right fa-w-16\" role=\"img\" xmlns=\"http:\/\/www.w3.org\/2000\/svg\" viewbox=\"0 0 512 512\"><path fill=\"currentColor\" d=\"M256 8c137 0 248 111 248 248S393 504 256 504 8 393 8 256 119 8 256 8zm-28.9 143.6l75.5 72.4H120c-13.3 0-24 10.7-24 24v16c0 13.3 10.7 24 24 24h182.6l-75.5 72.4c-9.7 9.3-9.9 24.8-.4 34.3l11 10.9c9.4 9.4 24.6 9.4 33.9 0L404.3 273c9.4-9.4 9.4-24.6 0-33.9L271.6 106.3c-9.4-9.4-24.6-9.4-33.9 0l-11 10.9c-9.5 9.6-9.3 25.1.4 34.4z\"><\/path><\/svg><\/div><span class=\"ugb-button--inner\">Voir la vid\u00e9o du webinaire<\/span><\/a><\/div><\/div><div class=\"ugb-feature__image-side\"><img decoding=\"async\" class=\"ugb-feature__image ugb-img wp-image-7838 ugb-image--shape-stretch\" src=\"https:\/\/cdn.aivie.ch\/media\/wp\/2022\/06\/10143416\/postkarte_Aivie_strand.webp\" alt=\"\" title=\"\" height=\"1311\" srcset=\"https:\/\/cdn.aivie.ch\/media\/wp\/2022\/06\/10143416\/postkarte_Aivie_strand.webp 1819w, https:\/\/cdn.aivie.ch\/media\/wp\/2022\/06\/10143416\/postkarte_Aivie_strand-960x692.webp 960w, https:\/\/cdn.aivie.ch\/media\/wp\/2022\/06\/10143416\/postkarte_Aivie_strand-768x554.webp 768w, https:\/\/cdn.aivie.ch\/media\/wp\/2022\/06\/10143416\/postkarte_Aivie_strand-1200x865.webp 1200w, https:\/\/cdn.aivie.ch\/media\/wp\/2022\/06\/10143416\/postkarte_Aivie_strand-480x346.webp 480w, https:\/\/cdn.aivie.ch\/media\/wp\/2022\/06\/10143416\/postkarte_Aivie_strand-600x432.webp 600w\" sizes=\"(max-width: 1819px) 100vw, 1819px\" \/><\/div><\/div><\/div><\/div><\/div>\n\n<div style=\"height:61px\" aria-hidden=\"true\" class=\"wp-block-spacer\"><\/div>\n\n<h2 class=\"wp-block-heading\" id=\"h-so-funktioniert-es\">Voici comment cela fonctionne<\/h2>\n\n<div class=\"wp-block-columns is-layout-flex wp-container-core-columns-is-layout-9d6595d7 wp-block-columns-is-layout-flex\">\n<div class=\"wp-block-column is-layout-flow wp-block-column-is-layout-flow\" style=\"flex-basis:66.66%\">\n<figure class=\"wp-block-image size-large is-resized\"><img loading=\"lazy\" decoding=\"async\" src=\"https:\/\/cdn.aivie.ch\/media\/wp\/2021\/09\/19131536\/Deutsche-Post-1920x1357.png\" alt=\"\" class=\"wp-image-2416\" width=\"612\" height=\"433\" title=\"\" srcset=\"https:\/\/cdn.aivie.ch\/media\/wp\/2021\/09\/19131536\/Deutsche-Post-1920x1357.png 1920w, https:\/\/cdn.aivie.ch\/media\/wp\/2021\/09\/19131536\/Deutsche-Post-960x679.png 960w, https:\/\/cdn.aivie.ch\/media\/wp\/2021\/09\/19131536\/Deutsche-Post-768x543.png 768w, https:\/\/cdn.aivie.ch\/media\/wp\/2021\/09\/19131536\/Deutsche-Post-1200x848.png 1200w, https:\/\/cdn.aivie.ch\/media\/wp\/2021\/09\/19131536\/Deutsche-Post-480x339.png 480w, https:\/\/cdn.aivie.ch\/media\/wp\/2021\/09\/19131536\/Deutsche-Post-600x424.png 600w\" sizes=\"auto, (max-width: 612px) 100vw, 612px\" \/><\/figure>\n<\/div>\n\n\n\n<div class=\"wp-block-column is-layout-flow wp-block-column-is-layout-flow\" style=\"flex-basis:33.33%\">\n<div style=\"height:51px\" aria-hidden=\"true\" class=\"wp-block-spacer\"><\/div>\n\n\n\n<ul class=\"wp-block-list\"><li>Automatiser les mailings imprim\u00e9s<\/li><li>D\u00e9finir des d\u00e9clencheurs personnalis\u00e9s dans les campagnes<\/li><li>Augmenter le taux de conversion de 10<\/li><\/ul>\n<\/div>\n<\/div>\n\n<div class=\"alignfull wp-block-ugb-columns ugb-columns ugb-6ea5790 ugb-columns--design-plain ugb-columns--columns-4 ugb-main-block ugb-main-block--inner-center ugb--has-block-background ugb--has-background-overlay\"><style>.ugb-6ea5790.ugb-columns{background-color:#EFF0F1;background-image:url(https:\/\/cdn.aivie.ch\/media\/wp\/2021\/06\/19131659\/pattern-mario-480w.png);background-position:bottom left;background-repeat:no-repeat;background-size:523px !important}.ugb-6ea5790.ugb-columns:before{background-color:#EFF0F1;opacity:0.5}<\/style><div class=\"ugb-inner-block ugb-inner-block--center\"><h2 class=\"ugb-block-title ugb-block-title--with-subtitle\">Un marketing r\u00e9ussi. Tout \u00e0 fait automatiquement.<\/h2><p class=\"ugb-block-description\">Avec Aivie, planifier et cibler facilement les campagnes de mailing imprim\u00e9. L&rsquo;individualisation de ta publicit\u00e9 s&rsquo;oriente enti\u00e8rement sur les besoins personnels de tes destinataires. L&rsquo;envoi est enti\u00e8rement automatis\u00e9 et bas\u00e9 sur des d\u00e9clencheurs.<\/p><div class=\"ugb-block-content\"><div class=\"ugb-columns__item ugb-6ea5790-content-wrapper\">\n<div class=\"wp-block-ugb-column ugb-column ugb-2618003 ugb-column--design-plain ugb-main-block\"><div class=\"ugb-inner-block\"><div class=\"ugb-block-content\"><div class=\"ugb-column__item ugb-2618003-column-wrapper\"><div class=\"ugb-column__content-wrapper\">\n<h3 class=\"wp-block-heading\" id=\"h-individuelle-ansprache\">approche individuelle<\/h3>\n\n\n\n<p>Chacun de tes clients est un individu avec des souhaits diff\u00e9rents dans le choix des produits et des pr\u00e9f\u00e9rences dans le comportement d&rsquo;achat.  <\/p>\n\n\n\n<div class=\"wp-block-ugb-button ugb-button-wrapper ugb-205b1f1 ugb-main-block\"><style>.ugb-205b1f1 .ugb-block-content{justify-content:flex-start !important}.ugb-205b1f1 .ugb-block-content .ugb-button{border-radius:0px}.ugb-205b1f1 .ugb-button1 .ugb-button--inner{color:#0a9d77 !important}.ugb-205b1f1 .ugb-button1.ugb-button--has-icon.ugb-button--has-icon svg:not(.ugb-custom-icon){color:#0a9d77}.ugb-205b1f1 .ugb-button1{border-radius:0px !important}.ugb-205b1f1 .ugb-button1:before{border-radius:0px !important}.ugb-205b1f1 .ugb-inner-block{text-align:left}@media screen and (min-width:768px){.ugb-205b1f1.ugb-button-wrapper{margin-bottom:0px !important;padding-bottom:0px !important}}<\/style><div class=\"ugb-inner-block\"><div class=\"ugb-block-content\"><div class=\"ugb-button-container\"><a class=\"ugb-button1 ugb-button ugb-button--size-normal ugb-button--design-plain ugb-button--has-icon ugb-button--icon-position-right\" href=\"#cr&#xE9;atif\" rel=\"\" title=\"\"><div class=\"ugb-icon-inner-svg\"><svg data-prefix=\"fas\" data-icon=\"arrow-circle-right\" class=\"svg-inline--fa fa-arrow-circle-right fa-w-16\" role=\"img\" xmlns=\"http:\/\/www.w3.org\/2000\/svg\" viewbox=\"0 0 512 512\"><path fill=\"currentColor\" d=\"M256 8c137 0 248 111 248 248S393 504 256 504 8 393 8 256 119 8 256 8zm-28.9 143.6l75.5 72.4H120c-13.3 0-24 10.7-24 24v16c0 13.3 10.7 24 24 24h182.6l-75.5 72.4c-9.7 9.3-9.9 24.8-.4 34.3l11 10.9c9.4 9.4 24.6 9.4 33.9 0L404.3 273c9.4-9.4 9.4-24.6 0-33.9L271.6 106.3c-9.4-9.4-24.6-9.4-33.9 0l-11 10.9c-9.5 9.6-9.3 25.1.4 34.4z\"><\/path><\/svg><\/div><span class=\"ugb-button--inner\">Lance ta campagne de mailing imprim\u00e9<\/span><\/a><\/div><\/div><\/div><\/div>\n<\/div><\/div><\/div><\/div><\/div>\n\n\n\n<div class=\"wp-block-ugb-column ugb-column ugb-4466ff7 ugb-column--design-plain ugb-main-block\"><div class=\"ugb-inner-block\"><div class=\"ugb-block-content\"><div class=\"ugb-column__item ugb-4466ff7-column-wrapper\"><div class=\"ugb-column__content-wrapper\">\n<h3 class=\"wp-block-heading\" id=\"h-automatisierter-versand\">Envoi automatis\u00e9<\/h3>\n\n\n\n<p>D\u00e9finis des d\u00e9clencheurs diff\u00e9rents et individualis\u00e9s pour un envoi enti\u00e8rement automatis\u00e9. Aivie prend en charge le pilotage de la campagne et transmet les donn\u00e9es \u00e0 Deutsche Post pour l&rsquo;impression et la distribution.<\/p>\n<\/div><\/div><\/div><\/div><\/div>\n\n\n\n<div class=\"wp-block-ugb-column ugb-column ugb-6871b96 ugb-column--design-plain ugb-main-block\"><div class=\"ugb-inner-block\"><div class=\"ugb-block-content\"><div class=\"ugb-column__item ugb-6871b96-column-wrapper\"><div class=\"ugb-column__content-wrapper\">\n<h3 class=\"wp-block-heading\" id=\"h-kampagnenideen\">Id\u00e9es de campagnes<\/h3>\n\n\n\n<p>Juste ce qu&rsquo;il faut, des bons d&rsquo;achat, des codes de r\u00e9duction et des rappels en passant par ce qui convient pour les nouveaux clients, les anniversaires, la nouvelle collection et bien plus encore.<\/p>\n<\/div><\/div><\/div><\/div><\/div>\n\n\n\n<div class=\"wp-block-ugb-column ugb-column ugb-0eb70e7 ugb-column--design-plain ugb-main-block\"><div class=\"ugb-inner-block\"><div class=\"ugb-block-content\"><div class=\"ugb-column__item ugb-0eb70e7-column-wrapper\"><div class=\"ugb-column__content-wrapper\">\n<figure class=\"wp-block-image size-large\"><img loading=\"lazy\" decoding=\"async\" width=\"1920\" height=\"1241\" src=\"https:\/\/cdn.aivie.ch\/media\/wp\/2021\/09\/19131535\/DP_Partnersignet_Partner_quer_rgb-1920x1241.png\" alt=\"\" class=\"wp-image-2421\" title=\"\" srcset=\"https:\/\/cdn.aivie.ch\/media\/wp\/2021\/09\/19131535\/DP_Partnersignet_Partner_quer_rgb-1920x1241.png 1920w, https:\/\/cdn.aivie.ch\/media\/wp\/2021\/09\/19131535\/DP_Partnersignet_Partner_quer_rgb-960x620.png 960w, https:\/\/cdn.aivie.ch\/media\/wp\/2021\/09\/19131535\/DP_Partnersignet_Partner_quer_rgb-768x496.png 768w, https:\/\/cdn.aivie.ch\/media\/wp\/2021\/09\/19131535\/DP_Partnersignet_Partner_quer_rgb-1200x775.png 1200w, https:\/\/cdn.aivie.ch\/media\/wp\/2021\/09\/19131535\/DP_Partnersignet_Partner_quer_rgb-480x310.png 480w, https:\/\/cdn.aivie.ch\/media\/wp\/2021\/09\/19131535\/DP_Partnersignet_Partner_quer_rgb-600x388.png 600w\" sizes=\"auto, (max-width: 1920px) 100vw, 1920px\" \/><\/figure>\n<\/div><\/div><\/div><\/div><\/div>\n<\/div><\/div><\/div><\/div>\n\n<div class=\"alignfull wp-block-ugb-columns ugb-columns ugb-9aab50a ugb-columns--design-plain ugb-columns--columns-2 ugb-main-block ugb-main-block--inner-center ugb--has-block-background\" id=\"interview\"><div class=\"ugb-inner-block ugb-inner-block--center\"><div class=\"ugb-block-content\"><div class=\"ugb-columns__item ugb-9aab50a-content-wrapper\">\n<div class=\"wp-block-ugb-column ugb-column ugb-7849b2f ugb-column--design-plain ugb-main-block\"><div class=\"ugb-inner-block\"><div class=\"ugb-block-content\"><div class=\"ugb-column__item ugb-7849b2f-column-wrapper\"><div class=\"ugb-column__content-wrapper\">\n<figure class=\"wp-block-image aligncenter size-large\"><img loading=\"lazy\" decoding=\"async\" width=\"1920\" height=\"998\" src=\"https:\/\/cdn.aivie.ch\/media\/wp\/2021\/09\/19131532\/Bildschirmfoto-2021-09-28-um-17.32.39-1-1920x998.png\" alt=\"\" class=\"wp-image-2444\" title=\"\" srcset=\"https:\/\/cdn.aivie.ch\/media\/wp\/2021\/09\/19131532\/Bildschirmfoto-2021-09-28-um-17.32.39-1-1920x998.png 1920w, https:\/\/cdn.aivie.ch\/media\/wp\/2021\/09\/19131532\/Bildschirmfoto-2021-09-28-um-17.32.39-1-960x499.png 960w, https:\/\/cdn.aivie.ch\/media\/wp\/2021\/09\/19131532\/Bildschirmfoto-2021-09-28-um-17.32.39-1-768x399.png 768w, https:\/\/cdn.aivie.ch\/media\/wp\/2021\/09\/19131532\/Bildschirmfoto-2021-09-28-um-17.32.39-1-1200x624.png 1200w, https:\/\/cdn.aivie.ch\/media\/wp\/2021\/09\/19131532\/Bildschirmfoto-2021-09-28-um-17.32.39-1-480x249.png 480w, https:\/\/cdn.aivie.ch\/media\/wp\/2021\/09\/19131532\/Bildschirmfoto-2021-09-28-um-17.32.39-1-600x312.png 600w\" sizes=\"auto, (max-width: 1920px) 100vw, 1920px\" \/><\/figure>\n<\/div><\/div><\/div><\/div><\/div>\n\n\n\n<div class=\"wp-block-ugb-column ugb-column ugb-6414f27 ugb-column--design-plain ugb-main-block\"><div class=\"ugb-inner-block\"><div class=\"ugb-block-content\"><div class=\"ugb-column__item ugb-6414f27-column-wrapper\"><div class=\"ugb-column__content-wrapper\">\n<p class=\"has-red-color has-text-color has-large-font-size\">\u00ab\u00a0Ton effet durable, les mailings imprim\u00e9s restent en place \u2013 un taux de conversion de 10% et plus est possible selon une \u00e9tude CMC\u00a0\u00bb.<\/p>\n\n\n\n<p class=\"has-red-color has-text-color\"><a href=\"https:\/\/alles-ueber-mailings.deutschepost.de\/cmc-studie-bestandskunden-2021\" target=\"_blank\" rel=\"noreferrer noopener\">\u00c9tude CMC sur le publipostage imprim\u00e9<\/a>, 2021<\/p>\n\n\n\n<div class=\"wp-block-ugb-button ugb-button-wrapper wp-video-popup ugb-2c60159 ugb-main-block\"><style>.ugb-2c60159 .ugb-block-content{justify-content:flex-start !important}.ugb-2c60159 .ugb-inner-block{text-align:left}<\/style><div class=\"ugb-inner-block\"><div class=\"ugb-block-content\"><div class=\"ugb-button-container\"><a class=\"ugb-button1 ugb-button ugb-button--size-normal\" href=\"https:\/\/alles-ueber-mailings.deutschepost.de\/podcast\" target=\"_blank\" rel=\"noopener noreferrer\" title=\"\"><span class=\"ugb-button--inner\">\u00c9couter maintenant : Podcast sur le publipostage<\/span><\/a><\/div><\/div><\/div><\/div>\n\n\n\n<p><\/p>\n<\/div><\/div><\/div><\/div><\/div>\n<\/div><\/div><\/div><\/div>\n\n<div class=\"alignfull wp-block-ugb-columns ugb-columns ugb-3c0970f ugb-columns--design-plain ugb-columns--columns-2 ugb-main-block ugb-main-block--inner-center ugb--has-block-background\"><style>.ugb-3c0970f-content-wrapper{grid-column-gap:60px !important}.ugb-3c0970f.ugb-columns{background-color:#cfe7e1}.ugb-3c0970f.ugb-columns:before{background-color:#cfe7e1}<\/style><div class=\"ugb-inner-block ugb-inner-block--center\"><div class=\"ugb-block-content\"><div class=\"ugb-columns__item ugb-3c0970f-content-wrapper\">\n<div class=\"wp-block-ugb-column ugb-column ugb-93832a8 ugb-column--design-plain ugb-main-block\"><style>@media screen and (min-width:768px){.ugb-93832a8.ugb-column{margin-top:0px !important}.ugb-93832a8 > .ugb-inner-block > .ugb-block-content > *{justify-content:flex-end}}.ugb-93832a8 > .ugb-inner-block > .ugb-block-content > *{justify-content:flex-end !important}@media screen and (min-width:768px){.ugb-93832a8 > .ugb-inner-block > .ugb-block-content > *{padding-top:0px !important;padding-bottom:0px !important;padding-right:0px !important;padding-left:0px !important}}<\/style><div class=\"ugb-inner-block\"><div class=\"ugb-block-content\"><div class=\"ugb-column__item ugb-93832a8-column-wrapper\"><div class=\"ugb-column__content-wrapper\">\n<div class=\"wp-block-ugb-heading ugb-heading ugb-073da84 ugb-main-block\"><div class=\"ugb-inner-block\"><div class=\"ugb-block-content\"><h2 class=\"ugb-heading__title\">Nous sommes l\u00e0 pour toi.<\/h2><\/div><\/div><\/div>\n\n\n\n<figure class=\"wp-block-image size-aiv_480w is-resized is-style-default\"><img loading=\"lazy\" decoding=\"async\" src=\"https:\/\/aivie.ch\/wp-content\/uploads\/2022\/05\/Kreative-Kampagne-fu&#x308;r-Digital-und-Print-480x480.png\" alt=\"Campagne cr&#xE9;ative pour le num&#xE9;rique et l&#039;imprim&#xE9;\" class=\"wp-image-7478\" width=\"377\" height=\"377\" title=\"\"><\/figure>\n<\/div><\/div><\/div><\/div><\/div>\n\n\n\n<div class=\"wp-block-ugb-column ugb-column ugb-a9ab490 ugb-column--design-plain ugb-main-block\"><div class=\"ugb-inner-block\"><div class=\"ugb-block-content\"><div class=\"ugb-column__item ugb-a9ab490-column-wrapper\"><div class=\"ugb-column__content-wrapper\">\n<div class=\"wp-block-ugb-heading ugb-heading ugb-778fe36 ugb-main-block\" id=\"kreativ\"><style>.ugb-778fe36 .ugb-heading__title{color:#283e4c}<\/style><div class=\"ugb-inner-block\"><div class=\"ugb-block-content\"><h2 class=\"ugb-heading__title\"><span style=\"color: #283e4c\" class=\"ugb-highlight\">Campagne cr\u00e9ative pour le num\u00e9rique et l&rsquo;imprim\u00e9<\/span><\/h2><p class=\"ugb-heading__subtitle\">Tinkerbelle et Aivie \u00e9laborent avec toi une campagne de marketing automation pour relier le monde en ligne au monde hors ligne.<\/p><\/div><\/div><\/div>\n\n\n\n<div class=\"wp-block-ugb-button ugb-button-wrapper ugb-68da120 ugb-main-block\"><style>.ugb-68da120 .ugb-block-content{justify-content:flex-start !important}.ugb-68da120 .ugb-inner-block{text-align:left}<\/style><div class=\"ugb-inner-block\"><div class=\"ugb-block-content\"><div class=\"ugb-button-container\"><a class=\"ugb-button1 ugb-button ugb-button--size-normal\" href=\"https:\/\/aivie.ch\/product\/kreative-kampagne-digital-print\/\" target=\"_blank\" rel=\"noopener noreferrer\" title=\"\"><span class=\"ugb-button--inner\">Campagne de mailing imprim\u00e9 \u2013 enti\u00e8rement automatique.<\/span><\/a><\/div><\/div><\/div><\/div>\n<\/div><\/div><\/div><\/div><\/div>\n<\/div><\/div><\/div><\/div>\n\n<h2 class=\"wp-block-heading\" id=\"h-ein-partner-von\">Un partenaire de<\/h2>\n\n<figure class=\"wp-block-image size-large\"><img loading=\"lazy\" decoding=\"async\" width=\"1920\" height=\"460\" src=\"https:\/\/cdn.aivie.ch\/media\/wp\/2021\/09\/19131531\/2000px-Deutsche_Post-Logo.svg_-1920x460.png\" alt=\"\" class=\"wp-image-2447\" title=\"\" srcset=\"https:\/\/cdn.aivie.ch\/media\/wp\/2021\/09\/19131531\/2000px-Deutsche_Post-Logo.svg_-1920x460.png 1920w, https:\/\/cdn.aivie.ch\/media\/wp\/2021\/09\/19131531\/2000px-Deutsche_Post-Logo.svg_-960x230.png 960w, https:\/\/cdn.aivie.ch\/media\/wp\/2021\/09\/19131531\/2000px-Deutsche_Post-Logo.svg_-768x184.png 768w, https:\/\/cdn.aivie.ch\/media\/wp\/2021\/09\/19131531\/2000px-Deutsche_Post-Logo.svg_-1200x287.png 1200w, https:\/\/cdn.aivie.ch\/media\/wp\/2021\/09\/19131531\/2000px-Deutsche_Post-Logo.svg_-480x115.png 480w, https:\/\/cdn.aivie.ch\/media\/wp\/2021\/09\/19131531\/2000px-Deutsche_Post-Logo.svg_-600x144.png 600w, https:\/\/cdn.aivie.ch\/media\/wp\/2021\/09\/19131531\/2000px-Deutsche_Post-Logo.svg_.png 2000w\" sizes=\"auto, (max-width: 1920px) 100vw, 1920px\" \/><\/figure>\n\n\t<div class=\"wp-video-popup-wrapper\" data-wp-video-popup-id=\"printmailing\">\n\t\t<div class=\"wp-video-popup-close\"><\/div>\n\t\t\n\t\t\t<iframe class=\"wp-video-popup-video is-hosted is-landscape is-resizable\" src=\"\" data-wp-video-popup-url=\"https:\/\/www.youtube.com\/embed\/6mevjMlSlRA?autoplay=1&#038;rel=0\" frameborder=\"0\" allowfullscreen allow=\"autoplay\">\n\t\t\t<\/iframe>\n\t\t\n\t<\/div>\n\t\n\n\t<div class=\"wp-video-popup-wrapper\" data-wp-video-popup-id=\"mailing\">\n\t\t<div class=\"wp-video-popup-close\"><\/div>\n\t\t\n\t\t\t<iframe class=\"wp-video-popup-video is-hosted is-landscape is-resizable\" src=\"\" data-wp-video-popup-url=\"https:\/\/www.youtube.com\/embed\/6mevjMlSlRA?autoplay=1&#038;rel=0\" frameborder=\"0\" allowfullscreen allow=\"autoplay\">\n\t\t\t<\/iframe>\n\t\t\n\t<\/div>\n\t\n","protected":false},"excerpt":{"rendered":"<p>En un seul clic. Relier si facilement le marketing en ligne et hors ligne Avec Tinkerbelle, Aivie et la Deutsche Post, tu envoies un message personnalis\u00e9 \u00e0 tes contacts en un seul clic. Mets en \u0153uvre ta campagne de mailing imprim\u00e9 en toute simplicit\u00e9 gr\u00e2ce \u00e0 la solution Web-to-Print de la Deutsche Post. Enrichir ta &hellip; <a href=\"https:\/\/aivie.ch\/fr\/campagnes-de-mailing-imprime\/\" class=\"more-link\">Continuer la lecture de <span class=\"screen-reader-text\">Campagnes de mailing imprim\u00e9<\/span><\/a><\/p>\n","protected":false},"author":1,"featured_media":9756,"parent":0,"menu_order":0,"comment_status":"closed","ping_status":"closed","template":"front-page.php","meta":{"_acf_changed":false,"footnotes":""},"class_list":["post-16803","page","type-page","status-publish","has-post-thumbnail","hentry"],"acf":[],"featured_image_urls_v2":{"full":["https:\/\/cdn.aivie.ch\/media\/wp\/2021\/09\/10144431\/printmailing-kampagnen.jpg",1280,720,false],"thumbnail":["https:\/\/cdn.aivie.ch\/media\/wp\/2021\/09\/10144431\/printmailing-kampagnen-240x240.jpg",240,240,true],"medium":["https:\/\/cdn.aivie.ch\/media\/wp\/2021\/09\/10144431\/printmailing-kampagnen-960x540.jpg",960,540,true],"medium_large":["https:\/\/cdn.aivie.ch\/media\/wp\/2021\/09\/10144431\/printmailing-kampagnen-768x432.jpg",768,432,true],"large":["https:\/\/cdn.aivie.ch\/media\/wp\/2021\/09\/10144431\/printmailing-kampagnen.jpg",990,557,false],"post-thumbnail":["https:\/\/cdn.aivie.ch\/media\/wp\/2021\/09\/10144431\/printmailing-kampagnen-1200x675.jpg",1200,675,true],"aiv_480w":["https:\/\/cdn.aivie.ch\/media\/wp\/2021\/09\/10144431\/printmailing-kampagnen-480x270.jpg",480,270,true],"woocommerce_thumbnail":["https:\/\/cdn.aivie.ch\/media\/wp\/2021\/09\/10144431\/printmailing-kampagnen-240x240.jpg",240,240,true],"woocommerce_single":["https:\/\/cdn.aivie.ch\/media\/wp\/2021\/09\/10144431\/printmailing-kampagnen-960x540.jpg",960,540,true],"woocommerce_gallery_thumbnail":["https:\/\/cdn.aivie.ch\/media\/wp\/2021\/09\/10144431\/printmailing-kampagnen-240x240.jpg",240,240,true]},"post_excerpt_stackable_v2":"<p>En un seul clic. Relier si facilement le marketing en ligne et hors ligneAvec Tinkerbelle, Aivie et la Deutsche Post, tu envoies un message personnalis\u00e9 \u00e0 tes contacts en un seul clic. Mets en \u0153uvre ta campagne de mailing imprim\u00e9 en toute simplicit\u00e9 gr\u00e2ce \u00e0 la solution Web-to-Print de la Deutsche Post. Enrichir ta campagne de marketing avec des mailings imprim\u00e9s automatis\u00e9s. Voir la vid\u00e9o du webinaire Voici comment cela fonctionne Automatiser les mailings imprim\u00e9sD\u00e9finir des d\u00e9clencheurs personnalis\u00e9s dans les campagnesAugmenter le taux de conversion de 10 Un marketing r\u00e9ussi. Tout \u00e0 fait automatiquement.Avec Aivie, planifier et cibler facilement les\u2026<\/p>\n","category_list_v2":"","author_info_v2":{"name":"Adrian Schimpf","url":"https:\/\/aivie.ch\/fr\/author\/adrian\/"},"comments_num_v2":"0 commentaire","_links":{"self":[{"href":"https:\/\/aivie.ch\/fr\/wp-json\/wp\/v2\/pages\/16803","targetHints":{"allow":["GET"]}}],"collection":[{"href":"https:\/\/aivie.ch\/fr\/wp-json\/wp\/v2\/pages"}],"about":[{"href":"https:\/\/aivie.ch\/fr\/wp-json\/wp\/v2\/types\/page"}],"author":[{"embeddable":true,"href":"https:\/\/aivie.ch\/fr\/wp-json\/wp\/v2\/users\/1"}],"replies":[{"embeddable":true,"href":"https:\/\/aivie.ch\/fr\/wp-json\/wp\/v2\/comments?post=16803"}],"version-history":[{"count":1,"href":"https:\/\/aivie.ch\/fr\/wp-json\/wp\/v2\/pages\/16803\/revisions"}],"predecessor-version":[{"id":16819,"href":"https:\/\/aivie.ch\/fr\/wp-json\/wp\/v2\/pages\/16803\/revisions\/16819"}],"wp:featuredmedia":[{"embeddable":true,"href":"https:\/\/aivie.ch\/fr\/wp-json\/wp\/v2\/media\/9756"}],"wp:attachment":[{"href":"https:\/\/aivie.ch\/fr\/wp-json\/wp\/v2\/media?parent=16803"}],"curies":[{"name":"wp","href":"https:\/\/api.w.org\/{rel}","templated":true}]}}