{"id":16801,"date":"2023-12-15T05:35:54","date_gmt":"2023-12-15T03:35:54","guid":{"rendered":"https:\/\/aivie.ch\/confirmation-dinscription-au-webinaire\/"},"modified":"2023-12-15T05:36:03","modified_gmt":"2023-12-15T03:36:03","slug":"confirmation-dinscription-au-webinaire","status":"publish","type":"page","link":"https:\/\/aivie.ch\/fr\/confirmation-dinscription-au-webinaire\/","title":{"rendered":"Confirmation d&rsquo;inscription au webinaire"},"content":{"rendered":"\n<div class=\"alignfull wp-block-ugb-container ugb-container ugb-d2af22f ugb-container--v2 ugb-container--design-plain ugb-main-block ugb-main-block--inner-center ugb--has-block-background ugb--has-background-overlay\"><style>.ugb-d2af22f.ugb-container{background-image:url(https:\/\/cdn.aivie.ch\/media\/wp\/2021\/06\/19131703\/pattern-u-960w.png);background-position:bottom right;background-repeat:no-repeat;background-size:40% !important}.ugb-d2af22f.ugb-container:before{opacity:0.5}@media screen and (min-width:768px){.ugb-d2af22f-content-wrapper.ugb-container__content-wrapper{width:90% !important}.ugb-d2af22f.ugb-container{margin-top:0px !important;padding-top:0px !important;padding-right:35px !important;padding-left:35px !important}}<\/style><div class=\"ugb-inner-block ugb-inner-block--center\"><div class=\"ugb-block-content\"><div class=\"ugb-container__wrapper ugb-d2af22f-wrapper\"><div class=\"ugb-container__side\"><div class=\"ugb-container__content-wrapper ugb-d2af22f-content-wrapper\">\n<div class=\"wp-block-ugb-heading ugb-heading ugb-5431ba5 ugb-main-block\"><style>.ugb-5431ba5 .ugb-heading__title{text-align:center}.ugb-5431ba5 .ugb-inner-block{text-align:center}<\/style><div class=\"ugb-inner-block\"><div class=\"ugb-block-content\"><h1 class=\"ugb-heading__title\">Merci beaucoup pour ton int\u00e9r\u00eat ! V\u00e9rifie tes e-mails.<\/h1><p class=\"ugb-heading__subtitle\">La r\u00e9ception de l&rsquo;e-mail peut prendre quelques minutes. Vous n&rsquo;avez pas re\u00e7u d&rsquo;e-mail ? V\u00e9rifie ton dossier de spam et ajoute l&rsquo;exp\u00e9diteur \u00e0 ton carnet d&rsquo;adresses. Tu n&rsquo;as toujours rien re\u00e7u ? <a href=\"https:\/\/aivie.ch\/fr\/contact\/\">Contacte-nous<\/a>.<\/p><\/div><\/div><\/div>\n<\/div><\/div><\/div><\/div><\/div><\/div>\n\n<div class=\"aligncenter wp-block-ugb-blog-posts ugb-blog-posts ugb-956f7f2 ugb-blog-posts--v2 ugb-blog-posts--design-list ugb-blog-posts--columns-1 ugb-main-block\"><style>.ugb-956f7f2 .ugb-blog-posts__featured-image{border-radius:0px !important}.ugb-956f7f2 .ugb-block-title{text-align:center}<\/style><div class=\"ugb-inner-block\"><h2 class=\"ugb-block-title\">En savoir plus sur le marketing automation<\/h2><div class=\"ugb-block-content\"><article class=\"ugb-blog-posts__item\"><figure class=\"ugb-blog-posts__featured-image\"><a href=\"https:\/\/aivie.ch\/fr\/automatiser-la-conformite-des-materiaux-comment-studer-cables-numerise-efficacement-les-processus-fournisseurs\/\"><img loading=\"lazy\" decoding=\"async\" width=\"990\" height=\"660\" src=\"https:\/\/cdn.aivie.ch\/media\/wp\/2026\/01\/28135655\/mood-form-material-compliance-automation-studer-cables.jpg\" class=\"attachment-large size-large wp-post-image\" alt=\"Formulaire Automatisation de la conformit\u00e9 des mat\u00e9riaux Studer Cables\" title=\"\"><\/a><\/figure><div class=\"ugb-blog-posts__content\"><h3 class=\"ugb-blog-posts__title\"><a href=\"https:\/\/aivie.ch\/fr\/automatiser-la-conformite-des-materiaux-comment-studer-cables-numerise-efficacement-les-processus-fournisseurs\/\">Automatiser la conformit\u00e9 des mat\u00e9riaux&nbsp;: comment Studer Cables num\u00e9rise efficacement les processus fournisseurs<\/a><\/h3><div class=\"ugb-blog-posts__excerpt\"><p>La conformit\u00e9 des mat\u00e9riaux est indispensable, mais souvent chronophage. Avec Aivie, Studer Cables \u00e9conomise plusieurs jours de travail par cycle dans le processus de conformit\u00e9. Studer Cables \u00e9tait confront\u00e9e au d\u00e9fi de v\u00e9rifier r\u00e9guli\u00e8rement et de mani\u00e8re tra\u00e7able la conformit\u00e9 de centaines de mat\u00e9riaux, de nombreux fournisseurs et de diff\u00e9rents produits. Nous avons optimis\u00e9 cela&#8230;<\/div><p class=\"ugb-blog-posts__readmore\"><a href=\"https:\/\/aivie.ch\/fr\/automatiser-la-conformite-des-materiaux-comment-studer-cables-numerise-efficacement-les-processus-fournisseurs\/\">Lire la suite<\/a><\/p><\/div><\/article><article class=\"ugb-blog-posts__item\"><figure class=\"ugb-blog-posts__featured-image\"><a href=\"https:\/\/aivie.ch\/fr\/ferris-labs-a-double-ses-contacts-marketing-automation-case\/\"><img loading=\"lazy\" decoding=\"async\" width=\"990\" height=\"660\" src=\"https:\/\/cdn.aivie.ch\/media\/wp\/2023\/09\/08101227\/Customer-Case-Ferris-Labs.png\" class=\"attachment-large size-large wp-post-image\" alt=\"\" title=\"\"><\/a><\/figure><div class=\"ugb-blog-posts__content\"><h3 class=\"ugb-blog-posts__title\"><a href=\"https:\/\/aivie.ch\/fr\/ferris-labs-a-double-ses-contacts-marketing-automation-case\/\">Ferris Labs a doubl\u00e9 ses contacts \u2013 Marketing Automation Case<\/a><\/h3><div class=\"ugb-blog-posts__excerpt\"><p>Notre client, Ferris AI, est une entreprise d&rsquo;ing\u00e9nierie logicielle innovante qui s&rsquo;est engag\u00e9e \u00e0 r\u00e9volutionner la fa\u00e7on dont les \u00e9quipes de d\u00e9veloppement travaillent. Aivie a soutenu la start-up Ferris AI avec l&rsquo;outil d&rsquo;automatisation du marketing et les services de Growth Marketing. Table des mati\u00e8resQu&rsquo;est-ce qui a \u00e9t\u00e9 une exp\u00e9rience r\u00e9ussie avec Aivie ?Que fait Ferris&#8230;<\/div><p class=\"ugb-blog-posts__readmore\"><a href=\"https:\/\/aivie.ch\/fr\/ferris-labs-a-double-ses-contacts-marketing-automation-case\/\">Lire la suite<\/a><\/p><\/div><\/article><article class=\"ugb-blog-posts__item\"><div class=\"ugb-blog-posts__content\"><h3 class=\"ugb-blog-posts__title\"><a href=\"https:\/\/aivie.ch\/fr\/5-raisons-de-se-lancer-dans-le-marketing-automation\/\">5 raisons de se lancer dans le marketing automation<\/a><\/h3><div class=\"ugb-blog-posts__excerpt\"><p>Le travail d&rsquo;un directeur marketing ou d&rsquo;un CMO n\u00e9cessite de jongler avec diff\u00e9rents canaux, messages et m\u00eame groupes cibles. Sans un certain degr\u00e9 d&rsquo;automatisation, il est difficile de garder une vue d&rsquo;ensemble de toute la communication, de toutes les activit\u00e9s. De nombreuses entreprises osent maintenant se lancer dans le marketing automation \u2013 notamment parce que&#8230;<\/div><p class=\"ugb-blog-posts__readmore\"><a href=\"https:\/\/aivie.ch\/fr\/5-raisons-de-se-lancer-dans-le-marketing-automation\/\">Lire la suite<\/a><\/p><\/div><\/article><article class=\"ugb-blog-posts__item\"><figure class=\"ugb-blog-posts__featured-image\"><a href=\"https:\/\/aivie.ch\/fr\/solution-demail-marketing-evolutive-pour-la-start-up-de-travel-tech-boddy\/\"><img loading=\"lazy\" decoding=\"async\" width=\"990\" height=\"714\" src=\"https:\/\/cdn.aivie.ch\/media\/wp\/2025\/05\/12114437\/aivie-e-mail-marketing-boddy.jpg\" class=\"attachment-large size-large wp-post-image\" alt=\"\" title=\"\"><\/a><\/figure><div class=\"ugb-blog-posts__content\"><h3 class=\"ugb-blog-posts__title\"><a href=\"https:\/\/aivie.ch\/fr\/solution-demail-marketing-evolutive-pour-la-start-up-de-travel-tech-boddy\/\">Solution d&rsquo;e-mail marketing \u00e9volutive pour la start-up Travel-Tech BODDY<\/a><\/h3><div class=\"ugb-blog-posts__excerpt\"><p>Lorsque BODDY, une start-up technologique dans le domaine du voyage et du bien-\u00eatre en pleine croissance, a rachet\u00e9 son concurrent danois TrainAway en 2023, sa base dutilisateurs a soudainement atteint les six chiffres. Une solution d&rsquo;e-mail marketing \u00e9tait n\u00e9cessaire pour soutenir une croissance rapide \u2013 sans que les e-mails n&rsquo;atterrissent dans le dossier SPAM. Les&#8230;<\/div><p class=\"ugb-blog-posts__readmore\"><a href=\"https:\/\/aivie.ch\/fr\/solution-demail-marketing-evolutive-pour-la-start-up-de-travel-tech-boddy\/\">Lire la suite<\/a><\/p><\/div><\/article><article class=\"ugb-blog-posts__item\"><figure class=\"ugb-blog-posts__featured-image\"><a href=\"https:\/\/aivie.ch\/fr\/plusieurs-milliers-de-francs-de-chiffre-daffaires-avec-les-clients-existants-de-lhotel-marketing-automation-case\/\"><img loading=\"lazy\" decoding=\"async\" width=\"990\" height=\"660\" src=\"https:\/\/cdn.aivie.ch\/media\/wp\/2024\/09\/10140056\/balcony-at-hotel-riva-rooms-studios.jpg\" class=\"attachment-large size-large wp-post-image\" alt=\"Balcon de l&#039;h\u00f4tel Riva Rooms Studios\" title=\"\"><\/a><\/figure><div class=\"ugb-blog-posts__content\"><h3 class=\"ugb-blog-posts__title\"><a href=\"https:\/\/aivie.ch\/fr\/plusieurs-milliers-de-francs-de-chiffre-daffaires-avec-les-clients-existants-de-lhotel-marketing-automation-case\/\">Plusieurs milliers de francs de chiffre d&rsquo;affaires avec les clients existants de l&rsquo;h\u00f4tel \u2013 Marketing Automation Case<\/a><\/h3><div class=\"ugb-blog-posts__excerpt\"><p>Notre client Riva Rooms &amp; Studios est un h\u00f4tel intelligent automatis\u00e9 \u00e0 Locarno. Gr\u00e2ce \u00e0 l&rsquo;aide d&rsquo;Aivie, ils parviennent d\u00e9sormais \u00e9galement \u00e0 attirer des clients de mani\u00e8re moderne. En mettant en place avec succ\u00e8s une campagne de newsletter automatis\u00e9e, ils ont d\u00e9j\u00e0 pu obtenir des r\u00e9servations de plusieurs milliers de francs aupr\u00e8s de clients existants&#8230;.<\/div><p class=\"ugb-blog-posts__readmore\"><a href=\"https:\/\/aivie.ch\/fr\/plusieurs-milliers-de-francs-de-chiffre-daffaires-avec-les-clients-existants-de-lhotel-marketing-automation-case\/\">Lire la suite<\/a><\/p><\/div><\/article><article class=\"ugb-blog-posts__item\"><figure class=\"ugb-blog-posts__featured-image\"><a href=\"https:\/\/aivie.ch\/fr\/marketing-automation-avec-wordpress-comment-smolio-genere-automatiquement-des-clients-a-partir-de-leads\/\"><img loading=\"lazy\" decoding=\"async\" width=\"990\" height=\"660\" src=\"https:\/\/cdn.aivie.ch\/media\/wp\/2023\/11\/27151421\/Marketing-Automation-mit-WordPress.png\" class=\"attachment-large size-large wp-post-image\" alt=\"\" title=\"\"><\/a><\/figure><div class=\"ugb-blog-posts__content\"><h3 class=\"ugb-blog-posts__title\"><a href=\"https:\/\/aivie.ch\/fr\/marketing-automation-avec-wordpress-comment-smolio-genere-automatiquement-des-clients-a-partir-de-leads\/\">Marketing Automation avec WordPress : comment Smolio g\u00e9n\u00e8re automatiquement des clients \u00e0 partir de leads<\/a><\/h3><div class=\"ugb-blog-posts__excerpt\"><p>Comment Smolio transforme des leads anonymes de son site WordPress en clients payants gr\u00e2ce \u00e0 son funnel de gestion de leads automatis\u00e9. Importance de la gestion automatis\u00e9e des leads pour Smolio La gestion et le suivi des leads jouent un r\u00f4le d\u00e9cisif dans le marketing en ligne de Smolio. Il permet d&rsquo;attirer des prospects et&#8230;<\/div><p class=\"ugb-blog-posts__readmore\"><a href=\"https:\/\/aivie.ch\/fr\/marketing-automation-avec-wordpress-comment-smolio-genere-automatiquement-des-clients-a-partir-de-leads\/\">Lire la suite<\/a><\/p><\/div><\/article><\/div><\/div><\/div>\n","protected":false},"excerpt":{"rendered":"<p>En savoir plus sur le marketing automation Marketing automation avec le marketing des m\u00e9dias sociaux Tu veux r\u00e9ussir \u00e0 collecter des contacts via Google et les m\u00e9dias sociaux ? Et ensuite, les interpeller \u00e0 nouveau lorsque tes canaux sont \u00e9puis\u00e9s ? Avec l&rsquo;int\u00e9gration d&rsquo;adhook et d&rsquo;Aivie, c&rsquo;est possible \u2013 automatiquement ! Avec adhook, tu peux &hellip; <a href=\"https:\/\/aivie.ch\/fr\/confirmation-dinscription-au-webinaire\/\" class=\"more-link\">Continuer la lecture de <span class=\"screen-reader-text\">Confirmation d&rsquo;inscription au webinaire<\/span><\/a><\/p>\n","protected":false},"author":1,"featured_media":0,"parent":0,"menu_order":0,"comment_status":"closed","ping_status":"closed","template":"front-page.php","meta":{"_acf_changed":false,"footnotes":""},"class_list":["post-16801","page","type-page","status-publish","hentry"],"acf":[],"featured_image_urls_v2":{"full":"","thumbnail":"","medium":"","medium_large":"","large":"","post-thumbnail":"","aiv_480w":"","woocommerce_thumbnail":"","woocommerce_single":"","woocommerce_gallery_thumbnail":""},"post_excerpt_stackable_v2":"<p>Merci beaucoup pour ton int\u00e9r\u00eat ! V\u00e9rifie tes e-mails.La r\u00e9ception de l&rsquo;e-mail peut prendre quelques minutes. Vous n&rsquo;avez pas re\u00e7u d&rsquo;e-mail ? V\u00e9rifie ton dossier de spam et ajoute l&rsquo;exp\u00e9diteur \u00e0 ton carnet d&rsquo;adresses. Tu n&rsquo;as toujours rien re\u00e7u ? Contacte-nous. En savoir plus sur le marketing automationSolution d&rsquo;e-mail marketing \u00e9volutive pour la start-up Travel-Tech BODDYLorsque BODDY, une start-up technologique dans le domaine du voyage et du bien-\u00eatre en pleine croissance, a rachet\u00e9 son concurrent danois TrainAway en 2023, sa base dutilisateurs a soudainement atteint les six chiffres. Une solution d&rsquo;e-mail marketing \u00e9tait n\u00e9cessaire pour soutenir une croissance rapide \u2013\u2026<\/p>\n","category_list_v2":"","author_info_v2":{"name":"Adrian Schimpf","url":"https:\/\/aivie.ch\/fr\/author\/adrian\/"},"comments_num_v2":"0 commentaire","_links":{"self":[{"href":"https:\/\/aivie.ch\/fr\/wp-json\/wp\/v2\/pages\/16801","targetHints":{"allow":["GET"]}}],"collection":[{"href":"https:\/\/aivie.ch\/fr\/wp-json\/wp\/v2\/pages"}],"about":[{"href":"https:\/\/aivie.ch\/fr\/wp-json\/wp\/v2\/types\/page"}],"author":[{"embeddable":true,"href":"https:\/\/aivie.ch\/fr\/wp-json\/wp\/v2\/users\/1"}],"replies":[{"embeddable":true,"href":"https:\/\/aivie.ch\/fr\/wp-json\/wp\/v2\/comments?post=16801"}],"version-history":[{"count":1,"href":"https:\/\/aivie.ch\/fr\/wp-json\/wp\/v2\/pages\/16801\/revisions"}],"predecessor-version":[{"id":16806,"href":"https:\/\/aivie.ch\/fr\/wp-json\/wp\/v2\/pages\/16801\/revisions\/16806"}],"wp:attachment":[{"href":"https:\/\/aivie.ch\/fr\/wp-json\/wp\/v2\/media?parent=16801"}],"curies":[{"name":"wp","href":"https:\/\/api.w.org\/{rel}","templated":true}]}}