{"id":16795,"date":"2023-12-15T05:35:54","date_gmt":"2023-12-15T03:35:54","guid":{"rendered":"https:\/\/aivie.ch\/parlons-de-la-protection-des-donnees\/"},"modified":"2024-09-19T11:35:30","modified_gmt":"2024-09-19T09:35:30","slug":"parlons-de-la-protection-des-donnees","status":"publish","type":"page","link":"https:\/\/aivie.ch\/fr\/parlons-de-la-protection-des-donnees\/","title":{"rendered":"Parlons de la protection des donn\u00e9es"},"content":{"rendered":"\n<p>Aivie respecte ta vie priv\u00e9e.<\/p>\n\n<h2 class=\"wp-block-heading\" id=\"h-geltungsbereich\">Champ d&rsquo;application<\/h2>\n\n<p>Cette d\u00e9claration de confidentialit\u00e9 explique comment les informations sont collect\u00e9es, utilis\u00e9es et stock\u00e9es lors de ta visite sur nos sites web, lorsque tu utilises des services via nos sites web et lors de la communication avec nous.<\/p>\n\n<p>La protection des donn\u00e9es concerne les donn\u00e9es personnelles, c&rsquo;est-\u00e0-dire toutes les informations qui se rapportent \u00e0 une personne (physique ou morale) identifi\u00e9e ou identifiable. Cela comprend des informations telles que le pr\u00e9nom, le nom, le titre, l&rsquo;adresse postale, l&rsquo;adresse e-mail, le num\u00e9ro de t\u00e9l\u00e9phone et d&rsquo;autres donn\u00e9es similaires que tu fournis dans le cadre de la communication avec nous, par exemple dans le cadre d&rsquo;une commande ou d&rsquo;une enqu\u00eate. Cela inclut ton adresse IP et tes consultations de pages et tes r\u00e9actions aux offres en ligne.<\/p>\n\n<p>La base juridique de ce traitement est notre int\u00e9r\u00eat l\u00e9gitime, \u00e0 savoir la bonne gestion de notre site web ainsi que notre activit\u00e9 commerciale et la communication avec les utilisateurs. Le traitement des donn\u00e9es \u00e0 caract\u00e8re personnel s&rsquo;effectue dans le cadre du r\u00e8glement g\u00e9n\u00e9ral sur la protection des donn\u00e9es (RGPD) de l&rsquo;Union europ\u00e9enne.<\/p>\n\n<p>En utilisant notre offre en ligne, tu acceptes notre d\u00e9claration de protection des donn\u00e9es et tu consens au traitement de tes donn\u00e9es personnelles dans le respect des lois en vigueur sur la protection des donn\u00e9es et des dispositions suivantes.<\/p>\n\n<h2 class=\"wp-block-heading\" id=\"h-links-und-angebote-von-dritten\">Liens et offres de tiers<\/h2>\n\n<p>Nous ne garantissons pas le respect des dispositions relatives \u00e0 la protection des donn\u00e9es pour les contenus et les offres de tiers qui sont reli\u00e9s \u00e0 nos sites web ou publi\u00e9s dans nos m\u00e9dias.<\/p>\n\n<h2 class=\"wp-block-heading\" id=\"h-kommunikation-mit-uns\">Communiquer avec nous<\/h2>\n\n<p>Nos sites web sont crypt\u00e9s SSL pour des raisons de s\u00e9curit\u00e9 et pour prot\u00e9ger la transmission des contenus confidentiels que tu nous envoies en tant qu&rsquo;utilisateur. Une connexion crypt\u00e9e SSL est indiqu\u00e9e par le fait que la barre d&rsquo;adresse du navigateur passe de \u00ab\u00a0http:\/\/\u00a0\u00bb \u00e0 \u00ab\u00a0https:\/\/\u00a0\u00bb et que le symbole du cadenas s&rsquo;affiche dans la barre de votre navigateur. Si le cryptage SSL est activ\u00e9, les donn\u00e9es que tu nous transmettras ne pourront pas \u00eatre lues par des tiers.<\/p>\n\n<p>Nous attirons ton attention sur le fait que la transmission de donn\u00e9es sur Internet (par ex. lors de la communication par e-mail) peut pr\u00e9senter des failles de s\u00e9curit\u00e9. Dans ce cas, il n&rsquo;est pas possible d&rsquo;assurer une protection compl\u00e8te des donn\u00e9es contre l&rsquo;acc\u00e8s de tiers.<\/p>\n\n<h2 class=\"wp-block-heading\" id=\"h-datenverarbeitung\">Traitement des donn\u00e9es<\/h2>\n\n<p>Nous collectons, enregistrons et traitons tes donn\u00e9es personnelles aussi longtemps que cela est n\u00e9cessaire pour la finalit\u00e9 de la collecte ou que cela est prescrit ou autoris\u00e9 par la loi.<\/p>\n\n<h2 class=\"wp-block-heading\" id=\"h-google-analytics\">Google Analytics<\/h2>\n\n<p>Nous utilisons Google Analytics, un service d&rsquo;analyse web de Google Inc, 1600 Amphitheater Parkway, Mountain View, CA 94043, USA. Tu trouveras la d\u00e9claration de confidentialit\u00e9 de Google sur <a href=\"https:\/\/policies.google.com\/privacy\" target=\"_blank\" rel=\"noopener\">https:\/\/policies.google.com\/privacy<\/a> <\/p>\n\n<p>Google Analytics utilise des cookies, qui sont des fichiers texte plac\u00e9s dans ton navigateur, pour aider le site internet \u00e0 analyser l&rsquo;utilisation du site. L&rsquo;objectif des cookies est notamment d&rsquo;analyser l&rsquo;utilisation de ces sites web \u00e0 des fins d&rsquo;\u00e9valuation statistique et d&rsquo;am\u00e9lioration continue de notre offre et de notre communication.<\/p>\n\n<p>Les informations g\u00e9n\u00e9r\u00e9es par les cookies de Google Analytics concernant ton utilisation du site web sont transmises \u00e0 un serveur de Google aux \u00c9tats-Unis et y sont enregistr\u00e9es. Google utilisera cette information dans le but d&rsquo;\u00e9valuer l&rsquo;utilisation du site, de compiler des rapports sur l&rsquo;activit\u00e9 du site \u00e0 destination de son \u00e9diteur et de fournir d&rsquo;autres services relatifs \u00e0 l&rsquo;activit\u00e9 du site et \u00e0 l&rsquo;utilisation d&rsquo;Internet. Google peut \u00e9galement transmettre ces informations \u00e0 des tiers si la loi l&rsquo;exige ou si des tiers traitent ces donn\u00e9es pour le compte de Google. Cependant, Google ne recoupera en aucun cas ton adresse IP avec d&rsquo;autres donn\u00e9es de Google.  <\/p>\n\n<p>Notez que sur ce site, Google Analytics a \u00e9t\u00e9 compl\u00e9t\u00e9 par le code \u00ab\u00a0gat._anonymizeIp () ;\u00a0\u00bb afin de garantir une collecte anonyme des adresses IP (ce que l&rsquo;on appelle le masquage IP). Lorsque l&rsquo;anonymisation est activ\u00e9e, Google tronque les adresses IP dans les \u00c9tats membres de l&rsquo;Union europ\u00e9enne ou dans d&rsquo;autres \u00c9tats signataires de l&rsquo;accord sur l&rsquo;Espace \u00e9conomique europ\u00e9en, de sorte qu&rsquo;il n&rsquo;est pas possible d&rsquo;identifier votre identit\u00e9. Ce n&rsquo;est que dans des cas exceptionnels que l&rsquo;adresse IP compl\u00e8te est transmise \u00e0 un serveur de Google aux \u00c9tats-Unis et y est abr\u00e9g\u00e9e. Google adh\u00e8re aux dispositions de protection des donn\u00e9es du Privacy Shield Agreement et est enregistr\u00e9 aupr\u00e8s du Privacy Shield Program du D\u00e9partement du Commerce. Google utilise les informations que nous collectons pour \u00e9valuer l&rsquo;utilisation de nos sites web, en rendre compte et nous fournir d&rsquo;autres services connexes.  <\/p>\n\n<p>Tu peux emp\u00eacher l&rsquo;enregistrement de cookies en configurant ton navigateur en cons\u00e9quence. Nous attirons toutefois ton attention sur le fait que, dans ce cas, tu ne pourras \u00e9ventuellement pas utiliser toutes les fonctions de nos sites web dans leur int\u00e9gralit\u00e9.  <\/p>\n\n<h2 class=\"wp-block-heading\" id=\"h-google-recaptcha\">Google reCAPTCHA<\/h2>\n\n<p>Pour prot\u00e9ger vos demandes via nos formulaires, nous utilisons le service <a href=\"https:\/\/www.google.com\/recaptcha\/about\/\" target=\"_blank\" rel=\"noreferrer noopener\">Google reCAPTCHA<\/a>.\nCe service sert \u00e0 distinguer si la saisie est effectu\u00e9e par un \u00eatre humain ou de mani\u00e8re abusive par un traitement automatis\u00e9 et m\u00e9canique.\nDans le cadre de ce service, des donn\u00e9es telles que l&rsquo;adresse IP, le temps pass\u00e9 par l&rsquo;utilisateur sur le site ou les mouvements de la souris sont transmises \u00e0 Google.\nCes informations sont soumises \u00e0 la politique de confidentialit\u00e9 de Google.   <\/p>\n\n<h2 class=\"wp-block-heading\" id=\"h-facebook-pixel\">Pixel Facebook<\/h2>\n\n<p>Nous utilisons les pixels Facebook de Facebook Ireland Limited, 4 Grand Canal Square, Dublin 2, Irlande. Tu trouveras la politique de confidentialit\u00e9 de Facebook sur <a href=\"https:\/\/www.facebook.com\/about\/privacy\/\" target=\"_blank\" rel=\"noopener\">https:\/\/www.facebook.com\/about\/privacy\/<\/a><\/p>\n\n<p>Gr\u00e2ce aux pixels Facebook, nos mesures de communication sur Facebook peuvent \u00eatre mieux adapt\u00e9es \u00e0 tes souhaits et int\u00e9r\u00eats. Les pixels permettent \u00e0 Facebook de comparer les donn\u00e9es utilisateur des visiteurs de notre site web (donn\u00e9es client telles que l&rsquo;adresse IP) avec les comptes Facebook. Le serveur Facebook est alors inform\u00e9 des sites que tu as visit\u00e9s.  <\/p>\n\n<p>Notez que Facebook a adh\u00e9r\u00e9 \u00e0 l&rsquo;accord Privacy Shield conclu entre l&rsquo;Union europ\u00e9enne et les \u00c9tats-Unis et s&rsquo;est certifi\u00e9 en cons\u00e9quence. Ce faisant, la soci\u00e9t\u00e9 Facebook s&rsquo;engage \u00e0 respecter les normes et les dispositions de la l\u00e9gislation europ\u00e9enne en mati\u00e8re de protection des donn\u00e9es.  <\/p>\n\n<p>Vous pouvez d\u00e9sactiver Custom Audiences et emp\u00eacher ainsi Facebook d&rsquo;attribuer directement les informations collect\u00e9es \u00e0 votre compte d&rsquo;utilisateur Facebook. Pour cela, tu dois \u00eatre connect\u00e9(e) \u00e0 Facebook.<\/p>\n\n<h2 class=\"wp-block-heading\" id=\"h-chatgpt-ai\">ChatGPT AI<\/h2>\n\n<p>L&rsquo;assistant de cr\u00e9ation d&rsquo;e-mail dans l&rsquo;outil Aivie utilise ChatGPT d&rsquo;OpenAI. Ce faisant, nous ne collectons que les donn\u00e9es n\u00e9cessaires \u00e0 la mise \u00e0 disposition de notre service (assistant de messagerie). ChatGPT peut collecter et traiter des donn\u00e9es personnelles telles que le nom, l&rsquo;adresse, le num\u00e9ro de t\u00e9l\u00e9phone ou l&rsquo;adresse e-mail, si tu les saisis. Nous ne collectons ni ne conservons ces informations.<br\/>En utilisant l&rsquo;assistant de messagerie, vous reconnaissez et acceptez que vos interactions avec la technologie soient trait\u00e9es depuis et vers les \u00c9tats-Unis.<\/p>\n\n<p>  Les dispositions d&rsquo;OpenAI s&rsquo;appliquent \u00e0 l&rsquo;adresse suivante : www.openai.com\/policies.<\/p>\n\n<h2 class=\"wp-block-heading\" id=\"h-aivie-marketing-automatisierung\">Automatisation du marketing Aivie<\/h2>\n\n<p>Ce site web utilise Aivie comme service d&rsquo;automatisation du marketing open source auto-h\u00e9berg\u00e9.  <\/p>\n\n<p>Aivie utilise des cookies, c&rsquo;est-\u00e0-dire des fichiers texte qui sont enregistr\u00e9s dans ton navigateur et qui permettent d&rsquo;analyser l&rsquo;utilisation des sites web. L&rsquo;objectif des cookies est notamment d&rsquo;analyser l&rsquo;utilisation de ces sites web \u00e0 des fins d&rsquo;\u00e9valuation statistique et d&rsquo;am\u00e9lioration continue de notre offre et de notre communication.<\/p>\n\n<p>Note que les informations g\u00e9n\u00e9r\u00e9es par les cookies Aivie concernant ton utilisation de ce site web sont stock\u00e9es sur nos propres serveurs en Suisse et en Europe et ne sont pas transmises \u00e0 des tiers.  <\/p>\n\n<p>Vous pouvez emp\u00eacher l&rsquo;enregistrement de cookies en configurant votre navigateur en cons\u00e9quence.\nNous attirons toutefois votre attention sur le fait que, dans ce cas, vous ne pourrez peut-\u00eatre pas utiliser toutes les fonctions de nos sites Web dans leur int\u00e9gralit\u00e9. <\/p>\n\n<h2 class=\"wp-block-heading\" id=\"plugin-bexio-to-google-datastudio-connector\">Plugin Bexio to Google Datastudio Connector<\/h2>\n\n<p>Le plugin Bexio to Google Datastudio Connector, ci-apr\u00e8s \u00ab\u00a0plugin Bexio GDS\u00a0\u00bb, ne transf\u00e8re que des donn\u00e9es de Bexio vers Google Data Studio. Le plugin Bexio GDS ne stocke ni n&rsquo;utilise les informations re\u00e7ues d&rsquo;aucune autre mani\u00e8re. Toutes les informations re\u00e7ues par les API Google sont conformes aux R\u00e8gles relatives aux donn\u00e9es utilisateur de Google API Services, y compris les exigences relatives \u00e0 l&rsquo;utilisation limit\u00e9e.<br\/><\/p>\n\n<p>Le plugin Bexio GDS ne stocke ni ne traite aucune des donn\u00e9es re\u00e7ues. Les donn\u00e9es de l&rsquo;utilisateur Google ne sont utilis\u00e9es que pour acc\u00e9der \u00e0 la fonctionnalit\u00e9 requise dans Google Data Studio et pour s&rsquo;assurer que l&rsquo;utilisateur dispose des autorisations n\u00e9cessaires pour acc\u00e9der au connecteur.<\/p>\n\n<h2 class=\"wp-block-heading\" id=\"h-dein-recht-uber-deine-daten\">Ton droit sur tes donn\u00e9es<\/h2>\n\n<p>Tu peux \u00e0 tout moment demander des informations sur tes donn\u00e9es personnelles enregistr\u00e9es, leur origine, leur destinataire et la finalit\u00e9 du traitement des donn\u00e9es. Tu as un droit de rectification, de blocage ou <a href=\"https:\/\/m.aivie.ch\/kommunikationseinstellungen-aivie-datenloschung\" target=\"_blank\" rel=\"noreferrer noopener\">de suppression<\/a> de ces donn\u00e9es.  <\/p>\n\n<p>Si tu as des questions ou des demandes concernant les donn\u00e9es personnelles, \u00e9cris-nous simplement quelques lignes \u00e0 <a href=\"mailto:legal@aivie.ch\">legal@aivie.ch<\/a><\/p>\n\n<p><\/p>\n\n<p>Aivie by Idea 2 Collective GmbH<br\/>Wengistrasse 6<br\/>8004 Zurich<\/p>\n","protected":false},"excerpt":{"rendered":"<p>Aivie respecte ta vie priv\u00e9e. Champ d&rsquo;application Cette d\u00e9claration de confidentialit\u00e9 explique comment les informations sont collect\u00e9es, utilis\u00e9es et stock\u00e9es lors de ta visite sur nos sites web, lorsque tu utilises des services via nos sites web et lors de la communication avec nous. La protection des donn\u00e9es concerne les donn\u00e9es personnelles, c&rsquo;est-\u00e0-dire toutes les &hellip; <a href=\"https:\/\/aivie.ch\/fr\/parlons-de-la-protection-des-donnees\/\" class=\"more-link\">Continuer la lecture de <span class=\"screen-reader-text\">Parlons de la protection des donn\u00e9es<\/span><\/a><\/p>\n","protected":false},"author":1,"featured_media":0,"parent":0,"menu_order":0,"comment_status":"closed","ping_status":"closed","template":"","meta":{"_acf_changed":false,"footnotes":""},"class_list":["post-16795","page","type-page","status-publish","hentry"],"acf":[],"featured_image_urls_v2":{"full":"","thumbnail":"","medium":"","medium_large":"","large":"","post-thumbnail":"","aiv_480w":"","woocommerce_thumbnail":"","woocommerce_single":"","woocommerce_gallery_thumbnail":""},"post_excerpt_stackable_v2":"<p>Aivie respecte ta vie priv\u00e9e. Champ d&rsquo;application Cette d\u00e9claration de confidentialit\u00e9 explique comment les informations sont collect\u00e9es, utilis\u00e9es et stock\u00e9es lors de ta visite sur nos sites web, lorsque tu utilises des services via nos sites web et lors de la communication avec nous. La protection des donn\u00e9es concerne les donn\u00e9es personnelles, c&rsquo;est-\u00e0-dire toutes les informations qui se rapportent \u00e0 une personne (physique ou morale) identifi\u00e9e ou identifiable. Cela comprend des informations telles que le pr\u00e9nom, le nom, le titre, l&rsquo;adresse postale, l&rsquo;adresse e-mail, le num\u00e9ro de t\u00e9l\u00e9phone et d&rsquo;autres donn\u00e9es similaires que tu fournis dans le cadre de la\u2026<\/p>\n","category_list_v2":"","author_info_v2":{"name":"Adrian Schimpf","url":"https:\/\/aivie.ch\/fr\/author\/adrian\/"},"comments_num_v2":"0 commentaire","_links":{"self":[{"href":"https:\/\/aivie.ch\/fr\/wp-json\/wp\/v2\/pages\/16795","targetHints":{"allow":["GET"]}}],"collection":[{"href":"https:\/\/aivie.ch\/fr\/wp-json\/wp\/v2\/pages"}],"about":[{"href":"https:\/\/aivie.ch\/fr\/wp-json\/wp\/v2\/types\/page"}],"author":[{"embeddable":true,"href":"https:\/\/aivie.ch\/fr\/wp-json\/wp\/v2\/users\/1"}],"replies":[{"embeddable":true,"href":"https:\/\/aivie.ch\/fr\/wp-json\/wp\/v2\/comments?post=16795"}],"version-history":[{"count":2,"href":"https:\/\/aivie.ch\/fr\/wp-json\/wp\/v2\/pages\/16795\/revisions"}],"predecessor-version":[{"id":19666,"href":"https:\/\/aivie.ch\/fr\/wp-json\/wp\/v2\/pages\/16795\/revisions\/19666"}],"wp:attachment":[{"href":"https:\/\/aivie.ch\/fr\/wp-json\/wp\/v2\/media?parent=16795"}],"curies":[{"name":"wp","href":"https:\/\/api.w.org\/{rel}","templated":true}]}}