{"id":16792,"date":"2023-12-15T05:29:49","date_gmt":"2023-12-15T03:29:49","guid":{"rendered":"https:\/\/aivie.ch\/webinaire-sur-lautomatisation-du-marketing\/"},"modified":"2026-01-11T11:02:33","modified_gmt":"2026-01-11T09:02:33","slug":"webinaire-sur-lautomatisation-du-marketing","status":"publish","type":"page","link":"https:\/\/aivie.ch\/fr\/webinaire-sur-lautomatisation-du-marketing\/","title":{"rendered":"Webinaire sur l&rsquo;automatisation du marketing"},"content":{"rendered":"\n<div class=\"alignfull wp-block-ugb-columns ugb-columns ugb-6a1c680 ugb-columns--design-plain ugb-columns--columns-2 ugb-main-block ugb-main-block--inner-center ugb--has-block-background ugb--has-background-overlay\"><style>.ugb-6a1c680 > .ugb-inner-block > .ugb-block-content > .ugb-columns__item{grid-template-columns:0.88fr 1.12fr !important}.ugb-6a1c680.ugb-columns{background-image:url(https:\/\/cdn.aivie.ch\/media\/wp\/2021\/06\/19131702\/pattern-company-960w.png);background-position:top left;background-repeat:no-repeat;background-size:47% !important}.ugb-6a1c680.ugb-columns:before{opacity:0.5}<\/style><div class=\"ugb-inner-block ugb-inner-block--center\"><div class=\"ugb-block-content\"><div class=\"ugb-columns__item ugb-6a1c680-content-wrapper\">\n<div class=\"wp-block-ugb-column ugb-column ugb-08cc573 ugb-column--design-plain ugb-main-block\"><div class=\"ugb-inner-block\"><div class=\"ugb-block-content\"><div class=\"ugb-column__item ugb-08cc573-column-wrapper\"><div class=\"ugb-column__content-wrapper\">\n<figure class=\"wp-block-image size-full\"><img loading=\"lazy\" decoding=\"async\" width=\"1920\" height=\"1359\" src=\"https:\/\/cdn.aivie.ch\/media\/wp\/2022\/02\/22104952\/dona-watching-webinar-marketing-automation-tool-aivie-1920w.png\" alt=\"\" class=\"wp-image-5520\" title=\"\" srcset=\"https:\/\/cdn.aivie.ch\/media\/wp\/2022\/02\/22104952\/dona-watching-webinar-marketing-automation-tool-aivie-1920w.png 1920w, https:\/\/cdn.aivie.ch\/media\/wp\/2022\/02\/22104952\/dona-watching-webinar-marketing-automation-tool-aivie-1920w-960x680.png 960w, https:\/\/cdn.aivie.ch\/media\/wp\/2022\/02\/22104952\/dona-watching-webinar-marketing-automation-tool-aivie-1920w-768x544.png 768w, https:\/\/cdn.aivie.ch\/media\/wp\/2022\/02\/22104952\/dona-watching-webinar-marketing-automation-tool-aivie-1920w-1200x849.png 1200w, https:\/\/cdn.aivie.ch\/media\/wp\/2022\/02\/22104952\/dona-watching-webinar-marketing-automation-tool-aivie-1920w-480x340.png 480w, https:\/\/cdn.aivie.ch\/media\/wp\/2022\/02\/22104952\/dona-watching-webinar-marketing-automation-tool-aivie-1920w-600x425.png 600w\" sizes=\"auto, (max-width: 1920px) 100vw, 1920px\" \/><\/figure>\n<\/div><\/div><\/div><\/div><\/div>\n\n\n\n<div class=\"wp-block-ugb-column ugb-column ugb-b1ebd53 ugb-column--design-plain ugb-main-block\"><style>@media screen and (min-width:768px){.ugb-b1ebd53 > .ugb-inner-block > .ugb-block-content > *{justify-content:center}}.ugb-b1ebd53 > .ugb-inner-block > .ugb-block-content > *{justify-content:center !important}@media screen and (min-width:768px){.ugb-b1ebd53 > .ugb-inner-block > .ugb-block-content > *{padding-top:20px !important;padding-bottom:20px !important;padding-right:20px !important;padding-left:20px !important}}<\/style><div class=\"ugb-inner-block\"><div class=\"ugb-block-content\"><div class=\"ugb-column__item ugb-b1ebd53-column-wrapper\"><div class=\"ugb-column__content-wrapper\">\n<div class=\"wp-block-ugb-heading ugb-heading ugb-5a0a15d ugb-main-block\"><div class=\"ugb-inner-block\"><div class=\"ugb-block-content\"><h1 class=\"ugb-heading__title\">Webinaire gratuit sur le marketing automation<\/h1><p class=\"ugb-heading__subtitle\">Au cours de ce webinaire de 30 minutes, vous d\u00e9couvrirez les meilleures pratiques en mati\u00e8re de marketing automation. Vous d\u00e9couvrirez ce qui fait partie d&rsquo;un funnel de marketing automation r\u00e9ussi et comment l&rsquo;appliquer avec Aivie.<\/p><\/div><\/div><\/div>\n\n\n\n<div class=\"aligncenter wp-block-ugb-container ugb-container ugb-7f9a818 ugb-container--v2 ugb-container--design-basic ugb-main-block\"><style>.ugb-7f9a818-wrapper.ugb-container__wrapper{background-color:#283e4c !important}.ugb-7f9a818-wrapper.ugb-container__wrapper:before{background-color:#283e4c !important}.ugb-7f9a818-content-wrapper > h1,.ugb-7f9a818-content-wrapper > h2,.ugb-7f9a818-content-wrapper > h3,.ugb-7f9a818-content-wrapper > h4,.ugb-7f9a818-content-wrapper > h5,.ugb-7f9a818-content-wrapper > h6{color:#ffffff}.ugb-7f9a818-content-wrapper > p,.ugb-7f9a818-content-wrapper > ol li,.ugb-7f9a818-content-wrapper > ul li{color:#ffffff}<\/style><div class=\"ugb-inner-block\"><div class=\"ugb-block-content\"><div class=\"ugb-container__wrapper ugb-7f9a818-wrapper\"><div class=\"ugb-container__side\"><div class=\"ugb-container__content-wrapper ugb-7f9a818-content-wrapper\">\n<h2 class=\"wp-block-heading has-white-color has-text-color has-link-color has-large-font-size wp-elements-256d2a9b778144d13205348c7d6470bf\" id=\"h-marketing-automation-webinar\">Webinaire sur l&rsquo;automatisation du marketing<\/h2>\n\n\n\n<div class=\"alignfull wp-block-ugb-icon-list ugb-icon-list ugb-0458c41 ugb-icon-list--v2 ugb-main-block ugb-main-block--inner-center ugb--has-block-background\"><style>.ugb-0458c41 li{color:#ffffff;--icon-size:8px !important}.ugb-0458c41 li::before{width:8px !important;height:8px !important;background-image:url('data:image\/svg+xml;base64,PHN2ZyBkYXRhLXByZWZpeD0iZmFzIiBkYXRhLWljb249ImNpcmNsZSIgY2xhc3M9InN2Zy1pbmxpbmUtLWZhIGZhLWNpcmNsZSBmYS13LTE2IiByb2xlPSJpbWciIHhtbG5zPSJodHRwOi8vd3d3LnczLm9yZy8yMDAwL3N2ZyIgdmlld0JveD0iMCAwIDUxMiA1MTIiIHN0eWxlPSJmaWxsOiAjZTYzMzEyICFpbXBvcnRhbnQ7IGNvbG9yOiAjZTYzMzEyICFpbXBvcnRhbnQiPjxwYXRoIGZpbGw9IiNlNjMzMTIiIGQ9Ik0yNTYgOEMxMTkgOCA4IDExOSA4IDI1NnMxMTEgMjQ4IDI0OCAyNDggMjQ4LTExMSAyNDgtMjQ4UzM5MyA4IDI1NiA4eiIgc3Ryb2tlPSIjZTYzMzEyIiBzdHlsZT0iZmlsbDogcmdiKDIzMCwgNTEsIDE4KTsgc3Ryb2tlOiByZ2IoMjMwLCA1MSwgMTgpOyIvPjwvc3ZnPg==')}.ugb-0458c41.ugb-icon-list ul{columns:1}.ugb-0458c41.ugb-icon-list{background-color:#283e4c}.ugb-0458c41{padding:0 !important}.ugb-0458c41.ugb-icon-list:before{background-color:#283e4c}<\/style><div class=\"ugb-inner-block ugb-inner-block--center\"><div class=\"ugb-block-content\"><ul><li>Dos &amp; Don&rsquo;ts dans le marketing automation<\/li><li>Les \u00e9l\u00e9ments d&rsquo;une campagne r\u00e9ussie<\/li><li>Campagnes de marketing automatis\u00e9es<\/li><li>Questions et r\u00e9ponses<\/li><\/ul><\/div><\/div><\/div>\n\n\n\n<div class=\"wp-block-ugb-button ugb-button-wrapper ugb-0f7f321 ugb-main-block\"><style>.ugb-0f7f321 .ugb-block-content{justify-content:center !important}.ugb-0f7f321 .ugb-button1:hover{background-color:;opacity:1}.ugb-0f7f321 .ugb-button1:before{content:\"\";background-image:linear-gradient(90deg,,)}.ugb-0f7f321 .ugb-inner-block{text-align:center}<\/style><div class=\"ugb-inner-block\"><div class=\"ugb-block-content\"><div class=\"ugb-button-container\"><a class=\"ugb-button1 ugb-button ugb-button--size-normal ugb-button--ghost-to-normal-effect ugb-button--design-ghost\" href=\"#join\" rel=\"\" title=\"\"><span class=\"ugb-button--inner\">S&rsquo;inscrire maintenant<\/span><\/a><\/div><div class=\"ugb-button-container\"><a class=\"ugb-button2 ugb-button ugb-button--size-normal ugb-button--design-plain\" href=\"#webinar-details\" rel=\"\" title=\"\"><span class=\"ugb-button--inner\">D\u00e9tails<\/span><\/a><\/div><\/div><\/div><\/div>\n<\/div><\/div><\/div><\/div><\/div><\/div>\n<\/div><\/div><\/div><\/div><\/div>\n<\/div><\/div><\/div><\/div>\n\n<div class=\"alignfull wp-block-ugb-columns ugb-columns ugb-7f87984 ugb-columns--design-plain ugb-columns--columns-3 ugb-main-block ugb-main-block--inner-center ugb--has-block-background\" id=\"webinar-details\"><style>.ugb-7f87984 > .ugb-inner-block > .ugb-block-content > .ugb-columns__item{grid-template-columns:0.75fr 1.50fr 0.75fr !important}.ugb-7f87984.ugb-columns{background-color:#EFF0F1}.ugb-7f87984.ugb-columns:before{background-color:#EFF0F1}.ugb-7f87984 .ugb-block-title{color:#e63312}<\/style><div class=\"ugb-inner-block ugb-inner-block--center\"><h2 class=\"ugb-block-title ugb-block-title--with-subtitle\">Contenu du webinaire Marketing Automation<\/h2><p class=\"ugb-block-description\">Dans le webinaire, tu obtiendras une introduction rapide au th\u00e8me des cycles de vente et des funnels marketing. Nous te montrons comment mettre en place des campagnes r\u00e9ussies avec Aivie. Tu peux poser des questions et obtenir une r\u00e9ponse directe de nos experts en marketing automation.<\/p><div class=\"ugb-block-content\"><div class=\"ugb-columns__item ugb-7f87984-content-wrapper\">\n<div class=\"wp-block-ugb-column ugb-column ugb-267de64 ugb-column--design-plain ugb-main-block\"><div class=\"ugb-inner-block\"><div class=\"ugb-block-content\"><div class=\"ugb-column__item ugb-267de64-column-wrapper\"><div class=\"ugb-column__content-wrapper\">\n<h3 class=\"wp-block-heading\" id=\"h-was-steckt-drin\">Ce qu&rsquo;il y a dedans<\/h3>\n\n\n\n<div class=\"wp-block-ugb-icon-list ugb-icon-list ugb-5eba3f1 ugb-icon-list--v2 ugb-main-block\"><style>.ugb-5eba3f1 li{--icon-size:8px !important}.ugb-5eba3f1 li::before{width:8px !important;height:8px !important;background-image:url('data:image\/svg+xml;base64,PHN2ZyBkYXRhLXByZWZpeD0iZmFzIiBkYXRhLWljb249ImNpcmNsZSIgY2xhc3M9InN2Zy1pbmxpbmUtLWZhIGZhLWNpcmNsZSBmYS13LTE2IiByb2xlPSJpbWciIHhtbG5zPSJodHRwOi8vd3d3LnczLm9yZy8yMDAwL3N2ZyIgdmlld0JveD0iMCAwIDUxMiA1MTIiIHN0eWxlPSJmaWxsOiAjZTYzMzEyICFpbXBvcnRhbnQ7IGNvbG9yOiAjZTYzMzEyICFpbXBvcnRhbnQiPjxwYXRoIGZpbGw9IiNlNjMzMTIiIGQ9Ik0yNTYgOEMxMTkgOCA4IDExOSA4IDI1NnMxMTEgMjQ4IDI0OCAyNDggMjQ4LTExMSAyNDgtMjQ4UzM5MyA4IDI1NiA4eiIgc3Ryb2tlPSIjZTYzMzEyIiBzdHlsZT0iZmlsbDogcmdiKDIzMCwgNTEsIDE4KTsgc3Ryb2tlOiByZ2IoMjMwLCA1MSwgMTgpOyIvPjwvc3ZnPg==')}.ugb-5eba3f1.ugb-icon-list ul{columns:1}<\/style><div class=\"ugb-inner-block\"><div class=\"ugb-block-content\"><ul><li>Cr\u00e9er des formulaires et des e-mails<\/li><li>Aimants de prospection et pages de renvoi<\/li><li>Segments de contacts avec le lead scoring<\/li><\/ul><\/div><\/div><\/div>\n<\/div><\/div><\/div><\/div><\/div>\n\n\n\n<div class=\"wp-block-ugb-column ugb-column ugb-a5e6ada ugb-column--design-plain ugb-main-block\"><div class=\"ugb-inner-block\"><div class=\"ugb-block-content\"><div class=\"ugb-column__item ugb-a5e6ada-column-wrapper\"><div class=\"ugb-column__content-wrapper\">\n<h3 class=\"wp-block-heading\" id=\"h-fur-wen\">Pour qui<\/h3>\n\n\n\n<div class=\"wp-block-ugb-icon-list ugb-icon-list ugb-7036262 ugb-icon-list--v2 ugb-main-block\"><style>.ugb-7036262 li{--icon-size:8px !important}.ugb-7036262 li::before{width:8px !important;height:8px !important;background-image:url('data:image\/svg+xml;base64,PHN2ZyBkYXRhLXByZWZpeD0iZmFzIiBkYXRhLWljb249ImNpcmNsZSIgY2xhc3M9InN2Zy1pbmxpbmUtLWZhIGZhLWNpcmNsZSBmYS13LTE2IiByb2xlPSJpbWciIHhtbG5zPSJodHRwOi8vd3d3LnczLm9yZy8yMDAwL3N2ZyIgdmlld0JveD0iMCAwIDUxMiA1MTIiIHN0eWxlPSJmaWxsOiAjZTYzMzEyICFpbXBvcnRhbnQ7IGNvbG9yOiAjZTYzMzEyICFpbXBvcnRhbnQiPjxwYXRoIGZpbGw9IiNlNjMzMTIiIGQ9Ik0yNTYgOEMxMTkgOCA4IDExOSA4IDI1NnMxMTEgMjQ4IDI0OCAyNDggMjQ4LTExMSAyNDgtMjQ4UzM5MyA4IDI1NiA4eiIgc3Ryb2tlPSIjZTYzMzEyIiBzdHlsZT0iZmlsbDogcmdiKDIzMCwgNTEsIDE4KTsgc3Ryb2tlOiByZ2IoMjMwLCA1MSwgMTgpOyIvPjwvc3ZnPg==')}.ugb-7036262.ugb-icon-list ul{columns:2}<\/style><div class=\"ugb-inner-block\"><div class=\"ugb-block-content\"><ul><li>les responsables marketing qui souhaitent optimiser leur secteur gr\u00e2ce au marketing automation<\/li><li>Experts en marketing num\u00e9rique souhaitant utiliser le marketing automation<\/li><li>Propri\u00e9taires et cr\u00e9ateurs d&rsquo;entreprise qui souhaitent r\u00e9ussir leur entreprise gr\u00e2ce au marketing automation.<\/li><li>Conseillers en num\u00e9risation pour PME qui souhaitent proposer des solutions globales \u00e0 leurs clients.<\/li><li>les agences de marketing et de communication qui souhaitent offrir une valeur ajout\u00e9e \u00e0 leurs clients gr\u00e2ce au marketing automation<\/li><\/ul><\/div><\/div><\/div>\n<\/div><\/div><\/div><\/div><\/div>\n\n\n\n<div class=\"wp-block-ugb-column ugb-column ugb-12c1fbd ugb-column--design-plain ugb-main-block\"><div class=\"ugb-inner-block\"><div class=\"ugb-block-content\"><div class=\"ugb-column__item ugb-12c1fbd-column-wrapper\"><div class=\"ugb-column__content-wrapper\">\n<div class=\"wp-block-ugb-spacer ugb-spacer ugb-453f6f5 ugb-spacer--v2 ugb-main-block\"><style>@media screen and (min-width:768px){.ugb-453f6f5.ugb-spacer{height:24px !important}}<\/style><div class=\"ugb-inner-block\"><div class=\"ugb-block-content\"><div class=\"ugb-spacer--inner\"><\/div><\/div><\/div><\/div>\n\n\n\n<figure class=\"wp-block-image size-large\"><img loading=\"lazy\" decoding=\"async\" width=\"960\" height=\"892\" src=\"https:\/\/cdn.aivie.ch\/media\/wp\/2021\/08\/19131625\/using-aivie-marketing-automation-1920w-960x892.webp\" alt=\"utiliser l&#039;automatisation du marketing d&#039;aivie\" class=\"wp-image-1358\" title=\"\" srcset=\"https:\/\/cdn.aivie.ch\/media\/wp\/2021\/08\/19131625\/using-aivie-marketing-automation-1920w-960x892.webp 960w, https:\/\/cdn.aivie.ch\/media\/wp\/2021\/08\/19131625\/using-aivie-marketing-automation-1920w-480x446.webp 480w, https:\/\/cdn.aivie.ch\/media\/wp\/2021\/08\/19131625\/using-aivie-marketing-automation-1920w-240x223.webp 240w, https:\/\/cdn.aivie.ch\/media\/wp\/2021\/08\/19131625\/using-aivie-marketing-automation-1920w-768x713.webp 768w, https:\/\/cdn.aivie.ch\/media\/wp\/2021\/08\/19131625\/using-aivie-marketing-automation-1920w-1536x1426.webp 1536w, https:\/\/cdn.aivie.ch\/media\/wp\/2021\/08\/19131625\/using-aivie-marketing-automation-1920w-600x557.webp 600w, https:\/\/cdn.aivie.ch\/media\/wp\/2021\/08\/19131625\/using-aivie-marketing-automation-1920w.webp 1920w\" sizes=\"auto, (max-width: 960px) 100vw, 960px\" \/><\/figure>\n<\/div><\/div><\/div><\/div><\/div>\n<\/div><\/div><\/div><\/div>\n\n<div class=\"alignfull wp-block-ugb-testimonial ugb-testimonial ugb-606c172 ugb-testimonial--v3 ugb-testimonial--columns-3 ugb-testimonial--design-basic ugb-main-block ugb-main-block--inner-center ugb--has-block-background\"><style>.ugb-606c172 .ugb-testimonial__item{border-radius:0px !important}.ugb-606c172 .ugb-block-title{text-align:left;max-width:460px !important;margin-left:0 !important;margin-right:auto !important}<\/style><div class=\"ugb-inner-block ugb-inner-block--center\"><h2 class=\"ugb-block-title\">Ce que disent les participants<\/h2><div class=\"ugb-block-content\"><div class=\"ugb-testimonial__item ugb-testimonial__item1 ugb--shadow-0\"><div class=\"ugb-testimonial__body-wrapper\"><p class=\"ugb-testimonial__body\">C&rsquo;est ce qui m&rsquo;a plu : Court (30 minutes), concentration sur l&rsquo;essentiel.<\/p><\/div><div class=\"ugb-testimonial__person\"><h4 class=\"ugb-testimonial__name\">Christian B.<\/h4><p class=\"ugb-testimonial__position\">Directeur des ventes et du marketing<\/p><\/div><\/div><div class=\"ugb-testimonial__item ugb-testimonial__item2 ugb--shadow-0\"><div class=\"ugb-testimonial__body-wrapper\"><p class=\"ugb-testimonial__body\">Nous avons pu voir directement dans l&rsquo;outil o\u00f9 se trouvent les diff\u00e9rentes fonctionnalit\u00e9s. Les questions spontan\u00e9es ont \u00e9galement re\u00e7u une r\u00e9ponse.<\/p><\/div><div class=\"ugb-testimonial__person\"><h4 class=\"ugb-testimonial__name\">Katarina R.<\/h4><p class=\"ugb-testimonial__position\">Directeur du marketing<\/p><\/div><\/div><div class=\"ugb-testimonial__item ugb-testimonial__item3 ugb--shadow-0\"><div class=\"ugb-testimonial__body-wrapper\"><p class=\"ugb-testimonial__body\">Le webinaire m&rsquo;a permis d&rsquo;avoir un premier aper\u00e7u des possibilit\u00e9s offertes par Aivie.<\/p><\/div><div class=\"ugb-testimonial__person\"><h4 class=\"ugb-testimonial__name\">Patrick K.<\/h4><p class=\"ugb-testimonial__position\">Fondateur, directeur g\u00e9n\u00e9ral<\/p><\/div><\/div><\/div><\/div><\/div>\n\n<div class=\"alignfull wp-block-ugb-columns ugb-columns aiv-col-2 ugb-0059fdb ugb-columns--design-plain ugb-columns--columns-2 ugb-main-block ugb-main-block--inner-center ugb--has-block-background ugb--has-background-overlay\" id=\"join\"><style>.ugb-0059fdb.ugb-columns{background-color:#EFF0F1;background-image:url(https:\/\/cdn.aivie.ch\/media\/wp\/2021\/06\/19131703\/pattern-u-960w.png);background-position:top right;background-repeat:no-repeat;background-size:40% !important}.ugb-0059fdb.ugb-columns:before{background-color:#EFF0F1;opacity:0.5}@media screen and (min-width:768px){.ugb-0059fdb.ugb-columns{padding-right:35px !important}}<\/style><div class=\"ugb-inner-block ugb-inner-block--center\"><div class=\"ugb-block-content\"><div class=\"ugb-columns__item ugb-0059fdb-content-wrapper\">\n<div class=\"wp-block-ugb-column ugb-column ugb-7123f02 ugb-column--design-plain ugb-main-block\"><div class=\"ugb-inner-block\"><div class=\"ugb-block-content\"><div class=\"ugb-column__item ugb-7123f02-column-wrapper\"><div class=\"ugb-column__content-wrapper\">\n<div class=\"wp-block-ugb-heading ugb-heading ugb-e4c7aec ugb-main-block\"><div class=\"ugb-inner-block\"><div class=\"ugb-block-content\"><h2 class=\"ugb-heading__title\">Faites connaissance avec Adrian<\/h2><p class=\"ugb-heading__subtitle\">Depuis 2003, je me consacre avec passion \u00e0 la conception de points de contact num\u00e9riques en mettant clairement l&rsquo;accent sur l&rsquo;exp\u00e9rience client. Depuis 2019, je m&rsquo;occupe quotidiennement de concevoir des campagnes de marketing automation efficaces. Je suis aussi activement impliqu\u00e9 dans la communaut\u00e9 open source de Mautic. Cette passion et cette expertise se retrouvent \u00e0 la fois dans les projets de nos chers clients et dans mon entreprise, Aivie.<\/p><\/div><\/div><\/div>\n\n\n\n<div class=\"wp-block-ugb-button ugb-button-wrapper ugb-6967a16 ugb-main-block\"><style>.ugb-6967a16 .ugb-block-content{justify-content:flex-start !important}.ugb-6967a16 .ugb-inner-block{text-align:left}<\/style><div class=\"ugb-inner-block\"><div class=\"ugb-block-content\"><div class=\"ugb-button-container\"><a class=\"ugb-button1 ugb-button ugb-button--size-normal\" href=\"https:\/\/aivie.ch\/author\/adrian\/\" rel=\"\" title=\"\"><span class=\"ugb-button--inner\">Afficher le profil<\/span><\/a><\/div><\/div><\/div><\/div>\n<\/div><\/div><\/div><\/div><\/div>\n\n\n\n<div class=\"wp-block-ugb-column ugb-column ugb-e5e1294 ugb-column--design-plain ugb-main-block\"><div class=\"ugb-inner-block\"><div class=\"ugb-block-content\"><div class=\"ugb-column__item ugb-e5e1294-column-wrapper\"><div class=\"ugb-column__content-wrapper\">\n<figure class=\"wp-block-image alignleft size-full\"><img loading=\"lazy\" decoding=\"async\" width=\"800\" height=\"800\" src=\"https:\/\/cdn.aivie.ch\/media\/wp\/2022\/11\/16122426\/6.webp\" alt=\"aivie marketing automatin support local adrian schimpf\" class=\"wp-image-12369\" title=\"\" srcset=\"https:\/\/cdn.aivie.ch\/media\/wp\/2022\/11\/16122426\/6.webp 800w, https:\/\/cdn.aivie.ch\/media\/wp\/2022\/11\/16122426\/6.webp 240w, https:\/\/cdn.aivie.ch\/media\/wp\/2022\/11\/16122426\/6-768x768.webp 768w, https:\/\/cdn.aivie.ch\/media\/wp\/2022\/11\/16122426\/6-480x480.webp 480w\" sizes=\"auto, (max-width: 800px) 100vw, 800px\" \/><\/figure>\n<\/div><\/div><\/div><\/div><\/div>\n<\/div><\/div><\/div><\/div>\n\n<div class=\"wp-block-stackable-columns alignfull stk-block-columns stk-block stk-80883a5 stk-block-background\" data-block-id=\"80883a5\"><style>.stk-80883a5 {background-color:#cfe7e1 !important;padding-top:80px !important;padding-bottom:80px !important;margin-top:0px !important;margin-bottom:0px !important;}.stk-80883a5:before{background-color:#cfe7e1 !important;}.stk-80883a5-column{--stk-column-gap:40px !important;}<\/style><div class=\"stk-row stk-inner-blocks stk-block-content stk-content-align stk-80883a5-column\">\n<div class=\"wp-block-stackable-column stk-block-column stk-column stk-block stk-a84d2af\" data-v=\"4\" data-block-id=\"a84d2af\"><div class=\"stk-column-wrapper stk-block-column__content stk-container stk-a84d2af-container stk--no-background stk--no-padding\"><div class=\"stk-block-content stk-inner-blocks stk-a84d2af-inner-blocks\">\n<h2 class=\"wp-block-heading\" id=\"h-aller-anfang-ist-leicht\">Tous les d\u00e9buts sont faciles.<\/h2>\n\n\n\n<p>Que vous soyez directeur marketing, CMO, CTO, CEO, cr\u00e9ateur d&rsquo;entreprise ou simplement curieux, nous vous proposons un rendez-vous en ligne de 30 minutes pour discuter de votre cas.  <\/p>\n\n\n\n<p>A l&rsquo;aide d&rsquo;un cas d&rsquo;utilisation client comparable, nous vous montrons comment le marketing automation peut \u00eatre appliqu\u00e9 \u00e0 votre entreprise.  <\/p>\n\n\n\n<p>Le rendez-vous est gratuit.<\/p>\n<\/div><\/div><\/div>\n\n\n\n<div class=\"wp-block-stackable-column stk-block-column stk-column stk-block stk-78cc069\" data-v=\"4\" data-block-id=\"78cc069\"><div class=\"stk-column-wrapper stk-block-column__content stk-container stk-78cc069-container stk--no-background stk--no-padding\"><div class=\"stk-block-content stk-inner-blocks stk-78cc069-inner-blocks\">\n<div class=\"wp-block-stackable-heading stk-block-heading stk-block-heading--v2 stk-block stk-57881db\" id=\"span-style-color-283-e-4-c-class-ugb-highlight-erfahre-wie-dein-case-umgesetzt-werden-kann-span\" data-block-id=\"57881db\"><style>.stk-57881db {margin-bottom:40px !important;}<\/style><h2 class=\"stk-block-heading__text\"><span style=\"color: #283e4c;\" class=\"ugb-highlight\">D\u00e9couvrez comment votre cas peut \u00eatre mis en \u0153uvre<\/span><\/h2><\/div>\n\n\n<script type=\"text\/javascript\" src=\"https:\/\/m.aivie.ch\/form\/generate.js?id=36\"><\/script>\n<\/div><\/div><\/div>\n<\/div><\/div>\n","protected":false},"excerpt":{"rendered":"<p>Ce qu&rsquo;il y a dedans Cr\u00e9er des formulaires et des e-mails Aimants de prospection et pages de renvoi Segments de contacts avec le lead scoring Pour qui les responsables marketing qui souhaitent optimiser leur secteur gr\u00e2ce au marketing automation Experts en marketing num\u00e9rique souhaitant utiliser le marketing automation Propri\u00e9taires et cr\u00e9ateurs d&rsquo;entreprise qui souhaitent r\u00e9ussir &hellip; <a href=\"https:\/\/aivie.ch\/fr\/webinaire-sur-lautomatisation-du-marketing\/\" class=\"more-link\">Continuer la lecture de <span class=\"screen-reader-text\">Webinaire sur l&rsquo;automatisation du marketing<\/span><\/a><\/p>\n","protected":false},"author":1,"featured_media":25450,"parent":0,"menu_order":0,"comment_status":"closed","ping_status":"closed","template":"front-page.php","meta":{"_acf_changed":false,"footnotes":""},"class_list":["post-16792","page","type-page","status-publish","has-post-thumbnail","hentry"],"acf":[],"featured_image_urls_v2":{"full":["https:\/\/cdn.aivie.ch\/media\/wp\/2022\/02\/22104952\/dona-watching-webinar-marketing-automation-tool-aivie-1920w.png",1920,1359,false],"thumbnail":["https:\/\/cdn.aivie.ch\/media\/wp\/2022\/02\/22104952\/dona-watching-webinar-marketing-automation-tool-aivie-1920w-240x240.png",240,240,true],"medium":["https:\/\/cdn.aivie.ch\/media\/wp\/2022\/02\/22104952\/dona-watching-webinar-marketing-automation-tool-aivie-1920w-960x680.png",960,680,true],"medium_large":["https:\/\/cdn.aivie.ch\/media\/wp\/2022\/02\/22104952\/dona-watching-webinar-marketing-automation-tool-aivie-1920w-768x544.png",768,544,true],"large":["https:\/\/cdn.aivie.ch\/media\/wp\/2022\/02\/22104952\/dona-watching-webinar-marketing-automation-tool-aivie-1920w.png",990,701,false],"post-thumbnail":["https:\/\/cdn.aivie.ch\/media\/wp\/2022\/02\/22104952\/dona-watching-webinar-marketing-automation-tool-aivie-1920w-1200x849.png",1200,849,true],"aiv_480w":["https:\/\/cdn.aivie.ch\/media\/wp\/2022\/02\/22104952\/dona-watching-webinar-marketing-automation-tool-aivie-1920w-480x340.png",480,340,true],"woocommerce_thumbnail":["https:\/\/cdn.aivie.ch\/media\/wp\/2022\/02\/22104952\/dona-watching-webinar-marketing-automation-tool-aivie-1920w-240x240.png",240,240,true],"woocommerce_single":["https:\/\/cdn.aivie.ch\/media\/wp\/2022\/02\/22104952\/dona-watching-webinar-marketing-automation-tool-aivie-1920w-960x680.png",960,680,true],"woocommerce_gallery_thumbnail":["https:\/\/cdn.aivie.ch\/media\/wp\/2022\/02\/22104952\/dona-watching-webinar-marketing-automation-tool-aivie-1920w-240x240.png",240,240,true]},"post_excerpt_stackable_v2":"<p>Webinaire gratuit sur le marketing automationAu cours de ce webinaire de 30 minutes, vous d\u00e9couvrirez les meilleures pratiques en mati\u00e8re de marketing automation. Vous d\u00e9couvrirez ce qui fait partie d&rsquo;un funnel de marketing automation r\u00e9ussi et comment l&rsquo;appliquer avec Aivie. Webinaire sur l&rsquo;automatisation du marketing Dos &amp; Don&rsquo;ts dans le marketing automationLes \u00e9l\u00e9ments d&rsquo;une campagne r\u00e9ussieCampagnes de marketing automatis\u00e9esQuestions et r\u00e9ponses S&rsquo;inscrire maintenantD\u00e9tails Contenu du webinaire Marketing AutomationDans le webinaire, tu obtiendras une introduction rapide au th\u00e8me des cycles de vente et des funnels marketing. Nous te montrons comment mettre en place des campagnes r\u00e9ussies avec Aivie. Tu peux poser\u2026<\/p>\n","category_list_v2":"","author_info_v2":{"name":"Adrian Schimpf","url":"https:\/\/aivie.ch\/fr\/author\/adrian\/"},"comments_num_v2":"0 commentaire","_links":{"self":[{"href":"https:\/\/aivie.ch\/fr\/wp-json\/wp\/v2\/pages\/16792","targetHints":{"allow":["GET"]}}],"collection":[{"href":"https:\/\/aivie.ch\/fr\/wp-json\/wp\/v2\/pages"}],"about":[{"href":"https:\/\/aivie.ch\/fr\/wp-json\/wp\/v2\/types\/page"}],"author":[{"embeddable":true,"href":"https:\/\/aivie.ch\/fr\/wp-json\/wp\/v2\/users\/1"}],"replies":[{"embeddable":true,"href":"https:\/\/aivie.ch\/fr\/wp-json\/wp\/v2\/comments?post=16792"}],"version-history":[{"count":1,"href":"https:\/\/aivie.ch\/fr\/wp-json\/wp\/v2\/pages\/16792\/revisions"}],"predecessor-version":[{"id":16793,"href":"https:\/\/aivie.ch\/fr\/wp-json\/wp\/v2\/pages\/16792\/revisions\/16793"}],"wp:featuredmedia":[{"embeddable":true,"href":"https:\/\/aivie.ch\/fr\/wp-json\/wp\/v2\/media\/25450"}],"wp:attachment":[{"href":"https:\/\/aivie.ch\/fr\/wp-json\/wp\/v2\/media?parent=16792"}],"curies":[{"name":"wp","href":"https:\/\/api.w.org\/{rel}","templated":true}]}}