{"id":16781,"date":"2023-12-15T05:29:41","date_gmt":"2023-12-15T03:29:41","guid":{"rendered":"https:\/\/aivie.ch\/contact\/"},"modified":"2026-01-11T11:02:26","modified_gmt":"2026-01-11T09:02:26","slug":"contact","status":"publish","type":"page","link":"https:\/\/aivie.ch\/fr\/contact\/","title":{"rendered":"Contact"},"content":{"rendered":"\n<div class=\"aligncenter wp-block-ugb-columns ugb-columns ugb-77cc521 ugb-columns--design-plain ugb-columns--columns-2 ugb-main-block\"><div class=\"ugb-inner-block\"><div class=\"ugb-block-content\"><div class=\"ugb-columns__item ugb-77cc521-content-wrapper\">\n<div class=\"wp-block-ugb-column ugb-column ugb-4c0f38d ugb-column--design-plain ugb-main-block\"><div class=\"ugb-inner-block\"><div class=\"ugb-block-content\"><div class=\"ugb-column__item ugb-4c0f38d-column-wrapper\"><div class=\"ugb-column__content-wrapper\"><script type=\"text\/javascript\" src=\"https:\/\/m.aivie.ch\/form\/generate.js?id=7\"><\/script>\n<\/div><\/div><\/div><\/div><\/div>\n\n\n\n<div class=\"wp-block-ugb-column ugb-column ugb-4f4663c ugb-column--design-plain ugb-main-block\"><div class=\"ugb-inner-block\"><div class=\"ugb-block-content\"><div class=\"ugb-column__item ugb-4f4663c-column-wrapper\"><div class=\"ugb-column__content-wrapper\">\n<figure class=\"wp-block-image size-large\"><img loading=\"lazy\" decoding=\"async\" width=\"1920\" height=\"1318\" src=\"https:\/\/cdn.aivie.ch\/media\/wp\/2021\/06\/19131701\/working-on-marketing-automation-solution-1920w.jpg\" alt=\"\" class=\"wp-image-98\" title=\"\" srcset=\"https:\/\/cdn.aivie.ch\/media\/wp\/2021\/06\/19131701\/working-on-marketing-automation-solution-1920w.jpg 1920w, https:\/\/cdn.aivie.ch\/media\/wp\/2021\/06\/19131701\/working-on-marketing-automation-solution-1920w-600x412.jpg 960w, https:\/\/cdn.aivie.ch\/media\/wp\/2021\/06\/19131701\/working-on-marketing-automation-solution-1920w-480x330.jpg 480w, https:\/\/cdn.aivie.ch\/media\/wp\/2021\/06\/19131701\/working-on-marketing-automation-solution-1920w-240x165.jpg 240w, https:\/\/cdn.aivie.ch\/media\/wp\/2021\/06\/19131701\/working-on-marketing-automation-solution-1920w-768x527.jpg 768w, https:\/\/cdn.aivie.ch\/media\/wp\/2021\/06\/19131701\/working-on-marketing-automation-solution-1920w-1536x1054.jpg 1536w\" sizes=\"auto, (max-width: 1920px) 100vw, 1920px\" \/><\/figure>\n\n\n\n<div class=\"aligncenter wp-block-ugb-container ugb-container box-infos ugb-1d91290 ugb-container--v2 ugb-container--design-basic ugb-main-block\"><style>.ugb-1d91290-wrapper.ugb-container__wrapper{border-radius:0px !important;background-color:#283e4c !important}.ugb-1d91290-wrapper.ugb-container__wrapper:before{background-color:#283e4c !important}.ugb-1d91290 h1,.ugb-1d91290 h2,.ugb-1d91290 h3,.ugb-1d91290 h4,.ugb-1d91290 h5,.ugb-1d91290 h6{color:#e63312}.ugb-1d91290 p,.ugb-1d91290 li,.ugb-1d91290 label,.ugb-1d91290 table{color:#ffffff}.ugb-1d91290 a:hover,.ugb-1d91290 a:hover:visited{color:#e63312}.ugb-1d91290-content-wrapper > h1,.ugb-1d91290-content-wrapper > h2,.ugb-1d91290-content-wrapper > h3,.ugb-1d91290-content-wrapper > h4,.ugb-1d91290-content-wrapper > h5,.ugb-1d91290-content-wrapper > h6{color:#e63312}.ugb-1d91290-content-wrapper > p,.ugb-1d91290-content-wrapper > ol li,.ugb-1d91290-content-wrapper > ul li{color:#ffffff}.ugb-1d91290 a,.ugb-1d91290 a:visited,.ugb-1d91290 a:focus{color:#ffffff}<\/style><div class=\"ugb-inner-block\"><div class=\"ugb-block-content\"><div class=\"ugb-container__wrapper ugb-1d91290-wrapper ugb--shadow-0\"><div class=\"ugb-container__side\"><div class=\"ugb-container__content-wrapper ugb-1d91290-content-wrapper\">\n<h3 class=\"wp-block-heading\" id=\"hast-du-fragen\">Tu as des questions<\/h3>\n\n\n\n<p>N&rsquo;h\u00e9sitez pas \u00e0 nous appeler, nous sommes \u00e9galement l\u00e0 pour vous aider personnellement\u00a0:<br\/><br\/>Suisse\u00a0: <a href=\"tel:+4143%20883%2006%2072\">+41 43 883 06 72<\/a><\/p>\n<\/div><\/div><\/div><\/div><\/div><\/div>\n<\/div><\/div><\/div><\/div><\/div>\n<\/div><\/div><\/div><\/div>\n\n<p><\/p>\n","protected":false},"excerpt":{"rendered":"<p>Tu as des questions N&rsquo;h\u00e9sitez pas \u00e0 nous appeler, nous sommes \u00e9galement l\u00e0 pour vous aider personnellement\u00a0: Suisse\u00a0: +41 43 883 06 72<\/p>\n","protected":false},"author":1,"featured_media":0,"parent":0,"menu_order":0,"comment_status":"closed","ping_status":"closed","template":"","meta":{"_acf_changed":false,"footnotes":""},"class_list":["post-16781","page","type-page","status-publish","hentry"],"acf":[],"featured_image_urls_v2":{"full":"","thumbnail":"","medium":"","medium_large":"","large":"","post-thumbnail":"","aiv_480w":"","woocommerce_thumbnail":"","woocommerce_single":"","woocommerce_gallery_thumbnail":""},"post_excerpt_stackable_v2":"<p>Tu as des questions N&rsquo;h\u00e9sitez pas \u00e0 nous appeler, nous sommes \u00e9galement l\u00e0 pour vous aider personnellement\u00a0:Suisse\u00a0: +41 43 883 06 72<\/p>\n","category_list_v2":"","author_info_v2":{"name":"Adrian Schimpf","url":"https:\/\/aivie.ch\/fr\/author\/adrian\/"},"comments_num_v2":"0 commentaire","_links":{"self":[{"href":"https:\/\/aivie.ch\/fr\/wp-json\/wp\/v2\/pages\/16781","targetHints":{"allow":["GET"]}}],"collection":[{"href":"https:\/\/aivie.ch\/fr\/wp-json\/wp\/v2\/pages"}],"about":[{"href":"https:\/\/aivie.ch\/fr\/wp-json\/wp\/v2\/types\/page"}],"author":[{"embeddable":true,"href":"https:\/\/aivie.ch\/fr\/wp-json\/wp\/v2\/users\/1"}],"replies":[{"embeddable":true,"href":"https:\/\/aivie.ch\/fr\/wp-json\/wp\/v2\/comments?post=16781"}],"version-history":[{"count":2,"href":"https:\/\/aivie.ch\/fr\/wp-json\/wp\/v2\/pages\/16781\/revisions"}],"predecessor-version":[{"id":25446,"href":"https:\/\/aivie.ch\/fr\/wp-json\/wp\/v2\/pages\/16781\/revisions\/25446"}],"wp:attachment":[{"href":"https:\/\/aivie.ch\/fr\/wp-json\/wp\/v2\/media?parent=16781"}],"curies":[{"name":"wp","href":"https:\/\/api.w.org\/{rel}","templated":true}]}}