{"id":16780,"date":"2023-12-15T05:29:40","date_gmt":"2023-12-15T03:29:40","guid":{"rendered":"https:\/\/aivie.ch\/mentions-legales\/"},"modified":"2026-04-10T10:20:50","modified_gmt":"2026-04-10T08:20:50","slug":"mentions-legales","status":"publish","type":"page","link":"https:\/\/aivie.ch\/fr\/mentions-legales\/","title":{"rendered":"Mentions l\u00e9gales"},"content":{"rendered":"\n<p>Aivie est une offre de<br\/><strong>Idea 2 Collective GmbH<\/strong><br\/>Wengistrasse 6<br\/>8004 Zurich<br\/>Suisse<br\/><\/p>\n\n<p><strong>Num\u00e9ro d&rsquo;identification fiscale :<\/strong> CHE-171.489.514<\/p>\n\n<p><strong>Courrier \u00e9lectronique :<\/strong> hello@aivie.ch<\/p>\n\n<p><strong>T\u00e9l. :<\/strong> +41 43 883 06 72<\/p>\n\n<p><strong>Direction<\/strong><br\/>Adrian Schimpf<\/p>\n\n<p>Aivie\u00ae est une <a href=\"https:\/\/www.swissreg.ch\/database-client\/register\/detail\/trademark\/1207425355\" target=\"_blank\" rel=\"noreferrer noopener\">marque d\u00e9pos\u00e9e<\/a> de Idea 2 Collective GmbH.<br\/>(N\u00b0 de marque CH 755450)<\/p>\n\n<p><\/p>\n","protected":false},"excerpt":{"rendered":"<p>Aivie est une offre deIdea 2 Collective GmbHWengistrasse 68004 ZurichSuisse Num\u00e9ro d&rsquo;identification fiscale : CHE-171.489.514 Courrier \u00e9lectronique : hello@aivie.ch T\u00e9l. : +41 43 883 06 72 DirectionAdrian Schimpf Aivie\u00ae est une marque d\u00e9pos\u00e9e de Idea 2 Collective GmbH.(N\u00b0 de marque CH 755450)<\/p>\n","protected":false},"author":1,"featured_media":0,"parent":0,"menu_order":0,"comment_status":"closed","ping_status":"closed","template":"","meta":{"_acf_changed":false,"footnotes":""},"class_list":["post-16780","page","type-page","status-publish","hentry"],"acf":[],"featured_image_urls_v2":{"full":"","thumbnail":"","medium":"","medium_large":"","large":"","post-thumbnail":"","aiv_480w":"","woocommerce_thumbnail":"","woocommerce_single":"","woocommerce_gallery_thumbnail":""},"post_excerpt_stackable_v2":"<p>Aivie est une offre deIdea 2 Collective GmbHWengistrasse 68004 ZurichSuisse Num\u00e9ro d&rsquo;identification fiscale : CHE-171.489.514 Courrier \u00e9lectronique : hello@aivie.ch T\u00e9l. : +41 43 883 06 72 DirectionAdrian Schimpf Aivie\u00ae est une marque d\u00e9pos\u00e9e de Idea 2 Collective GmbH.(N\u00b0 de marque CH 755450)<\/p>\n","category_list_v2":"","author_info_v2":{"name":"Adrian Schimpf","url":"https:\/\/aivie.ch\/fr\/author\/adrian\/"},"comments_num_v2":"0 commentaire","_links":{"self":[{"href":"https:\/\/aivie.ch\/fr\/wp-json\/wp\/v2\/pages\/16780","targetHints":{"allow":["GET"]}}],"collection":[{"href":"https:\/\/aivie.ch\/fr\/wp-json\/wp\/v2\/pages"}],"about":[{"href":"https:\/\/aivie.ch\/fr\/wp-json\/wp\/v2\/types\/page"}],"author":[{"embeddable":true,"href":"https:\/\/aivie.ch\/fr\/wp-json\/wp\/v2\/users\/1"}],"replies":[{"embeddable":true,"href":"https:\/\/aivie.ch\/fr\/wp-json\/wp\/v2\/comments?post=16780"}],"version-history":[{"count":5,"href":"https:\/\/aivie.ch\/fr\/wp-json\/wp\/v2\/pages\/16780\/revisions"}],"predecessor-version":[{"id":29632,"href":"https:\/\/aivie.ch\/fr\/wp-json\/wp\/v2\/pages\/16780\/revisions\/29632"}],"wp:attachment":[{"href":"https:\/\/aivie.ch\/fr\/wp-json\/wp\/v2\/media?parent=16780"}],"curies":[{"name":"wp","href":"https:\/\/api.w.org\/{rel}","templated":true}]}}