{"id":14922,"date":"2023-07-20T09:53:20","date_gmt":"2023-07-20T07:53:20","guid":{"rendered":"https:\/\/aivie.ch\/panier\/"},"modified":"2024-12-04T13:37:52","modified_gmt":"2024-12-04T11:37:52","slug":"panier","status":"publish","type":"page","link":"https:\/\/aivie.ch\/fr\/panier\/","title":{"rendered":"Cart"},"content":{"rendered":"\n<div data-block-name=\"woocommerce\/cart\" class=\"wp-block-woocommerce-cart alignwide is-loading\">\n<div data-block-name=\"woocommerce\/filled-cart-block\" class=\"wp-block-woocommerce-filled-cart-block\">\n<div data-block-name=\"woocommerce\/cart-items-block\" class=\"wp-block-woocommerce-cart-items-block\">\n<div data-block-name=\"woocommerce\/cart-line-items-block\" class=\"wp-block-woocommerce-cart-line-items-block\"><\/div>\n\n\n\n<div data-block-name=\"woocommerce\/cart-cross-sells-block\" class=\"wp-block-woocommerce-cart-cross-sells-block\">\n<h2 class=\"wp-block-heading has-large-font-size\">Vous pourriez \u00eatre int\u00e9ress\u00e9 par&#8230;<\/h2>\n\n\n\n<div data-block-name=\"woocommerce\/cart-cross-sells-products-block\" class=\"wp-block-woocommerce-cart-cross-sells-products-block\"><\/div>\n<\/div>\n<\/div>\n\n\n\n<div data-block-name=\"woocommerce\/cart-totals-block\" class=\"wp-block-woocommerce-cart-totals-block\">\n<div data-block-name=\"woocommerce\/cart-order-summary-block\" class=\"wp-block-woocommerce-cart-order-summary-block\">\n<div data-block-name=\"woocommerce\/cart-order-summary-heading-block\" class=\"wp-block-woocommerce-cart-order-summary-heading-block\"><\/div>\n\n\n\n<div data-block-name=\"woocommerce\/cart-order-summary-coupon-form-block\" class=\"wp-block-woocommerce-cart-order-summary-coupon-form-block\"><\/div>\n\n\n\n<div data-block-name=\"woocommerce\/cart-order-summary-totals-block\" class=\"wp-block-woocommerce-cart-order-summary-totals-block\">\n<div data-block-name=\"woocommerce\/cart-order-summary-subtotal-block\" class=\"wp-block-woocommerce-cart-order-summary-subtotal-block\"><\/div>\n\n\n\n<div data-block-name=\"woocommerce\/cart-order-summary-fee-block\" class=\"wp-block-woocommerce-cart-order-summary-fee-block\"><\/div>\n\n\n\n<div data-block-name=\"woocommerce\/cart-order-summary-discount-block\" class=\"wp-block-woocommerce-cart-order-summary-discount-block\"><\/div>\n\n\n\n<div data-block-name=\"woocommerce\/cart-order-summary-shipping-block\" class=\"wp-block-woocommerce-cart-order-summary-shipping-block\"><\/div>\n\n\n\n<div data-block-name=\"woocommerce\/cart-order-summary-taxes-block\" class=\"wp-block-woocommerce-cart-order-summary-taxes-block\"><\/div>\n<\/div>\n<\/div>\n\n\n\n<div data-block-name=\"woocommerce\/cart-express-payment-block\" class=\"wp-block-woocommerce-cart-express-payment-block\"><\/div>\n\n\n\n<div data-block-name=\"woocommerce\/proceed-to-checkout-block\" class=\"wp-block-woocommerce-proceed-to-checkout-block\"><\/div>\n\n\n\n<div data-block-name=\"woocommerce\/cart-accepted-payment-methods-block\" class=\"wp-block-woocommerce-cart-accepted-payment-methods-block\"><\/div>\n<\/div>\n<\/div>\n\n\n\n<div data-block-name=\"woocommerce\/empty-cart-block\" class=\"wp-block-woocommerce-empty-cart-block\">\n<h2 class=\"wp-block-heading has-text-align-center with-empty-cart-icon wc-block-cart__empty-cart__title\">Votre panier est actuellement vide !<\/h2>\n\n\n\n<p class=\"has-text-align-center\"><a href=\"https:\/\/aivie.ch\/fr\/boutique\/\">Parcourir le magasin<\/a><\/p>\n\n\n\n<hr class=\"wp-block-separator has-alpha-channel-opacity is-style-dots\"\/>\n\n\n\n<h2 class=\"wp-block-heading has-text-align-center\">Nouveau en magasin<\/h2>\n\n\n<div data-block-name=\"woocommerce\/product-new\" data-columns=\"4\" data-rows=\"1\" class=\"wc-block-grid wp-block-product-new wp-block-woocommerce-product-new wc-block-product-new has-4-columns\"><ul class=\"wc-block-grid__products\"><li class=\"wc-block-grid__product\"><span class=\"gtm4wp_productdata\" style=\"display:none; visibility:hidden;\" data-gtm4wp_product_data=\"{&quot;internal_id&quot;:29316,&quot;item_id&quot;:29316,&quot;item_name&quot;:&quot;App mobile Mautic CRM \\u2013 Votre CRM Mautic en d\\u00e9placement&quot;,&quot;sku&quot;:29316,&quot;price&quot;:5.5,&quot;stocklevel&quot;:null,&quot;stockstatus&quot;:&quot;instock&quot;,&quot;google_business_vertical&quot;:&quot;retail&quot;,&quot;item_category&quot;:&quot;Marque blanche&quot;,&quot;id&quot;:29316,&quot;item_brand&quot;:&quot;Plugin Mautic&quot;,&quot;productlink&quot;:&quot;https:\\\/\\\/aivie.ch\\\/fr\\\/produit\\\/app-mobile-mautic-crm-votre-crm-mautic-en-deplacement\\\/&quot;,&quot;item_list_name&quot;:&quot;Liste g\\u00e9n\\u00e9rale des produits&quot;,&quot;index&quot;:0,&quot;product_type&quot;:&quot;subscription&quot;}\"><\/span>\n\t\t\t\t<a href=\"https:\/\/aivie.ch\/fr\/produit\/app-mobile-mautic-crm-votre-crm-mautic-en-deplacement\/\" class=\"wc-block-grid__product-link\">\n\t\t\t\t\t\n\t\t\t\t\t<div class=\"wc-block-grid__product-image\"><img loading=\"lazy\" decoding=\"async\" width=\"240\" height=\"240\" src=\"https:\/\/cdn.aivie.ch\/media\/wp\/2026\/03\/11221449\/mobile-crm-mautic-aivie-app-robert-240x240.png\" class=\"attachment-woocommerce_thumbnail size-woocommerce_thumbnail\" alt=\"App Mobile CRM Mautic by Aivie - Robert\" title=\"\"><\/div>\n\t\t\t\t\t<div class=\"wc-block-grid__product-title\">App mobile Mautic CRM \u2013 Votre CRM Mautic en d\u00e9placement<\/div>\n\t\t\t\t<\/a>\n\t\t\t\t<div class=\"wc-block-grid__product-price price\"><span class=\"woocommerce-Price-amount amount\"><span class=\"woocommerce-Price-currencySymbol\">&#036;<\/span>5.50<\/span> <span class=\"subscription-details\"> \/ mois avec un essai gratuit de un jour de 7<\/span><\/div>\n\t\t\t\t\n\t\t\t\t<div class=\"wp-block-button wc-block-grid__product-add-to-cart\"><a href=\"\/fr\/wp-json\/wp\/v2\/pages\/14922?add-to-cart=29316\" aria-label=\"Commandez maintenant\u00a0: \u00ab\u00a0App mobile Mautic CRM \u2013 Votre CRM Mautic en d\u00e9placement\u00a0\u00bb\" data-quantity=\"1\" data-product_id=\"29316\" data-product_sku=\"\" data-price=\"5.5\" rel=\"nofollow\" class=\"wp-block-button__link  add_to_cart_button ajax_add_to_cart\">Commandez maintenant<\/a><\/div>\n\t\t\t<\/li><li class=\"wc-block-grid__product\"><span class=\"gtm4wp_productdata\" style=\"display:none; visibility:hidden;\" data-gtm4wp_product_data=\"{&quot;internal_id&quot;:29065,&quot;item_id&quot;:29065,&quot;item_name&quot;:&quot;Extension : Int\\u00e9gration Aivie BigQuery&quot;,&quot;sku&quot;:29065,&quot;price&quot;:64.900000000000005684341886080801486968994140625,&quot;stocklevel&quot;:null,&quot;stockstatus&quot;:&quot;instock&quot;,&quot;google_business_vertical&quot;:&quot;retail&quot;,&quot;item_category&quot;:&quot;Add-on&quot;,&quot;id&quot;:29065,&quot;item_brand&quot;:&quot;Add-on&quot;,&quot;productlink&quot;:&quot;https:\\\/\\\/aivie.ch\\\/fr\\\/produit\\\/addon-integration-aivie-bigquery\\\/&quot;,&quot;item_list_name&quot;:&quot;Liste g\\u00e9n\\u00e9rale des produits&quot;,&quot;index&quot;:0,&quot;product_type&quot;:&quot;subscription&quot;}\"><\/span>\n\t\t\t\t<a href=\"https:\/\/aivie.ch\/fr\/produit\/addon-integration-aivie-bigquery\/\" class=\"wc-block-grid__product-link\">\n\t\t\t\t\t\n\t\t\t\t\t<div class=\"wc-block-grid__product-image\"><img loading=\"lazy\" decoding=\"async\" width=\"240\" height=\"240\" src=\"https:\/\/cdn.aivie.ch\/media\/wp\/2026\/02\/27180509\/aivie-big-query-integration-240x240.jpg\" class=\"attachment-woocommerce_thumbnail size-woocommerce_thumbnail\" alt=\"Int\u00e9gration Aivie Big Query\" title=\"\"><\/div>\n\t\t\t\t\t<div class=\"wc-block-grid__product-title\">Extension : Int\u00e9gration Aivie BigQuery<\/div>\n\t\t\t\t<\/a>\n\t\t\t\t<div class=\"wc-block-grid__product-price price\"><span class=\"woocommerce-Price-amount amount\"><span class=\"woocommerce-Price-currencySymbol\">&#036;<\/span>64.90<\/span> <span class=\"subscription-details\"> \/ mois et des frais d\u2019inscription de <span class=\"woocommerce-Price-amount amount\"><span class=\"woocommerce-Price-currencySymbol\">&#036;<\/span>1 760.00<\/span><\/span><\/div>\n\t\t\t\t\n\t\t\t\t<div class=\"wp-block-button wc-block-grid__product-add-to-cart\"><a href=\"\/fr\/wp-json\/wp\/v2\/pages\/14922?add-to-cart=29065\" aria-label=\"Commandez maintenant\u00a0: \u00ab\u00a0Extension : Int\u00e9gration Aivie BigQuery\u00a0\u00bb\" data-quantity=\"1\" data-product_id=\"29065\" data-product_sku=\"\" data-price=\"64.9\" rel=\"nofollow\" class=\"wp-block-button__link  add_to_cart_button ajax_add_to_cart\">Commandez maintenant<\/a><\/div>\n\t\t\t<\/li><li class=\"wc-block-grid__product\"><span class=\"gtm4wp_productdata\" style=\"display:none; visibility:hidden;\" data-gtm4wp_product_data=\"{&quot;internal_id&quot;:28864,&quot;item_id&quot;:28864,&quot;item_name&quot;:&quot;Plugin Mautic ReCaptcha : Prot\\u00e9gez vos formulaires contre le SPAM&quot;,&quot;sku&quot;:28864,&quot;price&quot;:0,&quot;stocklevel&quot;:null,&quot;stockstatus&quot;:&quot;instock&quot;,&quot;google_business_vertical&quot;:&quot;retail&quot;,&quot;item_category&quot;:&quot;Plugin Mautic&quot;,&quot;id&quot;:28864,&quot;item_brand&quot;:&quot;Plugin Mautic&quot;,&quot;productlink&quot;:&quot;https:\\\/\\\/aivie.ch\\\/fr\\\/produit\\\/plugin-mautic-recaptcha-protegez-vos-formulaires-contre-le-spam\\\/&quot;,&quot;item_list_name&quot;:&quot;Liste g\\u00e9n\\u00e9rale des produits&quot;,&quot;index&quot;:0,&quot;product_type&quot;:&quot;simple&quot;}\"><\/span>\n\t\t\t\t<a href=\"https:\/\/aivie.ch\/fr\/produit\/plugin-mautic-recaptcha-protegez-vos-formulaires-contre-le-spam\/\" class=\"wc-block-grid__product-link\">\n\t\t\t\t\t\n\t\t\t\t\t<div class=\"wc-block-grid__product-image\"><img loading=\"lazy\" decoding=\"async\" width=\"240\" height=\"240\" src=\"https:\/\/cdn.aivie.ch\/media\/wp\/2026\/02\/24114935\/protect-forms-with-aivies-mautic-plugin-recaptcha-240x240.jpg\" class=\"attachment-woocommerce_thumbnail size-woocommerce_thumbnail\" alt=\"Prot\u00e9gez les formulaires avec le plugin Mautic aivies ReCaptcha\" title=\"\"><\/div>\n\t\t\t\t\t<div class=\"wc-block-grid__product-title\">Plugin Mautic ReCaptcha : Prot\u00e9gez vos formulaires contre le SPAM<\/div>\n\t\t\t\t<\/a>\n\t\t\t\t<div class=\"wc-block-grid__product-price price\"><span class=\"woocommerce-Price-amount amount\"><span class=\"woocommerce-Price-currencySymbol\">&#036;<\/span>0.00<\/span><\/div>\n\t\t\t\t\n\t\t\t\t<div class=\"wp-block-button wc-block-grid__product-add-to-cart\"><a href=\"\/fr\/wp-json\/wp\/v2\/pages\/14922?add-to-cart=28864\" aria-label=\"Ajouter au panier\u00a0: &ldquo;Plugin Mautic ReCaptcha : Prot\u00e9gez vos formulaires contre le SPAM&rdquo;\" data-quantity=\"1\" data-product_id=\"28864\" data-product_sku=\"\" data-price=\"0\" rel=\"nofollow\" class=\"wp-block-button__link  add_to_cart_button ajax_add_to_cart\">Ajouter au panier<\/a><\/div>\n\t\t\t<\/li><li class=\"wc-block-grid__product\"><span class=\"gtm4wp_productdata\" style=\"display:none; visibility:hidden;\" data-gtm4wp_product_data=\"{&quot;internal_id&quot;:26508,&quot;item_id&quot;:26508,&quot;item_name&quot;:&quot;Builder Mautic pour e-mails et landing pages&quot;,&quot;sku&quot;:26508,&quot;price&quot;:319,&quot;stocklevel&quot;:null,&quot;stockstatus&quot;:&quot;instock&quot;,&quot;google_business_vertical&quot;:&quot;retail&quot;,&quot;item_category&quot;:&quot;Plugin Mautic&quot;,&quot;id&quot;:26508,&quot;item_brand&quot;:&quot;Plugin Mautic&quot;,&quot;productlink&quot;:&quot;https:\\\/\\\/aivie.ch\\\/fr\\\/produit\\\/plugin-mautic-createur-de-mails-et-de-pages-de-destination\\\/&quot;,&quot;item_list_name&quot;:&quot;Liste g\\u00e9n\\u00e9rale des produits&quot;,&quot;index&quot;:0,&quot;product_type&quot;:&quot;subscription&quot;}\"><\/span>\n\t\t\t\t<a href=\"https:\/\/aivie.ch\/fr\/produit\/plugin-mautic-createur-de-mails-et-de-pages-de-destination\/\" class=\"wc-block-grid__product-link\">\n\t\t\t\t\t\n\t\t\t\t\t<div class=\"wc-block-grid__product-image\"><img loading=\"lazy\" decoding=\"async\" width=\"240\" height=\"240\" src=\"https:\/\/cdn.aivie.ch\/media\/wp\/2025\/10\/14211523\/aivie-upgrade-neue-features-mehr-usability-und-ein-modernes-nutzererlebnis-240x240.png\" class=\"attachment-woocommerce_thumbnail size-woocommerce_thumbnail\" alt=\"Builder Mautic pour e-mails et landing pages\" title=\"\"><\/div>\n\t\t\t\t\t<div class=\"wc-block-grid__product-title\">Builder Mautic pour e-mails et landing pages<\/div>\n\t\t\t\t<\/a>\n\t\t\t\t<div class=\"wc-block-grid__product-price price\"><span class=\"woocommerce-Price-amount amount\"><span class=\"woocommerce-Price-currencySymbol\">&#036;<\/span>319.00<\/span> <span class=\"subscription-details\"> \/ ann\u00e9e<\/span><\/div>\n\t\t\t\t\n\t\t\t\t<div class=\"wp-block-button wc-block-grid__product-add-to-cart\"><a href=\"\/fr\/wp-json\/wp\/v2\/pages\/14922?add-to-cart=26508\" aria-label=\"Commandez maintenant\u00a0: \u00ab\u00a0Builder Mautic pour e-mails et landing pages\u00a0\u00bb\" data-quantity=\"1\" data-product_id=\"26508\" data-product_sku=\"\" data-price=\"319\" rel=\"nofollow\" class=\"wp-block-button__link  add_to_cart_button ajax_add_to_cart\">Commandez maintenant<\/a><\/div>\n\t\t\t<\/li><\/ul><\/div><\/div>\n<\/div>\n","protected":false},"excerpt":{"rendered":"","protected":false},"author":1,"featured_media":0,"parent":0,"menu_order":0,"comment_status":"closed","ping_status":"closed","template":"","meta":{"_acf_changed":false,"footnotes":""},"class_list":["post-14922","page","type-page","status-publish","hentry"],"acf":[],"featured_image_urls_v2":{"full":"","thumbnail":"","medium":"","medium_large":"","large":"","post-thumbnail":"","aiv_480w":"","woocommerce_thumbnail":"","woocommerce_single":"","woocommerce_gallery_thumbnail":""},"post_excerpt_stackable_v2":"<p>Vous pourriez \u00eatre int\u00e9ress\u00e9 par&#8230; Votre panier est actuellement vide ! Parcourir le magasin Nouveau en magasin App mobile Mautic CRM \u2013 Votre CRM Mautic en d\u00e9placement &#036;5.50 \/ mois avec un essai gratuit de un jour de 7 Commandez maintenant Extension : Int\u00e9gration Aivie BigQuery &#036;64.90 \/ mois et des frais d\u2019inscription de &#036;1 760.00 Commandez maintenant Plugin Mautic ReCaptcha : Prot\u00e9gez vos formulaires contre le SPAM &#036;0.00 Ajouter au panier Builder Mautic pour e-mails et landing pages &#036;319.00 \/ ann\u00e9e Commandez maintenant<\/p>\n","category_list_v2":"","author_info_v2":{"name":"Adrian Schimpf","url":"https:\/\/aivie.ch\/fr\/author\/adrian\/"},"comments_num_v2":"0 commentaire","_links":{"self":[{"href":"https:\/\/aivie.ch\/fr\/wp-json\/wp\/v2\/pages\/14922","targetHints":{"allow":["GET"]}}],"collection":[{"href":"https:\/\/aivie.ch\/fr\/wp-json\/wp\/v2\/pages"}],"about":[{"href":"https:\/\/aivie.ch\/fr\/wp-json\/wp\/v2\/types\/page"}],"author":[{"embeddable":true,"href":"https:\/\/aivie.ch\/fr\/wp-json\/wp\/v2\/users\/1"}],"replies":[{"embeddable":true,"href":"https:\/\/aivie.ch\/fr\/wp-json\/wp\/v2\/comments?post=14922"}],"version-history":[{"count":2,"href":"https:\/\/aivie.ch\/fr\/wp-json\/wp\/v2\/pages\/14922\/revisions"}],"predecessor-version":[{"id":20602,"href":"https:\/\/aivie.ch\/fr\/wp-json\/wp\/v2\/pages\/14922\/revisions\/20602"}],"wp:attachment":[{"href":"https:\/\/aivie.ch\/fr\/wp-json\/wp\/v2\/media?parent=14922"}],"curies":[{"name":"wp","href":"https:\/\/api.w.org\/{rel}","templated":true}]}}