{"id":795,"date":"2021-06-23T07:32:23","date_gmt":"2021-06-23T05:32:23","guid":{"rendered":"https:\/\/aivie.ch\/product\/landingpage-installationspaket-mautic\/"},"modified":"2025-03-19T10:38:00","modified_gmt":"2025-03-19T08:38:00","slug":"landingpage-use-case-paket","status":"publish","type":"product","link":"https:\/\/aivie.ch\/fi\/tuote\/landingpage-use-case-paket\/","title":{"rendered":"Landingpage Use Case Paket"},"content":{"rendered":"<h2>Das Landingpage Use Case Paket<\/h2>\n<p>Das Landingpage Use Case Paket erm\u00f6glicht Unternehmen, leistungsstarke Landingpages zu erstellen, die gezielt Leads erfassen, Conversions steigern und personalisierte Nutzererlebnisse bieten. Durch optimierte Designs, smarte Automatisierung und gezieltes Tracking werden Besucher effizient in qualifizierte Kontakte umgewandelt.<\/p>\n<h3>Nutzen f\u00fcr euer Unternehmen<\/h3>\n<p>Mit dem Landingpage Use Case Paket setzen Unternehmen hochperformante Landingpages um, steigern ihre Conversion-Raten und gewinnen qualifizierte Leads \u2013 schnell, effizient und messbar<\/p>\n<ul>\n<li>Mehr Conversions: Besucher gezielt ansprechen und in Leads umwandeln<\/li>\n<li>Gezielte Kampagnensteuerung: Spezifische Landingpages f\u00fcr verschiedene Zielgruppen und Angebote<\/li>\n<li>Automatisierte Prozesse: Vom ersten Kontakt bis zur Weiterleitung in das CRM l\u00e4uft alles effizient<\/li>\n<li>Datenbasierte Optimierung: Klarer \u00dcberblick \u00fcber Performance und Nutzerverhalten f\u00fcr bessere Ergebnisse<\/li>\n<\/ul>\n<h3>Inhalt<\/h3>\n<p>Das Marketing Automation Use Case Paket <strong>Landingpage<\/strong>\u00a0beinhaltet die folgenden Leistungen:<\/p>\n<ul>\n<li>Responsive Landingpage Template in deinem CI\/CD<\/li>\n<li>Inkludierte Elemente:\n<ul>\n<li>B\u00fchne<\/li>\n<li>Customer Logos<\/li>\n<li>Prozess<\/li>\n<li>Vorteile erkl\u00e4ren mit Bild<\/li>\n<li>Testimonials<\/li>\n<li>Pricing<\/li>\n<li>FAQ<\/li>\n<li>Call To Action<\/li>\n<\/ul>\n<\/li>\n<li>Lead Magnet Formular (DE\/EN)<\/li>\n<li>M\u00f6glichkeit f\u00fcr A\/B Testing<\/li>\n<li>Ohne technisches Know-how konfigurierbar<\/li>\n<li>Tracking<\/li>\n<li>Setup Begleitung<\/li>\n<li>Report<\/li>\n<\/ul>\n<p>Der Preis ist einmalig. Ben\u00f6tigt Aivie Pro. Es gelten unsere <a href=\"https:\/\/aivie.ch\/allgemeine-geschaeftsbedingungen\/\" target=\"_blank\" rel=\"noopener noreferrer\">AGB<\/a>.<\/p>\n","protected":false},"excerpt":{"rendered":"<p>Landingpage Use Case Paket: Zielgerichtete Lead-Generierung &amp; Conversion-Optimierung<\/p>\n","protected":false},"featured_media":10667,"comment_status":"closed","ping_status":"closed","template":"","meta":{"_acf_changed":false},"product_brand":[],"product_cat":[30,33],"product_tag":[],"class_list":{"0":"post-795","1":"product","2":"type-product","3":"status-publish","4":"has-post-thumbnail","6":"product_cat-use-case-paket","7":"product_cat-marketing-automation-services","9":"first","10":"instock","11":"virtual","12":"taxable","13":"purchasable","14":"product-type-simple"},"acf":[],"featured_image_urls_v2":{"full":["https:\/\/cdn.aivie.ch\/media\/wp\/2021\/06\/22103903\/Landingpage-Quick-Starter-Aivie.webp",800,800,false],"thumbnail":["https:\/\/cdn.aivie.ch\/media\/wp\/2021\/06\/22103903\/Landingpage-Quick-Starter-Aivie-240x240.webp",240,240,true],"medium":["https:\/\/cdn.aivie.ch\/media\/wp\/2021\/06\/22103903\/Landingpage-Quick-Starter-Aivie.webp",800,800,false],"medium_large":["https:\/\/cdn.aivie.ch\/media\/wp\/2021\/06\/22103903\/Landingpage-Quick-Starter-Aivie-768x768.webp",768,768,true],"large":["https:\/\/cdn.aivie.ch\/media\/wp\/2021\/06\/22103903\/Landingpage-Quick-Starter-Aivie.webp",800,800,false],"post-thumbnail":["https:\/\/cdn.aivie.ch\/media\/wp\/2021\/06\/22103903\/Landingpage-Quick-Starter-Aivie.webp",800,800,false],"aiv_480w":["https:\/\/cdn.aivie.ch\/media\/wp\/2021\/06\/22103903\/Landingpage-Quick-Starter-Aivie-480x480.webp",480,480,true],"woocommerce_thumbnail":["https:\/\/cdn.aivie.ch\/media\/wp\/2021\/06\/22103903\/Landingpage-Quick-Starter-Aivie-240x240.webp",240,240,true],"woocommerce_single":["https:\/\/cdn.aivie.ch\/media\/wp\/2021\/06\/22103903\/Landingpage-Quick-Starter-Aivie.webp",800,800,false],"woocommerce_gallery_thumbnail":["https:\/\/cdn.aivie.ch\/media\/wp\/2021\/06\/22103903\/Landingpage-Quick-Starter-Aivie-240x240.webp",240,240,true]},"post_excerpt_stackable_v2":"<p>Landingpage Use Case Paket: Zielgerichtete Lead-Generierung &amp; Conversion-Optimierung<\/p>\n","category_list_v2":"","author_info_v2":{"name":"","url":""},"comments_num_v2":"0 comments","_links":{"self":[{"href":"https:\/\/aivie.ch\/fi\/wp-json\/wp\/v2\/product\/795","targetHints":{"allow":["GET"]}}],"collection":[{"href":"https:\/\/aivie.ch\/fi\/wp-json\/wp\/v2\/product"}],"about":[{"href":"https:\/\/aivie.ch\/fi\/wp-json\/wp\/v2\/types\/product"}],"replies":[{"embeddable":true,"href":"https:\/\/aivie.ch\/fi\/wp-json\/wp\/v2\/comments?post=795"}],"wp:featuredmedia":[{"embeddable":true,"href":"https:\/\/aivie.ch\/fi\/wp-json\/wp\/v2\/media\/10667"}],"wp:attachment":[{"href":"https:\/\/aivie.ch\/fi\/wp-json\/wp\/v2\/media?parent=795"}],"wp:term":[{"taxonomy":"product_brand","embeddable":true,"href":"https:\/\/aivie.ch\/fi\/wp-json\/wp\/v2\/product_brand?post=795"},{"taxonomy":"product_cat","embeddable":true,"href":"https:\/\/aivie.ch\/fi\/wp-json\/wp\/v2\/product_cat?post=795"},{"taxonomy":"product_tag","embeddable":true,"href":"https:\/\/aivie.ch\/fi\/wp-json\/wp\/v2\/product_tag?post=795"}],"curies":[{"name":"wp","href":"https:\/\/api.w.org\/{rel}","templated":true}]}}