{"id":30244,"date":"2026-05-09T15:09:52","date_gmt":"2026-05-09T13:09:52","guid":{"rendered":"https:\/\/aivie.ch\/product\/aivie-for-woocommerce-woocommercen-tilausten-kaeyttaeminen-markkinoinnin-automatisointiin-aivien-ja-mauticin-kanssa\/"},"modified":"2026-05-09T15:17:48","modified_gmt":"2026-05-09T13:17:48","slug":"aivie-for-woocommerce-woocommercen-tilausten-kaeyttaeminen-markkinoinnin-automatisointiin-aivien-ja-mauticin-kanssa","status":"publish","type":"product","link":"https:\/\/aivie.ch\/fi\/tuote\/aivie-for-woocommerce-woocommercen-tilausten-kaeyttaeminen-markkinoinnin-automatisointiin-aivien-ja-mauticin-kanssa\/","title":{"rendered":"Aivie for WooCommerce: K\u00e4yt\u00e4 WooCommercen tilauksia markkinoinnin automatisointiin Aivien ja Mauticin kanssa."},"content":{"rendered":"<h3 data-section-id=\"1g37gtx\" data-start=\"605\" data-end=\"662\">WooCommerce-markkinoinnin automaatio todellisilla ostotiedoilla<\/h3>\n<p data-start=\"664\" data-end=\"894\"><strong data-start=\"668\" data-end=\"703\">Aivie Mautic WooCommerce -lis\u00e4osa yhdist\u00e4\u00e4<\/strong> WooCommerce-myym\u00e4l\u00e4si Aivie\/Mauticiin. Heti kun tilaus on luotu, maksettu tai ep\u00e4onnistunut, yhteystiedot ja tilaustiedot siirtyv\u00e4t automaattisesti <a href=\"https:\/\/aivie.ch\/fi\/tuote\/aivie-mautic-verkkokauppa-lisaeosa-kaeytae-vihdoin-verkkokauppatietoja-markkinoinnin-automaatiokampanjoissa\/\">Aivie Commerceen.<\/a>  <\/p>\n<p data-start=\"896\" data-end=\"1144\">N\u00e4in voit k\u00e4ynnist\u00e4\u00e4 kohdennettuja markkinoinnin automaatiokampanjoita WooCommercen tiedoista: Tervetuliaiskampanjat, uudelleenaktivoinnit, ostosten j\u00e4lkeiset jatkotoimet, muistutukset ep\u00e4onnistuneista maksuista tai segmentit tuotteiden, myynnin ja tilaushistorian mukaan.<\/p>\n<p data-start=\"1146\" data-end=\"1313\">Markkinointitiimille t\u00e4m\u00e4 tarkoittaa v\u00e4hemm\u00e4n manuaalista vienti\u00e4 ja merkityksellisemp\u00e4\u00e4 viestint\u00e4\u00e4. CTO:lle integraatio pysyy puhtaana, j\u00e4ljitett\u00e4viss\u00e4 ja hallittavissa. <\/p>\n<h3 data-section-id=\"lsgol7\" data-start=\"1315\" data-end=\"1381\">Synkronoi WooCommercen tilaukset automaattisesti Aivie\/Mauticiin.<\/h3>\n<p data-start=\"1383\" data-end=\"1578\">Lis\u00e4osa siirt\u00e4\u00e4 asiaankuuluvat asiakastiedot WooCommercesta Aivie\/Mauticiin. N\u00e4ihin kuuluvat yhteystiedot, tilauksen tila, ostoskorin arvot, maksutapa, tilaukset, valuutta, tuotteet ja suojatut metatiedot. <\/p>\n<p data-start=\"1580\" data-end=\"1824\">Jos Mautic Tracking on jo aktiivinen verkkosivustolla, lis\u00e4osa voi ottaa selainistunnon nykyisen <code data-start=\"1667\" data-end=\"1675\">mtc_id<\/code> -osoitteen haltuunsa. T\u00e4m\u00e4 tarkoittaa, ett\u00e4 tilaus osoitetaan olemassa olevalle yhteystiedolle sen sijaan, ett\u00e4 luodaan tarpeettomasti p\u00e4\u00e4llekk\u00e4isi\u00e4 yhteystietoja. <\/p>\n<p data-start=\"1826\" data-end=\"1962\">T\u00e4m\u00e4 on erityisen arvokasta, jos k\u00e4vij\u00e4t ovat ensin vuorovaikutuksessa anonyymisti verkkosivustosi kanssa ja ostavat my\u00f6hemmin WooCommercen kassalla.<\/p>\n<h3 data-section-id=\"1gfhnah\" data-start=\"1964\" data-end=\"2051\">K\u00e4yt\u00e4 tilauksia, tuotteita ja tilauksia s\u00e4hk\u00f6isen kaupank\u00e4ynnin markkinoinnin automatisointiin.<\/h3>\n<p data-start=\"2053\" data-end=\"2207\">Lis\u00e4osa l\u00e4hett\u00e4\u00e4 WooCommercen rivier\u00e4t Aivie Commerce -tilauserin\u00e4. T\u00e4m\u00e4 tekee tuotteista, vaihtoehdoista ja asiaankuuluvista attribuuteista k\u00e4ytt\u00f6kelpoisia kampanjoissa. <\/p>\n<p data-start=\"2209\" data-end=\"2242\">Tukea saavat muun muassa:<\/p>\n<ul data-start=\"2244\" data-end=\"2453\">\n<li data-section-id=\"1sbe31z\" data-start=\"2244\" data-end=\"2270\">WooCommerce-tilaukset<\/li>\n<li data-section-id=\"10ax51a\" data-start=\"2271\" data-end=\"2298\">Ep\u00e4onnistuneet maksut<\/li>\n<li data-section-id=\"54pmno\" data-start=\"2299\" data-end=\"2322\">Maksetut tilaukset<\/li>\n<li data-section-id=\"3hfstx\" data-start=\"2323\" data-end=\"2350\">WooCommerce-tilaukset<\/li>\n<li data-section-id=\"16gvyl0\" data-start=\"2351\" data-end=\"2367\">Uusintatilaukset<\/li>\n<li data-section-id=\"1xuu8pb\" data-start=\"2368\" data-end=\"2387\">Muuttuvat tuotteet<\/li>\n<li data-section-id=\"15bl515\" data-start=\"2388\" data-end=\"2412\">muuttuvat tilaukset<\/li>\n<li data-section-id=\"imuvjf\" data-start=\"2413\" data-end=\"2453\">Tuoteattribuutit ja turvalliset metatiedot<\/li>\n<\/ul>\n<p data-start=\"2455\" data-end=\"2602\">T\u00e4m\u00e4n ansiosta Aivie\/Mauticissa olevat yhteystiedot voidaan segmentoida esimerkiksi ostettujen tuotteiden, tilauksen arvon, tilauksen tilan tai ostok\u00e4ytt\u00e4ytymisen mukaan.<\/p>\n<h3 data-section-id=\"rhroe9\" data-start=\"2604\" data-end=\"2664\">Turvallinen yhteys WooCommercen ja Aivie\/Mauticin v\u00e4lill\u00e4<\/h3>\n<p data-start=\"2666\" data-end=\"2802\">Yhteys muodostetaan OAuth 2.0 -valtuutuskoodivirran kautta. Vaihtoehtoisesti API-asetuksia varten on saatavilla manuaalinen haltijakoodi. <\/p>\n<p data-start=\"2804\" data-end=\"2974\">Lis\u00e4osa ei l\u00e4het\u00e4 tietoja ennen kuin j\u00e4rjestelm\u00e4nvalvoja on m\u00e4\u00e4ritt\u00e4nyt yhteyden ja automaattinen synkronointi on aktivoitu.<\/p>\n<p data-start=\"2976\" data-end=\"3159\">Lis\u00e4ksi arkaluonteiset metatiedot j\u00e4tet\u00e4\u00e4n automaattisesti pois. T\u00e4llaisia ovat esimerkiksi salasanat, tunnisteet, salaisuudet, API-avaimet, korttinumerot, CVV-arvot, IBAN- tai tilinumerot. <\/p>\n<h3 data-section-id=\"543llu\" data-start=\"3161\" data-end=\"3208\">Vakaa toiminta, jossa on uudelleenkokeilu, lokit ja WP CLI:n k\u00e4ytt\u00f6liittym\u00e4.<\/h3>\n<p data-start=\"3210\" data-end=\"3372\">Jos Aivie\/Mautic API ei ole tilap\u00e4isesti k\u00e4ytett\u00e4viss\u00e4, verkkovirheit\u00e4 ja palvelimen virheit\u00e4 yritet\u00e4\u00e4n automaattisesti uudelleen WooCommerce Action Schedulerin kautta.<\/p>\n<p data-start=\"3374\" data-end=\"3413\">Teknisille tiimeille lis\u00e4osa:<\/p>\n<ul data-start=\"3415\" data-end=\"3717\">\n<li data-section-id=\"16n50yu\" data-start=\"3415\" data-end=\"3460\">Testaa yhteys -painike asetuksissa<\/li>\n<li data-section-id=\"293x3x\" data-start=\"3461\" data-end=\"3514\">Manuaalinen synkronointi WooCommerce-tilausta kohden<\/li>\n<li data-section-id=\"d5cnwp\" data-start=\"3515\" data-end=\"3555\">Lokit osoitteessa WooCommerce &gt; Status &gt; Lokit<\/li>\n<li data-section-id=\"18q9qr0\" data-start=\"3556\" data-end=\"3601\">WP CLI-komennot virheenkorjausta ja t\u00e4ydennyksi\u00e4 varten<\/li>\n<li data-section-id=\"b62p6m\" data-start=\"3602\" data-end=\"3639\">Yhteensopivuus WooCommerce HPOS:n kanssa<\/li>\n<li data-section-id=\"10qik5h\" data-start=\"3640\" data-end=\"3717\">Osallistuminen WordPressin henkil\u00f6tietojen vienti- ja poistoprosesseihin.<\/li>\n<\/ul>\n<h3 data-section-id=\"h7p27p\" data-start=\"3719\" data-end=\"3780\">Kenelle Aivie Mautic WooCommerce -lis\u00e4osa sopii?<\/h3>\n<p data-start=\"3782\" data-end=\"3892\">Lis\u00e4osa sopii WooCommerce-kaupoille, jotka haluavat k\u00e4ytt\u00e4\u00e4 verkkokauppatietojaan suoraan Aivie\/Mauticissa.<\/p>\n<p data-start=\"3894\" data-end=\"3913\">Tyypilliset k\u00e4ytt\u00f6tapaukset:<\/p>\n<ul data-start=\"3915\" data-end=\"4240\">\n<li data-section-id=\"1rq1olv\" data-start=\"3915\" data-end=\"3950\">Seurantas\u00e4hk\u00f6postit oston j\u00e4lkeen<\/li>\n<li data-section-id=\"iw5wsm\" data-start=\"3951\" data-end=\"3987\">Ep\u00e4aktiivisten asiakkaiden uudelleenaktivointi<\/li>\n<li data-section-id=\"qx805t\" data-start=\"3988\" data-end=\"4021\">Kampanjat tuoteryhmitt\u00e4in<\/li>\n<li data-section-id=\"1uo3sqd\" data-start=\"4022\" data-end=\"4072\">Segmentointi liikevaihdon tai tilaustiheyden mukaan<\/li>\n<li data-section-id=\"ibsyfk\" data-start=\"4073\" data-end=\"4114\">Muistutus ep\u00e4onnistuneista maksuista<\/li>\n<li data-section-id=\"5szpke\" data-start=\"4115\" data-end=\"4149\">Tilausten elinkaarikampanjat<\/li>\n<li data-section-id=\"1r0dc9y\" data-start=\"4150\" data-end=\"4196\">Parempi attribuutio Mautic Tracking ID:n avulla<\/li>\n<li data-section-id=\"18xb4jc\" data-start=\"4197\" data-end=\"4240\">Konversioseuranta WooCommerce-tietojen avulla<\/li>\n<\/ul>\n<h3 data-section-id=\"1ro5ah4\" data-start=\"4242\" data-end=\"4293\">Aivie\/Mautic erillisen myym\u00e4l\u00e4viestinn\u00e4n sijasta<\/h3>\n<p data-start=\"4295\" data-end=\"4409\">WooCommerce hallinnoi tilauksia. Aivie\/Mautic muuntaa t\u00e4m\u00e4n k\u00e4ytt\u00f6kelpoiseksi viestinn\u00e4ksi asiakkaan matkan varrella. <\/p>\n<p data-start=\"4411\" data-end=\"4576\">T\u00e4m\u00e4 muuttaa kauppatiedot konkreettisiksi markkinoinnin automaation laukaisijoiksi: ostettu, ei ostettu, uusittu, peruutettu, ep\u00e4onnistunut, ostettu uudelleen tai erityisen arvokas.<\/p>\n<p data-start=\"4578\" data-end=\"4705\">Aivie Mautic WooCommerce -lis\u00e4osa yhdist\u00e4\u00e4 verkkokaupan, CRM:n ja markkinoinnin automaation avoimessa ja joustavassa kokoonpanossa.<\/p>\n<h2 data-section-id=\"1d7mrtu\" data-start=\"4707\" data-end=\"4718\">Ominaisuudet<\/h2>\n<ul data-start=\"4720\" data-end=\"5485\">\n<li data-section-id=\"ounbg\" data-start=\"4720\" data-end=\"4793\">WooCommercen yhteystietojen ja tilausten automaattinen synkronointi<\/li>\n<li data-section-id=\"sfl4uu\" data-start=\"4794\" data-end=\"4865\">Tuki Maksu suoritettu, ep\u00e4onnistunut tilaus ja uusi tilaus -tapahtumille.<\/li>\n<li data-section-id=\"fnpczm\" data-start=\"4866\" data-end=\"4914\">WooCommerce-tilaukset valinnaisesti tuettu<\/li>\n<li data-section-id=\"1su5d0h\" data-start=\"4915\" data-end=\"4965\">Uusintatilaukset ja tilauksen elinkaaren tapahtumat<\/li>\n<li data-section-id=\"e1vp2e\" data-start=\"4966\" data-end=\"5012\">Vaihtuvat tuotteet ja vaihtuvat tilaukset<\/li>\n<li data-section-id=\"1eknoy3\" data-start=\"5013\" data-end=\"5081\">WooCommercen rivierien siirt\u00e4minen Aivie Commerce -tilauserin\u00e4<\/li>\n<li data-section-id=\"ky68u0\" data-start=\"5082\" data-end=\"5123\">Mautic Tracking ID:n k\u00e4ytt\u00f6  <code data-start=\"5115\" data-end=\"5123\">mtc_id<\/code><\/li>\n<li data-section-id=\"69k7sh\" data-start=\"5124\" data-end=\"5156\">Suojaus kaksoiskosketuksilta<\/li>\n<li data-section-id=\"jmmk58\" data-start=\"5157\" data-end=\"5195\">Suojattu metatieto alla  <code data-start=\"5183\" data-end=\"5195\">attributes<\/code><\/li>\n<li data-section-id=\"133ajjt\" data-start=\"5196\" data-end=\"5238\">Arkaluonteisten tietojen automaattinen poissulkeminen<\/li>\n<li data-section-id=\"tiwz14\" data-start=\"5239\" data-end=\"5261\">OAuth 2.0-yhteys<\/li>\n<li data-section-id=\"1exuryz\" data-start=\"5262\" data-end=\"5285\">Bearer Token Fallback<\/li>\n<li data-section-id=\"yydbmh\" data-start=\"5286\" data-end=\"5310\">Testaa yhteys -painike<\/li>\n<li data-section-id=\"1ciiifr\" data-start=\"5311\" data-end=\"5352\">Manuaalinen synkronointi tilausta kohti<\/li>\n<li data-section-id=\"18o87s2\" data-start=\"5353\" data-end=\"5401\">Automaattinen uudelleenk\u00e4sittelylogiikka toimintoaikataulun kautta<\/li>\n<li data-section-id=\"kgajay\" data-start=\"5402\" data-end=\"5419\">WP CLI-komennot<\/li>\n<li data-section-id=\"32cl39\" data-start=\"5420\" data-end=\"5437\">HPOS-yhteensopiva<\/li>\n<li data-section-id=\"1g17m91\" data-start=\"5438\" data-end=\"5485\">WordPress GDPR-vienti ja poistointegraatio<\/li>\n<\/ul>\n<h2 data-section-id=\"1hryhf7\" data-start=\"5487\" data-end=\"5493\">FAQ<\/h2>\n<h3 data-section-id=\"ccaiv4\" data-start=\"5495\" data-end=\"5540\">Pit\u00e4\u00e4k\u00f6 minun ostaa lis\u00e4osa?<\/h3>\n<p data-start=\"5542\" data-end=\"5592\">Ei. Lis\u00e4osa on saatavilla ilmaiseksi WordPress-kaupasta. T\u00e4m\u00e4n tuotteen kanssa ostat asennustuen Aivien kautta.  <\/p>\n<h3 data-section-id=\"ccaiv4\" data-start=\"5495\" data-end=\"5540\">Toimiiko lis\u00e4osa ilman WooCommercea?<\/h3>\n<p data-start=\"5542\" data-end=\"5592\">Ei. WooCommercen on oltava asennettuna ja aktiivisena. <\/p>\n<h3 data-section-id=\"ang585\" data-start=\"5594\" data-end=\"5651\">Toimiiko lis\u00e4osa itse is\u00e4nn\u00f6idyn Mauticin kanssa?<\/h3>\n<p data-start=\"5653\" data-end=\"5863\">Osittain. Yhteystietoja voidaan luoda ja p\u00e4ivitt\u00e4\u00e4. T\u00e4ydellinen tilausten synkronointi on suunniteltu Aivie Commercea varten. Aivie Commerce -lis\u00e4osa on saatavana erikseen itse is\u00e4nn\u00f6ityj\u00e4 asetuksia varten.   <\/p>\n<h3 data-section-id=\"3juuhy\" data-start=\"5865\" data-end=\"5914\">Mit\u00e4 tietoja l\u00e4hetet\u00e4\u00e4n Aivie\/Mauticille?<\/h3>\n<p data-start=\"5916\" data-end=\"6103\">Tilauksen yhteystietokent\u00e4t, tilauksen loppusummat, valuutta, maksutapa, tuote-er\u00e4t, tila, suojatut tilauksen metatiedot ja suojatut tuote-er\u00e4n metatiedot. Arkaluonteiset tiedot j\u00e4tet\u00e4\u00e4n pois. <\/p>\n<h3 data-section-id=\"e883b3\" data-start=\"6105\" data-end=\"6140\">Mik\u00e4 on Mautic Tracking ID?<\/h3>\n<p data-start=\"6142\" data-end=\"6327\">Mautic Tracking ID on yhteystunnus, joka tallennetaan selaimeen Mautic Trackingin kautta. Lis\u00e4osa voi ottaa t\u00e4m\u00e4n ID:n k\u00e4ytt\u00f6\u00f6n kassalla ja l\u00e4hett\u00e4\u00e4 sen tilauksen mukana. <\/p>\n<h3 data-section-id=\"1omahap\" data-start=\"6329\" data-end=\"6373\">Tukeeko WooCommerce HPOS -lis\u00e4osa HPOS:\u00e4\u00e4?<\/h3>\n<p data-start=\"6375\" data-end=\"6452\">Kyll\u00e4, lis\u00e4osa on yhteensopiva WooCommerce High Performance Order Storage -palvelun kanssa. <\/p>\n<h3 data-section-id=\"hx7il2\" data-start=\"6454\" data-end=\"6519\">Mit\u00e4 tapahtuu, jos Aivie\/Mautic API ei ole k\u00e4ytett\u00e4viss\u00e4?<\/h3>\n<p data-start=\"6521\" data-end=\"6683\">V\u00e4liaikaiset verkkovirheet ja palvelimen virheet yritet\u00e4\u00e4n automaattisesti uudelleen. Validointivirheit\u00e4 ja todennusvirheit\u00e4 ei yritet\u00e4 automaattisesti uudelleen. <\/p>\n<h2 data-section-id=\"trhtn1\" data-start=\"6685\" data-end=\"6706\">Kokeile sit\u00e4 nyt<\/h2>\n<p data-start=\"6708\" data-end=\"6764\">K\u00e4yt\u00e4 Aivieta ilmaiseksi 30 p\u00e4iv\u00e4n ajan.<br data-start=\"6742\" data-end=\"6745\">\n<div class=\"alignfull wp-block-ugb-columns ugb-columns ugb-091e990 ugb-columns--design-plain ugb-columns--columns-2 ugb-main-block ugb-main-block--inner-center ugb--has-block-background\"><style>.ugb-091e990-content-wrapper{grid-column-gap:60px !important}.ugb-091e990.ugb-columns{background-color:#cfe7e1}.ugb-091e990.ugb-columns:before{background-color:#cfe7e1}<\/style><div class=\"ugb-inner-block ugb-inner-block--center\"><div class=\"ugb-block-content\"><div class=\"ugb-columns__item ugb-091e990-content-wrapper\">\n<div class=\"wp-block-ugb-column ugb-column ugb-d6f33f0 ugb-column--design-plain ugb-main-block\"><style>@media screen and (min-width:768px){.ugb-d6f33f0.ugb-column{margin-top:0px !important}.ugb-d6f33f0 > .ugb-inner-block > .ugb-block-content > *{justify-content:flex-end}}.ugb-d6f33f0 > .ugb-inner-block > .ugb-block-content > *{justify-content:flex-end !important}@media screen and (min-width:768px){.ugb-d6f33f0 > .ugb-inner-block > .ugb-block-content > *{padding-top:0px !important;padding-bottom:0px !important;padding-right:0px !important;padding-left:0px !important}}<\/style><div class=\"ugb-inner-block\"><div class=\"ugb-block-content\"><div class=\"ugb-column__item ugb-d6f33f0-column-wrapper\"><div class=\"ugb-column__content-wrapper\">\n<div class=\"wp-block-ugb-heading ugb-heading ugb-48550e9 ugb-main-block\"><div class=\"ugb-inner-block\"><div class=\"ugb-block-content\"><h2 class=\"ugb-heading__title\"><span style=\"color: #e63312;\" class=\"stk-highlight\">Lass deine Kontakte nicht warten.<\/span><\/h2><\/div><\/div><\/div>\n\n\n\n<figure class=\"wp-block-image size-full is-style-default\"><img decoding=\"async\" src=\"https:\/\/cdn.aivie.ch\/media\/wp\/2022\/09\/06100554\/Aivie-Free.webp\" alt=\"Marketing Automation Aivie-Free\" class=\"wp-image-11417\" title=\"\"><\/figure>\n<\/div><\/div><\/div><\/div><\/div>\n\n\n\n<div class=\"wp-block-ugb-column ugb-column ugb-6da6590 ugb-column--design-plain ugb-main-block\"><div class=\"ugb-inner-block\"><div class=\"ugb-block-content\"><div class=\"ugb-column__item ugb-6da6590-column-wrapper\"><div class=\"ugb-column__content-wrapper\">\n<div class=\"wp-block-ugb-heading ugb-heading ugb-dab8255 ugb-main-block\"><style>.ugb-dab8255 .ugb-heading__title{color:#283e4c}<\/style><div class=\"ugb-inner-block\"><div class=\"ugb-block-content\"><h2 class=\"ugb-heading__title\"><span style=\"color: #283e4c;\" class=\"ugb-highlight\">Kostenlos mit Aivie starten<\/span>.<\/h2><p class=\"ugb-heading__subtitle\">Nutze Aivie 30 Tage lang kostenlos und pr\u00fcfe wie du dank Aivie deine Kontakte gezielt erreichen kannst. Aivie bietet dir schon im Trial alle M\u00f6glichkeiten der Vollversion.<br><br>Probier es jetzt einfach aus.<\/p><\/div><\/div><\/div>\n\n\n\n<div class=\"wp-block-ugb-button ugb-button-wrapper ugb-f7ceaee ugb-main-block\"><style>.ugb-f7ceaee .ugb-block-content{justify-content:flex-start !important}.ugb-f7ceaee .ugb-inner-block{text-align:left}<\/style><div class=\"ugb-inner-block\"><div class=\"ugb-block-content\"><div class=\"ugb-button-container\"><a class=\"ugb-button1 ugb-button ugb-button--size-normal\" href=\"https:\/\/aivie.ch\/preise-pakete\/#price\" rel=\"\" title=\"\"><span class=\"ugb-button--inner\">Kostenlos starten<\/span><\/a><\/div><div class=\"ugb-button-container\"><a class=\"ugb-button2 ugb-button ugb-button--size-normal ugb-button--design-plain\" href=\"https:\/\/aivie.ch\/author\/martin\/\" rel=\"\" title=\"\"><span class=\"ugb-button--inner\">Demo vereinbaren<\/span><\/a><\/div><\/div><\/div><\/div>\n<\/div><\/div><\/div><\/div><\/div>\n<\/div><\/div><\/div><\/div>\n<\/p>\n<p data-start=\"6766\" data-end=\"6838\" data-is-last-node=\"\" data-is-only-node=\"\">Sovellamme yleisi\u00e4 k\u00e4ytt\u00f6ehtojamme: <a class=\"decorated-link\" href=\"https:\/\/aivie.ch\/fi\/yleiset-ehdot\/\" target=\"_new\" rel=\"noopener\" data-start=\"6788\" data-end=\"6838\" data-is-last-node=\"\">https:\/\/aivie.ch\/allgemeine-geschaeftsbedingungen\/<\/a><\/p>\n","protected":false},"excerpt":{"rendered":"<p>Yhdist\u00e4 WooCommerce-myym\u00e4l\u00e4si Aivie\/Mauticiin ja k\u00e4yt\u00e4 asiakastietoja, tilauksia, tuotteita ja tilauksia suoraan markkinoinnin automatisointiin. T\u00e4m\u00e4 luo seurantoja, segmenttej\u00e4 ja kampanjoita, jotka perustuvat todellisiin ostotietoihin. <\/p>\n","protected":false},"featured_media":30252,"comment_status":"closed","ping_status":"closed","template":"","meta":{"_acf_changed":false},"product_brand":[],"product_cat":[1284],"product_tag":[],"class_list":{"0":"post-30244","1":"product","2":"type-product","3":"status-publish","4":"has-post-thumbnail","6":"product_cat-vaelittoemaet-palvelut","8":"first","9":"instock","10":"virtual","11":"taxable","12":"purchasable","13":"product-type-simple"},"acf":[],"featured_image_urls_v2":{"full":["https:\/\/cdn.aivie.ch\/media\/wp\/2026\/05\/09151233\/aivie-woocommerce-settings-wordpress.png",2000,1100,false],"thumbnail":["https:\/\/cdn.aivie.ch\/media\/wp\/2026\/05\/09151233\/aivie-woocommerce-settings-wordpress-240x240.png",240,240,true],"medium":["https:\/\/cdn.aivie.ch\/media\/wp\/2026\/05\/09151233\/aivie-woocommerce-settings-wordpress-960x528.png",960,528,true],"medium_large":["https:\/\/cdn.aivie.ch\/media\/wp\/2026\/05\/09151233\/aivie-woocommerce-settings-wordpress-768x422.png",768,422,true],"large":["https:\/\/cdn.aivie.ch\/media\/wp\/2026\/05\/09151233\/aivie-woocommerce-settings-wordpress-1920x1056.png",990,545,true],"post-thumbnail":["https:\/\/cdn.aivie.ch\/media\/wp\/2026\/05\/09151233\/aivie-woocommerce-settings-wordpress-1200x660.png",1200,660,true],"aiv_480w":["https:\/\/cdn.aivie.ch\/media\/wp\/2026\/05\/09151233\/aivie-woocommerce-settings-wordpress-480x264.png",480,264,true],"woocommerce_thumbnail":["https:\/\/cdn.aivie.ch\/media\/wp\/2026\/05\/09151233\/aivie-woocommerce-settings-wordpress-240x240.png",240,240,true],"woocommerce_single":["https:\/\/cdn.aivie.ch\/media\/wp\/2026\/05\/09151233\/aivie-woocommerce-settings-wordpress-960x528.png",960,528,true],"woocommerce_gallery_thumbnail":["https:\/\/cdn.aivie.ch\/media\/wp\/2026\/05\/09151233\/aivie-woocommerce-settings-wordpress-240x240.png",240,240,true]},"post_excerpt_stackable_v2":"<p>Yhdist\u00e4 WooCommerce-myym\u00e4l\u00e4si Aivie\/Mauticiin ja k\u00e4yt\u00e4 asiakastietoja, tilauksia, tuotteita ja tilauksia suoraan markkinoinnin automatisointiin. T\u00e4m\u00e4 luo seurantoja, segmenttej\u00e4 ja kampanjoita, jotka perustuvat todellisiin ostotietoihin. <\/p>\n","category_list_v2":"","author_info_v2":{"name":"","url":""},"comments_num_v2":"0 comments","_links":{"self":[{"href":"https:\/\/aivie.ch\/fi\/wp-json\/wp\/v2\/product\/30244","targetHints":{"allow":["GET"]}}],"collection":[{"href":"https:\/\/aivie.ch\/fi\/wp-json\/wp\/v2\/product"}],"about":[{"href":"https:\/\/aivie.ch\/fi\/wp-json\/wp\/v2\/types\/product"}],"replies":[{"embeddable":true,"href":"https:\/\/aivie.ch\/fi\/wp-json\/wp\/v2\/comments?post=30244"}],"wp:featuredmedia":[{"embeddable":true,"href":"https:\/\/aivie.ch\/fi\/wp-json\/wp\/v2\/media\/30252"}],"wp:attachment":[{"href":"https:\/\/aivie.ch\/fi\/wp-json\/wp\/v2\/media?parent=30244"}],"wp:term":[{"taxonomy":"product_brand","embeddable":true,"href":"https:\/\/aivie.ch\/fi\/wp-json\/wp\/v2\/product_brand?post=30244"},{"taxonomy":"product_cat","embeddable":true,"href":"https:\/\/aivie.ch\/fi\/wp-json\/wp\/v2\/product_cat?post=30244"},{"taxonomy":"product_tag","embeddable":true,"href":"https:\/\/aivie.ch\/fi\/wp-json\/wp\/v2\/product_tag?post=30244"}],"curies":[{"name":"wp","href":"https:\/\/api.w.org\/{rel}","templated":true}]}}