{"id":29597,"date":"2026-04-09T21:48:45","date_gmt":"2026-04-09T19:48:45","guid":{"rendered":"https:\/\/aivie.ch\/product\/aivie-mautic-verkkokauppa-lisaeosa-kaeytae-vihdoin-verkkokauppatietoja-markkinoinnin-automaatiokampanjoissa\/"},"modified":"2026-04-09T21:50:14","modified_gmt":"2026-04-09T19:50:14","slug":"aivie-mautic-verkkokauppa-lisaeosa-kaeytae-vihdoin-verkkokauppatietoja-markkinoinnin-automaatiokampanjoissa","status":"publish","type":"product","link":"https:\/\/aivie.ch\/fi\/tuote\/aivie-mautic-verkkokauppa-lisaeosa-kaeytae-vihdoin-verkkokauppatietoja-markkinoinnin-automaatiokampanjoissa\/","title":{"rendered":"Aivie Mautic -verkkokauppa-lis\u00e4osa: k\u00e4yt\u00e4 vihdoin verkkokauppatietoja markkinoinnin automaatiokampanjoissa."},"content":{"rendered":"<h2 data-section-id=\"1f79vc4\" data-start=\"671\" data-end=\"729\">Haasteesi: Markkinointi ilman todellista ostotietoa<\/h2>\n<p data-start=\"730\" data-end=\"799\">S\u00e4hk\u00f6isess\u00e4 kaupank\u00e4ynniss\u00e4 et p\u00e4\u00e4t\u00e4, milloin klikkaat \u2013 sin\u00e4 p\u00e4\u00e4t\u00e4t, milloin ostat.<\/p>\n<p data-start=\"801\" data-end=\"838\">Markkinointi perustuu kuitenkin usein:<\/p>\n<ul data-start=\"839\" data-end=\"878\">\n<li data-section-id=\"fdxhxj\" data-start=\"839\" data-end=\"852\">Avoimet ty\u00f6paikat<\/li>\n<li data-section-id=\"130gf5p\" data-start=\"853\" data-end=\"863\">Klikkaa<\/li>\n<li data-section-id=\"1ser1q7\" data-start=\"864\" data-end=\"878\">Lomakkeet<\/li>\n<\/ul>\n<p data-start=\"880\" data-end=\"914\">Todelliset ostotiedot puuttuvat.<\/p>\n<p data-start=\"916\" data-end=\"1027\">Markkinointip\u00e4\u00e4llik\u00f6ille t\u00e4m\u00e4 tarkoittaa ep\u00e4varmuutta.<br data-start=\"964\" data-end=\"967\">Toimitusjohtajille t\u00e4m\u00e4 tarkoittaa hajanaisia j\u00e4rjestelmi\u00e4 ja tietosiiloja.<\/p>\n<h2 data-section-id=\"7suc3l\" data-start=\"1029\" data-end=\"1092\">T\u00e4lt\u00e4 s\u00e4hk\u00f6isen kaupank\u00e4ynnin markkinoinnin automatisointi Aivien kanssa tuntuu.<\/h2>\n<p data-start=\"1093\" data-end=\"1172\">Asiakas ostaa kaupassasi.<br data-start=\"1124\" data-end=\"1127\">Tai tiedot tulevat API:n tai tuonnin kautta.<\/p>\n<p data-start=\"1174\" data-end=\"1192\">Tapahtuu v\u00e4litt\u00f6m\u00e4sti:<\/p>\n<ul data-start=\"1193\" data-end=\"1308\">\n<li data-section-id=\"4c5loc\" data-start=\"1193\" data-end=\"1229\">Osto n\u00e4kyy yhteystiedoissa<\/li>\n<li data-section-id=\"1oj8fnx\" data-start=\"1230\" data-end=\"1272\">Asiakas segmentoidaan automaattisesti<\/li>\n<li data-section-id=\"58n9if\" data-start=\"1273\" data-end=\"1308\">Kampanjat reagoivat reaaliaikaisesti<\/li>\n<\/ul>\n<p data-start=\"1310\" data-end=\"1363\">Markkinointi perustuu lopulta siihen, mill\u00e4 on merkityst\u00e4: Myyntiin.<\/p>\n<h2 data-section-id=\"ieoit5\" data-start=\"1365\" data-end=\"1424\">Miksi s\u00e4hk\u00f6inen kaupank\u00e4ynti on ratkaisevan t\u00e4rke\u00e4\u00e4 markkinoinnin automaatiossa?<\/h2>\n<p data-start=\"1425\" data-end=\"1492\">Verkkokaupan markkinoinnin automaatio yhdist\u00e4\u00e4 markkinoinnin ja liiketoiminnan.<\/p>\n<p data-start=\"1494\" data-end=\"1562\">N\u00e4et, mik\u00e4 toimii \u2013<br data-start=\"1533\" data-end=\"1536\">\u2013 mutta my\u00f6s, mik\u00e4 tuottaa myynti\u00e4.<\/p>\n<h2 data-section-id=\"vif2o6\" data-start=\"1028\" data-end=\"1079\">Mihin s\u00e4hk\u00f6isen kaupank\u00e4ynnin j\u00e4rjestelmiin t\u00e4m\u00e4 sopii<\/h2>\n<p data-start=\"1080\" data-end=\"1212\">Aivie\/Mautic Commerce -lis\u00e4osa on tarkoituksella suunniteltu joustavaksi ja toimii kaikkien j\u00e4rjestelmien kanssa, jotka voivat tarjota ostotietoja.<\/p>\n<p data-start=\"1214\" data-end=\"1360\">Integrointi Stripen kautta on erityisen helppoa. T\u00e4m\u00e4 tekee lis\u00e4osasta yhteensopivan esimerkiksi k\u00e4yt\u00e4nn\u00f6ss\u00e4 kaikkien nykyaikaisten verkkokauppa-asetusten kanssa: <\/p>\n<ul data-start=\"1361\" data-end=\"1439\">\n<li data-section-id=\"1dfpzdu\" data-start=\"1361\" data-end=\"1376\">WooCommerce<\/li>\n<li data-section-id=\"1lat8fh\" data-start=\"1377\" data-end=\"1389\">Shopware<\/li>\n<li data-section-id=\"1fhe983\" data-start=\"1390\" data-end=\"1401\">Magento<\/li>\n<li data-section-id=\"1h1h67u\" data-start=\"1402\" data-end=\"1413\">Shopify<\/li>\n<li data-section-id=\"pqmha9\" data-start=\"1414\" data-end=\"1439\">Mukautetut kaupat ja sovellukset<\/li>\n<\/ul>\n<p data-start=\"1441\" data-end=\"1540\">Heti kun maksut on suoritettu Stripen kautta, tietoja voidaan k\u00e4ytt\u00e4\u00e4 automaattisesti Aivie\/Mauticissa.<\/p>\n<p data-start=\"1542\" data-end=\"1578\">Vaihtoehtoisesti tiedot voidaan l\u00e4hett\u00e4\u00e4 my\u00f6s:<\/p>\n<ul data-start=\"1579\" data-end=\"1637\">\n<li data-section-id=\"1czifog\" data-start=\"1579\" data-end=\"1591\">REST API<\/li>\n<li data-section-id=\"va290v\" data-start=\"1592\" data-end=\"1637\">CSV-tuonti<br data-start=\"1615\" data-end=\"1618\">voidaan tuoda.<\/li>\n<\/ul>\n<p data-start=\"1847\" data-end=\"1902\">T\u00e4m\u00e4 luo avoimen, laajennettavissa olevan kaupank\u00e4yntikerroksen.<\/p>\n<h2 data-section-id=\"1qtx6n9\" data-start=\"1904\" data-end=\"1966\">Toiminnot<\/h2>\n<ul data-start=\"1967\" data-end=\"2267\">\n<li data-section-id=\"1kh6pvu\" data-start=\"1967\" data-end=\"2022\">Tilausten ja tuotteiden keskitetty varastointi<\/li>\n<li data-section-id=\"19p52zl\" data-start=\"2023\" data-end=\"2063\">Ostosten yhdist\u00e4minen yhteystietoihin<\/li>\n<li data-section-id=\"9dcx9s\" data-start=\"2064\" data-end=\"2122\">Segmentointi myynnin, tuotteiden ja ostok\u00e4ytt\u00e4ytymisen mukaan<\/li>\n<li data-section-id=\"1llx1ao\" data-start=\"2123\" data-end=\"2166\">Yleinen tilaus- ja nimikemalli<\/li>\n<li data-section-id=\"587p6z\" data-start=\"2167\" data-end=\"2221\">Tapahtumapohjainen k\u00e4sittely reaaliaikaisia kampanjoita varten<\/li>\n<li data-section-id=\"r17lc3\" data-start=\"2222\" data-end=\"2267\">Joustava integrointi API:n ja tuonnin avulla<\/li>\n<\/ul>\n<h2 data-section-id=\"yplss9\" data-start=\"2269\" data-end=\"2339\">Etusi markkinointip\u00e4\u00e4llikk\u00f6n\u00e4: enemm\u00e4n vaikuttavuutta, v\u00e4hemm\u00e4n arvailuja.<\/h2>\n<ul data-start=\"2340\" data-end=\"2531\">\n<li data-section-id=\"1s7sy8d\" data-start=\"2340\" data-end=\"2380\">Kampanjat perustuvat todellisiin ostoksiin<\/li>\n<li data-section-id=\"1sewa\" data-start=\"2381\" data-end=\"2426\">Henkil\u00f6kohtaistamisesta on tulossa paljon merkityksellisemp\u00e4\u00e4<\/li>\n<li data-section-id=\"1q59tt8\" data-start=\"2427\" data-end=\"2477\">J\u00e4rjestelm\u00e4llinen ristiin- ja yl\u00f6smyynti tulee mahdolliseksi.<\/li>\n<li data-section-id=\"1oiex05\" data-start=\"2478\" data-end=\"2531\">Selke\u00e4 yhteys markkinoinnin ja myynnin v\u00e4lill\u00e4<\/li>\n<\/ul>\n<h2 data-section-id=\"zdwwd4\" data-start=\"2533\" data-end=\"2595\">Etusi teknologiajohtajana: puhdas arkkitehtuuri, t\u00e4ysi valvonta<\/h2>\n<ul data-start=\"2596\" data-end=\"2803\">\n<li data-section-id=\"rh4fqu\" data-start=\"2596\" data-end=\"2645\">Ei riippuvuutta yksitt\u00e4isist\u00e4 myym\u00e4l\u00e4j\u00e4rjestelmist\u00e4<\/li>\n<li data-section-id=\"1cywpcy\" data-start=\"2646\" data-end=\"2701\">Tapahtumien, tilausten ja tietorakenteen selke\u00e4 erottelu<\/li>\n<li data-section-id=\"100pvts\" data-start=\"2702\" data-end=\"2749\">Laajennettavissa API:iden ja uusien tietol\u00e4hteiden avulla<\/li>\n<li data-section-id=\"3txuyv\" data-start=\"2750\" data-end=\"2803\">Kyselyyn soveltuva data j\u00e4sentym\u00e4tt\u00f6m\u00e4n JSON-logiikan sijaan<\/li>\n<\/ul>\n<h2 data-section-id=\"be2ko0\" data-start=\"2805\" data-end=\"2879\">Miksi t\u00e4m\u00e4 ratkaisu on parempi kuin klassiset verkkokauppaintegraatiot?<\/h2>\n<p data-start=\"2880\" data-end=\"2929\">Monet ratkaisut on sidottu myym\u00e4l\u00e4j\u00e4rjestelm\u00e4\u00e4n.<\/p>\n<p data-start=\"2931\" data-end=\"2991\">Aivie\/Mautic ajattelee verkkokaupan markkinoinnin automaatiota eri tavalla:<\/p>\n<ul data-start=\"2992\" data-end=\"3096\">\n<li data-section-id=\"1fyjveq\" data-start=\"2992\" data-end=\"3025\">Tietoja saadaan kaikista l\u00e4hteist\u00e4<\/li>\n<li data-section-id=\"z4e7xv\" data-start=\"3026\" data-end=\"3064\">Markkinointi pysyy keskitetysti valvottavissa<\/li>\n<li data-section-id=\"10tw1wx\" data-start=\"3065\" data-end=\"3096\">Arkkitehtuuri pysyy joustavana<\/li>\n<\/ul>\n<p data-start=\"3098\" data-end=\"3134\">T\u00e4m\u00e4 tekee asetuksestasi tulevaisuudenkest\u00e4v\u00e4n.<\/p>\n<h2 data-section-id=\"zox36v\" data-start=\"3136\" data-end=\"3166\">Se tekee eron<\/h2>\n<p data-start=\"3167\" data-end=\"3277\">Voit vastata esimerkiksi seuraaviin kysymyksiin:<br data-start=\"3200\" data-end=\"3203\">&#8221;Mik\u00e4 kampanja tuottaa myynti\u00e4?\u201d<br data-start=\"3235\" data-end=\"3238\">&#8221;Mitk\u00e4 asiakkaat ovat arvokkaimpia?\u201d &#8221;Mitk\u00e4 asiakkaat ovat arvokkaimpia?\u201d<\/p>\n<p data-start=\"3279\" data-end=\"3307\">Ja reagoi siihen suoraan.<\/p>\n<h2 data-section-id=\"i5ab1d\" data-start=\"3309\" data-end=\"3338\">Referenssit \/ suosittelut<\/h2>\n<p data-start=\"3339\" data-end=\"3527\">Perustuu Meiken kaltaisten markkinointip\u00e4\u00e4llik\u00f6iden ja teknisten p\u00e4\u00e4t\u00f6ksentekij\u00f6iden vaatimuksiin, joissa keskityt\u00e4\u00e4n integrointiin, joustavuuteen ja tietojen hallintaan.<\/p>\n<p data-start=\"3339\" data-end=\"3527\">\n<div class=\"alignfull wp-block-ugb-columns ugb-columns ugb-091e990 ugb-columns--design-plain ugb-columns--columns-2 ugb-main-block ugb-main-block--inner-center ugb--has-block-background\"><style>.ugb-091e990-content-wrapper{grid-column-gap:60px !important}.ugb-091e990.ugb-columns{background-color:#cfe7e1}.ugb-091e990.ugb-columns:before{background-color:#cfe7e1}<\/style><div class=\"ugb-inner-block ugb-inner-block--center\"><div class=\"ugb-block-content\"><div class=\"ugb-columns__item ugb-091e990-content-wrapper\">\n<div class=\"wp-block-ugb-column ugb-column ugb-d6f33f0 ugb-column--design-plain ugb-main-block\"><style>@media screen and (min-width:768px){.ugb-d6f33f0.ugb-column{margin-top:0px !important}.ugb-d6f33f0 > .ugb-inner-block > .ugb-block-content > *{justify-content:flex-end}}.ugb-d6f33f0 > .ugb-inner-block > .ugb-block-content > *{justify-content:flex-end !important}@media screen and (min-width:768px){.ugb-d6f33f0 > .ugb-inner-block > .ugb-block-content > *{padding-top:0px !important;padding-bottom:0px !important;padding-right:0px !important;padding-left:0px !important}}<\/style><div class=\"ugb-inner-block\"><div class=\"ugb-block-content\"><div class=\"ugb-column__item ugb-d6f33f0-column-wrapper\"><div class=\"ugb-column__content-wrapper\">\n<div class=\"wp-block-ugb-heading ugb-heading ugb-48550e9 ugb-main-block\"><div class=\"ugb-inner-block\"><div class=\"ugb-block-content\"><h2 class=\"ugb-heading__title\"><span style=\"color: #e63312;\" class=\"stk-highlight\">Lass deine Kontakte nicht warten.<\/span><\/h2><\/div><\/div><\/div>\n\n\n\n<figure class=\"wp-block-image size-full is-style-default\"><img decoding=\"async\" src=\"https:\/\/cdn.aivie.ch\/media\/wp\/2022\/09\/06100554\/Aivie-Free.webp\" alt=\"Marketing Automation Aivie-Free\" class=\"wp-image-11417\" title=\"\"><\/figure>\n<\/div><\/div><\/div><\/div><\/div>\n\n\n\n<div class=\"wp-block-ugb-column ugb-column ugb-6da6590 ugb-column--design-plain ugb-main-block\"><div class=\"ugb-inner-block\"><div class=\"ugb-block-content\"><div class=\"ugb-column__item ugb-6da6590-column-wrapper\"><div class=\"ugb-column__content-wrapper\">\n<div class=\"wp-block-ugb-heading ugb-heading ugb-dab8255 ugb-main-block\"><style>.ugb-dab8255 .ugb-heading__title{color:#283e4c}<\/style><div class=\"ugb-inner-block\"><div class=\"ugb-block-content\"><h2 class=\"ugb-heading__title\"><span style=\"color: #283e4c;\" class=\"ugb-highlight\">Kostenlos mit Aivie starten<\/span>.<\/h2><p class=\"ugb-heading__subtitle\">Nutze Aivie 30 Tage lang kostenlos und pr\u00fcfe wie du dank Aivie deine Kontakte gezielt erreichen kannst. Aivie bietet dir schon im Trial alle M\u00f6glichkeiten der Vollversion.<br><br>Probier es jetzt einfach aus.<\/p><\/div><\/div><\/div>\n\n\n\n<div class=\"wp-block-ugb-button ugb-button-wrapper ugb-f7ceaee ugb-main-block\"><style>.ugb-f7ceaee .ugb-block-content{justify-content:flex-start !important}.ugb-f7ceaee .ugb-inner-block{text-align:left}<\/style><div class=\"ugb-inner-block\"><div class=\"ugb-block-content\"><div class=\"ugb-button-container\"><a class=\"ugb-button1 ugb-button ugb-button--size-normal\" href=\"https:\/\/aivie.ch\/preise-pakete\/#price\" rel=\"\" title=\"\"><span class=\"ugb-button--inner\">Kostenlos starten<\/span><\/a><\/div><div class=\"ugb-button-container\"><a class=\"ugb-button2 ugb-button ugb-button--size-normal ugb-button--design-plain\" href=\"https:\/\/aivie.ch\/author\/martin\/\" rel=\"\" title=\"\"><span class=\"ugb-button--inner\">Demo vereinbaren<\/span><\/a><\/div><\/div><\/div><\/div>\n<\/div><\/div><\/div><\/div><\/div>\n<\/div><\/div><\/div><\/div>\n<\/p>\n<p data-start=\"4154\" data-end=\"4228\">Sovellamme yleisi\u00e4 k\u00e4ytt\u00f6ehtojamme: <a class=\"decorated-link\" href=\"https:\/\/aivie.ch\/fi\/yleiset-ehdot\/\" target=\"_new\" rel=\"noopener\" data-start=\"4176\" data-end=\"4226\">https:\/\/aivie.ch\/allgemeine-geschaeftsbedingungen\/<\/a><\/p>\n","protected":false},"excerpt":{"rendered":"<p>K\u00e4yt\u00e4 verkkokauppatietojasi suoraan Aivie\/Mauticissa ja muuta ostokset automaattisesti yksil\u00f6llisiksi kampanjoiksi ja lis\u00e4\u00e4 myynti\u00e4.<\/p>\n","protected":false},"featured_media":29600,"comment_status":"closed","ping_status":"closed","template":"","meta":{"_acf_changed":false},"product_brand":[],"product_cat":[1275,968],"product_tag":[1722,1712,1721],"class_list":{"0":"post-29597","1":"product","2":"type-product","3":"status-publish","4":"has-post-thumbnail","6":"product_cat-lisaeosa","7":"product_cat-mautic-liitaennaeinen","8":"product_tag-markkinoinnin-automaatio","9":"product_tag-saehkoeinen-kaupankaeynti","10":"product_tag-tilaukset","12":"first","13":"instock","14":"taxable","15":"shipping-taxable","16":"purchasable","17":"product-type-variable-subscription","18":"has-default-attributes"},"acf":[],"featured_image_urls_v2":{"full":["https:\/\/cdn.aivie.ch\/media\/wp\/2026\/04\/09214722\/E-Commerce-in-Aivie-Marketing-Automation.jpg",1200,800,false],"thumbnail":["https:\/\/cdn.aivie.ch\/media\/wp\/2026\/04\/09214722\/E-Commerce-in-Aivie-Marketing-Automation-240x240.jpg",240,240,true],"medium":["https:\/\/cdn.aivie.ch\/media\/wp\/2026\/04\/09214722\/E-Commerce-in-Aivie-Marketing-Automation-960x640.jpg",960,640,true],"medium_large":["https:\/\/cdn.aivie.ch\/media\/wp\/2026\/04\/09214722\/E-Commerce-in-Aivie-Marketing-Automation-768x512.jpg",768,512,true],"large":["https:\/\/cdn.aivie.ch\/media\/wp\/2026\/04\/09214722\/E-Commerce-in-Aivie-Marketing-Automation.jpg",990,660,false],"post-thumbnail":["https:\/\/cdn.aivie.ch\/media\/wp\/2026\/04\/09214722\/E-Commerce-in-Aivie-Marketing-Automation.jpg",1200,800,false],"aiv_480w":["https:\/\/cdn.aivie.ch\/media\/wp\/2026\/04\/09214722\/E-Commerce-in-Aivie-Marketing-Automation-480x320.jpg",480,320,true],"woocommerce_thumbnail":["https:\/\/cdn.aivie.ch\/media\/wp\/2026\/04\/09214722\/E-Commerce-in-Aivie-Marketing-Automation-240x240.jpg",240,240,true],"woocommerce_single":["https:\/\/cdn.aivie.ch\/media\/wp\/2026\/04\/09214722\/E-Commerce-in-Aivie-Marketing-Automation-960x640.jpg",960,640,true],"woocommerce_gallery_thumbnail":["https:\/\/cdn.aivie.ch\/media\/wp\/2026\/04\/09214722\/E-Commerce-in-Aivie-Marketing-Automation-240x240.jpg",240,240,true]},"post_excerpt_stackable_v2":"<p>K\u00e4yt\u00e4 verkkokauppatietojasi suoraan Aivie\/Mauticissa ja muuta ostokset automaattisesti yksil\u00f6llisiksi kampanjoiksi ja lis\u00e4\u00e4 myynti\u00e4.<\/p>\n","category_list_v2":"","author_info_v2":{"name":"","url":""},"comments_num_v2":"0 comments","_links":{"self":[{"href":"https:\/\/aivie.ch\/fi\/wp-json\/wp\/v2\/product\/29597","targetHints":{"allow":["GET"]}}],"collection":[{"href":"https:\/\/aivie.ch\/fi\/wp-json\/wp\/v2\/product"}],"about":[{"href":"https:\/\/aivie.ch\/fi\/wp-json\/wp\/v2\/types\/product"}],"replies":[{"embeddable":true,"href":"https:\/\/aivie.ch\/fi\/wp-json\/wp\/v2\/comments?post=29597"}],"wp:featuredmedia":[{"embeddable":true,"href":"https:\/\/aivie.ch\/fi\/wp-json\/wp\/v2\/media\/29600"}],"wp:attachment":[{"href":"https:\/\/aivie.ch\/fi\/wp-json\/wp\/v2\/media?parent=29597"}],"wp:term":[{"taxonomy":"product_brand","embeddable":true,"href":"https:\/\/aivie.ch\/fi\/wp-json\/wp\/v2\/product_brand?post=29597"},{"taxonomy":"product_cat","embeddable":true,"href":"https:\/\/aivie.ch\/fi\/wp-json\/wp\/v2\/product_cat?post=29597"},{"taxonomy":"product_tag","embeddable":true,"href":"https:\/\/aivie.ch\/fi\/wp-json\/wp\/v2\/product_tag?post=29597"}],"curies":[{"name":"wp","href":"https:\/\/api.w.org\/{rel}","templated":true}]}}