{"id":29556,"date":"2026-04-09T14:49:20","date_gmt":"2026-04-09T12:49:20","guid":{"rendered":"https:\/\/aivie.ch\/product\/aivie-mautic-stripe-lisaeosa-kaeytae-stripe-maksuja-automaattisesti-markkinoinnissasi\/"},"modified":"2026-04-09T21:52:10","modified_gmt":"2026-04-09T19:52:10","slug":"aivie-mautic-stripe-lisaeosa-kaeytae-stripe-maksuja-automaattisesti-markkinoinnissasi","status":"publish","type":"product","link":"https:\/\/aivie.ch\/fi\/tuote\/aivie-mautic-stripe-lisaeosa-kaeytae-stripe-maksuja-automaattisesti-markkinoinnissasi\/","title":{"rendered":"Aivie\/Mautic Stripe-lis\u00e4osa: K\u00e4yt\u00e4 Stripe-maksuja automaattisesti markkinoinnissasi."},"content":{"rendered":"<h2>Sinun haasteesi<\/h2>\n<p>Stripe on k\u00e4ynniss\u00e4. Maksut tulevat. <\/p>\n<p>Mutta markkinointisi ei tied\u00e4 siit\u00e4 mit\u00e4\u00e4n.<\/p>\n<p>Yhteystietoja ei p\u00e4ivitet\u00e4.<br \/>\nostokset j\u00e4\u00e4v\u00e4t k\u00e4ytt\u00e4m\u00e4tt\u00e4.<br \/>\nkampanjoista ei tule mit\u00e4\u00e4n.<\/p>\n<p>Juuri t\u00e4m\u00e4 on markkinointip\u00e4\u00e4llik\u00f6iden ongelma: paljon ty\u00f6t\u00e4, mutta v\u00e4h\u00e4n mitattavaa vaikutusta.<\/p>\n<h2>Kuvittele<\/h2>\n<p>Asiakas maksaa Stripen kautta.<\/p>\n<p>Sekuntia my\u00f6hemmin se tapahtuu automaattisesti:<\/p>\n<ul>\n<li>Yhteyshenkil\u00f6 p\u00e4ivitet\u00e4\u00e4n Aivie\/Mauticissa.<\/li>\n<li>Ostos tallennetaan<\/li>\n<li>Oikea kampanja alkaa<\/li>\n<\/ul>\n<p>Ilman manuaalisia toimenpiteit\u00e4.<\/p>\n<p>Markkinointisi vastaa vihdoin todelliseen myyntiin.<\/p>\n<h2>Miksi t\u00e4m\u00e4 on ratkaisevan t\u00e4rke\u00e4\u00e4<\/h2>\n<p>Et n\u00e4e en\u00e4\u00e4 vain klikkauksia \u2013 n\u00e4et myynti\u00e4.<\/p>\n<p>Jokaisesta maksusta tulee mahdollisuus:<\/p>\n<ul>\n<li>Seuranta<\/li>\n<li>Upselling<\/li>\n<li>Parempi asiakasuskollisuus<\/li>\n<\/ul>\n<h2>Miten se toimii<\/h2>\n<p>Aivie\/Mautic Stripe -lis\u00e4osa yhdist\u00e4\u00e4 Stripen suoraan markkinoinnin automaatioon.<\/p>\n<p>Stripe-tapahtumat k\u00e4sitell\u00e4\u00e4n reaaliaikaisesti ja ne integroidaan siististi Aivie\/Mautic-tietorakenteeseesi.<\/p>\n<p>Ei kiertoteit\u00e4. Ei manuaalista vienti\u00e4. <\/p>\n<h2>Toiminnot yhdell\u00e4 silm\u00e4yksell\u00e4<\/h2>\n<ul>\n<li>Stripen suora integrointi Aivie\/Mauticiin<\/li>\n<li>Stripe-tapahtumien, kuten maksuaikomuksen, k\u00e4sittely<\/li>\n<li>Tilausten automaattinen luominen ja p\u00e4ivitt\u00e4minen<\/li>\n<li>Tuote- ja ostotietojen tallentaminen<\/li>\n<li>Maksujen yhdist\u00e4minen yhteystietoihin<\/li>\n<li>Tuki kertamaksuille ja tilauksille<\/li>\n<li>Laajennettavissa tarpeidesi mukaan<\/li>\n<\/ul>\n<h2>T\u00e4m\u00e4 nimenomaan tuo sinulle enemm\u00e4n myynti\u00e4<\/h2>\n<ul>\n<li>Ostot k\u00e4ynnist\u00e4v\u00e4t kampanjat automaattisesti<\/li>\n<li>Markkinointi reagoi reaaliaikaisesti<\/li>\n<li>Todelliseen myyntiin perustuva personointi<\/li>\n<li>J\u00e4rjestelm\u00e4llinen ristiin- ja yl\u00f6smyynti tulee mahdolliseksi.<\/li>\n<li>Yhdenmukainen n\u00e4kym\u00e4 asiakkaista ja ostoista<\/li>\n<\/ul>\n<h2>Miksi t\u00e4m\u00e4 ratkaisu on parempi<\/h2>\n<p>Monet integraatiot ovat yksinkertaisia synkronointeja.<\/p>\n<p>Aivie\/Mautic-Stripe-lis\u00e4osa on osa puhdasta kaupallista arkkitehtuuria:<\/p>\n<ul>\n<li>Tapahtumapohjainen<\/li>\n<li>laajennettavissa<\/li>\n<li>riippumaton vain Stripe<\/li>\n<\/ul>\n<p>T\u00e4m\u00e4 tarkoittaa seuraavaa:<br \/>\nVoit lis\u00e4t\u00e4 uusia k\u00e4ytt\u00f6tapauksia milloin tahansa \u2013 ilman, ett\u00e4 sinun tarvitsee rakentaa asetuksiasi uudelleen.<\/p>\n<h2>Se tekee eron<\/h2>\n<p>Voit rakentaa kampanjoita kuten:<br \/>\n&#8221;Maksun j\u00e4lkeen \u2192 k\u00e4ynnist\u00e4 henkil\u00f6kohtainen kampanja\u201d<\/p>\n<p>Ja suoraan Aivie\/Mauticissa \u2013 ilman lis\u00e4ty\u00f6kaluja.<\/p>\n<h2>Referenssit \/ suosittelut<\/h2>\n<p>Perustuu markkinointi-, tekniikka- ja liiketoimintatiimien vaatimuksiin sek\u00e4 todellisiin Aivie-lis\u00e4osien asennuksiin.<\/p>\n<h2>Vaatimukset<\/h2>\n<ul>\n<li>Aivie tai Mautic &gt;v6<\/li>\n<li><a href=\"https:\/\/aivie.ch\/fi\/tuote\/aivie-mautic-verkkokauppa-lisaeosa-kaeytae-vihdoin-verkkokauppatietoja-markkinoinnin-automaatiokampanjoissa\/\" target=\"_blank\" rel=\"noopener\">Aivie Commerce Plugin<\/a><\/li>\n<\/ul>\n<h2>Lyhyesti sanottuna<\/h2>\n<ul>\n<li>Stripe tulee osaksi markkinoinnin automaatiota<br \/>\nJokainen ostos k\u00e4ytet\u00e4\u00e4n automaattisesti<br \/>\nEnemm\u00e4n myynti\u00e4 ilman lis\u00e4ponnistuksia.<\/li>\n<li>K\u00e4yt\u00e4 Aivieta ilmaiseksi 30 p\u00e4iv\u00e4n ajan.<br \/>\n\n<div class=\"alignfull wp-block-ugb-columns ugb-columns ugb-091e990 ugb-columns--design-plain ugb-columns--columns-2 ugb-main-block ugb-main-block--inner-center ugb--has-block-background\"><style>.ugb-091e990-content-wrapper{grid-column-gap:60px !important}.ugb-091e990.ugb-columns{background-color:#cfe7e1}.ugb-091e990.ugb-columns:before{background-color:#cfe7e1}<\/style><div class=\"ugb-inner-block ugb-inner-block--center\"><div class=\"ugb-block-content\"><div class=\"ugb-columns__item ugb-091e990-content-wrapper\">\n<div class=\"wp-block-ugb-column ugb-column ugb-d6f33f0 ugb-column--design-plain ugb-main-block\"><style>@media screen and (min-width:768px){.ugb-d6f33f0.ugb-column{margin-top:0px !important}.ugb-d6f33f0 > .ugb-inner-block > .ugb-block-content > *{justify-content:flex-end}}.ugb-d6f33f0 > .ugb-inner-block > .ugb-block-content > *{justify-content:flex-end !important}@media screen and (min-width:768px){.ugb-d6f33f0 > .ugb-inner-block > .ugb-block-content > *{padding-top:0px !important;padding-bottom:0px !important;padding-right:0px !important;padding-left:0px !important}}<\/style><div class=\"ugb-inner-block\"><div class=\"ugb-block-content\"><div class=\"ugb-column__item ugb-d6f33f0-column-wrapper\"><div class=\"ugb-column__content-wrapper\">\n<div class=\"wp-block-ugb-heading ugb-heading ugb-48550e9 ugb-main-block\"><div class=\"ugb-inner-block\"><div class=\"ugb-block-content\"><h2 class=\"ugb-heading__title\"><span style=\"color: #e63312;\" class=\"stk-highlight\">Lass deine Kontakte nicht warten.<\/span><\/h2><\/div><\/div><\/div>\n\n\n\n<figure class=\"wp-block-image size-full is-style-default\"><img decoding=\"async\" src=\"https:\/\/cdn.aivie.ch\/media\/wp\/2022\/09\/06100554\/Aivie-Free.webp\" alt=\"Marketing Automation Aivie-Free\" class=\"wp-image-11417\" title=\"\"><\/figure>\n<\/div><\/div><\/div><\/div><\/div>\n\n\n\n<div class=\"wp-block-ugb-column ugb-column ugb-6da6590 ugb-column--design-plain ugb-main-block\"><div class=\"ugb-inner-block\"><div class=\"ugb-block-content\"><div class=\"ugb-column__item ugb-6da6590-column-wrapper\"><div class=\"ugb-column__content-wrapper\">\n<div class=\"wp-block-ugb-heading ugb-heading ugb-dab8255 ugb-main-block\"><style>.ugb-dab8255 .ugb-heading__title{color:#283e4c}<\/style><div class=\"ugb-inner-block\"><div class=\"ugb-block-content\"><h2 class=\"ugb-heading__title\"><span style=\"color: #283e4c;\" class=\"ugb-highlight\">Kostenlos mit Aivie starten<\/span>.<\/h2><p class=\"ugb-heading__subtitle\">Nutze Aivie 30 Tage lang kostenlos und pr\u00fcfe wie du dank Aivie deine Kontakte gezielt erreichen kannst. Aivie bietet dir schon im Trial alle M\u00f6glichkeiten der Vollversion.<br><br>Probier es jetzt einfach aus.<\/p><\/div><\/div><\/div>\n\n\n\n<div class=\"wp-block-ugb-button ugb-button-wrapper ugb-f7ceaee ugb-main-block\"><style>.ugb-f7ceaee .ugb-block-content{justify-content:flex-start !important}.ugb-f7ceaee .ugb-inner-block{text-align:left}<\/style><div class=\"ugb-inner-block\"><div class=\"ugb-block-content\"><div class=\"ugb-button-container\"><a class=\"ugb-button1 ugb-button ugb-button--size-normal\" href=\"https:\/\/aivie.ch\/preise-pakete\/#price\" rel=\"\" title=\"\"><span class=\"ugb-button--inner\">Kostenlos starten<\/span><\/a><\/div><div class=\"ugb-button-container\"><a class=\"ugb-button2 ugb-button ugb-button--size-normal ugb-button--design-plain\" href=\"https:\/\/aivie.ch\/author\/martin\/\" rel=\"\" title=\"\"><span class=\"ugb-button--inner\">Demo vereinbaren<\/span><\/a><\/div><\/div><\/div><\/div>\n<\/div><\/div><\/div><\/div><\/div>\n<\/div><\/div><\/div><\/div>\n<\/li>\n<\/ul>\n<p>Sovellamme yleisi\u00e4 k\u00e4ytt\u00f6ehtojamme: <a href=\"https:\/\/aivie.ch\/fi\/yleiset-ehdot\/\">https:\/\/aivie.ch\/allgemeine-geschaeftsbedingungen\/<\/a><\/p>\n","protected":false},"excerpt":{"rendered":"<p>Aivie Mautic Stripe -lis\u00e4osan avulla voit muuttaa Stripe-maksut automaattisesti yksil\u00f6llisiksi kampanjoiksi ja mitattavaksi myynniksi.<\/p>\n","protected":false},"featured_media":29557,"comment_status":"closed","ping_status":"closed","template":"","meta":{"_acf_changed":false},"product_brand":[],"product_cat":[1275,968],"product_tag":[1625,1713,1711,1712],"class_list":{"0":"post-29556","1":"product","2":"type-product","3":"status-publish","4":"has-post-thumbnail","6":"product_cat-lisaeosa","7":"product_cat-mautic-liitaennaeinen","8":"product_tag-integrointi","9":"product_tag-maksu","10":"product_tag-raita","11":"product_tag-saehkoeinen-kaupankaeynti","13":"first","14":"instock","15":"taxable","16":"shipping-taxable","17":"purchasable","18":"product-type-variable-subscription","19":"has-default-attributes"},"acf":[],"featured_image_urls_v2":{"full":["https:\/\/cdn.aivie.ch\/media\/wp\/2026\/04\/09144854\/aivie-mautic-stripe-integration-plugin.png",1200,800,false],"thumbnail":["https:\/\/cdn.aivie.ch\/media\/wp\/2026\/04\/09144854\/aivie-mautic-stripe-integration-plugin-240x240.png",240,240,true],"medium":["https:\/\/cdn.aivie.ch\/media\/wp\/2026\/04\/09144854\/aivie-mautic-stripe-integration-plugin-960x640.png",960,640,true],"medium_large":["https:\/\/cdn.aivie.ch\/media\/wp\/2026\/04\/09144854\/aivie-mautic-stripe-integration-plugin-768x512.png",768,512,true],"large":["https:\/\/cdn.aivie.ch\/media\/wp\/2026\/04\/09144854\/aivie-mautic-stripe-integration-plugin.png",990,660,false],"post-thumbnail":["https:\/\/cdn.aivie.ch\/media\/wp\/2026\/04\/09144854\/aivie-mautic-stripe-integration-plugin.png",1200,800,false],"aiv_480w":["https:\/\/cdn.aivie.ch\/media\/wp\/2026\/04\/09144854\/aivie-mautic-stripe-integration-plugin-480x320.png",480,320,true],"woocommerce_thumbnail":["https:\/\/cdn.aivie.ch\/media\/wp\/2026\/04\/09144854\/aivie-mautic-stripe-integration-plugin-240x240.png",240,240,true],"woocommerce_single":["https:\/\/cdn.aivie.ch\/media\/wp\/2026\/04\/09144854\/aivie-mautic-stripe-integration-plugin-960x640.png",960,640,true],"woocommerce_gallery_thumbnail":["https:\/\/cdn.aivie.ch\/media\/wp\/2026\/04\/09144854\/aivie-mautic-stripe-integration-plugin-240x240.png",240,240,true]},"post_excerpt_stackable_v2":"<p>Aivie Mautic Stripe -lis\u00e4osan avulla voit muuttaa Stripe-maksut automaattisesti yksil\u00f6llisiksi kampanjoiksi ja mitattavaksi myynniksi.<\/p>\n","category_list_v2":"","author_info_v2":{"name":"","url":""},"comments_num_v2":"0 comments","_links":{"self":[{"href":"https:\/\/aivie.ch\/fi\/wp-json\/wp\/v2\/product\/29556","targetHints":{"allow":["GET"]}}],"collection":[{"href":"https:\/\/aivie.ch\/fi\/wp-json\/wp\/v2\/product"}],"about":[{"href":"https:\/\/aivie.ch\/fi\/wp-json\/wp\/v2\/types\/product"}],"replies":[{"embeddable":true,"href":"https:\/\/aivie.ch\/fi\/wp-json\/wp\/v2\/comments?post=29556"}],"wp:featuredmedia":[{"embeddable":true,"href":"https:\/\/aivie.ch\/fi\/wp-json\/wp\/v2\/media\/29557"}],"wp:attachment":[{"href":"https:\/\/aivie.ch\/fi\/wp-json\/wp\/v2\/media?parent=29556"}],"wp:term":[{"taxonomy":"product_brand","embeddable":true,"href":"https:\/\/aivie.ch\/fi\/wp-json\/wp\/v2\/product_brand?post=29556"},{"taxonomy":"product_cat","embeddable":true,"href":"https:\/\/aivie.ch\/fi\/wp-json\/wp\/v2\/product_cat?post=29556"},{"taxonomy":"product_tag","embeddable":true,"href":"https:\/\/aivie.ch\/fi\/wp-json\/wp\/v2\/product_tag?post=29556"}],"curies":[{"name":"wp","href":"https:\/\/api.w.org\/{rel}","templated":true}]}}