{"id":29541,"date":"2026-04-09T10:51:27","date_gmt":"2026-04-09T08:51:27","guid":{"rendered":"https:\/\/aivie.ch\/product\/mautic-e-mail-inbox-plugin-tallenna-kaikki-saehkoepostit-automaattisesti-crmaeaen\/"},"modified":"2026-04-09T11:10:31","modified_gmt":"2026-04-09T09:10:31","slug":"mautic-e-mail-inbox-plugin-tallenna-kaikki-saehkoepostit-automaattisesti-crmaeaen","status":"publish","type":"product","link":"https:\/\/aivie.ch\/fi\/tuote\/mautic-e-mail-inbox-plugin-tallenna-kaikki-saehkoepostit-automaattisesti-crmaeaen\/","title":{"rendered":"S\u00e4hk\u00f6postiarkisto \u2013 Tallenna kaikki s\u00e4hk\u00f6postit automaattisesti CRM:\u00e4\u00e4n (Aivie Mautic -lis\u00e4osa)."},"content":{"rendered":"<h2>\u00c4l\u00e4 en\u00e4\u00e4 koskaan hukkaa t\u00e4rke\u00e4\u00e4 asiakasviestint\u00e4\u00e4 postilaatikkoosi.<\/h2>\n<p>S\u00e4hk\u00f6posti on yksi t\u00e4rkeimmist\u00e4 markkinoinnin ja myynnin kanavista.<br \/>\nJa samalla yksi CRM:n suurimmista sokeista pisteist\u00e4.<\/p>\n<ul>\n<li>Vastaukset johtajilta saapuvat postilaatikkoon.<\/li>\n<li>Myynti toimii Saapuneet-kansiossa.<\/li>\n<li>Markkinointi toimii Aivie\/Mauticissa.<\/li>\n<\/ul>\n<p>Konteksti on kadonnut.<\/p>\n<p>Aivie Mautic -s\u00e4hk\u00f6postiarkistolaajennuksen avulla saapuvat s\u00e4hk\u00f6postit tunnistetaan, k\u00e4sitell\u00e4\u00e4n ja tallennetaan automaattisesti suoraan oikeaan yhteystietoon.<\/p>\n<p>T\u00e4m\u00e4 luo t\u00e4ydellisen, keskitetyn viestint\u00e4historian.<\/p>\n<h2>Vihdoinkin t\u00e4ydellinen konteksti markkinoinnille ja myynnille<\/h2>\n<p>Kun avaat yhteydenoton Aivie\/Mauticissa, n\u00e4et klikkausten ja kampanjoiden lis\u00e4ksi my\u00f6s todellisen viestinn\u00e4n.<\/p>\n<p>Vastaukset, kyselyt, p\u00e4\u00e4t\u00f6kset.<\/p>\n<p>Kaikki yhdess\u00e4 paikassa.<\/p>\n<p>T\u00e4m\u00e4 tekee seurannasta parempaa, nopeampaa ja merkityksellisemp\u00e4\u00e4 \u2013 juuri sit\u00e4, mit\u00e4 markkinointip\u00e4\u00e4llikk\u00f6n\u00e4 tarvitset, jotta kampanjoista tulisi todella tehokkaita.<\/p>\n<h2>Miten automaattinen s\u00e4hk\u00f6postiseuranta toimii<\/h2>\n<p>Lis\u00e4osa yhdist\u00e4\u00e4 s\u00e4hk\u00f6posti-infrastruktuurisi suoraan Aivie\/Mauticiin:<\/p>\n<ul>\n<li>Saapuvat s\u00e4hk\u00f6postit vastaanotetaan<\/li>\n<li>L\u00e4hett\u00e4j\u00e4 m\u00e4\u00e4ritet\u00e4\u00e4n automaattisesti yhteystietoon<\/li>\n<li>Aihe ja asiayhteys hyv\u00e4ksyt\u00e4\u00e4n<\/li>\n<li>S\u00e4hk\u00f6posti tallennetaan yhteystietojen aikajanalle<\/li>\n<li>My\u00f6s CC-kontaktit tunnistetaan<\/li>\n<li>S\u00e4hk\u00f6posti on arkistoitu useiden yhteystietojen kanssa<\/li>\n<\/ul>\n<h2>Enemm\u00e4n myynti\u00e4 paremman seurannan ja pienemm\u00e4n kaaoksen ansiosta.<\/h2>\n<h3>Reagoit nopeammin ja m\u00e4\u00e4r\u00e4tietoisemmin<\/h3>\n<p>Koska n\u00e4et v\u00e4litt\u00f6m\u00e4sti, mit\u00e4 johtohenkil\u00f6 on kirjoittanut.<\/p>\n<h3>Et en\u00e4\u00e4 menet\u00e4 liidit<\/h3>\n<p>Koska vastaukset eiv\u00e4t en\u00e4\u00e4 katoa henkil\u00f6kohtaisiin postilaatikoihin.<\/p>\n<h3>Tiimisi ty\u00f6skentelee samassa tietokannassa<\/h3>\n<p>Markkinointi ja myynti p\u00e4\u00e4sev\u00e4t samaan yhteyteen.<\/p>\n<h3>Viestinn\u00e4st\u00e4si tulee mitattavaa<\/h3>\n<p>S\u00e4hk\u00f6postista tulee osa asiakkaan matkaa \u2013 ei ulkoinen kanava.<\/p>\n<h2>Ominaisuudet<\/h2>\n<ul>\n<li>Saapuvien s\u00e4hk\u00f6postiviestien automaattinen k\u00e4sittely<\/li>\n<li>Yhteystietojen osoittaminen l\u00e4hett\u00e4j\u00e4n perusteella<\/li>\n<li>Kierteen tunnistaminen aiheen ja asiayhteyden perusteella<\/li>\n<li>S\u00e4ilytys yhteystietojen aikajanalla<\/li>\n<li>Tuki CC:n vastaanottajille<\/li>\n<li>Yhteensopiva olemassa olevan Mautic-infrastruktuurin kanssa<\/li>\n<\/ul>\n<h2>Miksi t\u00e4m\u00e4 lis\u00e4osa on parempi kuin kiertotiet<\/h2>\n<p>Monet yritykset ratkaisevat ongelman:<\/p>\n<ul>\n<li>manuaalinen edelleenl\u00e4hetys<\/li>\n<li>Copy-Paste<\/li>\n<li>lis\u00e4ty\u00f6kalut<\/li>\n<li>ulkoiset luettelot<\/li>\n<\/ul>\n<p>T\u00e4m\u00e4 toimii lyhyell\u00e4 aikav\u00e4lill\u00e4, mutta ei ole skaalautuvaa.<\/p>\n<p>T\u00e4m\u00e4 lis\u00e4osa integroi s\u00e4hk\u00f6postin suoraan nykyiseen ty\u00f6nkulkuun.<br \/>\nIlman lis\u00e4ty\u00f6kaluja. Ilman mediataukoja. <\/p>\n<h2>Hetki, jolloin se napsahtaa<\/h2>\n<p>Johtaja vastaa kampanjaasi.<\/p>\n<p>Ja ilman, ett\u00e4 kukaan tekee mit\u00e4\u00e4n, vastaus ilmestyy automaattisesti yhteystietoihin.<br \/>\nKoko teksti.<\/p>\n<p>T\u00e4m\u00e4 on se hetki, jolloin markkinoinnin automatisointi on todella j\u00e4rkev\u00e4\u00e4.<\/p>\n<p>&nbsp;<\/p>\n<h3>Asennus (valinnainen, vain Mautic)<\/h3>\n<p>1200 CHF kertaluonteinen, ei v\u00e4ltt\u00e4m\u00e4t\u00f6n Aivie-asiakkaille.<\/p>\n<p>Sis\u00e4lt\u00e4\u00e4:<\/p>\n<ul>\n<li>S\u00e4hk\u00f6postin k\u00e4sittelyn m\u00e4\u00e4ritt\u00e4minen<\/li>\n<li>Integrointi Mauticiin<\/li>\n<li>Kartoitus ja testaus<\/li>\n<li>Go Live -tuki<\/li>\n<\/ul>\n<h2>Kenelle lis\u00e4osa sopii?<\/h2>\n<ul>\n<li>Pk-yritykset, joilla on aktiivista myynti\u00e4 s\u00e4hk\u00f6postitse<\/li>\n<li>Markkinointitiimit, jotka haluavat yhdist\u00e4\u00e4 kampanjoita ja vastauksia<\/li>\n<li>Yritykset, joilla on useita kosketuspisteit\u00e4 myyntiprosessissa.<\/li>\n<li>Organisaatiot, jotka haluavat kartoittaa automaation siististi koko asiakaspolun pituudelta.<\/li>\n<\/ul>\n<h2>P\u00e4\u00e4telm\u00e4<\/h2>\n<p>S\u00e4hk\u00f6posti on liian t\u00e4rke\u00e4 pysy\u00e4ksesi l\u00e4hell\u00e4 asiakasta.<\/p>\n<p>T\u00e4m\u00e4 lis\u00e4osa tuo s\u00e4hk\u00f6postin sinne, minne se kuuluu:<br \/>\nmarkkinointi- ja myyntikontekstiin.<\/p>\n\n<div class=\"alignfull wp-block-ugb-columns ugb-columns ugb-091e990 ugb-columns--design-plain ugb-columns--columns-2 ugb-main-block ugb-main-block--inner-center ugb--has-block-background\"><style>.ugb-091e990-content-wrapper{grid-column-gap:60px !important}.ugb-091e990.ugb-columns{background-color:#cfe7e1}.ugb-091e990.ugb-columns:before{background-color:#cfe7e1}<\/style><div class=\"ugb-inner-block ugb-inner-block--center\"><div class=\"ugb-block-content\"><div class=\"ugb-columns__item ugb-091e990-content-wrapper\">\n<div class=\"wp-block-ugb-column ugb-column ugb-d6f33f0 ugb-column--design-plain ugb-main-block\"><style>@media screen and (min-width:768px){.ugb-d6f33f0.ugb-column{margin-top:0px !important}.ugb-d6f33f0 > .ugb-inner-block > .ugb-block-content > *{justify-content:flex-end}}.ugb-d6f33f0 > .ugb-inner-block > .ugb-block-content > *{justify-content:flex-end !important}@media screen and (min-width:768px){.ugb-d6f33f0 > .ugb-inner-block > .ugb-block-content > *{padding-top:0px !important;padding-bottom:0px !important;padding-right:0px !important;padding-left:0px !important}}<\/style><div class=\"ugb-inner-block\"><div class=\"ugb-block-content\"><div class=\"ugb-column__item ugb-d6f33f0-column-wrapper\"><div class=\"ugb-column__content-wrapper\">\n<div class=\"wp-block-ugb-heading ugb-heading ugb-48550e9 ugb-main-block\"><div class=\"ugb-inner-block\"><div class=\"ugb-block-content\"><h2 class=\"ugb-heading__title\"><span style=\"color: #e63312;\" class=\"stk-highlight\">Lass deine Kontakte nicht warten.<\/span><\/h2><\/div><\/div><\/div>\n\n\n\n<figure class=\"wp-block-image size-full is-style-default\"><img decoding=\"async\" src=\"https:\/\/cdn.aivie.ch\/media\/wp\/2022\/09\/06100554\/Aivie-Free.webp\" alt=\"Marketing Automation Aivie-Free\" class=\"wp-image-11417\" title=\"\"><\/figure>\n<\/div><\/div><\/div><\/div><\/div>\n\n\n\n<div class=\"wp-block-ugb-column ugb-column ugb-6da6590 ugb-column--design-plain ugb-main-block\"><div class=\"ugb-inner-block\"><div class=\"ugb-block-content\"><div class=\"ugb-column__item ugb-6da6590-column-wrapper\"><div class=\"ugb-column__content-wrapper\">\n<div class=\"wp-block-ugb-heading ugb-heading ugb-dab8255 ugb-main-block\"><style>.ugb-dab8255 .ugb-heading__title{color:#283e4c}<\/style><div class=\"ugb-inner-block\"><div class=\"ugb-block-content\"><h2 class=\"ugb-heading__title\"><span style=\"color: #283e4c;\" class=\"ugb-highlight\">Kostenlos mit Aivie starten<\/span>.<\/h2><p class=\"ugb-heading__subtitle\">Nutze Aivie 30 Tage lang kostenlos und pr\u00fcfe wie du dank Aivie deine Kontakte gezielt erreichen kannst. Aivie bietet dir schon im Trial alle M\u00f6glichkeiten der Vollversion.<br><br>Probier es jetzt einfach aus.<\/p><\/div><\/div><\/div>\n\n\n\n<div class=\"wp-block-ugb-button ugb-button-wrapper ugb-f7ceaee ugb-main-block\"><style>.ugb-f7ceaee .ugb-block-content{justify-content:flex-start !important}.ugb-f7ceaee .ugb-inner-block{text-align:left}<\/style><div class=\"ugb-inner-block\"><div class=\"ugb-block-content\"><div class=\"ugb-button-container\"><a class=\"ugb-button1 ugb-button ugb-button--size-normal\" href=\"https:\/\/aivie.ch\/preise-pakete\/#price\" rel=\"\" title=\"\"><span class=\"ugb-button--inner\">Kostenlos starten<\/span><\/a><\/div><div class=\"ugb-button-container\"><a class=\"ugb-button2 ugb-button ugb-button--size-normal ugb-button--design-plain\" href=\"https:\/\/aivie.ch\/author\/martin\/\" rel=\"\" title=\"\"><span class=\"ugb-button--inner\">Demo vereinbaren<\/span><\/a><\/div><\/div><\/div><\/div>\n<\/div><\/div><\/div><\/div><\/div>\n<\/div><\/div><\/div><\/div>\n\n<p>Sovellamme yleisi\u00e4 k\u00e4ytt\u00f6ehtojamme: <a href=\"https:\/\/aivie.ch\/fi\/yleiset-ehdot\/\">https:\/\/aivie.ch\/allgemeine-geschaeftsbedingungen\/<\/a><\/p>\n","protected":false},"excerpt":{"rendered":"<p>Aivie Mautic -s\u00e4hk\u00f6postilaatikkolis\u00e4osan avulla kaikki s\u00e4hk\u00f6postit p\u00e4\u00e4tyv\u00e4t automaattisesti oikeaan yhteystietoon \u2013 mukaan lukien konteksti, viestiketju ja historia. Ei kopiointia ja liitt\u00e4mist\u00e4, ei tietojen h\u00e4vi\u00e4mist\u00e4. <\/p>\n","protected":false},"featured_media":24132,"comment_status":"closed","ping_status":"closed","template":"","meta":{"_acf_changed":false},"product_brand":[],"product_cat":[1275,968],"product_tag":[972,973,1700],"class_list":{"0":"post-29541","1":"product","2":"type-product","3":"status-publish","4":"has-post-thumbnail","6":"product_cat-lisaeosa","7":"product_cat-mautic-liitaennaeinen","8":"product_tag-crm-fi","9":"product_tag-myynti","10":"product_tag-saehkoepostiosoite-2","11":"pa_brand-aivie","12":"pa_brand-mautic","14":"first","15":"instock","16":"taxable","17":"shipping-taxable","18":"purchasable","19":"product-type-variable-subscription","20":"has-default-attributes"},"acf":[],"featured_image_urls_v2":{"full":["https:\/\/cdn.aivie.ch\/media\/wp\/2025\/10\/03190708\/Gespraechsnotizen-direkt-per-email-ins-CRM.jpg",1200,800,false],"thumbnail":["https:\/\/cdn.aivie.ch\/media\/wp\/2025\/10\/03190708\/Gespraechsnotizen-direkt-per-email-ins-CRM-240x240.jpg",240,240,true],"medium":["https:\/\/cdn.aivie.ch\/media\/wp\/2025\/10\/03190708\/Gespraechsnotizen-direkt-per-email-ins-CRM-960x640.jpg",960,640,true],"medium_large":["https:\/\/cdn.aivie.ch\/media\/wp\/2025\/10\/03190708\/Gespraechsnotizen-direkt-per-email-ins-CRM-768x512.jpg",768,512,true],"large":["https:\/\/cdn.aivie.ch\/media\/wp\/2025\/10\/03190708\/Gespraechsnotizen-direkt-per-email-ins-CRM.jpg",990,660,false],"post-thumbnail":["https:\/\/cdn.aivie.ch\/media\/wp\/2025\/10\/03190708\/Gespraechsnotizen-direkt-per-email-ins-CRM.jpg",1200,800,false],"aiv_480w":["https:\/\/cdn.aivie.ch\/media\/wp\/2025\/10\/03190708\/Gespraechsnotizen-direkt-per-email-ins-CRM-480x320.jpg",480,320,true],"woocommerce_thumbnail":["https:\/\/cdn.aivie.ch\/media\/wp\/2025\/10\/03190708\/Gespraechsnotizen-direkt-per-email-ins-CRM-240x240.jpg",240,240,true],"woocommerce_single":["https:\/\/cdn.aivie.ch\/media\/wp\/2025\/10\/03190708\/Gespraechsnotizen-direkt-per-email-ins-CRM-960x640.jpg",960,640,true],"woocommerce_gallery_thumbnail":["https:\/\/cdn.aivie.ch\/media\/wp\/2025\/10\/03190708\/Gespraechsnotizen-direkt-per-email-ins-CRM-240x240.jpg",240,240,true]},"post_excerpt_stackable_v2":"<p>Aivie Mautic -s\u00e4hk\u00f6postilaatikkolis\u00e4osan avulla kaikki s\u00e4hk\u00f6postit p\u00e4\u00e4tyv\u00e4t automaattisesti oikeaan yhteystietoon \u2013 mukaan lukien konteksti, viestiketju ja historia. Ei kopiointia ja liitt\u00e4mist\u00e4, ei tietojen h\u00e4vi\u00e4mist\u00e4. <\/p>\n","category_list_v2":"","author_info_v2":{"name":"","url":""},"comments_num_v2":"0 comments","_links":{"self":[{"href":"https:\/\/aivie.ch\/fi\/wp-json\/wp\/v2\/product\/29541","targetHints":{"allow":["GET"]}}],"collection":[{"href":"https:\/\/aivie.ch\/fi\/wp-json\/wp\/v2\/product"}],"about":[{"href":"https:\/\/aivie.ch\/fi\/wp-json\/wp\/v2\/types\/product"}],"replies":[{"embeddable":true,"href":"https:\/\/aivie.ch\/fi\/wp-json\/wp\/v2\/comments?post=29541"}],"wp:featuredmedia":[{"embeddable":true,"href":"https:\/\/aivie.ch\/fi\/wp-json\/wp\/v2\/media\/24132"}],"wp:attachment":[{"href":"https:\/\/aivie.ch\/fi\/wp-json\/wp\/v2\/media?parent=29541"}],"wp:term":[{"taxonomy":"product_brand","embeddable":true,"href":"https:\/\/aivie.ch\/fi\/wp-json\/wp\/v2\/product_brand?post=29541"},{"taxonomy":"product_cat","embeddable":true,"href":"https:\/\/aivie.ch\/fi\/wp-json\/wp\/v2\/product_cat?post=29541"},{"taxonomy":"product_tag","embeddable":true,"href":"https:\/\/aivie.ch\/fi\/wp-json\/wp\/v2\/product_tag?post=29541"}],"curies":[{"name":"wp","href":"https:\/\/api.w.org\/{rel}","templated":true}]}}